{"id":10410,"date":"2021-08-05T14:54:32","date_gmt":"2021-08-05T17:54:32","guid":{"rendered":"https:\/\/ifdcvm-slu.infd.edu.ar\/sitio\/?page_id=10410"},"modified":"2021-08-05T14:54:33","modified_gmt":"2021-08-05T17:54:33","slug":"contacto-con-coordinadores-de-las-carreras","status":"publish","type":"page","link":"https:\/\/ifdcvm-slu.infd.edu.ar\/sitio\/contacto-con-coordinadores-de-las-carreras\/","title":{"rendered":"Contacto con coordinadores de las carreras"},"content":{"rendered":"\n<p>Si ten\u00e9s alguna duda con la cursada deber\u00e1s contactarte con los y las profesores\/as responsables de las materias o con los y las Coordinadores\/as de carreras y \u00e1reas:<\/p>\n\n\n\n<p><strong>Prof. de Educaci\u00f3n Primaria<\/strong><\/p>\n\n\n\n<p>Prof. Karina Rodr\u00edguez y Prof. Mariana Reinoso:\u00a0<a rel=\"noreferrer noopener\" href=\"mailto:edprimaria.academica@gmail.com\" target=\"_blank\">edprimaria.academica@gmail.com<\/a><\/p>\n\n\n\n<p><\/p>\n\n\n\n<p><strong>Prof. de Educaci\u00f3n Secundaria en Matem\u00e1tica\u00a0<\/strong><\/p>\n\n\n\n<p>Prof. Ezequiel Far\u00edas:\u00a0<a rel=\"noreferrer noopener\" href=\"mailto:zeequiel@gmail.com\" target=\"_blank\">zeequiel@gmail.com<\/a><\/p>\n\n\n\n<p>Prof. J\u00e9ssica Gerry:\u00a0<a rel=\"noreferrer noopener\" href=\"mailto:jessicagerry51@gmail.com\" target=\"_blank\">jessicagerry51@gmail.com<\/a><\/p>\n\n\n\n<p><\/p>\n\n\n\n<p><strong>Prof. de Educaci\u00f3n Secundaria en Lengua y Literatura<\/strong><\/p>\n\n\n\n<p>Prof. Dana Botti:\u00a0<a rel=\"noreferrer noopener\" href=\"mailto:danabotti@gmail.com\" target=\"_blank\">danabotti@gmail.com<\/a><\/p>\n\n\n\n<p>Prof. Pablo Dema:\u00a0<a rel=\"noreferrer noopener\" href=\"mailto:2cartografos@gmail.com\" target=\"_blank\">2cartografos@gmail.com<\/a><\/p>\n\n\n\n<p><\/p>\n\n\n\n<p><strong>Prof. de Educaci\u00f3n Tecnol\u00f3gica<\/strong><\/p>\n\n\n\n<p>Prof. Jos\u00e9 Funes Altamirano:\u00a0<a rel=\"noreferrer noopener\" href=\"mailto:josefaltamirano@gmail.com\" target=\"_blank\">josefaltamirano@gmail.com<\/a><\/p>\n\n\n\n<p>Prof. Luis Huichaqueo:\u00a0<a rel=\"noreferrer noopener\" href=\"mailto:luis.huichaqueo@gmail.com\" target=\"_blank\">luis.huichaqueo@gmail.com<\/a><\/p>\n\n\n\n<p><\/p>\n\n\n\n<p><strong>Prof. de\u00a0 Artes Visuales<\/strong><\/p>\n\n\n\n<p>Prof. Javier Castillo:\u00a0<a rel=\"noreferrer noopener\" href=\"mailto:josejaviercastillocasanova@gmail.com\" target=\"_blank\">josejaviercastillocasanova@gmail.com<\/a><\/p>\n\n\n\n<p><\/p>\n\n\n\n<p><strong>Prof. de M\u00fasica<\/strong><\/p>\n\n\n\n<p>Prof. Juan Pablo Corsiglia y Prof. Jos\u00e9 Pomilio:\u00a0<a rel=\"noreferrer noopener\" href=\"mailto:musicaifdc@gmail.com\" target=\"_blank\">musicaifdc@gmail.com<\/a><\/p>\n\n\n\n<p><\/p>\n\n\n\n<p><strong>Tecnicatura Superior en Tecnolog\u00edas Industriales<\/strong>.<\/p>\n\n\n\n<p>Prof. Ariel Mar\u00edn:\u00a0<a rel=\"noreferrer noopener\" href=\"mailto:juanarielmarin@gmail.com\" target=\"_blank\">juanarielmarin@gmail.com<\/a><\/p>\n\n\n\n<p>Prof. Julio Villafa\u00f1e:\u00a0<a rel=\"noreferrer noopener\" href=\"mailto:julio1719@hotmail.com\" target=\"_blank\">julio1719@hotmail.com<\/a><\/p>\n\n\n\n<p><\/p>\n\n\n\n<p><strong>\u00c1rea de Formaci\u00f3n General<\/strong><\/p>\n\n\n\n<p>Prof. Cecilia Mu\u00f1oz:\u00a0<a rel=\"noreferrer noopener\" href=\"mailto:cecimu79@gmail.com\" target=\"_blank\">cecimu79@gmail.com<\/a><\/p>\n\n\n\n<p>Prof. Yamila Villegas:\u00a0<a rel=\"noreferrer noopener\" href=\"mailto:yamilasvillegas@gmail.com\" target=\"_blank\">yamilasvillegas@gmail.com<\/a><\/p>\n\n\n\n<p><\/p>\n\n\n\n<p><strong>\u00c1rea de Teatro<\/strong><\/p>\n\n\n\n<p>Prof. Alejandro Ochoa:\u00a0<a rel=\"noreferrer noopener\" href=\"mailto:ale8a72@gmail.com\" target=\"_blank\">ale8a72@gmail.com<\/a><\/p>\n","protected":false},"excerpt":{"rendered":"<p>Si ten\u00e9s alguna duda con la cursada deber\u00e1s contactarte con los y las profesores\/as responsables de las materias o con los y las Coordinadores\/as de carreras y \u00e1reas: Prof. de Educaci\u00f3n Primaria Prof. Karina Rodr\u00edguez y Prof. Mariana Reinoso:\u00a0edprimaria.academica@gmail.com Prof. de Educaci\u00f3n Secundaria en Matem\u00e1tica\u00a0 Prof. Ezequiel Far\u00edas:\u00a0zeequiel@gmail.com Prof. J\u00e9ssica Gerry:\u00a0jessicagerry51@gmail.com Prof. de Educaci\u00f3n Secundaria &#8230; <a title=\"Contacto con coordinadores de las carreras\" class=\"read-more\" href=\"https:\/\/ifdcvm-slu.infd.edu.ar\/sitio\/contacto-con-coordinadores-de-las-carreras\/\" aria-label=\"More on Contacto con coordinadores de las carreras\">[+]<\/a><\/p>\n","protected":false},"author":1518,"featured_media":0,"parent":0,"menu_order":0,"comment_status":"closed","ping_status":"closed","template":"","meta":[],"acf":[],"_links":{"self":[{"href":"https:\/\/ifdcvm-slu.infd.edu.ar\/sitio\/wp-json\/wp\/v2\/pages\/10410"}],"collection":[{"href":"https:\/\/ifdcvm-slu.infd.edu.ar\/sitio\/wp-json\/wp\/v2\/pages"}],"about":[{"href":"https:\/\/ifdcvm-slu.infd.edu.ar\/sitio\/wp-json\/wp\/v2\/types\/page"}],"author":[{"embeddable":true,"href":"https:\/\/ifdcvm-slu.infd.edu.ar\/sitio\/wp-json\/wp\/v2\/users\/1518"}],"replies":[{"embeddable":true,"href":"https:\/\/ifdcvm-slu.infd.edu.ar\/sitio\/wp-json\/wp\/v2\/comments?post=10410"}],"version-history":[{"count":1,"href":"https:\/\/ifdcvm-slu.infd.edu.ar\/sitio\/wp-json\/wp\/v2\/pages\/10410\/revisions"}],"predecessor-version":[{"id":10411,"href":"https:\/\/ifdcvm-slu.infd.edu.ar\/sitio\/wp-json\/wp\/v2\/pages\/10410\/revisions\/10411"}],"wp:attachment":[{"href":"https:\/\/ifdcvm-slu.infd.edu.ar\/sitio\/wp-json\/wp\/v2\/media?parent=10410"}],"curies":[{"name":"wp","href":"https:\/\/api.w.org\/{rel}","templated":true}]}}