{"id":10432,"date":"2021-08-11T09:38:22","date_gmt":"2021-08-11T12:38:22","guid":{"rendered":"https:\/\/ifdcvm-slu.infd.edu.ar\/sitio\/?page_id=10432"},"modified":"2026-02-24T09:29:22","modified_gmt":"2026-02-24T12:29:22","slug":"mediakit","status":"publish","type":"page","link":"https:\/\/ifdcvm-slu.infd.edu.ar\/sitio\/mediakit\/","title":{"rendered":"MediaKit"},"content":{"rendered":"\n<p class=\"has-black-color has-text-color\"><strong>Logotipo institucional en diferentes versiones:<\/strong><\/p>\n\n\n\n<figure class=\"wp-block-table\"><table class=\"has-base-background-color has-background has-fixed-layout\"><tbody><tr><td><strong>Logotipo<\/strong><\/td><td><strong>Caracter\u00edsticas<\/strong>.<\/td><\/tr><tr><td><img decoding=\"async\" loading=\"lazy\" src=\"https:\/\/ifdcvm-slu.infd.edu.ar\/sitio\/wp-content\/uploads\/2022\/11\/Logo_Fondo_Transparente_150x150.png\" alt=\"Logotipo institucional 150x150\" width=\"150\" height=\"150\"><\/td><td>Tama\u00f1o: 150 x 150 p\u00edxeles<br>Fondo transparente.<br>Formato: PNG<\/td><\/tr><tr><td><img decoding=\"async\" loading=\"lazy\" src=\"https:\/\/ifdcvm-slu.infd.edu.ar\/sitio\/wp-content\/uploads\/2022\/11\/logo_nuevo_general.png\" alt=\"Logotipo institucional 1080x1080\" width=\"300\" height=\"300\"><\/td><td>Tama\u00f1o: 1080 x 1080 p\u00edxeles<br>Fondo: Blanco.<br>Formato: PNG<\/td><\/tr><tr><td><img decoding=\"async\" loading=\"lazy\" src=\"https:\/\/ifdcvm-slu.infd.edu.ar\/sitio\/wp-content\/uploads\/2022\/11\/Logo_Fondo_Transparente.png\" alt=\"Logotipo institucional 1080x1080\" width=\"300\" height=\"300\"><\/td><td>Tama\u00f1o:1080 x 1080 p\u00edxeles<br>Fondo: Transparente.<br>Formato: PNG.<\/td><\/tr><tr><td><strong>Documentos disponibles<\/strong><\/td><td><strong>Caracter\u00edsticas<\/strong><\/td><\/tr><tr><td><img decoding=\"async\" src=\"https:\/\/ifdcvm-slu.infd.edu.ar\/sitio\/wp-content\/uploads\/2026\/02\/2026_Membrete_Principal.jpg\" alt=\"\"><br>Hoja membretada con logotipos institucionales 2026<br><br><a href=\"https:\/\/ifdcvm-slu.infd.edu.ar\/sitio\/wp-content\/uploads\/2026\/02\/Plantilla_con_membrete_Educacion_2026.docx\" data-type=\"URL\" data-id=\"https:\/\/ifdcvm-slu.infd.edu.ar\/sitio\/wp-content\/uploads\/2026\/02\/Plantilla_con_membrete_Educacion_2026.docx\" target=\"_blank\" rel=\"noreferrer noopener\">Descargar<\/a><\/td><td>Hoja membretada para comunicaci\u00f3n con logotipos institucionales del Ministerio de Educaci\u00f3n de San Luis con el dise\u00f1o por el \u00abA\u00f1o de la Educaci\u00f3n\u00bb.<br>Archivo en formato Microsoft Word.<br>Extensi\u00f3n del archivo: DOCX<\/td><\/tr><tr><td><img decoding=\"async\" src=\"https:\/\/ifdcvm-slu.infd.edu.ar\/sitio\/wp-content\/uploads\/2024\/06\/membrete_word.png\" alt=\"\"><br>Hoja membretada con logotipos institucionales<br><br><a href=\"https:\/\/ifdcvm-slu.infd.edu.ar\/sitio\/wp-content\/uploads\/2024\/06\/Hoja_Membretada_25_anos.docx\" data-type=\"URL\" data-id=\"https:\/\/ifdcvm-slu.infd.edu.ar\/sitio\/wp-content\/uploads\/2024\/06\/Hoja_Membretada_25_anos.docx\" target=\"_blank\" rel=\"noreferrer noopener\">Descargar<\/a><\/td><td>Hoja membretada para comunicaci\u00f3n con logotipos institucionales del Ministerio de Educaci\u00f3n de San Luis, logotipo institucional e imagen de los 25 a\u00f1os.<br>Archivo en formato Microsoft Word.<br>Extensi\u00f3n: DOCX<br><\/td><\/tr><\/tbody><\/table><figcaption class=\"wp-element-caption\"><strong>NOTA<\/strong>: Logotipos disponibles. Para descargar el archivo de su preferencia, haga clic derecho del mouse y luego \u00abguardar imagen como&#8230;\u00bb.<\/figcaption><\/figure>\n\n\n\n<p class=\"has-black-color has-pale-cyan-blue-background-color has-text-color has-background\">Si necesita el logotipo en otro formato, por favor escriba a <strong>marianovillegas@ifdcvm.edu.ar<\/strong>.<\/p>\n\n\n\n<hr class=\"wp-block-separator has-css-opacity\"\/>\n\n\n\n<p>Ingrese a <a rel=\"noreferrer noopener\" href=\"https:\/\/ifdcvm-slu.infd.edu.ar\/sitio\/8169-2\/\" target=\"_blank\">Nuestras v\u00edas de contacto<\/a> en el caso de necesitar m\u00e1s informaci\u00f3n.<\/p>\n","protected":false},"excerpt":{"rendered":"<p>Logotipo institucional en diferentes versiones: Logotipo Caracter\u00edsticas. Tama\u00f1o: 150 x 150 p\u00edxelesFondo transparente.Formato: PNG Tama\u00f1o: 1080 x 1080 p\u00edxelesFondo: Blanco.Formato: PNG Tama\u00f1o:1080 x 1080 p\u00edxelesFondo: Transparente.Formato: PNG. Documentos disponibles Caracter\u00edsticas Hoja membretada con logotipos institucionales 2026 Descargar Hoja membretada para comunicaci\u00f3n con logotipos institucionales del Ministerio de Educaci\u00f3n de San Luis con el dise\u00f1o por &#8230; <a title=\"MediaKit\" class=\"read-more\" href=\"https:\/\/ifdcvm-slu.infd.edu.ar\/sitio\/mediakit\/\" aria-label=\"More on MediaKit\">[+]<\/a><\/p>\n","protected":false},"author":1518,"featured_media":0,"parent":0,"menu_order":0,"comment_status":"closed","ping_status":"closed","template":"","meta":[],"acf":[],"_links":{"self":[{"href":"https:\/\/ifdcvm-slu.infd.edu.ar\/sitio\/wp-json\/wp\/v2\/pages\/10432"}],"collection":[{"href":"https:\/\/ifdcvm-slu.infd.edu.ar\/sitio\/wp-json\/wp\/v2\/pages"}],"about":[{"href":"https:\/\/ifdcvm-slu.infd.edu.ar\/sitio\/wp-json\/wp\/v2\/types\/page"}],"author":[{"embeddable":true,"href":"https:\/\/ifdcvm-slu.infd.edu.ar\/sitio\/wp-json\/wp\/v2\/users\/1518"}],"replies":[{"embeddable":true,"href":"https:\/\/ifdcvm-slu.infd.edu.ar\/sitio\/wp-json\/wp\/v2\/comments?post=10432"}],"version-history":[{"count":24,"href":"https:\/\/ifdcvm-slu.infd.edu.ar\/sitio\/wp-json\/wp\/v2\/pages\/10432\/revisions"}],"predecessor-version":[{"id":17584,"href":"https:\/\/ifdcvm-slu.infd.edu.ar\/sitio\/wp-json\/wp\/v2\/pages\/10432\/revisions\/17584"}],"wp:attachment":[{"href":"https:\/\/ifdcvm-slu.infd.edu.ar\/sitio\/wp-json\/wp\/v2\/media?parent=10432"}],"curies":[{"name":"wp","href":"https:\/\/api.w.org\/{rel}","templated":true}]}}