{"id":10450,"date":"2021-08-11T11:52:30","date_gmt":"2021-08-11T14:52:30","guid":{"rendered":"https:\/\/ifdcvm-slu.infd.edu.ar\/sitio\/?page_id=10450"},"modified":"2021-08-13T09:40:40","modified_gmt":"2021-08-13T12:40:40","slug":"tutoriales-de-inscripcion-para-estudiantes","status":"publish","type":"page","link":"https:\/\/ifdcvm-slu.infd.edu.ar\/sitio\/tutoriales-de-inscripcion-para-estudiantes\/","title":{"rendered":"Tutoriales de inscripci\u00f3n para estudiantes"},"content":{"rendered":"\n<p><strong>Inscripci\u00f3n a cursadas<\/strong><\/p>\n\n\n\n<figure class=\"wp-block-embed is-type-video is-provider-youtube wp-block-embed-youtube wp-embed-aspect-16-9 wp-has-aspect-ratio\"><div class=\"wp-block-embed__wrapper\">\n<iframe loading=\"lazy\" title=\"Inscripci\u00f3n a Cursadas I.F.D.C V.M\" width=\"1200\" height=\"675\" src=\"https:\/\/www.youtube.com\/embed\/cy_9We0Dtl0?feature=oembed\" frameborder=\"0\" allow=\"accelerometer; autoplay; clipboard-write; encrypted-media; gyroscope; picture-in-picture\" allowfullscreen><\/iframe>\n<\/div><\/figure>\n\n\n\n<hr class=\"wp-block-separator\"\/>\n\n\n\n<p><strong>Como inscribirte y obtener constancias de examen en SIU<\/strong><\/p>\n\n\n\n<figure class=\"wp-block-embed is-type-rich is-provider-gestor-del-servicio wp-block-embed-gestor-del-servicio wp-embed-aspect-4-3 wp-has-aspect-ratio\"><div class=\"wp-block-embed__wrapper\">\n<iframe loading=\"lazy\" title=\"Como inscribirte y obtener constancias de examen en SIU\" width=\"1200\" height=\"900\" src=\"https:\/\/www.youtube.com\/embed\/0OiMPb8pQp4?feature=oembed\" frameborder=\"0\" allow=\"accelerometer; autoplay; clipboard-write; encrypted-media; gyroscope; picture-in-picture\" allowfullscreen><\/iframe>\n<\/div><\/figure>\n\n\n\n<hr class=\"wp-block-separator\"\/>\n\n\n\n<p><strong>Pasos para inscribirte a un examen:<\/strong><\/p>\n\n\n\n<p>1. Hacer la inscripci\u00f3n en el SIU Guaran\u00ed.<\/p>\n\n\n\n<p>2. Inscribirse al aula virtual de la materia que vas a rendir.<\/p>\n\n\n\n<p>Modalidad de evaluaci\u00f3n: Una vez admitido en el aula virtual, la modalidad de evaluaci\u00f3n depende de cada docente, esta puede ser oral utilizando alguna plataforma como por ejemplo Meet, Zoom, Jitsi, etc. Tambi\u00e9n puede ser escrita, a trav\u00e9s de la elaboraci\u00f3n de un texto o cuestionario on-line, resoluci\u00f3n de problemas en un tiempo estipulado, o el docente podr\u00eda optar por una combinaci\u00f3n de las modalidades anteriormente mencionadas. Consult\u00e1 con anterioridad con el docente de qu\u00e9 manera ser\u00e1 la evaluaci\u00f3n.<\/p>\n\n\n\n<p>M\u00f3nica Aguilera. Tutora estudiantil. Correo electr\u00f3nico: <strong>tutoriasmoniaguilera@gmail.com<\/strong><\/p>\n\n\n\n<p><strong>\u00a1Mir\u00e1 el video!<\/strong><\/p>\n\n\n\n<p><iframe loading=\"lazy\" src=\"https:\/\/www.facebook.com\/plugins\/video.php?height=314&amp;href=https%3A%2F%2Fwww.facebook.com%2FIFDCVM%2Fvideos%2F304586380808313%2F&amp;show_text=false&amp;width=560&amp;t=0\" width=\"760\" height=\"514\" style=\"border:none;overflow:hidden\" scrolling=\"no\" frameborder=\"0\" allowfullscreen=\"true\" allow=\"autoplay; clipboard-write; encrypted-media; picture-in-picture; web-share\"><\/p><\/iframe><\/p>\n\n\n\n<hr class=\"wp-block-separator\"\/>\n\n\n\n<p><strong>\u00bfNecesit\u00e1s alg\u00fan tutorial en especial?<\/strong>, comunicate con nosotros v\u00eda <strong>WhatsApp +54 9 2657 301486<\/strong><\/p>\n","protected":false},"excerpt":{"rendered":"<p>Inscripci\u00f3n a cursadas Como inscribirte y obtener constancias de examen en SIU Pasos para inscribirte a un examen: 1. Hacer la inscripci\u00f3n en el SIU Guaran\u00ed. 2. Inscribirse al aula virtual de la materia que vas a rendir. Modalidad de evaluaci\u00f3n: Una vez admitido en el aula virtual, la modalidad de evaluaci\u00f3n depende de cada &#8230; <a title=\"Tutoriales de inscripci\u00f3n para estudiantes\" class=\"read-more\" href=\"https:\/\/ifdcvm-slu.infd.edu.ar\/sitio\/tutoriales-de-inscripcion-para-estudiantes\/\" aria-label=\"More on Tutoriales de inscripci\u00f3n para estudiantes\">[+]<\/a><\/p>\n","protected":false},"author":1518,"featured_media":0,"parent":0,"menu_order":0,"comment_status":"closed","ping_status":"closed","template":"","meta":[],"acf":[],"_links":{"self":[{"href":"https:\/\/ifdcvm-slu.infd.edu.ar\/sitio\/wp-json\/wp\/v2\/pages\/10450"}],"collection":[{"href":"https:\/\/ifdcvm-slu.infd.edu.ar\/sitio\/wp-json\/wp\/v2\/pages"}],"about":[{"href":"https:\/\/ifdcvm-slu.infd.edu.ar\/sitio\/wp-json\/wp\/v2\/types\/page"}],"author":[{"embeddable":true,"href":"https:\/\/ifdcvm-slu.infd.edu.ar\/sitio\/wp-json\/wp\/v2\/users\/1518"}],"replies":[{"embeddable":true,"href":"https:\/\/ifdcvm-slu.infd.edu.ar\/sitio\/wp-json\/wp\/v2\/comments?post=10450"}],"version-history":[{"count":12,"href":"https:\/\/ifdcvm-slu.infd.edu.ar\/sitio\/wp-json\/wp\/v2\/pages\/10450\/revisions"}],"predecessor-version":[{"id":10473,"href":"https:\/\/ifdcvm-slu.infd.edu.ar\/sitio\/wp-json\/wp\/v2\/pages\/10450\/revisions\/10473"}],"wp:attachment":[{"href":"https:\/\/ifdcvm-slu.infd.edu.ar\/sitio\/wp-json\/wp\/v2\/media?parent=10450"}],"curies":[{"name":"wp","href":"https:\/\/api.w.org\/{rel}","templated":true}]}}