{"id":12582,"date":"2022-09-06T09:29:27","date_gmt":"2022-09-06T12:29:27","guid":{"rendered":"https:\/\/ifdcvm-slu.infd.edu.ar\/sitio\/?page_id=12582"},"modified":"2025-08-12T09:14:28","modified_gmt":"2025-08-12T12:14:28","slug":"profesorado-teatro","status":"publish","type":"page","link":"https:\/\/ifdcvm-slu.infd.edu.ar\/sitio\/profesorado-teatro\/","title":{"rendered":"Oferta Educativa 2026 &#8211; Profesorado de Teatro"},"content":{"rendered":"\n<p><strong>Nombre de la carrera: PROFESORADO DE TEATRO CON ORIENTACI\u00d3N EN PR\u00c1CTICA TEATRAL (<a rel=\"noreferrer noopener\" href=\"https:\/\/drive.google.com\/file\/d\/1vIoqAtXeXUkoqilA3kF1xnQnZs-0GpEy\/view?usp=sharing\" data-type=\"URL\" data-id=\"https:\/\/drive.google.com\/file\/d\/1vIoqAtXeXUkoqilA3kF1xnQnZs-0GpEy\/view?usp=sharing\" target=\"_blank\">RES. 316-ME-2022<\/a>)<\/strong><\/p>\n\n\n\n<p><strong>Plan de estudios:<\/strong> <a rel=\"noreferrer noopener\" href=\"https:\/\/drive.google.com\/file\/d\/1IiNE4HkjAOaXwjxFWqflcKp2axAKxMV0\/view?usp=sharing\" target=\"_blank\">Resoluci\u00f3n N\u00b0 38-ME-2023<\/a><\/p>\n\n\n\n<figure class=\"wp-block-image size-large\"><img decoding=\"async\" loading=\"lazy\" width=\"1339\" height=\"1900\" src=\"https:\/\/ifdcvm-slu.infd.edu.ar\/sitio\/wp-content\/uploads\/2025\/08\/2-1339x1900.png\" alt=\"\" class=\"wp-image-16798\" srcset=\"https:\/\/ifdcvm-slu.infd.edu.ar\/sitio\/wp-content\/uploads\/2025\/08\/2-1339x1900.png 1339w, https:\/\/ifdcvm-slu.infd.edu.ar\/sitio\/wp-content\/uploads\/2025\/08\/2-705x1000.png 705w, https:\/\/ifdcvm-slu.infd.edu.ar\/sitio\/wp-content\/uploads\/2025\/08\/2-768x1090.png 768w, https:\/\/ifdcvm-slu.infd.edu.ar\/sitio\/wp-content\/uploads\/2025\/08\/2-1082x1536.png 1082w, https:\/\/ifdcvm-slu.infd.edu.ar\/sitio\/wp-content\/uploads\/2025\/08\/2.png 1409w\" sizes=\"(max-width: 1339px) 100vw, 1339px\" \/><\/figure>\n\n\n\n<p><strong>Perfil del Egresado<\/strong>: El Profesorado de Teatro con Orientaci\u00f3n en Pr\u00e1ctica Teatral es una carrera que forma profesionales capaces de desempe\u00f1arse en diferentes niveles y modalidades del Sistema Educativo Nacional en Argentina, adem\u00e1s combina la formaci\u00f3n docente con una s\u00f3lida base teatral.<\/p>\n\n\n\n<p class=\"has-contrast-color has-very-light-gray-to-cyan-bluish-gray-gradient-background has-text-color has-background\"><a href=\"https:\/\/ifdcvm-slu.infd.edu.ar\/sitio\/oferta-educativa-requisitos-de-preinscripcion\/\" data-type=\"URL\" data-id=\"https:\/\/ifdcvm-slu.infd.edu.ar\/sitio\/oferta-educativa-requisitos-de-preinscripcion\/\" target=\"_blank\" rel=\"noreferrer noopener\">CONOC\u00c9 LOS REQUISITOS DE PREINSCRIPCI\u00d3N<\/a><\/p>\n","protected":false},"excerpt":{"rendered":"<p>Nombre de la carrera: PROFESORADO DE TEATRO CON ORIENTACI\u00d3N EN PR\u00c1CTICA TEATRAL (RES. 316-ME-2022) Plan de estudios: Resoluci\u00f3n N\u00b0 38-ME-2023 Perfil del Egresado: El Profesorado de Teatro con Orientaci\u00f3n en Pr\u00e1ctica Teatral es una carrera que forma profesionales capaces de desempe\u00f1arse en diferentes niveles y modalidades del Sistema Educativo Nacional en Argentina, adem\u00e1s combina la &#8230; <a title=\"Oferta Educativa 2026 &#8211; Profesorado de Teatro\" class=\"read-more\" href=\"https:\/\/ifdcvm-slu.infd.edu.ar\/sitio\/profesorado-teatro\/\" aria-label=\"More on Oferta Educativa 2026 &#8211; Profesorado de Teatro\">[+]<\/a><\/p>\n","protected":false},"author":1518,"featured_media":0,"parent":0,"menu_order":0,"comment_status":"closed","ping_status":"closed","template":"","meta":[],"acf":[],"_links":{"self":[{"href":"https:\/\/ifdcvm-slu.infd.edu.ar\/sitio\/wp-json\/wp\/v2\/pages\/12582"}],"collection":[{"href":"https:\/\/ifdcvm-slu.infd.edu.ar\/sitio\/wp-json\/wp\/v2\/pages"}],"about":[{"href":"https:\/\/ifdcvm-slu.infd.edu.ar\/sitio\/wp-json\/wp\/v2\/types\/page"}],"author":[{"embeddable":true,"href":"https:\/\/ifdcvm-slu.infd.edu.ar\/sitio\/wp-json\/wp\/v2\/users\/1518"}],"replies":[{"embeddable":true,"href":"https:\/\/ifdcvm-slu.infd.edu.ar\/sitio\/wp-json\/wp\/v2\/comments?post=12582"}],"version-history":[{"count":20,"href":"https:\/\/ifdcvm-slu.infd.edu.ar\/sitio\/wp-json\/wp\/v2\/pages\/12582\/revisions"}],"predecessor-version":[{"id":16871,"href":"https:\/\/ifdcvm-slu.infd.edu.ar\/sitio\/wp-json\/wp\/v2\/pages\/12582\/revisions\/16871"}],"wp:attachment":[{"href":"https:\/\/ifdcvm-slu.infd.edu.ar\/sitio\/wp-json\/wp\/v2\/media?parent=12582"}],"curies":[{"name":"wp","href":"https:\/\/api.w.org\/{rel}","templated":true}]}}