{"id":13239,"date":"2023-03-07T11:48:57","date_gmt":"2023-03-07T14:48:57","guid":{"rendered":"https:\/\/ifdcvm-slu.infd.edu.ar\/sitio\/?page_id=13239"},"modified":"2024-03-07T08:39:49","modified_gmt":"2024-03-07T11:39:49","slug":"coordinadores","status":"publish","type":"page","link":"https:\/\/ifdcvm-slu.infd.edu.ar\/sitio\/coordinadores\/","title":{"rendered":"Coordinadores"},"content":{"rendered":"\n<h3 class=\"wp-block-heading\">Contacto con los profesorados:<\/h3>\n\n\n\n<p>A continuaci\u00f3n, se encuentran los nombres de las coordinadoras y los coordinadores de las carreras y los respectivos correos electr\u00f3nicos.<\/p>\n\n\n\n<hr class=\"wp-block-separator has-alpha-channel-opacity\"\/>\n\n\n\n<p><strong>Profesorado de Educaci\u00f3n Secundaria en Matem\u00e1tica<\/strong><\/p>\n\n\n\n<p>Coordinador\/a: Prof. J\u00e9ssica Chaves y Prof. N\u00e9stor Galdeano.<\/p>\n\n\n\n<p>Correo:&nbsp;<strong>coordinacion.matematica@ifdcvm.edu.ar<\/strong><\/p>\n\n\n\n<hr class=\"wp-block-separator has-alpha-channel-opacity\"\/>\n\n\n\n<p><strong>Profesorado de Teatro con orientaci\u00f3n en Pr\u00e1cticas Teatrales<\/strong><\/p>\n\n\n\n<p>Coordinador\/a: Prof. Maite Esquerr\u00e9 y Prof. Adriana Pacheco.<\/p>\n\n\n\n<p>Correo:&nbsp;<strong>coordinacion.teatro@ifdcvm.edu.ar<\/strong><\/p>\n\n\n\n<hr class=\"wp-block-separator has-alpha-channel-opacity\"\/>\n\n\n\n<p><strong>Profesorado de Educaci\u00f3n Secundaria en Lengua y Literatura<\/strong><\/p>\n\n\n\n<p>Coordinadoras: Prof. Sonia Ponssa y Prof. Claudia Zalazar.<\/p>\n\n\n\n<p>Correo:&nbsp;<strong>coordinacion.lenguayliteratura@ifdcvm.edu.ar<\/strong><\/p>\n\n\n\n<hr class=\"wp-block-separator has-alpha-channel-opacity\"\/>\n\n\n\n<p><strong>Profesorado de Educaci\u00f3n Tecnol\u00f3gica<\/strong><\/p>\n\n\n\n<p>Coordinadores: Prof. M\u00f3nica Aguilera y Prof. Juan Cruz Britos.<\/p>\n\n\n\n<p>Correo:&nbsp;<strong>coordinacion.tecnologia@ifdcvm.edu.ar<\/strong><\/p>\n\n\n\n<hr class=\"wp-block-separator has-alpha-channel-opacity\"\/>\n\n\n\n<p><strong>Profesorado de Artes Visuales<\/strong><\/p>\n\n\n\n<p>Coordinadora: Prof. Luis Freire y Prof. Pamela Urbina Caviedes.<\/p>\n\n\n\n<p>Correo:&nbsp;<strong>coordinacion.artesvisuales@ifdcvm.edu.ar<\/strong><\/p>\n\n\n\n<hr class=\"wp-block-separator has-alpha-channel-opacity\"\/>\n\n\n\n<p><strong>\u00c1rea de Formaci\u00f3n General<\/strong><\/p>\n\n\n\n<p>Coordinadoras: Prof. Marcela Godoy y Pamela Krug Aranguiz.<\/p>\n\n\n\n<p>Correo:&nbsp;<strong>coordinacion.formaciongeneral@ifdcvm.edu.ar<\/strong><\/p>\n\n\n\n<hr class=\"wp-block-separator has-alpha-channel-opacity\"\/>\n\n\n\n<p><strong>Profesorado de M\u00fasica<\/strong><\/p>\n\n\n\n<p>Coordinador\/a: Prof. Juan Jos\u00e9 Godoy y Prof. Marcelo Suarez.<\/p>\n\n\n\n<p>Contacto:&nbsp;<strong>coordinacion.musica@ifdcvm.edu.ar<\/strong><\/p>\n\n\n\n<hr class=\"wp-block-separator has-alpha-channel-opacity\"\/>\n\n\n\n<p><strong>Profesorado de Educaci\u00f3n Primaria<\/strong><\/p>\n\n\n\n<p>Coordinadoras: Prof. Pamela Bianco y Prof. Mariana Reinoso.<\/p>\n\n\n\n<p>Correo:&nbsp;<strong>coordinacion.primaria@ifdcvm.edu.ar<\/strong><\/p>\n\n\n\n<hr class=\"wp-block-separator has-alpha-channel-opacity\"\/>\n\n\n\n<p><strong>Tecnicatura Superior en Tecnolog\u00edas Industriales<\/strong><\/p>\n\n\n\n<p><strong>Coordinadores<\/strong>: Prof. Yanina Maidana y Prof. Mart\u00edn Saavedra.<\/p>\n\n\n\n<p>Contacto:<strong>&nbsp;coordinacion.tecnicatura@ifdcvm.edu.ar<\/strong><\/p>\n","protected":false},"excerpt":{"rendered":"<p>Contacto con los profesorados: A continuaci\u00f3n, se encuentran los nombres de las coordinadoras y los coordinadores de las carreras y los respectivos correos electr\u00f3nicos. Profesorado de Educaci\u00f3n Secundaria en Matem\u00e1tica Coordinador\/a: Prof. J\u00e9ssica Chaves y Prof. N\u00e9stor Galdeano. Correo:&nbsp;coordinacion.matematica@ifdcvm.edu.ar Profesorado de Teatro con orientaci\u00f3n en Pr\u00e1cticas Teatrales Coordinador\/a: Prof. Maite Esquerr\u00e9 y Prof. Adriana Pacheco. &#8230; <a title=\"Coordinadores\" class=\"read-more\" href=\"https:\/\/ifdcvm-slu.infd.edu.ar\/sitio\/coordinadores\/\" aria-label=\"More on Coordinadores\">[+]<\/a><\/p>\n","protected":false},"author":1518,"featured_media":0,"parent":0,"menu_order":0,"comment_status":"closed","ping_status":"closed","template":"","meta":[],"acf":[],"_links":{"self":[{"href":"https:\/\/ifdcvm-slu.infd.edu.ar\/sitio\/wp-json\/wp\/v2\/pages\/13239"}],"collection":[{"href":"https:\/\/ifdcvm-slu.infd.edu.ar\/sitio\/wp-json\/wp\/v2\/pages"}],"about":[{"href":"https:\/\/ifdcvm-slu.infd.edu.ar\/sitio\/wp-json\/wp\/v2\/types\/page"}],"author":[{"embeddable":true,"href":"https:\/\/ifdcvm-slu.infd.edu.ar\/sitio\/wp-json\/wp\/v2\/users\/1518"}],"replies":[{"embeddable":true,"href":"https:\/\/ifdcvm-slu.infd.edu.ar\/sitio\/wp-json\/wp\/v2\/comments?post=13239"}],"version-history":[{"count":3,"href":"https:\/\/ifdcvm-slu.infd.edu.ar\/sitio\/wp-json\/wp\/v2\/pages\/13239\/revisions"}],"predecessor-version":[{"id":14860,"href":"https:\/\/ifdcvm-slu.infd.edu.ar\/sitio\/wp-json\/wp\/v2\/pages\/13239\/revisions\/14860"}],"wp:attachment":[{"href":"https:\/\/ifdcvm-slu.infd.edu.ar\/sitio\/wp-json\/wp\/v2\/media?parent=13239"}],"curies":[{"name":"wp","href":"https:\/\/api.w.org\/{rel}","templated":true}]}}