{"id":13445,"date":"2023-03-29T11:10:23","date_gmt":"2023-03-29T14:10:23","guid":{"rendered":"https:\/\/ifdcvm-slu.infd.edu.ar\/sitio\/?page_id=13445"},"modified":"2024-09-09T12:50:55","modified_gmt":"2024-09-09T15:50:55","slug":"planes-de-estudio","status":"publish","type":"page","link":"https:\/\/ifdcvm-slu.infd.edu.ar\/sitio\/planes-de-estudio\/","title":{"rendered":"Planes de estudio"},"content":{"rendered":"\n<h3 class=\"wp-block-heading\">Profesorado de Teatro con Orientaci\u00f3n en Pr\u00e1ctica Teatral.<\/h3>\n\n\n\n<hr class=\"wp-block-separator has-alpha-channel-opacity\"\/>\n\n\n\n<p>&#x1f9d0;<strong>ACTUALIZACI\u00d3N<\/strong>: Si quer\u00e9s visualizar el plan de estudio en un formato m\u00e1s amigable ingres\u00e1&nbsp;<a href=\"https:\/\/ifdcvm-slu.infd.edu.ar\/sitio\/planes-de-estudio-vigentes\/\">aqu\u00ed<\/a><\/p>\n\n\n\n<p><em>Resoluciones de los planes de estudio:<\/em><\/p>\n\n\n\n<p><a rel=\"noreferrer noopener\" href=\"https:\/\/drive.google.com\/file\/d\/1lD0dyyWuqsgcdeuRygfTo13AiKWv7BPq\/view?usp=drive_link\" data-type=\"URL\" data-id=\"https:\/\/drive.google.com\/file\/d\/1lD0dyyWuqsgcdeuRygfTo13AiKWv7BPq\/view?usp=drive_link\" target=\"_blank\">Decreto N\u00b0<\/a><a href=\"https:\/\/drive.google.com\/file\/d\/1lD0dyyWuqsgcdeuRygfTo13AiKWv7BPq\/view?usp=drive_link\" data-type=\"URL\" data-id=\"https:\/\/drive.google.com\/file\/d\/1lD0dyyWuqsgcdeuRygfTo13AiKWv7BPq\/view?usp=drive_link\" target=\"_blank\" rel=\"noreferrer noopener\"> <\/a><a rel=\"noreferrer noopener\" href=\"https:\/\/drive.google.com\/file\/d\/1lD0dyyWuqsgcdeuRygfTo13AiKWv7BPq\/view?usp=drive_link\" data-type=\"URL\" data-id=\"https:\/\/drive.google.com\/file\/d\/1lD0dyyWuqsgcdeuRygfTo13AiKWv7BPq\/view?usp=drive_link\" target=\"_blank\">1963-MP-2003<\/a><\/p>\n\n\n\n<p><a rel=\"noreferrer noopener\" href=\"https:\/\/drive.google.com\/file\/d\/1IiNE4HkjAOaXwjxFWqflcKp2axAKxMV0\/view?usp=sharing\" data-type=\"URL\" data-id=\"https:\/\/drive.google.com\/file\/d\/1IiNE4HkjAOaXwjxFWqflcKp2axAKxMV0\/view?usp=sharing\" target=\"_blank\">Resoluci\u00f3n N\u00b0 38-ME-2023<\/a><\/p>\n\n\n\n<p><a href=\"https:\/\/drive.google.com\/file\/d\/1O9sd2W_fp6gZcOCBy49YSDrKABnhNBBH\/view?usp=drive_link\" data-type=\"URL\" data-id=\"https:\/\/drive.google.com\/file\/d\/1O9sd2W_fp6gZcOCBy49YSDrKABnhNBBH\/view?usp=drive_link\" target=\"_blank\" rel=\"noreferrer noopener\">Plan de estudios N\u00b0 86-MP-2004<\/a><\/p>\n\n\n\n<p><\/p>\n\n\n\n<p class=\"has-contrast-color has-base-background-color has-text-color has-background\">Contacto con la coordinaci\u00f3n de la carrera: coordinacion.teatro@ifdcvm.edu.ar<\/p>\n","protected":false},"excerpt":{"rendered":"<p>Profesorado de Teatro con Orientaci\u00f3n en Pr\u00e1ctica Teatral. &#x1f9d0;ACTUALIZACI\u00d3N: Si quer\u00e9s visualizar el plan de estudio en un formato m\u00e1s amigable ingres\u00e1&nbsp;aqu\u00ed Resoluciones de los planes de estudio: Decreto N\u00b0 1963-MP-2003 Resoluci\u00f3n N\u00b0 38-ME-2023 Plan de estudios N\u00b0 86-MP-2004 Contacto con la coordinaci\u00f3n de la carrera: coordinacion.teatro@ifdcvm.edu.ar<\/p>\n","protected":false},"author":1518,"featured_media":0,"parent":0,"menu_order":0,"comment_status":"closed","ping_status":"closed","template":"","meta":[],"acf":[],"_links":{"self":[{"href":"https:\/\/ifdcvm-slu.infd.edu.ar\/sitio\/wp-json\/wp\/v2\/pages\/13445"}],"collection":[{"href":"https:\/\/ifdcvm-slu.infd.edu.ar\/sitio\/wp-json\/wp\/v2\/pages"}],"about":[{"href":"https:\/\/ifdcvm-slu.infd.edu.ar\/sitio\/wp-json\/wp\/v2\/types\/page"}],"author":[{"embeddable":true,"href":"https:\/\/ifdcvm-slu.infd.edu.ar\/sitio\/wp-json\/wp\/v2\/users\/1518"}],"replies":[{"embeddable":true,"href":"https:\/\/ifdcvm-slu.infd.edu.ar\/sitio\/wp-json\/wp\/v2\/comments?post=13445"}],"version-history":[{"count":6,"href":"https:\/\/ifdcvm-slu.infd.edu.ar\/sitio\/wp-json\/wp\/v2\/pages\/13445\/revisions"}],"predecessor-version":[{"id":15715,"href":"https:\/\/ifdcvm-slu.infd.edu.ar\/sitio\/wp-json\/wp\/v2\/pages\/13445\/revisions\/15715"}],"wp:attachment":[{"href":"https:\/\/ifdcvm-slu.infd.edu.ar\/sitio\/wp-json\/wp\/v2\/media?parent=13445"}],"curies":[{"name":"wp","href":"https:\/\/api.w.org\/{rel}","templated":true}]}}