{"id":13524,"date":"2023-04-04T14:41:51","date_gmt":"2023-04-04T17:41:51","guid":{"rendered":"https:\/\/ifdcvm-slu.infd.edu.ar\/sitio\/?page_id=13524"},"modified":"2023-04-04T14:45:25","modified_gmt":"2023-04-04T17:45:25","slug":"protocolos","status":"publish","type":"page","link":"https:\/\/ifdcvm-slu.infd.edu.ar\/sitio\/protocolos\/","title":{"rendered":"Protocolos"},"content":{"rendered":"\n<p><a href=\"https:\/\/ifdcvm-slu.infd.edu.ar\/sitio\/wp-content\/uploads\/2023\/04\/MEMORANDUM-No-DIRECCION-ADMINISTRATIVA-20230404_000341.pdf\" data-type=\"URL\" data-id=\"https:\/\/ifdcvm-slu.infd.edu.ar\/sitio\/wp-content\/uploads\/2023\/04\/MEMORANDUM-No-DIRECCION-ADMINISTRATIVA-20230404_000341.pdf\" target=\"_blank\" rel=\"noreferrer noopener\">Memor\u00e1ndum N\u00b0 001\/2023<\/a> &#8211; Direcci\u00f3n Administrativa.<\/p>\n\n\n\n<p><strong>Asunto<\/strong>: Protocolo y normas de utilizaci\u00f3n de espacios externos al Instituto de Formaci\u00f3n Docente Continua Villa Mercedes.<\/p>\n\n\n\n<div class=\"wp-block-file\"><object class=\"wp-block-file__embed\" data=\"https:\/\/ifdcvm-slu.infd.edu.ar\/sitio\/wp-content\/uploads\/2023\/04\/MEMORANDUM-No-DIRECCION-ADMINISTRATIVA-20230404_000341.pdf\" type=\"application\/pdf\" style=\"width:100%;height:600px\" aria-label=\"Incrustado de MEMORANDUM N\u00ba DIRECCION ADMINISTRATIVA 20230404_000341.\"><\/object><a id=\"wp-block-file--media-ef2cb9cd-a653-4b70-be01-c825190f7607\" href=\"https:\/\/ifdcvm-slu.infd.edu.ar\/sitio\/wp-content\/uploads\/2023\/04\/MEMORANDUM-No-DIRECCION-ADMINISTRATIVA-20230404_000341.pdf\">MEMORANDUM N\u00ba DIRECCION ADMINISTRATIVA 20230404_000341<\/a><a href=\"https:\/\/ifdcvm-slu.infd.edu.ar\/sitio\/wp-content\/uploads\/2023\/04\/MEMORANDUM-No-DIRECCION-ADMINISTRATIVA-20230404_000341.pdf\" class=\"wp-block-file__button wp-element-button\" download aria-describedby=\"wp-block-file--media-ef2cb9cd-a653-4b70-be01-c825190f7607\">Descarga<\/a><\/div>\n\n\n\n<p><\/p>\n\n\n\n<p class=\"has-luminous-vivid-amber-to-luminous-vivid-orange-gradient-background has-background has-medium-font-size\"><a rel=\"noreferrer noopener\" href=\"https:\/\/forms.gle\/2UFqymDRwvb8enfz5\" data-type=\"URL\" data-id=\"https:\/\/forms.gle\/2UFqymDRwvb8enfz5\" target=\"_blank\">Ingrese al formulario Solicitud de espacios externos desde aqu\u00ed.<\/a><\/p>\n\n\n\n<p class=\"has-contrast-color has-base-background-color has-text-color has-background\"><strong>Contacto con la Direcci\u00f3n Administrativa<\/strong>: direccionadministrativa@ifdcvm.edu.ar<\/p>\n","protected":false},"excerpt":{"rendered":"<p>Memor\u00e1ndum N\u00b0 001\/2023 &#8211; Direcci\u00f3n Administrativa. Asunto: Protocolo y normas de utilizaci\u00f3n de espacios externos al Instituto de Formaci\u00f3n Docente Continua Villa Mercedes. Ingrese al formulario Solicitud de espacios externos desde aqu\u00ed. Contacto con la Direcci\u00f3n Administrativa: direccionadministrativa@ifdcvm.edu.ar<\/p>\n","protected":false},"author":1518,"featured_media":0,"parent":0,"menu_order":0,"comment_status":"closed","ping_status":"closed","template":"","meta":[],"acf":[],"_links":{"self":[{"href":"https:\/\/ifdcvm-slu.infd.edu.ar\/sitio\/wp-json\/wp\/v2\/pages\/13524"}],"collection":[{"href":"https:\/\/ifdcvm-slu.infd.edu.ar\/sitio\/wp-json\/wp\/v2\/pages"}],"about":[{"href":"https:\/\/ifdcvm-slu.infd.edu.ar\/sitio\/wp-json\/wp\/v2\/types\/page"}],"author":[{"embeddable":true,"href":"https:\/\/ifdcvm-slu.infd.edu.ar\/sitio\/wp-json\/wp\/v2\/users\/1518"}],"replies":[{"embeddable":true,"href":"https:\/\/ifdcvm-slu.infd.edu.ar\/sitio\/wp-json\/wp\/v2\/comments?post=13524"}],"version-history":[{"count":4,"href":"https:\/\/ifdcvm-slu.infd.edu.ar\/sitio\/wp-json\/wp\/v2\/pages\/13524\/revisions"}],"predecessor-version":[{"id":13530,"href":"https:\/\/ifdcvm-slu.infd.edu.ar\/sitio\/wp-json\/wp\/v2\/pages\/13524\/revisions\/13530"}],"wp:attachment":[{"href":"https:\/\/ifdcvm-slu.infd.edu.ar\/sitio\/wp-json\/wp\/v2\/media?parent=13524"}],"curies":[{"name":"wp","href":"https:\/\/api.w.org\/{rel}","templated":true}]}}