{"id":13708,"date":"2023-06-01T10:53:14","date_gmt":"2023-06-01T13:53:14","guid":{"rendered":"https:\/\/ifdcvm-slu.infd.edu.ar\/sitio\/?page_id=13708"},"modified":"2023-06-06T10:17:09","modified_gmt":"2023-06-06T13:17:09","slug":"cuentas-de-correo-electronico-con-dominio-institucional-preguntas-frecuentes","status":"publish","type":"page","link":"https:\/\/ifdcvm-slu.infd.edu.ar\/sitio\/cuentas-de-correo-electronico-con-dominio-institucional-preguntas-frecuentes\/","title":{"rendered":"Cuentas de correo electr\u00f3nico con dominio institucional. Preguntas frecuentes."},"content":{"rendered":"\n<p class=\"has-contrast-color has-luminous-vivid-amber-to-luminous-vivid-orange-gradient-background has-text-color has-background\"><strong>PREGUNTAS FRECUENTES:<\/strong><\/p>\n\n\n\n<p class=\"has-medium-font-size\"><strong>Pregunta 1: \u00bfC\u00f3mo activo mi cuenta con dominio institucional (ifdcvm.edu.ar)?<\/strong><\/p>\n\n\n\n<p><strong>Respuesta<\/strong>: Por favor siga los siguientes pasos:<\/p>\n\n\n\n<ol>\n<li>Inicialmente, ha recibido en su cuenta de correo electr\u00f3nico que ha declarado en el \u00c1rea de Personal del IFDC Villa Mercedes, un correo electr\u00f3nico cuyo contenido es similar al que se muestra en la siguiente imagen:<\/li>\n<\/ol>\n\n\n\n<p class=\"has-accent-color has-text-color has-medium-font-size\">(Hemos tomado como ejemplo la cuenta newsletter@ifdcvm.edu.ar)<\/p>\n\n\n\n<figure class=\"wp-block-image size-full\"><img decoding=\"async\" loading=\"lazy\" width=\"582\" height=\"746\" src=\"https:\/\/ifdcvm-slu.infd.edu.ar\/sitio\/wp-content\/uploads\/2023\/06\/image1.png\" alt=\"\" class=\"wp-image-13709\"\/><figcaption class=\"wp-element-caption\">Imagen 1.<\/figcaption><\/figure>\n\n\n\n<p class=\"has-contrast-color has-electric-grass-gradient-background has-text-color has-background has-medium-font-size\">Para comenzar con la activaci\u00f3n deber\u00e1 hacer clic en el bot\u00f3n denominado<strong> Iniciar sesi\u00f3n<\/strong> del correo electr\u00f3nico que ha recibido.<\/p>\n\n\n\n<p class=\"has-medium-font-size\">Luego de hacer clic en el bot\u00f3n <strong>Iniciar sesi\u00f3n<\/strong>, el navegador cargar\u00e1 la siguiente interfaz gr\u00e1fica:<\/p>\n\n\n\n<figure class=\"wp-block-image size-full\"><img decoding=\"async\" loading=\"lazy\" width=\"710\" height=\"641\" src=\"https:\/\/ifdcvm-slu.infd.edu.ar\/sitio\/wp-content\/uploads\/2023\/06\/image2.png\" alt=\"\" class=\"wp-image-13710\"\/><figcaption class=\"wp-element-caption\">Imagen 2.<\/figcaption><\/figure>\n\n\n\n<p class=\"has-contrast-color has-electric-grass-gradient-background has-text-color has-background has-medium-font-size\">Luego, deber\u00e1 hacer clic en el bot\u00f3n denominado <strong>Entendido<\/strong> para proseguir con la activaci\u00f3n de la cuenta de correo electr\u00f3nico.<\/p>\n\n\n\n<p class=\"has-medium-font-size\">2. A continuaci\u00f3n, deber\u00e1 seleccionar la contrase\u00f1a y repetirla en ambos campos de texto, tal como lo muestra la siguiente imagen:<\/p>\n\n\n\n<figure class=\"wp-block-image size-full\"><img decoding=\"async\" loading=\"lazy\" width=\"503\" height=\"668\" src=\"https:\/\/ifdcvm-slu.infd.edu.ar\/sitio\/wp-content\/uploads\/2023\/06\/image3.png\" alt=\"\" class=\"wp-image-13711\"\/><figcaption class=\"wp-element-caption\">Imagen 3.<\/figcaption><\/figure>\n\n\n\n<p class=\"has-contrast-color has-electric-grass-gradient-background has-text-color has-background has-medium-font-size\">Le sugerimos seleccionar una contrase\u00f1a segura, incluyendo letras, n\u00fameros y caracteres especiales.<\/p>\n\n\n\n<p class=\"has-medium-font-size\">Luego de hacer clic en el bot\u00f3n denominado<strong> Cambiar contrase\u00f1a<\/strong>, su navegador cargar\u00e1 las funcionalidades permitidas para nuestra instituci\u00f3n por Google, tal como lo muestra la siguiente imagen:<\/p>\n\n\n\n<figure class=\"wp-block-image size-full\"><img decoding=\"async\" loading=\"lazy\" width=\"1893\" height=\"805\" src=\"https:\/\/ifdcvm-slu.infd.edu.ar\/sitio\/wp-content\/uploads\/2023\/06\/image4.png\" alt=\"\" class=\"wp-image-13712\" srcset=\"https:\/\/ifdcvm-slu.infd.edu.ar\/sitio\/wp-content\/uploads\/2023\/06\/image4.png 1893w, https:\/\/ifdcvm-slu.infd.edu.ar\/sitio\/wp-content\/uploads\/2023\/06\/image4-1000x425.png 1000w, https:\/\/ifdcvm-slu.infd.edu.ar\/sitio\/wp-content\/uploads\/2023\/06\/image4-768x327.png 768w, https:\/\/ifdcvm-slu.infd.edu.ar\/sitio\/wp-content\/uploads\/2023\/06\/image4-1536x653.png 1536w\" sizes=\"(max-width: 1893px) 100vw, 1893px\" \/><figcaption class=\"wp-element-caption\">Imagen 4.<\/figcaption><\/figure>\n\n\n\n<p class=\"has-medium-font-size\">Si selecciona la funcionalidad <strong>Gmail<\/strong>, su navegador cargar\u00e1 el contenido de su cuenta de correo electr\u00f3nico, tal como lo muestra la siguiente imagen:<\/p>\n\n\n\n<figure class=\"wp-block-image size-full\"><img decoding=\"async\" loading=\"lazy\" width=\"1889\" height=\"875\" src=\"https:\/\/ifdcvm-slu.infd.edu.ar\/sitio\/wp-content\/uploads\/2023\/06\/image5.png\" alt=\"\" class=\"wp-image-13713\" srcset=\"https:\/\/ifdcvm-slu.infd.edu.ar\/sitio\/wp-content\/uploads\/2023\/06\/image5.png 1889w, https:\/\/ifdcvm-slu.infd.edu.ar\/sitio\/wp-content\/uploads\/2023\/06\/image5-1000x463.png 1000w, https:\/\/ifdcvm-slu.infd.edu.ar\/sitio\/wp-content\/uploads\/2023\/06\/image5-768x356.png 768w, https:\/\/ifdcvm-slu.infd.edu.ar\/sitio\/wp-content\/uploads\/2023\/06\/image5-1536x711.png 1536w\" sizes=\"(max-width: 1889px) 100vw, 1889px\" \/><figcaption class=\"wp-element-caption\">Imagen 5<\/figcaption><\/figure>\n\n\n\n<p class=\"has-contrast-color has-luminous-vivid-amber-to-luminous-vivid-orange-gradient-background has-text-color has-background has-medium-font-size\">Si lleg\u00f3 sin inconvenientes a este paso, <strong>la cuenta ya se encuentra activada<\/strong> y est\u00e1 lista para ser utilizada.<\/p>\n\n\n\n<hr class=\"wp-block-separator has-alpha-channel-opacity\"\/>\n\n\n\n<p class=\"has-medium-font-size\"><strong>Pregunta 2: \u00bfC\u00f3mo puedo acceder a mi contenido de correo electr\u00f3nico con dominio institucional?<\/strong><\/p>\n\n\n\n<p class=\"has-medium-font-size\"><strong>Respuesta<\/strong>: Para acceder a su cuenta deber\u00e1 acceder a la direcci\u00f3n <a rel=\"noreferrer noopener\" href=\"https:\/\/www.gmail.com\" data-type=\"URL\" data-id=\"https:\/\/www.gmail.com\" target=\"_blank\">www.gmail.com<\/a> e ingresar los datos de la cuenta, estos son: correo electr\u00f3nico y la contrase\u00f1a seleccionada al momento de activar la cuenta.<\/p>\n\n\n\n<hr class=\"wp-block-separator has-alpha-channel-opacity\"\/>\n\n\n\n<p class=\"has-medium-font-size\"><strong>Pregunta 3<\/strong>: \u00bfD\u00f3nde encuentro la resoluci\u00f3n rectoral N\u00b0 13\/2023 (Reglamento Marco del Correo Institucional del IFDC Villa Mercedes)?<\/p>\n\n\n\n<p class=\"has-medium-font-size\"><strong>Respuesta<\/strong>: Podr\u00e1 acceder a la mencionada resoluci\u00f3n desde el siguiente <a rel=\"noreferrer noopener\" href=\"https:\/\/drive.google.com\/file\/d\/1RybIeckKc7RvgYZ27V0hA2RfXPatLw9J\/view?usp=sharing\" data-type=\"URL\" data-id=\"https:\/\/drive.google.com\/file\/d\/1RybIeckKc7RvgYZ27V0hA2RfXPatLw9J\/view?usp=sharing\" target=\"_blank\">link<\/a>.<\/p>\n\n\n\n<hr class=\"wp-block-separator has-alpha-channel-opacity\"\/>\n\n\n\n<p class=\"has-medium-font-size\"><strong>Pregunta 4<\/strong>: Si se venci\u00f3 el link para activar la cuenta o la URL no es v\u00e1lida (como muestra la imagen), \u00bfen d\u00f3nde solicito un nuevo acceso?.<\/p>\n\n\n\n<figure class=\"wp-block-image size-full\"><img decoding=\"async\" loading=\"lazy\" width=\"450\" height=\"446\" src=\"https:\/\/ifdcvm-slu.infd.edu.ar\/sitio\/wp-content\/uploads\/2023\/06\/url_vencida_google.png\" alt=\"\" class=\"wp-image-13724\"\/><figcaption class=\"wp-element-caption\">Imagen 6<\/figcaption><\/figure>\n\n\n\n<p class=\"has-medium-font-size\"><strong>Respuesta<\/strong>: Por favor, escriba a <strong>marianovillegas@ifdcvm.edu.ar<\/strong> y solicite un nuevo link indicando qu\u00e9 cuenta necesita activar.<\/p>\n\n\n\n<hr class=\"wp-block-separator has-alpha-channel-opacity\"\/>\n\n\n\n<p class=\"has-medium-font-size\"><strong>Pregunta 4: \u00bfA quien me dirijo si no puedo acceder correctamente? <\/strong><\/p>\n\n\n\n<p class=\"has-medium-font-size\"><strong>Respuesta<\/strong>: Le sugerimos escribir a <strong>marianovillegas@ifdcvm.edu.ar<\/strong> detallando claramente el inconveniente por el cual no puede acceder.<\/p>\n\n\n\n<hr class=\"wp-block-separator has-alpha-channel-opacity\"\/>\n\n\n\n<p class=\"has-medium-font-size\"><strong>Pregunta 5: \u00bfPuedo grabar un <em>meet <\/em>generado con mi cuenta con dominio ifdcvm.edu.ar?<\/strong><\/p>\n\n\n\n<p class=\"has-medium-font-size\"><strong>Respuesta<\/strong>: Actualmente la funcionalidad de grabar <em>meet <\/em>no se encuentra disponible.<\/p>\n","protected":false},"excerpt":{"rendered":"<p>PREGUNTAS FRECUENTES: Pregunta 1: \u00bfC\u00f3mo activo mi cuenta con dominio institucional (ifdcvm.edu.ar)? Respuesta: Por favor siga los siguientes pasos: (Hemos tomado como ejemplo la cuenta newsletter@ifdcvm.edu.ar) Para comenzar con la activaci\u00f3n deber\u00e1 hacer clic en el bot\u00f3n denominado Iniciar sesi\u00f3n del correo electr\u00f3nico que ha recibido. Luego de hacer clic en el bot\u00f3n Iniciar sesi\u00f3n, &#8230; <a title=\"Cuentas de correo electr\u00f3nico con dominio institucional. Preguntas frecuentes.\" class=\"read-more\" href=\"https:\/\/ifdcvm-slu.infd.edu.ar\/sitio\/cuentas-de-correo-electronico-con-dominio-institucional-preguntas-frecuentes\/\" aria-label=\"More on Cuentas de correo electr\u00f3nico con dominio institucional. Preguntas frecuentes.\">[+]<\/a><\/p>\n","protected":false},"author":1518,"featured_media":0,"parent":0,"menu_order":0,"comment_status":"closed","ping_status":"closed","template":"","meta":[],"acf":[],"_links":{"self":[{"href":"https:\/\/ifdcvm-slu.infd.edu.ar\/sitio\/wp-json\/wp\/v2\/pages\/13708"}],"collection":[{"href":"https:\/\/ifdcvm-slu.infd.edu.ar\/sitio\/wp-json\/wp\/v2\/pages"}],"about":[{"href":"https:\/\/ifdcvm-slu.infd.edu.ar\/sitio\/wp-json\/wp\/v2\/types\/page"}],"author":[{"embeddable":true,"href":"https:\/\/ifdcvm-slu.infd.edu.ar\/sitio\/wp-json\/wp\/v2\/users\/1518"}],"replies":[{"embeddable":true,"href":"https:\/\/ifdcvm-slu.infd.edu.ar\/sitio\/wp-json\/wp\/v2\/comments?post=13708"}],"version-history":[{"count":6,"href":"https:\/\/ifdcvm-slu.infd.edu.ar\/sitio\/wp-json\/wp\/v2\/pages\/13708\/revisions"}],"predecessor-version":[{"id":13729,"href":"https:\/\/ifdcvm-slu.infd.edu.ar\/sitio\/wp-json\/wp\/v2\/pages\/13708\/revisions\/13729"}],"wp:attachment":[{"href":"https:\/\/ifdcvm-slu.infd.edu.ar\/sitio\/wp-json\/wp\/v2\/media?parent=13708"}],"curies":[{"name":"wp","href":"https:\/\/api.w.org\/{rel}","templated":true}]}}