{"id":14350,"date":"2023-09-20T08:46:10","date_gmt":"2023-09-20T11:46:10","guid":{"rendered":"https:\/\/ifdcvm-slu.infd.edu.ar\/sitio\/?page_id=14350"},"modified":"2023-09-20T09:19:20","modified_gmt":"2023-09-20T12:19:20","slug":"profesorado-de-educacion-primaria-horarios-de-consulta-y-correo-de-la-uc","status":"publish","type":"page","link":"https:\/\/ifdcvm-slu.infd.edu.ar\/sitio\/profesorado-de-educacion-primaria-horarios-de-consulta-y-correo-de-la-uc\/","title":{"rendered":"Profesorado de Educaci\u00f3n Primaria: Horarios de consulta y correo de la UC"},"content":{"rendered":"\n<figure class=\"wp-block-table\"><table><tbody><tr><td><strong>UC<\/strong><\/td><td><strong>Modalidad \/a\u00f1o<\/strong> <strong>&nbsp;<\/strong><\/td><td><strong>Docentes<\/strong><\/td><td><strong>Cargo<\/strong><\/td><td><strong>Horarios de consultas del 2do. cuatrimestre de 2023<\/strong><\/td><td><strong>Correo de la UC<\/strong> <strong>&nbsp;<\/strong><\/td><\/tr><tr><td><strong>Desarrollo del Pensamiento Matem\u00e1tico<\/strong> (8) <strong>\u00a0<\/strong> <strong>\u00a0<\/strong> <strong>\u00a0<\/strong> <strong>Matem\u00e1tica<\/strong> (199) \u00a0<\/td><td>Materia Anual 1\u00b0 a\u00f1o \u00a0 \u00a0 \u00a0 Materia 1er. Cuat. 1\u00b0 a\u00f1o \u00a0 \u00a0<\/td><td>Gabriela CAJAL &nbsp;<\/td><td>Responsable<\/td><td>Martes 11 a 12 y Jueves 14 a 15 &#8211; DPM &nbsp;<\/td><td>dpmatematico.primaria@ifdcvm.edu.ar \u00a0 \u00a0<\/td><\/tr><tr><td>Martes 12 a 13 y Jueves 13 a 14 Consulta para Examen Final<\/td><\/tr><tr><td>Nadia TARQUI LUCERO \u00a0 \u00a0<\/td><td>Auxiliar \u00a0 \u00a0<\/td><td>DPM &nbsp; Lunes 11.30 a 12.30 Lunes 19 a 20 hs &nbsp; Examen Final Lunes 10.30 a 11.30 hs Lunes 20 a 21 hs<\/td><\/tr><tr><td>Carolina MEDAGLIA<\/td><td>Auxiliar<\/td><td>DPM Viernes de 9 a 10 hs. Viernes de 14 a 15. &nbsp; Examen final Viernes de 11 a 12 hs. Martes de 15:30 a 16:30 hs<\/td><\/tr><tr><td>Aula virtual Desarrollo del Pensamiento Matem\u00e1tico: M23-AN1-PRI-Desarrollo del Pensamiento Matem\u00e1tico &#8211; Plan de estudio N\u00b0 8 Matem\u00e1tica: M23-1C1-PRI-Matem\u00e1tica &#8211; Plan de Estudio N\u00b0 199 &nbsp;<\/td><\/tr><tr><td><strong>Pr\u00e1ctica Docente I<\/strong> <strong>(8 y 199)<\/strong><\/td><td>Pr\u00e1ctica Docente Anual 1\u00b0 a\u00f1o &nbsp;<\/td><td>J\u00e9ssica BILLIARDI &nbsp; &nbsp; &nbsp;<\/td><td>Responsable &nbsp; &nbsp; Auxiliar<\/td><td>Lunes de 9 a 11hs y&nbsp; 15 17hs &nbsp; &nbsp;<\/td><td>practica1.primaria@ifdcvm.edu.ar<\/td><\/tr><tr><td>Aula virtual:M23-AN1-PRI-Practica Docente I- Planes Estudios N\u00b0 8 y 199<\/td><\/tr><tr><td><strong>Alfabetizaci\u00f3n Acad\u00e9mica (8 y 199)<\/strong> <strong>&nbsp;<\/strong> <strong>&nbsp;<\/strong><\/td><td>Taller 1\u00b0 cuat. 1\u00b0 a\u00f1o &nbsp;<\/td><td>Laura ESCALAREA &nbsp; &nbsp; Mart\u00edn CARD\u00d3N &nbsp; &nbsp; Florencia QUIROGA<\/td><td>Responsable &nbsp; &nbsp; Auxiliar &nbsp; &nbsp; Auxiliar &nbsp;<\/td><td>Lunes de 17 a 19 Jueves de 9 a 11 &nbsp; Martes de 15 a 17 Mi\u00e9rcoles de 10 a 12 &nbsp; Martes de 9:30 a 11:30 Mi\u00e9rcoles de 16 a 18<\/td><td>&nbsp; academicaylengua.primaria@ifdcvm.edu.ar<\/td><\/tr><tr><td><strong>Lengua y Literatura (8 y 199)<\/strong> <strong>&nbsp;<\/strong><\/td><td>Materia 2\u00b0 cuat. 1\u00b0 a\u00f1o &nbsp;<\/td><\/tr><tr><td>Aulas virtuales: Alfabetizaci\u00f3n Acad\u00e9mica:M23-1C1-PRI-2023 Alfabetizaci\u00f3n Acad\u00e9mica PRIMARIA (plan 8 y 199) Lengua y Literatura: M23-2C1-PRIMARIA-Lengua y Literatura 2023 (plan 8 y 199) &nbsp; &nbsp;<\/td><\/tr><tr><td><strong>Pedagog\u00eda (8 y 199)<\/strong> &nbsp;<\/td><td>Materia 1\u00b0 cuat. 1\u00b0 a\u00f1o &nbsp;<\/td><td>Laura VILLEGAS &nbsp; &nbsp; &nbsp; Soledad P\u00c1EZ N\u00da\u00d1EZ<\/td><td>Responsable &nbsp; &nbsp; &nbsp; Auxiliar<\/td><td>Lunes de 11 a 12 y de 16 a 18h Mi\u00e9rcoles: 10 a 12h, y de 16 a 17h &nbsp; &nbsp; Lunes de 9 a 11h Mi\u00e9rcoles de 15 a 17h<\/td><td>&nbsp; &nbsp; pedagogiaydidactica.primaria@ifdcvm.edu.ar<\/td><\/tr><tr><td><strong>Did\u00e1ctica General (8 y 199)<\/strong> &nbsp;<\/td><td>Materia 2\u00b0 cuat. 1\u00b0 a\u00f1o<\/td><\/tr><tr><td>Aulas virtuales: Pedagog\u00eda: M23-1C1-PRI-PEDAGOG\u00cdA Plan 199 y Plan 08 Did\u00e1ctica General: M23-2C1-PRI-Did\u00e1ctica General Plan 199 y Plan 08 &nbsp;<\/td><\/tr><tr><td><strong>Ciencias Naturales (8 y 199)<\/strong> &nbsp;<\/td><td>Materia 1\u00b0 a\u00f1o 1\u00b0 cuat.<\/td><td>Karina RODR\u00cdGUEZ &nbsp; &nbsp; &nbsp; &nbsp; &nbsp; Jos\u00e9 PESENTI &nbsp;<\/td><td>Responsable &nbsp; &nbsp; &nbsp; &nbsp; &nbsp; Auxiliar &nbsp;<\/td><td>Martes de 17 a 19 hs (virtual- meet) Jueves&nbsp; y viernes de 9 a 12 hs (presencial- box) &nbsp; Mi\u00e9rcoles de 9 a 12 hs (virtual-meet) Viernes de 14 a 16 hs (presencial-box) &nbsp;<\/td><td>&nbsp; &nbsp; &nbsp; &nbsp; &nbsp; cnaturales.primaria@ifdcvm.edu.ar<\/td><\/tr><tr><td>Aula virtual: M23-1C1-PRI-CIENCIAS NATURALES-Plan de estudio N 8 &nbsp; &nbsp;<\/td><\/tr><tr><td><strong>Alfabetizaci\u00f3n Digital (8 y 199)<\/strong> <strong>&nbsp;<\/strong> <strong>&nbsp;<\/strong> <strong>&nbsp;<\/strong> <strong>&nbsp;<\/strong> <strong>Recursos Did\u00e1cticos Digitales (8 y 199)<\/strong> &nbsp;<\/td><td>Taller 2\u00b0 cuat. 1\u00b0 a\u00f1o &nbsp; &nbsp; &nbsp; Taller 1\u00b0 cuat. 4\u00b0 a\u00f1o<\/td><td>&nbsp; Mariana REINOSO &nbsp; &nbsp; &nbsp; &nbsp; Silvana BOVIO &nbsp; &nbsp; &nbsp; &nbsp; &nbsp; Mariana S\u00c1NCHEZ &nbsp;<\/td><td>&nbsp; Responsable &nbsp; &nbsp; &nbsp; &nbsp; Auxiliar &nbsp; &nbsp; &nbsp; &nbsp; &nbsp; Auxiliar<\/td><td>Martes de 16 a 18 y viernes de 9 a 11 hs. &nbsp; Lunes de 14 a 16 hs. y martes de 9 a 11 hs. &nbsp; Lunes de 10 a 12 y viernes de 10 a 12 Consultas virtuales v\u00eda correo interno o Google Meet. Si se solicitan, las consultas ser\u00e1n presenciales. &nbsp;<\/td><td>&nbsp; &nbsp; &nbsp; &nbsp; &nbsp; alfdigitalyrecursos.primaria@ifdcvm.edu.ar<\/td><\/tr><tr><td>Aulas virtuales Alfabetizaci\u00f3n Digital (8 y 199) M23-2C1-PRI-Alfabetizaci\u00f3n Digital &nbsp; Recursos Did\u00e1cticos Digitales (8 y 199) M23-1C4-PRI-Recursos Did\u00e1cticos Digitales &nbsp; &nbsp;<\/td><\/tr><tr><td><strong>Ciencias Sociales (8 y 199)<\/strong> <strong>&nbsp;<\/strong> <strong>&nbsp;<\/strong><\/td><td>Materia 1\u00b0 cuat. 1\u00b0 a\u00f1o<\/td><td>Cintia MART\u00cdNEZ &nbsp; &nbsp; &nbsp; &nbsp; Fernando AGUIRRE<\/td><td>Responsable &nbsp; &nbsp; &nbsp; &nbsp; Auxiliar<\/td><td>Martes, mi\u00e9rcoles y viernes de 10 a 13 hs. y de 15 a 18 hs. &nbsp; &nbsp; Lunes a mi\u00e9rcoles de 9 a 11 horas \u2013 14 a 16 hs.<\/td><td>&nbsp; <a href=\"mailto:csocialesehistoria.primaria@ifdcvm.edu.ar\">csocialesehistoria.primaria@ifdcvm.edu.ar<\/a> &nbsp;<\/td><\/tr><tr><td><strong>Historia y Pol\u00edtica de la Educaci\u00f3n Argentina (8 y 199)<\/strong> <strong>&nbsp;<\/strong><\/td><td>Materia 2\u00b0 cuat. 3\u00b0 a\u00f1o &#8211; Plan 8 &nbsp; 2\u00ba cuat. 2\u00ba a\u00f1o &#8211; Plan 199<\/td><\/tr><tr><td>Aulas virtuales Ciencias Sociales (8 y 199):&nbsp; M23-1C1-PRI-Ciencias Sociales 2023 Plan 199 y Plan 08 Historia y Pol\u00edtica de la Educaci\u00f3n Argentina (8 y 199): M23-2C2-PRI-Historia y Pol\u00edtica de la Educ. Arg. 199 &nbsp;<\/td><\/tr><tr><td><strong>Lengua, Literatura y su Did\u00e1ctica I (8 y 199)<\/strong> &nbsp;<\/td><td>Materia Anual 2\u00b0 a\u00f1o<\/td><td>Constanza RODR\u00cdGUEZ VIAL &nbsp; Nadia Ver\u00f3nica ADAMO<\/td><td>Responsable &nbsp; &nbsp; Auxiliar &nbsp;<\/td><td>Lunes y martes de 10 a 12 y de 15 a 17. Mi\u00e9rcoles de 11 a 13. &nbsp; Lunes de 15 a 17hs. Mi\u00e9rcoles de 11 a 13hs.<\/td><td>&nbsp; lenguayliteratura1.primaria@ifdcvm.edu.ar<\/td><\/tr><tr><td>Aula virtual: &nbsp;<\/td><\/tr><tr><td><strong>Matem\u00e1tica y su Did\u00e1ctica I (8 y 199)<\/strong> &nbsp;<\/td><td>Materia Anual 2\u00b0 a\u00f1o<\/td><td>Luciana SAPINO<\/td><td>Responsable &nbsp; &nbsp; &nbsp;<\/td><td>Martes 8 a 10 y de 14 a 16<\/td><td>matematica1.primaria@ifdcvm.edu.ar<\/td><\/tr><tr><td>Aula virtual &nbsp; M23-AN2-PRI-Matem\u00e1tica y su Did\u00e1ctica I (199) M23-AN2-PRI-Matem\u00e1tica y su Did\u00e1ctica I (08)<\/td><\/tr><tr><td><strong>Ciencias Sociales y su Did\u00e1ctica I (8 y 199)<\/strong> <strong>&nbsp;<\/strong><\/td><td>Materia Anual 2\u00b0 a\u00f1o<\/td><td>In\u00e9s ALFONSO &nbsp; &nbsp; &nbsp; &nbsp; &nbsp; &nbsp; Juan BERTOLINO &nbsp;<\/td><td>Responsable &nbsp; &nbsp; &nbsp; &nbsp; &nbsp; &nbsp; Auxiliar<\/td><td>Lunes 14,30 a 15,30 jueves 14,30 a 15,30&nbsp; presencial (en box o espacio disponible s\/ cantidad de alumnos) &nbsp; &nbsp; Lunes 17 a 18&nbsp; &#8211; presencial &nbsp; Mi\u00e9rcoles 10 a 11 &#8211; presencial<\/td><td>&nbsp; csociales1.primaria@ifdcvm.edu.ar<\/td><\/tr><tr><td>Aula virtual: M23-AN2-PRI-Cs.Soc. y su Did\u00e1ctica 1 Caja 199 M23- AN2-PRI-Cs.Soc y su Did\u00e1ctica 1 CAja 08 &nbsp; &nbsp;<\/td><\/tr><tr><td><strong>Ciencias Naturales y su Did\u00e1ctica I (8 y 199)<\/strong> <strong>&nbsp;<\/strong> <strong>&nbsp;<\/strong><\/td><td>Materia Anual 2\u00b0 a\u00f1o<\/td><td>Natalia NAVARRO BECERRA &nbsp; &nbsp; &nbsp; &nbsp; &nbsp; &nbsp; &nbsp; &nbsp; &nbsp; Carla ULLA<\/td><td>Responsable &nbsp; &nbsp; &nbsp; &nbsp; &nbsp; &nbsp; &nbsp; &nbsp; &nbsp; &nbsp; Auxiliar &nbsp;<\/td><td>Lunes de 09:30 a 10:30 horas virtual Lunes de 14 a 15 horas virtual. Mi\u00e9rcoles de 09:30 a 10:30 virtual o presencial, seg\u00fan la demanda de los estudiantes. &nbsp; &nbsp; Jueves de 09:00 a 10:00 y de 14:00 a 15:00 presencial. virtual jueves de 11 a 13 hs<\/td><td>&nbsp; cnaturales1.primaria@ifdcvm.edu.ar<\/td><\/tr><tr><td>Aulas virtuales Ciencias Naturales y su Did\u00e1ctica I (8): M23-AN2-PRI-CNyD 1 Plan 08 &nbsp; Ciencias Naturales y su Did\u00e1ctica I (199):M23-AN2-PRI-CNyD 1 Plan 199 &nbsp; &nbsp;<\/td><\/tr><tr><td><strong>&nbsp;<\/strong> <strong>Pr\u00e1ctica Docente II (8 y 199)<\/strong> <strong>&nbsp;<\/strong><\/td><td>Pr\u00e1ctica Docente. Anual 2\u00b0 a\u00f1o<\/td><td>Claudia Patricia, ZAVALA RODR\u00cdGUEZ<\/td><td>Responsable &nbsp; &nbsp;<\/td><td>mi\u00e9rcoles 15:00 h a 17:00 h &nbsp; jueves 10:00 h a 12:00 h<\/td><td>&nbsp; practica2.primaria@ifdcvm.edu.ar<\/td><\/tr><tr><td>Aula virtual: M23-AN2-PRI-Pr\u00e1ctica Docente II (08 y 199) &nbsp;<\/td><\/tr><tr><td><strong>&nbsp;<\/strong> <strong>Psicolog\u00eda Educacional (8 y 199)<\/strong> <strong>&nbsp;<\/strong> <strong>&nbsp;<\/strong><\/td><td>Materia 1\u00b0 cuat. 2\u00b0a\u00f1o<\/td><td>&nbsp; Graciela ANDRADA &nbsp; &nbsp; Silvina BIGOL\u00cdN &nbsp; &nbsp; J\u00e9ssica TEMPERINI &nbsp;<\/td><td>&nbsp; Responsable &nbsp; &nbsp; Auxiliar &nbsp; &nbsp; Auxiliar &nbsp; &nbsp;<\/td><td>Lunes de 8,30 a 10,30 hs y de 14,30 a 16,30 hs. &nbsp; Martes de 9 a 11 hs y de 15 a 17 hs. &nbsp; Lunes y mi\u00e9rcoles de 8:30&nbsp; a 11 hs<\/td><td>&nbsp; &nbsp; psicologiaysujeto.primaria@ifdcvm.edu.ar<\/td><\/tr><tr><td><strong>Sujetos de la Educaci\u00f3n Primaria (8 y 199)<\/strong> <strong>&nbsp;<\/strong> <strong>&nbsp;<\/strong><\/td><td>Materia 2\u00b0 cuat. 2\u00b0a\u00f1o<\/td><\/tr><tr><td>Aulas virtuales Psicolog\u00eda Educacional: M23-1C2-PRI-Psicologia Educacional Primaria Sujetos de la Educaci\u00f3n Primaria: M23-2C2-PRI-Sujetos Educ Primaria &nbsp;<\/td><\/tr><tr><td><strong>Educaci\u00f3n Tecnol\u00f3gica (8 y 199)<\/strong> <strong>&nbsp;<\/strong><\/td><td>Materia 1\u00b0 cuat. 2\u00b0 a\u00f1o<\/td><td>Richard TOVAL &nbsp; &nbsp; &nbsp; Amanda NOGAROL &nbsp;<\/td><td>Responsable &nbsp; &nbsp; &nbsp; Auxiliar<\/td><td>Martes y jueves de 11:00 a 12:30 hs y de 17:00 a 18:30 hs &nbsp; Martes y jueves de 11:00 a 12:30 hs y de 17:00 a 18:30 hs<\/td><td>&nbsp; edutecnologica.primaria@ifdcvm.edu.ar<\/td><\/tr><tr><td>Aula virtual: &nbsp;<\/td><\/tr><tr><td><strong>Sociolog\u00eda de la Educaci\u00f3n (8 y 199)<\/strong> <strong>&nbsp;<\/strong><\/td><td>Materia 2\u00b0 cuat. 2\u00b0a\u00f1o<\/td><td>&nbsp; Pamela BIANCO &nbsp; &nbsp; P\u00eda CASTRO RUIZ<\/td><td>&nbsp; Responsable &nbsp; &nbsp; Auxiliar<\/td><td>Martes de 16 a 18 hs y mi\u00e9rcoles de 9 a 11 hs. &nbsp; Lunes de 16.30 a 18.30 hs y martes de 9 a 11 hs.<\/td><td>&nbsp; &nbsp; &nbsp; sociologiayetica.primaria@ifdcvm.edu.ar<\/td><\/tr><tr><td><a><\/a><strong>Formaci\u00f3n \u00c9tica y Ciudadana (8 y 199)<\/strong> <strong>&nbsp;<\/strong><\/td><td>Materia 1\u00b0 cuat. 3\u00b0 a\u00f1o<\/td><\/tr><tr><td>Aulas virtuales M23-2C2-PRI-Sociolog\u00eda de la Educaci\u00f3n (Cajas 199 y 8) M23-1C2-PR-.Formaci\u00f3n \u00c9tica y Ciudadana &#8211; Caja 199 &nbsp;<\/td><\/tr><tr><td><strong>Filosof\u00eda de la Educaci\u00f3n (8 y 199)<\/strong> &nbsp;<\/td><td>Materia 2\u00b0 cuat. 2\u00b0a\u00f1o<\/td><td>Leticia MASS\u00d3N &nbsp; &nbsp; &nbsp; &nbsp; &nbsp; Griselda BOFFA &nbsp;<\/td><td>Responsable &nbsp; &nbsp; &nbsp; &nbsp; &nbsp; Auxiliar<\/td><td>Lunes de 10:00 a 12:00 hs- Mi\u00e9rcoles 16:00 a 18:00 hs &nbsp; &nbsp; Lunes de 15 hs a 17 hs Mi\u00e9rcoles de 10 a 12 hs &nbsp;<\/td><td>&nbsp; filosofia.primaria@ifdcvm.edu.ar<\/td><\/tr><tr><td>Aula virtual: M23-2C2-PRI-Filosof\u00edaEducPrimariaPlan 199 y Plan 08 &nbsp;<\/td><\/tr><tr><td><strong>Lengua, Literatura y su Did\u00e1ctica II (199)<\/strong> <strong>&nbsp;<\/strong><\/td><td>Materia Anual 3\u00b0 a\u00f1o<\/td><td>Paz HER\u00d3N RUIZ &nbsp; &nbsp; &nbsp; Mariana BAZLA<\/td><td>Responsable &nbsp; &nbsp; &nbsp; Auxiliar &nbsp;<\/td><td>Lunes de 10 a 12 mi\u00e9rcoles de 17.30 a 19.30 &nbsp; Mi\u00e9rcoles de 10 a 12 Jueves de 18 a 20<\/td><td>&nbsp; lenguayliteratura2.primaria@ifdcvm.edu.ar<\/td><\/tr><tr><td>Aula virtual: M23-AN3-PRI-Lengua, Literatura y su Did\u00e1ctica II- Res. 199. ME- 2014 &nbsp;<\/td><\/tr><tr><td><strong>Matem\u00e1tica y su Did\u00e1ctica II (199)<\/strong> <strong>&nbsp;<\/strong><\/td><td>Materia Anual 3\u00b0 a\u00f1o<\/td><td>Soledad OLMOS &nbsp; &nbsp; &nbsp; J\u00e9ssica CELLI &nbsp;<\/td><td>Responsable &nbsp; &nbsp; &nbsp; Auxiliar &nbsp;<\/td><td>Martes 10 a 12&nbsp; Mi\u00e9rcoles 15 a 17 &nbsp; &nbsp; Martes 15 a 17&nbsp; Mi\u00e9rcoles 10 a 12<\/td><td>&nbsp; matematica2.primaria@ifdcvm.edu.ar<\/td><\/tr><tr><td>Aula virtual: M23-AN3-PRI-Matem\u00e1tica y su Did\u00e1ctica II &nbsp; &nbsp;<\/td><\/tr><tr><td><strong>Ciencias Sociales y su Did\u00e1ctica II (199)<\/strong><strong><\/strong><\/td><td>Materia Anual 3\u00b0 a\u00f1o<\/td><td>Luciano BELVISO<\/td><td>Responsable<\/td><td>Lunes&nbsp; de 10 a 12 y de 16 a 18 hs. Consulta virtual por meet.<\/td><td>csociales2.primaria@ifdcvm.edu.ar<\/td><\/tr><tr><td>Aula virtual: M23-AN3-PRI-Ciencias Sociales y su Did\u00e1ctica II. 199 &nbsp; &nbsp;<\/td><\/tr><tr><td><strong>Ciencias Naturales y su Did\u00e1ctica II (199)<\/strong><\/td><td>Materia Anual 3\u00b0 a\u00f1o<\/td><td>Graciela RINAUDO &nbsp; &nbsp; &nbsp; &nbsp; &nbsp; Luciano PERROTTA &nbsp;<\/td><td>Responsable &nbsp; &nbsp; &nbsp; &nbsp; &nbsp; Auxiliar<\/td><td>Mi\u00e9rcoles de 10 a 13 hs. Mi\u00e9rcoles de 15 a 18 hs. &nbsp; &nbsp; Viernes 10&nbsp; a 12 hs Viernes de 14 a 16 hs<\/td><td>&nbsp; cnaturales2.primaria@ifdcvm.edu.ar<\/td><\/tr><tr><td>Aula virtual: M23-AN3-PRI-CNyDII (Caja 199) &nbsp;<\/td><\/tr><tr><td><strong>Pr\u00e1ctica de la Ense\u00f1anza (199)<\/strong><\/td><td>Pr\u00e1ctica Docente Anual 3\u00b0 a\u00f1o<\/td><td>Cristina NIETO<\/td><td>Auxiliar a cargo &nbsp;<\/td><td>lunes de 16 a 18 hs Mi\u00e9rcoles de 9 a 12 hs<\/td><td>practicadelaensenanza.primaria@ifdcvm.edu.ar<\/td><\/tr><tr><td>Aula virtual:&nbsp; M23 PRI Pr\u00e1ctica de la Ense\u00f1anza Primaria &nbsp;<\/td><\/tr><tr><td><strong>Educaci\u00f3n Sexual Integral (199)<\/strong><\/td><td>Taller 1\u00b0 cuat. 3\u00b0 a\u00f1o<\/td><td>Ver\u00f3nica ROMERO<\/td><td>Responsable &nbsp;<\/td><td>Para 2do cuatr mi\u00e9rcoles: 11 a 12:30&nbsp; y&nbsp;&nbsp;&nbsp;&nbsp;&nbsp; 14 a 15:30 hs<\/td><td>esi.primaria@ifdcvm.edu.ar<\/td><\/tr><tr><td>Aula virtual: &nbsp;M23-1C3-PRI-ESI Educaci\u00f3n Primaria<\/td><\/tr><tr><td><strong>Problem\u00e1tica Contempor\u00e1nea de la Educaci\u00f3n Primaria (199)<\/strong><\/td><td>Materia 1\u00b0 cuat. 3\u00b0 a\u00f1o<\/td><td>Carlos LUCERO &nbsp; &nbsp; &nbsp; Griselda BOFFA<\/td><td>Responsable &nbsp; &nbsp; &nbsp; Auxiliar<\/td><td>Viernes de 8:00 hs a 10:00 hs y de 16:00hs a 18:00hs &nbsp; Lunes de 15 hs a 17 hs Mi\u00e9rcoles de 10 a 12 hs &nbsp;<\/td><td>&nbsp; problematica.primaria@ifdcvm.edu.ar<\/td><\/tr><tr><td>Aula virtual: &nbsp;<\/td><\/tr><tr><td><strong>Alfabetizaci\u00f3n Inicial (199)<\/strong><\/td><td>Materia 2\u00b0 cuat. 3\u00b0 a\u00f1o<\/td><td>Adriana \u00c1BALOS &nbsp; &nbsp;<\/td><td>Responsable &nbsp; &nbsp;<\/td><td>Martes: de 10hs a 12hs. de 15hs a 17hs Mi\u00e9rcoles de 10hs a 12hs y de 15hs a 17hs. Jueves de 10hs a 12hs, ser\u00e1n las consultas presenciales o virtuales a solicitud de los\/las estudiantes. &nbsp;<\/td><td>&nbsp; alfinicial.primaria@ifdcvm.edu.ar<\/td><\/tr><tr><td>Aula virtual: M23-2C2-PRI-AL &nbsp;<\/td><\/tr><tr><td><strong>Lenguajes art\u00edsticos: Artes Visuales (199)<\/strong><\/td><td>Taller 2\u00b0 cuat. 3\u00b0 a\u00f1o<\/td><td>Jalid FUNES<\/td><td>Responsable<\/td><td>Lunes a Lunes de 8 a 22 hs.&nbsp; por grupo WhatsApp del Taller. &nbsp; Presencial quien lo solicite seg\u00fan acuerdo profesor alumna. se establece d\u00eda y horario.<\/td><td>lenguajevisuales.primaria@ifdcvm.edu.ar<\/td><\/tr><tr><td>Aula virtual: M23-2C3-PRI-Lenguajes Art\u00edsticos Artes Visuales &nbsp; &nbsp;<\/td><\/tr><tr><td><strong>Lenguajes art\u00edsticos: M\u00fasica (199)<\/strong><\/td><td>Taller 2\u00b0 cuat. 3\u00b0 a\u00f1o<\/td><td>Pablo MART\u00cdNEZ<\/td><td>Responsable<\/td><td>Lunes 18 a 20 consulta por meet. Jueves 11 a 13. Este cuatrimestre sin alumnos.<\/td><td>lenguajemusica.primaria@ifdcvm.edu.ar<\/td><\/tr><tr><td>Aula virtual: &nbsp;<\/td><\/tr><tr><td><strong>Lenguajes art\u00edsticos: Teatro (199)<\/strong><\/td><td>Taller 2\u00b0 cuat. 3\u00b0 a\u00f1o<\/td><td>Mariela DOMINGUEZ<\/td><td>Responsable<\/td><td>Mi\u00e9rcoles de 11a 13 y de 18 a 20 Consultas presenciales Mi\u00e9rcoles de 9 a 11 y de 17 a 18<\/td><td>lenguajeteatro.primaria@ifdcvm.edu.ar<\/td><\/tr><tr><td>Aula virtual:&nbsp; M23-2C3-FGE Lenguajes Art\u00edsticos -Teatro &nbsp;<\/td><\/tr><tr><td><strong>Elaboraci\u00f3n de Proyectos Escolares (199)<\/strong><\/td><td>Materia Anual 4\u00b0 a\u00f1o &nbsp; &nbsp;<\/td><td>Marina SOMAR\u00c9<\/td><td>Responsable<\/td><td><strong>Lunes<\/strong> de 12.00 a 14.00 <strong>Martes<\/strong> de 13.00 a 15.00<\/td><td>proyectosescolares.primaria@ifdcvm.edu.ar<\/td><\/tr><tr><td>M23-AN4-PRI- Elaboraci\u00f3n de Proyectos Escolares 2023 \u201c4to A\u00f1o\u201d (PLAN 199) &nbsp;<\/td><\/tr><tr><td><strong>Lengua y Cultura Extranjera: Ingl\u00e9s (199)<\/strong> &nbsp;<\/td><td>Materia 1\u00b0 cuat. 4\u00b0 a\u00f1o<\/td><td>Carolina REQUENA<\/td><td>Responsable<\/td><td>Lunes de 9:00 a 11:00 &nbsp; Martes 15:00 a 16.00 &nbsp; Mi\u00e9rcoles de 10:00 a 12:00 &nbsp; Jueves de 17:00 a 18:00 Las consultas pueden ser virtuales o presenciales pero acordando con la docente. Este cuatrimestre sin formaci\u00f3n inicial<\/td><td>ingles.primaria@ifdcvm.edu.ar<\/td><\/tr><tr><td>Aula virtual:&nbsp; M23-1C4-PRI-Lengua Extranjera Ingl\u00e9s (199) <strong>&nbsp;<\/strong> &nbsp;<\/td><\/tr><tr><td><strong>Lengua y Cultura Extranjera: Portugu\u00e9s (199)<\/strong> &nbsp;<\/td><td>Materia 1\u00b0 cuat. 4\u00b0 a\u00f1o<\/td><td>Lidiane COSTA VIANA<\/td><td>Responsable<\/td><td>Martes de 9:30 a 11:30 Mi\u00e9rcoles de 14 a 16<\/td><td>portugues.primaria@ifdcvm.edu.ar<\/td><\/tr><tr><td>Aula virtual:M23-1C4-PRI-Lengua Extranjera: Portugu\u00e9s (199) &nbsp;<\/td><\/tr><tr><td><strong>&nbsp;<\/strong><\/td><td>&nbsp;<\/td><td>&nbsp;<\/td><td>&nbsp;<\/td><td>&nbsp;<\/td><td>&nbsp;<\/td><\/tr><tr><td><strong>Educaci\u00f3n F\u00edsica (199)<\/strong><\/td><td>Taller 2\u00b0 cuat. 4\u00b0 a\u00f1o<\/td><td>Federico VON EUW<\/td><td>Responsable<\/td><td>&nbsp;<\/td><td>edfisica.primaria@ifdcvm.edu.ar<\/td><\/tr><tr><td>Aula virtual: &nbsp;<\/td><\/tr><tr><td><strong>Residencia Pedag\u00f3gica (199)<\/strong><\/td><td>Pr\u00e1ctica Docente Anual<\/td><td>Andrea FIGUEROA<\/td><td>Auxiliar a cargo<\/td><td>Jueves de 10 a 12 hs Lunes de 16 a 18 hs<\/td><td>residencia.primaria@ifdcvm.edu.ar<\/td><\/tr><tr><td>Aula virtual: M23-AN4-PRI-Residencia Pedag\u00f3gica 2023 &nbsp; &nbsp;<\/td><\/tr><\/tbody><\/table><\/figure>\n","protected":false},"excerpt":{"rendered":"<p>UC Modalidad \/a\u00f1o &nbsp; Docentes Cargo Horarios de consultas del 2do. cuatrimestre de 2023 Correo de la UC &nbsp; Desarrollo del Pensamiento Matem\u00e1tico (8) \u00a0 \u00a0 \u00a0 Matem\u00e1tica (199) \u00a0 Materia Anual 1\u00b0 a\u00f1o \u00a0 \u00a0 \u00a0 Materia 1er. Cuat. 1\u00b0 a\u00f1o \u00a0 \u00a0 Gabriela CAJAL &nbsp; Responsable Martes 11 a 12 y Jueves 14 &#8230; <a title=\"Profesorado de Educaci\u00f3n Primaria: Horarios de consulta y correo de la UC\" class=\"read-more\" href=\"https:\/\/ifdcvm-slu.infd.edu.ar\/sitio\/profesorado-de-educacion-primaria-horarios-de-consulta-y-correo-de-la-uc\/\" aria-label=\"More on Profesorado de Educaci\u00f3n Primaria: Horarios de consulta y correo de la UC\">[+]<\/a><\/p>\n","protected":false},"author":1518,"featured_media":0,"parent":0,"menu_order":0,"comment_status":"closed","ping_status":"closed","template":"","meta":[],"acf":[],"_links":{"self":[{"href":"https:\/\/ifdcvm-slu.infd.edu.ar\/sitio\/wp-json\/wp\/v2\/pages\/14350"}],"collection":[{"href":"https:\/\/ifdcvm-slu.infd.edu.ar\/sitio\/wp-json\/wp\/v2\/pages"}],"about":[{"href":"https:\/\/ifdcvm-slu.infd.edu.ar\/sitio\/wp-json\/wp\/v2\/types\/page"}],"author":[{"embeddable":true,"href":"https:\/\/ifdcvm-slu.infd.edu.ar\/sitio\/wp-json\/wp\/v2\/users\/1518"}],"replies":[{"embeddable":true,"href":"https:\/\/ifdcvm-slu.infd.edu.ar\/sitio\/wp-json\/wp\/v2\/comments?post=14350"}],"version-history":[{"count":2,"href":"https:\/\/ifdcvm-slu.infd.edu.ar\/sitio\/wp-json\/wp\/v2\/pages\/14350\/revisions"}],"predecessor-version":[{"id":14369,"href":"https:\/\/ifdcvm-slu.infd.edu.ar\/sitio\/wp-json\/wp\/v2\/pages\/14350\/revisions\/14369"}],"wp:attachment":[{"href":"https:\/\/ifdcvm-slu.infd.edu.ar\/sitio\/wp-json\/wp\/v2\/media?parent=14350"}],"curies":[{"name":"wp","href":"https:\/\/api.w.org\/{rel}","templated":true}]}}