{"id":14454,"date":"2023-10-02T09:49:23","date_gmt":"2023-10-02T12:49:23","guid":{"rendered":"https:\/\/ifdcvm-slu.infd.edu.ar\/sitio\/?page_id=14454"},"modified":"2023-11-03T09:15:56","modified_gmt":"2023-11-03T12:15:56","slug":"calendario-ambiental-2023","status":"publish","type":"page","link":"https:\/\/ifdcvm-slu.infd.edu.ar\/sitio\/calendario-ambiental-2023\/","title":{"rendered":"Calendario Ambiental 2023"},"content":{"rendered":"\n<p>&#x1f4c5;&#x1f33f;&#x1f310;El \u00c1rea de Pedagog\u00eda Ambiental de nuestro instituto nos comparte el Calendario Ambiental 2023, el cual tiene un formato particular en el que son explicados los acontecimientos que se conmemoran desde un enfoque ambiental.<\/p>\n\n\n\n<figure class=\"wp-block-embed is-type-video is-provider-youtube wp-block-embed-youtube wp-embed-aspect-16-9 wp-has-aspect-ratio\"><div class=\"wp-block-embed__wrapper\">\n<iframe loading=\"lazy\" title=\"Calendario Ambiental 2023\" width=\"1200\" height=\"675\" src=\"https:\/\/www.youtube.com\/embed\/P9JG8ZQo2Kg?feature=oembed\" frameborder=\"0\" allow=\"accelerometer; autoplay; clipboard-write; encrypted-media; gyroscope; picture-in-picture; web-share\" allowfullscreen><\/iframe>\n<\/div><\/figure>\n\n\n\n<p>Para descargalos hac\u00e9 clic en el calendario del mes de tu inter\u00e9s:<\/p>\n\n\n\n<p>&#x1f4c5;<a href=\"https:\/\/drive.google.com\/file\/d\/1bg4BZKTT1u5lXTpy9MoahQA1dy9sP6lu\/view?usp=drive_link\" data-type=\"URL\" data-id=\"https:\/\/drive.google.com\/file\/d\/1bg4BZKTT1u5lXTpy9MoahQA1dy9sP6lu\/view?usp=drive_link\" target=\"_blank\" rel=\"noreferrer noopener\">Agosto 2023<\/a><\/p>\n\n\n\n<p>&#x1f4c5;<a rel=\"noreferrer noopener\" href=\"https:\/\/drive.google.com\/file\/d\/1_U8LgFv3Mh7MEYAXEk0gPYnul30BxmGZ\/view?usp=drive_link\" data-type=\"URL\" data-id=\"https:\/\/drive.google.com\/file\/d\/1_U8LgFv3Mh7MEYAXEk0gPYnul30BxmGZ\/view?usp=drive_link\" target=\"_blank\">Septiembre 2023<\/a><\/p>\n\n\n\n<p>&#x1f4c5;<a rel=\"noreferrer noopener\" href=\"https:\/\/drive.google.com\/file\/d\/1I0mSAqb9tzDLKVVCWlriktVXKlIQywdv\/view?usp=drive_link\" data-type=\"URL\" data-id=\"https:\/\/drive.google.com\/file\/d\/1I0mSAqb9tzDLKVVCWlriktVXKlIQywdv\/view?usp=drive_link\" target=\"_blank\">Octubre 2023<\/a><\/p>\n\n\n\n<p>&#x1f4c5;<a rel=\"noreferrer noopener\" href=\"https:\/\/drive.google.com\/file\/d\/1sYZy9E6VCpbdPv6RyCgtx_fvOxSmn4xw\/view?usp=drive_link\" data-type=\"URL\" data-id=\"https:\/\/drive.google.com\/file\/d\/1sYZy9E6VCpbdPv6RyCgtx_fvOxSmn4xw\/view?usp=drive_link\" target=\"_blank\">Noviembre 2023<\/a><\/p>\n\n\n\n<p>&#x1f4c5;<a rel=\"noreferrer noopener\" href=\"https:\/\/drive.google.com\/file\/d\/1sYZy9E6VCpbdPv6RyCgtx_fvOxSmn4xw\/view?usp=drive_link\" data-type=\"URL\" data-id=\"https:\/\/drive.google.com\/file\/d\/1sYZy9E6VCpbdPv6RyCgtx_fvOxSmn4xw\/view?usp=drive_link\" target=\"_blank\">Diciembre 2023<\/a><\/p>\n\n\n\n<p>Para obtener m\u00e1s informaci\u00f3n escrib\u00ed a <strong>pedagogiaambiental@ifdcvm.edu.ar<\/strong><\/p>\n","protected":false},"excerpt":{"rendered":"<p>&#x1f4c5;&#x1f33f;&#x1f310;El \u00c1rea de Pedagog\u00eda Ambiental de nuestro instituto nos comparte el Calendario Ambiental 2023, el cual tiene un formato particular en el que son explicados los acontecimientos que se conmemoran desde un enfoque ambiental. Para descargalos hac\u00e9 clic en el calendario del mes de tu inter\u00e9s: &#x1f4c5;Agosto 2023 &#x1f4c5;Septiembre 2023 &#x1f4c5;Octubre 2023 &#x1f4c5;Noviembre 2023 &#x1f4c5;Diciembre &#8230; <a title=\"Calendario Ambiental 2023\" class=\"read-more\" href=\"https:\/\/ifdcvm-slu.infd.edu.ar\/sitio\/calendario-ambiental-2023\/\" aria-label=\"More on Calendario Ambiental 2023\">[+]<\/a><\/p>\n","protected":false},"author":1518,"featured_media":0,"parent":0,"menu_order":0,"comment_status":"closed","ping_status":"closed","template":"","meta":[],"acf":[],"_links":{"self":[{"href":"https:\/\/ifdcvm-slu.infd.edu.ar\/sitio\/wp-json\/wp\/v2\/pages\/14454"}],"collection":[{"href":"https:\/\/ifdcvm-slu.infd.edu.ar\/sitio\/wp-json\/wp\/v2\/pages"}],"about":[{"href":"https:\/\/ifdcvm-slu.infd.edu.ar\/sitio\/wp-json\/wp\/v2\/types\/page"}],"author":[{"embeddable":true,"href":"https:\/\/ifdcvm-slu.infd.edu.ar\/sitio\/wp-json\/wp\/v2\/users\/1518"}],"replies":[{"embeddable":true,"href":"https:\/\/ifdcvm-slu.infd.edu.ar\/sitio\/wp-json\/wp\/v2\/comments?post=14454"}],"version-history":[{"count":4,"href":"https:\/\/ifdcvm-slu.infd.edu.ar\/sitio\/wp-json\/wp\/v2\/pages\/14454\/revisions"}],"predecessor-version":[{"id":14581,"href":"https:\/\/ifdcvm-slu.infd.edu.ar\/sitio\/wp-json\/wp\/v2\/pages\/14454\/revisions\/14581"}],"wp:attachment":[{"href":"https:\/\/ifdcvm-slu.infd.edu.ar\/sitio\/wp-json\/wp\/v2\/media?parent=14454"}],"curies":[{"name":"wp","href":"https:\/\/api.w.org\/{rel}","templated":true}]}}