{"id":14524,"date":"2023-10-24T09:00:25","date_gmt":"2023-10-24T12:00:25","guid":{"rendered":"https:\/\/ifdcvm-slu.infd.edu.ar\/sitio\/?page_id=14524"},"modified":"2026-04-30T19:36:04","modified_gmt":"2026-04-30T22:36:04","slug":"nuestra-oferta-educativa","status":"publish","type":"page","link":"https:\/\/ifdcvm-slu.infd.edu.ar\/sitio\/nuestra-oferta-educativa\/","title":{"rendered":""},"content":{"rendered":"\n<figure class=\"wp-block-image size-full\"><img decoding=\"async\" loading=\"lazy\" width=\"1100\" height=\"300\" src=\"https:\/\/ifdcvm-slu.infd.edu.ar\/sitio\/wp-content\/uploads\/2026\/04\/3-4.gif\" alt=\"\" class=\"wp-image-18026\"\/><\/figure>\n\n\n\n<h1 class=\"wp-block-heading has-text-align-center\"><strong>&#x1f1e6;&#x1f1f7; NUESTRA OFERTA ACAD\u00c9MICA 2027<\/strong><\/h1>\n\n\n\n<h1 class=\"wp-block-heading has-text-align-center\">&#x1f469;&#x200d;&#x1f393;&#x1f468;&#x200d;&#x1f393;<\/h1>\n\n\n\n<h1 class=\"wp-block-heading has-text-align-center\">&#x1f447;<\/h1>\n\n\n\n<hr class=\"wp-block-separator has-alpha-channel-opacity\"\/>\n\n\n<div class=\"wp-block-image\">\n<figure class=\"aligncenter size-large\"><img decoding=\"async\" loading=\"lazy\" width=\"1339\" height=\"1900\" src=\"https:\/\/ifdcvm-slu.infd.edu.ar\/sitio\/wp-content\/uploads\/2025\/08\/2-1339x1900.png\" alt=\"\" class=\"wp-image-16798\" srcset=\"https:\/\/ifdcvm-slu.infd.edu.ar\/sitio\/wp-content\/uploads\/2025\/08\/2-1339x1900.png 1339w, https:\/\/ifdcvm-slu.infd.edu.ar\/sitio\/wp-content\/uploads\/2025\/08\/2-705x1000.png 705w, https:\/\/ifdcvm-slu.infd.edu.ar\/sitio\/wp-content\/uploads\/2025\/08\/2-768x1090.png 768w, https:\/\/ifdcvm-slu.infd.edu.ar\/sitio\/wp-content\/uploads\/2025\/08\/2-1082x1536.png 1082w, https:\/\/ifdcvm-slu.infd.edu.ar\/sitio\/wp-content\/uploads\/2025\/08\/2.png 1409w\" sizes=\"(max-width: 1339px) 100vw, 1339px\" \/><\/figure><\/div>\n\n\n<p class=\"has-text-align-center\">&#x1f3ad;<a href=\"https:\/\/ifdcvm-slu.infd.edu.ar\/sitio\/profesorado-teatro\/\">M\u00e1s informaci\u00f3n<\/a> | <a rel=\"noreferrer noopener\" href=\"https:\/\/ifdcvm-slu.infd.edu.ar\/sitio\/oferta-educativa-requisitos-de-preinscripcion\/\" data-type=\"URL\" data-id=\"https:\/\/ifdcvm-slu.infd.edu.ar\/sitio\/oferta-educativa-requisitos-de-preinscripcion\/\" target=\"_blank\">Requisitos <\/a>| <a rel=\"noreferrer noopener\" href=\"https:\/\/drive.google.com\/file\/d\/1IiNE4HkjAOaXwjxFWqflcKp2axAKxMV0\/view?usp=sharing\" data-type=\"URL\" data-id=\"https:\/\/drive.google.com\/file\/d\/1IiNE4HkjAOaXwjxFWqflcKp2axAKxMV0\/view?usp=sharing\" target=\"_blank\">Resoluci\u00f3n N\u00b0 38-ME-2023<\/a><\/p>\n\n\n\n<hr class=\"wp-block-separator has-alpha-channel-opacity\"\/>\n\n\n\n<figure class=\"wp-block-image size-large\"><img decoding=\"async\" loading=\"lazy\" width=\"1339\" height=\"1900\" src=\"https:\/\/ifdcvm-slu.infd.edu.ar\/sitio\/wp-content\/uploads\/2025\/08\/3-1339x1900.png\" alt=\"\" class=\"wp-image-16802\" srcset=\"https:\/\/ifdcvm-slu.infd.edu.ar\/sitio\/wp-content\/uploads\/2025\/08\/3-1339x1900.png 1339w, https:\/\/ifdcvm-slu.infd.edu.ar\/sitio\/wp-content\/uploads\/2025\/08\/3-705x1000.png 705w, https:\/\/ifdcvm-slu.infd.edu.ar\/sitio\/wp-content\/uploads\/2025\/08\/3-768x1090.png 768w, https:\/\/ifdcvm-slu.infd.edu.ar\/sitio\/wp-content\/uploads\/2025\/08\/3-1082x1536.png 1082w, https:\/\/ifdcvm-slu.infd.edu.ar\/sitio\/wp-content\/uploads\/2025\/08\/3.png 1409w\" sizes=\"(max-width: 1339px) 100vw, 1339px\" \/><\/figure>\n\n\n\n<p class=\"has-text-align-center\">&#x1f9ee;<a href=\"https:\/\/ifdcvm-slu.infd.edu.ar\/sitio\/prof-matematica\/\">M\u00e1s informaci\u00f3n<\/a> | <a rel=\"noreferrer noopener\" href=\"https:\/\/ifdcvm-slu.infd.edu.ar\/sitio\/oferta-educativa-requisitos-de-preinscripcion\/\" data-type=\"URL\" data-id=\"https:\/\/ifdcvm-slu.infd.edu.ar\/sitio\/oferta-educativa-requisitos-de-preinscripcion\/\" target=\"_blank\">Requisitos<\/a> | <a href=\"https:\/\/ifdcvm-slu.infd.edu.ar\/sitio\/wp-content\/uploads\/2022\/09\/PLAN_DE_ESTUDIOS_MATEMATICA.pdf\">Plan de estudios<\/a><\/p>\n\n\n\n<hr class=\"wp-block-separator has-alpha-channel-opacity\"\/>\n\n\n\n<figure class=\"wp-block-image size-large\"><img decoding=\"async\" loading=\"lazy\" width=\"1339\" height=\"1900\" src=\"https:\/\/ifdcvm-slu.infd.edu.ar\/sitio\/wp-content\/uploads\/2025\/08\/4-1-1339x1900.png\" alt=\"\" class=\"wp-image-16805\" srcset=\"https:\/\/ifdcvm-slu.infd.edu.ar\/sitio\/wp-content\/uploads\/2025\/08\/4-1-1339x1900.png 1339w, https:\/\/ifdcvm-slu.infd.edu.ar\/sitio\/wp-content\/uploads\/2025\/08\/4-1-705x1000.png 705w, https:\/\/ifdcvm-slu.infd.edu.ar\/sitio\/wp-content\/uploads\/2025\/08\/4-1-768x1090.png 768w, https:\/\/ifdcvm-slu.infd.edu.ar\/sitio\/wp-content\/uploads\/2025\/08\/4-1-1082x1536.png 1082w, https:\/\/ifdcvm-slu.infd.edu.ar\/sitio\/wp-content\/uploads\/2025\/08\/4-1.png 1409w\" sizes=\"(max-width: 1339px) 100vw, 1339px\" \/><\/figure>\n\n\n\n<p class=\"has-text-align-center\"><a href=\"https:\/\/ifdcvm-slu.infd.edu.ar\/sitio\/prof-ed-tecnologica\/\">M\u00e1s informaci\u00f3n<\/a> | <a href=\"https:\/\/ifdcvm-slu.infd.edu.ar\/sitio\/oferta-educativa-requisitos-de-preinscripcion\/\" data-type=\"URL\" data-id=\"https:\/\/ifdcvm-slu.infd.edu.ar\/sitio\/oferta-educativa-requisitos-de-preinscripcion\/\" target=\"_blank\" rel=\"noreferrer noopener\">Requisitos<\/a> | <a href=\"https:\/\/ifdcvm-slu.infd.edu.ar\/sitio\/wp-content\/uploads\/2022\/09\/PLAN_DE_ESTUDIOS_EDUCACION-TECNOLOGICA.pdf\">Plan de estudios<\/a><\/p>\n\n\n\n<hr class=\"wp-block-separator has-alpha-channel-opacity\"\/>\n\n\n<div class=\"wp-block-image\">\n<figure class=\"aligncenter size-large\"><img decoding=\"async\" loading=\"lazy\" width=\"1339\" height=\"1900\" src=\"https:\/\/ifdcvm-slu.infd.edu.ar\/sitio\/wp-content\/uploads\/2025\/08\/5-1339x1900.png\" alt=\"\" class=\"wp-image-16807\" srcset=\"https:\/\/ifdcvm-slu.infd.edu.ar\/sitio\/wp-content\/uploads\/2025\/08\/5-1339x1900.png 1339w, https:\/\/ifdcvm-slu.infd.edu.ar\/sitio\/wp-content\/uploads\/2025\/08\/5-705x1000.png 705w, https:\/\/ifdcvm-slu.infd.edu.ar\/sitio\/wp-content\/uploads\/2025\/08\/5-768x1090.png 768w, https:\/\/ifdcvm-slu.infd.edu.ar\/sitio\/wp-content\/uploads\/2025\/08\/5-1082x1536.png 1082w, https:\/\/ifdcvm-slu.infd.edu.ar\/sitio\/wp-content\/uploads\/2025\/08\/5.png 1409w\" sizes=\"(max-width: 1339px) 100vw, 1339px\" \/><\/figure><\/div>\n\n\n<p class=\"has-text-align-center\">&#x1f3a8;<a href=\"https:\/\/ifdcvm-slu.infd.edu.ar\/sitio\/artes-visuales\/\">M\u00e1s informaci\u00f3n<\/a> | <a rel=\"noreferrer noopener\" href=\"https:\/\/ifdcvm-slu.infd.edu.ar\/sitio\/oferta-educativa-requisitos-de-preinscripcion\/\" data-type=\"URL\" data-id=\"https:\/\/ifdcvm-slu.infd.edu.ar\/sitio\/oferta-educativa-requisitos-de-preinscripcion\/\" target=\"_blank\">Requisitos<\/a> | <a href=\"https:\/\/ifdcvm-slu.infd.edu.ar\/sitio\/wp-content\/uploads\/2022\/09\/PLAN_DE_ESTUDIOS_ARTES-VISUALES.pdf\">Plan de estudios<\/a><\/p>\n\n\n\n<hr class=\"wp-block-separator has-alpha-channel-opacity\"\/>\n\n\n<div class=\"wp-block-image\">\n<figure class=\"aligncenter size-large\"><img decoding=\"async\" loading=\"lazy\" width=\"1339\" height=\"1900\" src=\"https:\/\/ifdcvm-slu.infd.edu.ar\/sitio\/wp-content\/uploads\/2025\/08\/6-1339x1900.png\" alt=\"\" class=\"wp-image-16809\" srcset=\"https:\/\/ifdcvm-slu.infd.edu.ar\/sitio\/wp-content\/uploads\/2025\/08\/6-1339x1900.png 1339w, https:\/\/ifdcvm-slu.infd.edu.ar\/sitio\/wp-content\/uploads\/2025\/08\/6-705x1000.png 705w, https:\/\/ifdcvm-slu.infd.edu.ar\/sitio\/wp-content\/uploads\/2025\/08\/6-768x1090.png 768w, https:\/\/ifdcvm-slu.infd.edu.ar\/sitio\/wp-content\/uploads\/2025\/08\/6-1082x1536.png 1082w, https:\/\/ifdcvm-slu.infd.edu.ar\/sitio\/wp-content\/uploads\/2025\/08\/6.png 1409w\" sizes=\"(max-width: 1339px) 100vw, 1339px\" \/><\/figure><\/div>\n\n\n<p class=\"has-text-align-center\">&#x1f469;&#x200d;&#x1f3eb;&#x1f468;&#x200d;&#x1f4bb;<a href=\"https:\/\/ifdcvm-slu.infd.edu.ar\/sitio\/prof-educ-primaria\/\">M\u00e1s informaci\u00f3n<\/a> | <a rel=\"noreferrer noopener\" href=\"https:\/\/ifdcvm-slu.infd.edu.ar\/sitio\/oferta-educativa-requisitos-de-preinscripcion\/\" data-type=\"URL\" data-id=\"https:\/\/ifdcvm-slu.infd.edu.ar\/sitio\/oferta-educativa-requisitos-de-preinscripcion\/\" target=\"_blank\">Requisitos<\/a> | <a href=\"https:\/\/ifdcvm-slu.infd.edu.ar\/sitio\/wp-content\/uploads\/2022\/09\/PLAN_DE_ESTUDIOS_EDUCACION-PRIMARIA.pdf\">Plan de estudios<\/a><\/p>\n\n\n\n<hr class=\"wp-block-separator has-alpha-channel-opacity\"\/>\n\n\n<div class=\"wp-block-image\">\n<figure class=\"aligncenter size-large\"><img decoding=\"async\" loading=\"lazy\" width=\"1339\" height=\"1900\" src=\"https:\/\/ifdcvm-slu.infd.edu.ar\/sitio\/wp-content\/uploads\/2025\/08\/7-1339x1900.png\" alt=\"\" class=\"wp-image-16811\" srcset=\"https:\/\/ifdcvm-slu.infd.edu.ar\/sitio\/wp-content\/uploads\/2025\/08\/7-1339x1900.png 1339w, https:\/\/ifdcvm-slu.infd.edu.ar\/sitio\/wp-content\/uploads\/2025\/08\/7-705x1000.png 705w, https:\/\/ifdcvm-slu.infd.edu.ar\/sitio\/wp-content\/uploads\/2025\/08\/7-768x1090.png 768w, https:\/\/ifdcvm-slu.infd.edu.ar\/sitio\/wp-content\/uploads\/2025\/08\/7-1082x1536.png 1082w, https:\/\/ifdcvm-slu.infd.edu.ar\/sitio\/wp-content\/uploads\/2025\/08\/7.png 1409w\" sizes=\"(max-width: 1339px) 100vw, 1339px\" \/><\/figure><\/div>\n\n\n<p class=\"has-text-align-center\">&#x1f4da;<a href=\"https:\/\/ifdcvm-slu.infd.edu.ar\/sitio\/prof-l-y-literatura\/\">M\u00e1s informaci\u00f3n<\/a> | <a rel=\"noreferrer noopener\" href=\"https:\/\/ifdcvm-slu.infd.edu.ar\/sitio\/oferta-educativa-requisitos-de-preinscripcion\/\" data-type=\"URL\" data-id=\"https:\/\/ifdcvm-slu.infd.edu.ar\/sitio\/oferta-educativa-requisitos-de-preinscripcion\/\" target=\"_blank\">Requisitos<\/a> | <a href=\"https:\/\/ifdcvm-slu.infd.edu.ar\/sitio\/wp-content\/uploads\/2022\/09\/PLAN_DE_ESTUDIOS_LENGUA-Y-LITERATURA.pdf\">Plan de estudios<\/a><\/p>\n\n\n\n<hr class=\"wp-block-separator has-alpha-channel-opacity\"\/>\n\n\n<div class=\"wp-block-image is-style-default\">\n<figure class=\"aligncenter size-large\"><img decoding=\"async\" loading=\"lazy\" width=\"1339\" height=\"1900\" src=\"https:\/\/ifdcvm-slu.infd.edu.ar\/sitio\/wp-content\/uploads\/2025\/08\/8-1339x1900.png\" alt=\"\" class=\"wp-image-16813\" srcset=\"https:\/\/ifdcvm-slu.infd.edu.ar\/sitio\/wp-content\/uploads\/2025\/08\/8-1339x1900.png 1339w, https:\/\/ifdcvm-slu.infd.edu.ar\/sitio\/wp-content\/uploads\/2025\/08\/8-705x1000.png 705w, https:\/\/ifdcvm-slu.infd.edu.ar\/sitio\/wp-content\/uploads\/2025\/08\/8-768x1090.png 768w, https:\/\/ifdcvm-slu.infd.edu.ar\/sitio\/wp-content\/uploads\/2025\/08\/8-1082x1536.png 1082w, https:\/\/ifdcvm-slu.infd.edu.ar\/sitio\/wp-content\/uploads\/2025\/08\/8.png 1409w\" sizes=\"(max-width: 1339px) 100vw, 1339px\" \/><\/figure><\/div>\n\n\n<p class=\"has-text-align-center\">&#x2699;&#xfe0f;<a href=\"https:\/\/ifdcvm-slu.infd.edu.ar\/sitio\/tecnic-tec-industriales\/\">M\u00e1s informaci\u00f3n<\/a> | <a rel=\"noreferrer noopener\" href=\"https:\/\/ifdcvm-slu.infd.edu.ar\/sitio\/oferta-educativa-requisitos-de-preinscripcion\/\" data-type=\"URL\" data-id=\"https:\/\/ifdcvm-slu.infd.edu.ar\/sitio\/oferta-educativa-requisitos-de-preinscripcion\/\" target=\"_blank\">Requisitos <\/a>| <a href=\"https:\/\/ifdcvm-slu.infd.edu.ar\/sitio\/wp-content\/uploads\/2022\/09\/TSTI.pdf\">Plan de estudios<\/a><\/p>\n\n\n\n<hr class=\"wp-block-separator has-alpha-channel-opacity\"\/>\n\n\n\n<figure class=\"wp-block-image size-large\"><img decoding=\"async\" loading=\"lazy\" width=\"1339\" height=\"1900\" src=\"https:\/\/ifdcvm-slu.infd.edu.ar\/sitio\/wp-content\/uploads\/2025\/08\/9-1339x1900.png\" alt=\"\" class=\"wp-image-16815\" srcset=\"https:\/\/ifdcvm-slu.infd.edu.ar\/sitio\/wp-content\/uploads\/2025\/08\/9-1339x1900.png 1339w, https:\/\/ifdcvm-slu.infd.edu.ar\/sitio\/wp-content\/uploads\/2025\/08\/9-705x1000.png 705w, https:\/\/ifdcvm-slu.infd.edu.ar\/sitio\/wp-content\/uploads\/2025\/08\/9-768x1090.png 768w, https:\/\/ifdcvm-slu.infd.edu.ar\/sitio\/wp-content\/uploads\/2025\/08\/9-1082x1536.png 1082w, https:\/\/ifdcvm-slu.infd.edu.ar\/sitio\/wp-content\/uploads\/2025\/08\/9.png 1409w\" sizes=\"(max-width: 1339px) 100vw, 1339px\" \/><\/figure>\n\n\n\n<p class=\"has-text-align-center\">&#x1f3bc;<a href=\"https:\/\/ifdcvm-slu.infd.edu.ar\/sitio\/prof-musica\/\">M\u00e1s informaci\u00f3n<\/a> | <a rel=\"noreferrer noopener\" href=\"https:\/\/ifdcvm-slu.infd.edu.ar\/sitio\/oferta-educativa-requisitos-de-preinscripcion\/\" data-type=\"URL\" data-id=\"https:\/\/ifdcvm-slu.infd.edu.ar\/sitio\/oferta-educativa-requisitos-de-preinscripcion\/\" target=\"_blank\">Requisitos<\/a> | <a href=\"https:\/\/ifdcvm-slu.infd.edu.ar\/sitio\/wp-content\/uploads\/2022\/09\/PLAN_DE_ESTUDIOS_MUSICA.pdf\">Plan de estudios<\/a><\/p>\n\n\n\n<hr class=\"wp-block-separator has-alpha-channel-opacity\"\/>\n\n\n\n<h4 class=\"wp-block-heading has-text-align-center has-medium-font-size\">&#x1f914;\u00bfTen\u00e9s alguna duda o consulta?<\/h4>\n\n\n\n<h4 class=\"wp-block-heading has-text-align-center has-light-green-cyan-to-vivid-green-cyan-gradient-background has-background has-medium-font-size\">&#x270d;&#xfe0f;Escrib\u00ed a <a href=\"mailto:ingresoifdcvm@ifdcvm.edu.ar\">ingresoifdcvm@ifdcvm.edu.ar<\/a> o comunicate con <a rel=\"noreferrer noopener\" href=\"https:\/\/wa.me\/message\/K7LNP673PKXZC1\" data-type=\"URL\" data-id=\"https:\/\/wa.me\/message\/K7LNP673PKXZC1\" target=\"_blank\">nuestro WhatsApp<\/a> &#x1f4f1;<\/h4>\n","protected":false},"excerpt":{"rendered":"<p>&#x1f1e6;&#x1f1f7; NUESTRA OFERTA ACAD\u00c9MICA 2027 &#x1f469;&#x200d;&#x1f393;&#x1f468;&#x200d;&#x1f393; &#x1f447; &#x1f3ad;M\u00e1s informaci\u00f3n | Requisitos | Resoluci\u00f3n N\u00b0 38-ME-2023 &#x1f9ee;M\u00e1s informaci\u00f3n | Requisitos | Plan de estudios M\u00e1s informaci\u00f3n | Requisitos | Plan de estudios &#x1f3a8;M\u00e1s informaci\u00f3n | Requisitos | Plan de estudios &#x1f469;&#x200d;&#x1f3eb;&#x1f468;&#x200d;&#x1f4bb;M\u00e1s informaci\u00f3n | Requisitos | Plan de estudios &#x1f4da;M\u00e1s informaci\u00f3n | Requisitos | Plan de estudios &#8230; <a title=\"\" class=\"read-more\" href=\"https:\/\/ifdcvm-slu.infd.edu.ar\/sitio\/nuestra-oferta-educativa\/\" aria-label=\"More on \">[+]<\/a><\/p>\n","protected":false},"author":1518,"featured_media":0,"parent":0,"menu_order":0,"comment_status":"closed","ping_status":"closed","template":"","meta":[],"acf":[],"_links":{"self":[{"href":"https:\/\/ifdcvm-slu.infd.edu.ar\/sitio\/wp-json\/wp\/v2\/pages\/14524"}],"collection":[{"href":"https:\/\/ifdcvm-slu.infd.edu.ar\/sitio\/wp-json\/wp\/v2\/pages"}],"about":[{"href":"https:\/\/ifdcvm-slu.infd.edu.ar\/sitio\/wp-json\/wp\/v2\/types\/page"}],"author":[{"embeddable":true,"href":"https:\/\/ifdcvm-slu.infd.edu.ar\/sitio\/wp-json\/wp\/v2\/users\/1518"}],"replies":[{"embeddable":true,"href":"https:\/\/ifdcvm-slu.infd.edu.ar\/sitio\/wp-json\/wp\/v2\/comments?post=14524"}],"version-history":[{"count":40,"href":"https:\/\/ifdcvm-slu.infd.edu.ar\/sitio\/wp-json\/wp\/v2\/pages\/14524\/revisions"}],"predecessor-version":[{"id":18027,"href":"https:\/\/ifdcvm-slu.infd.edu.ar\/sitio\/wp-json\/wp\/v2\/pages\/14524\/revisions\/18027"}],"wp:attachment":[{"href":"https:\/\/ifdcvm-slu.infd.edu.ar\/sitio\/wp-json\/wp\/v2\/media?parent=14524"}],"curies":[{"name":"wp","href":"https:\/\/api.w.org\/{rel}","templated":true}]}}