{"id":14869,"date":"2024-03-07T11:05:07","date_gmt":"2024-03-07T14:05:07","guid":{"rendered":"https:\/\/ifdcvm-slu.infd.edu.ar\/sitio\/?page_id=14869"},"modified":"2024-08-13T10:31:23","modified_gmt":"2024-08-13T13:31:23","slug":"calendario-academico-2024","status":"publish","type":"page","link":"https:\/\/ifdcvm-slu.infd.edu.ar\/sitio\/calendario-academico-2024\/","title":{"rendered":"Calendario acad\u00e9mico 2024"},"content":{"rendered":"\n<p>El calendario acad\u00e9mico&nbsp;<strong>es el sistema que utilizamos en nuestro instituto para ordenar las actividades acad\u00e9micas a lo largo del ciclo lectivo<\/strong>&nbsp;(inscripciones a las carreras, a las materias, fechas de ex\u00e1menes finales, principio y fin de cada cuatrimestre, etc).<\/p>\n\n\n\n<p class=\"has-medium-font-size\"><strong>CALENDARIO ACAD\u00c9MICO Y ADMINISTRATIVO 2024:<\/strong><\/p>\n\n\n\n<figure class=\"wp-block-gallery has-nested-images columns-default is-cropped wp-block-gallery-1 is-layout-flex\">\n<figure class=\"wp-block-image size-full\"><img decoding=\"async\" loading=\"lazy\" width=\"1754\" height=\"1240\" data-id=\"14991\"  src=\"https:\/\/ifdcvm-slu.infd.edu.ar\/sitio\/wp-content\/uploads\/2024\/03\/Calendario_Academico_2024_rep.jpg\" alt=\"\" class=\"wp-image-14991\" srcset=\"https:\/\/ifdcvm-slu.infd.edu.ar\/sitio\/wp-content\/uploads\/2024\/03\/Calendario_Academico_2024_rep.jpg 1754w, https:\/\/ifdcvm-slu.infd.edu.ar\/sitio\/wp-content\/uploads\/2024\/03\/Calendario_Academico_2024_rep-1000x707.jpg 1000w, https:\/\/ifdcvm-slu.infd.edu.ar\/sitio\/wp-content\/uploads\/2024\/03\/Calendario_Academico_2024_rep-768x543.jpg 768w, https:\/\/ifdcvm-slu.infd.edu.ar\/sitio\/wp-content\/uploads\/2024\/03\/Calendario_Academico_2024_rep-1536x1086.jpg 1536w\" sizes=\"(max-width: 1754px) 100vw, 1754px\" \/><\/figure>\n<\/figure>\n\n\n\n<p class=\"has-text-align-center\"><a href=\"https:\/\/ifdcvm-slu.infd.edu.ar\/sitio\/wp-content\/uploads\/2024\/03\/Calendario_Academico_2024_rep.jpg\" data-type=\"URL\" data-id=\"https:\/\/ifdcvm-slu.infd.edu.ar\/sitio\/wp-content\/uploads\/2024\/03\/Calendario_Academico_2024_rep.jpg\" target=\"_blank\" rel=\"noreferrer noopener\">Descargar Calendario Acad\u00e9mico 2024<\/a><\/p>\n\n\n\n<hr class=\"wp-block-separator has-alpha-channel-opacity\"\/>\n\n\n\n<p class=\"has-medium-font-size\"><strong>Mes de septiembre:<\/strong><\/p>\n\n\n\n<figure class=\"wp-block-image size-large\"><img decoding=\"async\" loading=\"lazy\" width=\"1900\" height=\"1900\" src=\"https:\/\/ifdcvm-slu.infd.edu.ar\/sitio\/wp-content\/uploads\/2024\/08\/septiembre_-1900x1900.jpg\" alt=\"\" class=\"wp-image-15526\" srcset=\"https:\/\/ifdcvm-slu.infd.edu.ar\/sitio\/wp-content\/uploads\/2024\/08\/septiembre_-1900x1900.jpg 1900w, https:\/\/ifdcvm-slu.infd.edu.ar\/sitio\/wp-content\/uploads\/2024\/08\/septiembre_-1000x1000.jpg 1000w, https:\/\/ifdcvm-slu.infd.edu.ar\/sitio\/wp-content\/uploads\/2024\/08\/septiembre_-500x500.jpg 500w, https:\/\/ifdcvm-slu.infd.edu.ar\/sitio\/wp-content\/uploads\/2024\/08\/septiembre_-768x768.jpg 768w, https:\/\/ifdcvm-slu.infd.edu.ar\/sitio\/wp-content\/uploads\/2024\/08\/septiembre_-1536x1536.jpg 1536w, https:\/\/ifdcvm-slu.infd.edu.ar\/sitio\/wp-content\/uploads\/2024\/08\/septiembre_-2048x2048.jpg 2048w\" sizes=\"(max-width: 1900px) 100vw, 1900px\" \/><\/figure>\n\n\n\n<hr class=\"wp-block-separator has-alpha-channel-opacity\"\/>\n\n\n\n<p class=\"has-medium-font-size\"><strong>Mes de agosto:<\/strong><\/p>\n\n\n\n<figure class=\"wp-block-image size-large\"><img decoding=\"async\" loading=\"lazy\" width=\"1900\" height=\"1900\" src=\"https:\/\/ifdcvm-slu.infd.edu.ar\/sitio\/wp-content\/uploads\/2024\/08\/Agosto-1900x1900.jpg\" alt=\"\" class=\"wp-image-15527\" srcset=\"https:\/\/ifdcvm-slu.infd.edu.ar\/sitio\/wp-content\/uploads\/2024\/08\/Agosto-1900x1900.jpg 1900w, https:\/\/ifdcvm-slu.infd.edu.ar\/sitio\/wp-content\/uploads\/2024\/08\/Agosto-1000x1000.jpg 1000w, https:\/\/ifdcvm-slu.infd.edu.ar\/sitio\/wp-content\/uploads\/2024\/08\/Agosto-500x500.jpg 500w, https:\/\/ifdcvm-slu.infd.edu.ar\/sitio\/wp-content\/uploads\/2024\/08\/Agosto-768x768.jpg 768w, https:\/\/ifdcvm-slu.infd.edu.ar\/sitio\/wp-content\/uploads\/2024\/08\/Agosto-1536x1536.jpg 1536w, https:\/\/ifdcvm-slu.infd.edu.ar\/sitio\/wp-content\/uploads\/2024\/08\/Agosto-2048x2048.jpg 2048w\" sizes=\"(max-width: 1900px) 100vw, 1900px\" \/><\/figure>\n\n\n\n<hr class=\"wp-block-separator has-alpha-channel-opacity\"\/>\n\n\n\n<p class=\"has-medium-font-size\"><strong>Mes de julio:<\/strong><\/p>\n\n\n\n<figure class=\"wp-block-image size-large\"><img decoding=\"async\" loading=\"lazy\" width=\"1900\" height=\"1900\" src=\"https:\/\/ifdcvm-slu.infd.edu.ar\/sitio\/wp-content\/uploads\/2024\/06\/CA_julio_2024-1900x1900.jpg\" alt=\"\" class=\"wp-image-15286\" srcset=\"https:\/\/ifdcvm-slu.infd.edu.ar\/sitio\/wp-content\/uploads\/2024\/06\/CA_julio_2024-1900x1900.jpg 1900w, https:\/\/ifdcvm-slu.infd.edu.ar\/sitio\/wp-content\/uploads\/2024\/06\/CA_julio_2024-1000x1000.jpg 1000w, https:\/\/ifdcvm-slu.infd.edu.ar\/sitio\/wp-content\/uploads\/2024\/06\/CA_julio_2024-500x500.jpg 500w, https:\/\/ifdcvm-slu.infd.edu.ar\/sitio\/wp-content\/uploads\/2024\/06\/CA_julio_2024-768x768.jpg 768w, https:\/\/ifdcvm-slu.infd.edu.ar\/sitio\/wp-content\/uploads\/2024\/06\/CA_julio_2024-1536x1536.jpg 1536w, https:\/\/ifdcvm-slu.infd.edu.ar\/sitio\/wp-content\/uploads\/2024\/06\/CA_julio_2024-2048x2048.jpg 2048w\" sizes=\"(max-width: 1900px) 100vw, 1900px\" \/><\/figure>\n\n\n\n<p class=\"has-text-align-center\"><a href=\"https:\/\/ifdcvm-slu.infd.edu.ar\/sitio\/wp-content\/uploads\/2024\/06\/CA_julio_2024-1900x1900.jpg\" data-type=\"URL\" data-id=\"https:\/\/ifdcvm-slu.infd.edu.ar\/sitio\/wp-content\/uploads\/2024\/06\/CA_julio_2024-1900x1900.jpg\" target=\"_blank\" rel=\"noreferrer noopener\">Descargar mes de julio<\/a><\/p>\n\n\n\n<hr class=\"wp-block-separator has-alpha-channel-opacity\"\/>\n\n\n\n<p class=\"has-medium-font-size\"><strong>Mes de junio:<\/strong><\/p>\n\n\n\n<figure class=\"wp-block-image size-large\"><img decoding=\"async\" loading=\"lazy\" width=\"1900\" height=\"1900\" src=\"https:\/\/ifdcvm-slu.infd.edu.ar\/sitio\/wp-content\/uploads\/2024\/06\/CA_junio_2024-1900x1900.jpg\" alt=\"\" class=\"wp-image-15287\" srcset=\"https:\/\/ifdcvm-slu.infd.edu.ar\/sitio\/wp-content\/uploads\/2024\/06\/CA_junio_2024-1900x1900.jpg 1900w, https:\/\/ifdcvm-slu.infd.edu.ar\/sitio\/wp-content\/uploads\/2024\/06\/CA_junio_2024-1000x1000.jpg 1000w, https:\/\/ifdcvm-slu.infd.edu.ar\/sitio\/wp-content\/uploads\/2024\/06\/CA_junio_2024-500x500.jpg 500w, https:\/\/ifdcvm-slu.infd.edu.ar\/sitio\/wp-content\/uploads\/2024\/06\/CA_junio_2024-768x768.jpg 768w, https:\/\/ifdcvm-slu.infd.edu.ar\/sitio\/wp-content\/uploads\/2024\/06\/CA_junio_2024-1536x1536.jpg 1536w, https:\/\/ifdcvm-slu.infd.edu.ar\/sitio\/wp-content\/uploads\/2024\/06\/CA_junio_2024-2048x2048.jpg 2048w\" sizes=\"(max-width: 1900px) 100vw, 1900px\" \/><\/figure>\n\n\n\n<p class=\"has-text-align-center\"><a href=\"https:\/\/ifdcvm-slu.infd.edu.ar\/sitio\/wp-content\/uploads\/2024\/06\/CA_junio_2024-1900x1900.jpg\" data-type=\"URL\" data-id=\"https:\/\/ifdcvm-slu.infd.edu.ar\/sitio\/wp-content\/uploads\/2024\/06\/CA_junio_2024-1900x1900.jpg\" target=\"_blank\" rel=\"noreferrer noopener\">Descargar mes de junio<\/a><\/p>\n\n\n\n<hr class=\"wp-block-separator has-alpha-channel-opacity\"\/>\n\n\n\n<p class=\"has-medium-font-size\"><strong>Mes de mayo:<\/strong><\/p>\n\n\n\n<figure class=\"wp-block-image size-large\"><img decoding=\"async\" loading=\"lazy\" width=\"1900\" height=\"1900\" src=\"https:\/\/ifdcvm-slu.infd.edu.ar\/sitio\/wp-content\/uploads\/2024\/05\/CA_Mayo_2024-1-1900x1900.jpg\" alt=\"\" class=\"wp-image-15145\" srcset=\"https:\/\/ifdcvm-slu.infd.edu.ar\/sitio\/wp-content\/uploads\/2024\/05\/CA_Mayo_2024-1-1900x1900.jpg 1900w, https:\/\/ifdcvm-slu.infd.edu.ar\/sitio\/wp-content\/uploads\/2024\/05\/CA_Mayo_2024-1-1000x1000.jpg 1000w, https:\/\/ifdcvm-slu.infd.edu.ar\/sitio\/wp-content\/uploads\/2024\/05\/CA_Mayo_2024-1-500x500.jpg 500w, https:\/\/ifdcvm-slu.infd.edu.ar\/sitio\/wp-content\/uploads\/2024\/05\/CA_Mayo_2024-1-768x768.jpg 768w, https:\/\/ifdcvm-slu.infd.edu.ar\/sitio\/wp-content\/uploads\/2024\/05\/CA_Mayo_2024-1-1536x1536.jpg 1536w, https:\/\/ifdcvm-slu.infd.edu.ar\/sitio\/wp-content\/uploads\/2024\/05\/CA_Mayo_2024-1-2048x2048.jpg 2048w\" sizes=\"(max-width: 1900px) 100vw, 1900px\" \/><\/figure>\n\n\n\n<p class=\"has-text-align-center\"><a href=\"https:\/\/ifdcvm-slu.infd.edu.ar\/sitio\/wp-content\/uploads\/2024\/05\/CA_Mayo_2024.jpg\" data-type=\"attachment\" data-id=\"15144\">Descargar mes de mayo<\/a><\/p>\n\n\n\n<hr class=\"wp-block-separator has-alpha-channel-opacity\"\/>\n\n\n\n<p><strong>Mes de abril:<\/strong><\/p>\n\n\n\n<figure class=\"wp-block-image size-large\"><img decoding=\"async\" loading=\"lazy\" width=\"1900\" height=\"1900\" src=\"https:\/\/ifdcvm-slu.infd.edu.ar\/sitio\/wp-content\/uploads\/2024\/03\/abril-1900x1900.jpg\" alt=\"\" class=\"wp-image-14994\" srcset=\"https:\/\/ifdcvm-slu.infd.edu.ar\/sitio\/wp-content\/uploads\/2024\/03\/abril-1900x1900.jpg 1900w, https:\/\/ifdcvm-slu.infd.edu.ar\/sitio\/wp-content\/uploads\/2024\/03\/abril-1000x1000.jpg 1000w, https:\/\/ifdcvm-slu.infd.edu.ar\/sitio\/wp-content\/uploads\/2024\/03\/abril-500x500.jpg 500w, https:\/\/ifdcvm-slu.infd.edu.ar\/sitio\/wp-content\/uploads\/2024\/03\/abril-768x768.jpg 768w, https:\/\/ifdcvm-slu.infd.edu.ar\/sitio\/wp-content\/uploads\/2024\/03\/abril-1536x1536.jpg 1536w, https:\/\/ifdcvm-slu.infd.edu.ar\/sitio\/wp-content\/uploads\/2024\/03\/abril-2048x2048.jpg 2048w\" sizes=\"(max-width: 1900px) 100vw, 1900px\" \/><\/figure>\n\n\n\n<p class=\"has-text-align-center\"><a rel=\"noreferrer noopener\" href=\"https:\/\/ifdcvm-slu.infd.edu.ar\/sitio\/wp-content\/uploads\/2024\/03\/abril.jpg\" data-type=\"URL\" data-id=\"https:\/\/ifdcvm-slu.infd.edu.ar\/sitio\/wp-content\/uploads\/2024\/03\/abril.jpg\" target=\"_blank\">Descargar mes de abril<\/a><\/p>\n\n\n\n<hr class=\"wp-block-separator has-alpha-channel-opacity\"\/>\n\n\n\n<p class=\"has-medium-font-size\"><strong>Mes de marzo:<\/strong><\/p>\n\n\n\n<figure class=\"wp-block-image size-large\"><img decoding=\"async\" loading=\"lazy\" width=\"1900\" height=\"1900\" src=\"https:\/\/ifdcvm-slu.infd.edu.ar\/sitio\/wp-content\/uploads\/2024\/03\/CA2024_Marzo-1900x1900.jpg\" alt=\"\" class=\"wp-image-14871\" srcset=\"https:\/\/ifdcvm-slu.infd.edu.ar\/sitio\/wp-content\/uploads\/2024\/03\/CA2024_Marzo-1900x1900.jpg 1900w, https:\/\/ifdcvm-slu.infd.edu.ar\/sitio\/wp-content\/uploads\/2024\/03\/CA2024_Marzo-1000x1000.jpg 1000w, https:\/\/ifdcvm-slu.infd.edu.ar\/sitio\/wp-content\/uploads\/2024\/03\/CA2024_Marzo-500x500.jpg 500w, https:\/\/ifdcvm-slu.infd.edu.ar\/sitio\/wp-content\/uploads\/2024\/03\/CA2024_Marzo-768x768.jpg 768w, https:\/\/ifdcvm-slu.infd.edu.ar\/sitio\/wp-content\/uploads\/2024\/03\/CA2024_Marzo-1536x1536.jpg 1536w, https:\/\/ifdcvm-slu.infd.edu.ar\/sitio\/wp-content\/uploads\/2024\/03\/CA2024_Marzo-2048x2048.jpg 2048w\" sizes=\"(max-width: 1900px) 100vw, 1900px\" \/><\/figure>\n\n\n\n<p class=\"has-text-align-center\"><a rel=\"noreferrer noopener\" href=\"https:\/\/ifdcvm-slu.infd.edu.ar\/sitio\/wp-content\/uploads\/2024\/03\/CA2024_Marzo.jpg\" data-type=\"URL\" data-id=\"https:\/\/ifdcvm-slu.infd.edu.ar\/sitio\/wp-content\/uploads\/2024\/03\/CA2024_Marzo.jpg\" target=\"_blank\">Descargar mes de marzo<\/a><\/p>\n\n\n\n<hr class=\"wp-block-separator has-alpha-channel-opacity\"\/>\n\n\n\n<p class=\"has-medium-font-size\"><strong>Mes de febrero:<\/strong><\/p>\n\n\n\n<figure class=\"wp-block-image size-large\"><img decoding=\"async\" loading=\"lazy\" width=\"1900\" height=\"1900\" src=\"https:\/\/ifdcvm-slu.infd.edu.ar\/sitio\/wp-content\/uploads\/2024\/03\/CA2024_Febrero-1-1900x1900.jpg\" alt=\"\" class=\"wp-image-14875\" srcset=\"https:\/\/ifdcvm-slu.infd.edu.ar\/sitio\/wp-content\/uploads\/2024\/03\/CA2024_Febrero-1-1900x1900.jpg 1900w, https:\/\/ifdcvm-slu.infd.edu.ar\/sitio\/wp-content\/uploads\/2024\/03\/CA2024_Febrero-1-1000x1000.jpg 1000w, https:\/\/ifdcvm-slu.infd.edu.ar\/sitio\/wp-content\/uploads\/2024\/03\/CA2024_Febrero-1-500x500.jpg 500w, https:\/\/ifdcvm-slu.infd.edu.ar\/sitio\/wp-content\/uploads\/2024\/03\/CA2024_Febrero-1-768x768.jpg 768w, https:\/\/ifdcvm-slu.infd.edu.ar\/sitio\/wp-content\/uploads\/2024\/03\/CA2024_Febrero-1-1536x1536.jpg 1536w, https:\/\/ifdcvm-slu.infd.edu.ar\/sitio\/wp-content\/uploads\/2024\/03\/CA2024_Febrero-1-2048x2048.jpg 2048w\" sizes=\"(max-width: 1900px) 100vw, 1900px\" \/><\/figure>\n\n\n\n<p class=\"has-text-align-center\"><a href=\"https:\/\/ifdcvm-slu.infd.edu.ar\/sitio\/wp-content\/uploads\/2024\/03\/CA2024_Febrero.jpg\" data-type=\"URL\" data-id=\"https:\/\/ifdcvm-slu.infd.edu.ar\/sitio\/wp-content\/uploads\/2024\/03\/CA2024_Febrero.jpg\" target=\"_blank\" rel=\"noreferrer noopener\">Descargar mes de febrero<\/a><\/p>\n\n\n\n<hr class=\"wp-block-separator has-alpha-channel-opacity\"\/>\n","protected":false},"excerpt":{"rendered":"<p>El calendario acad\u00e9mico&nbsp;es el sistema que utilizamos en nuestro instituto para ordenar las actividades acad\u00e9micas a lo largo del ciclo lectivo&nbsp;(inscripciones a las carreras, a las materias, fechas de ex\u00e1menes finales, principio y fin de cada cuatrimestre, etc). CALENDARIO ACAD\u00c9MICO Y ADMINISTRATIVO 2024: Descargar Calendario Acad\u00e9mico 2024 Mes de septiembre: Mes de agosto: Mes de &#8230; <a title=\"Calendario acad\u00e9mico 2024\" class=\"read-more\" href=\"https:\/\/ifdcvm-slu.infd.edu.ar\/sitio\/calendario-academico-2024\/\" aria-label=\"More on Calendario acad\u00e9mico 2024\">[+]<\/a><\/p>\n","protected":false},"author":1518,"featured_media":0,"parent":0,"menu_order":0,"comment_status":"closed","ping_status":"closed","template":"","meta":[],"acf":[],"_links":{"self":[{"href":"https:\/\/ifdcvm-slu.infd.edu.ar\/sitio\/wp-json\/wp\/v2\/pages\/14869"}],"collection":[{"href":"https:\/\/ifdcvm-slu.infd.edu.ar\/sitio\/wp-json\/wp\/v2\/pages"}],"about":[{"href":"https:\/\/ifdcvm-slu.infd.edu.ar\/sitio\/wp-json\/wp\/v2\/types\/page"}],"author":[{"embeddable":true,"href":"https:\/\/ifdcvm-slu.infd.edu.ar\/sitio\/wp-json\/wp\/v2\/users\/1518"}],"replies":[{"embeddable":true,"href":"https:\/\/ifdcvm-slu.infd.edu.ar\/sitio\/wp-json\/wp\/v2\/comments?post=14869"}],"version-history":[{"count":9,"href":"https:\/\/ifdcvm-slu.infd.edu.ar\/sitio\/wp-json\/wp\/v2\/pages\/14869\/revisions"}],"predecessor-version":[{"id":15529,"href":"https:\/\/ifdcvm-slu.infd.edu.ar\/sitio\/wp-json\/wp\/v2\/pages\/14869\/revisions\/15529"}],"wp:attachment":[{"href":"https:\/\/ifdcvm-slu.infd.edu.ar\/sitio\/wp-json\/wp\/v2\/media?parent=14869"}],"curies":[{"name":"wp","href":"https:\/\/api.w.org\/{rel}","templated":true}]}}