{"id":15086,"date":"2024-04-22T11:54:53","date_gmt":"2024-04-22T14:54:53","guid":{"rendered":"https:\/\/ifdcvm-slu.infd.edu.ar\/sitio\/?page_id=15086"},"modified":"2025-04-29T14:19:29","modified_gmt":"2025-04-29T17:19:29","slug":"profesorado-de-teatro-adecuacion-de-plan","status":"publish","type":"page","link":"https:\/\/ifdcvm-slu.infd.edu.ar\/sitio\/profesorado-de-teatro-adecuacion-de-plan\/","title":{"rendered":"Profesorado de Teatro &#8211; Adecuaci\u00f3n de plan"},"content":{"rendered":"\n<ul>\n<li><a rel=\"noreferrer noopener\" href=\"https:\/\/drive.google.com\/file\/d\/1K69BbsoYAZv02djyQHAJg_1jOw4NBHa9\/view?usp=drive_link\" data-type=\"URL\" data-id=\"https:\/\/drive.google.com\/file\/d\/1K69BbsoYAZv02djyQHAJg_1jOw4NBHa9\/view?usp=drive_link\" target=\"_blank\">Resoluci\u00f3n N\u00b0 84\/2024 &#8211; Adecuaci\u00f3n Voz I y Voz II Prof. de Teatro<\/a><\/li>\n<\/ul>\n\n\n\n<figure class=\"wp-block-table\"><table><tbody><tr><td><strong>N\u00b0 RES. ADECUACI\u00d3N<\/strong><\/td><td><strong>UNIDAD CURRICULAR<\/strong><\/td><td><strong>ADECUACI\u00d3N<\/strong><\/td><\/tr><tr><td><a href=\"https:\/\/drive.google.com\/file\/d\/1a3NZuWFeehGgCI4rNk3eSuOjSCpQLgz-\/view?usp=drive_link\" target=\"_blank\" rel=\"noreferrer noopener\">RAc 19-2023<\/a><\/td><td>Alfabetizaci\u00f3n Acad\u00e9mica<\/td><td>1\u00b0C 1\u00b0a\u00f1o todos los profesorados de : &#8211; Artes Visuales (Res. N\u00b0 7-ME-2022 y Res. N\u00b0 286-ME-2016) &#8211; M\u00fasica (Res. N\u00b0 15-ME-2022 y Res. N\u00b0 154-ME-2016) &#8211; Ed. Sec. Lengua y Literatura (Res. N\u00b0 12-ME-2022 y Res. N\u00b0 24-ME-2014) &#8211; Ed. Tecnol\u00f3gica (Res. N\u00b0 5-ME-2022 y Res. N\u00b0 03-ME-2019) &#8211; Ed. Sec. en Matem\u00e1tica (Res. N\u00b0 6-ME-2022 y Res. N\u00b0 21-ME-2014)<\/td><\/tr><tr><td><a href=\"https:\/\/drive.google.com\/file\/d\/1fPw4EAkS_wAHWd9DgilPxvJKnCSKo0KI\/view?usp=drive_link\" target=\"_blank\" rel=\"noreferrer noopener\">RAc 184-2024<\/a><\/td><td>Lenguajes Art\u00edsticos: Teatro<\/td><td>todos los profesorados hasta el 2025 planes no vigentes<\/td><\/tr><\/tbody><\/table><\/figure>\n","protected":false},"excerpt":{"rendered":"<p>N\u00b0 RES. ADECUACI\u00d3N UNIDAD CURRICULAR ADECUACI\u00d3N RAc 19-2023 Alfabetizaci\u00f3n Acad\u00e9mica 1\u00b0C 1\u00b0a\u00f1o todos los profesorados de : &#8211; Artes Visuales (Res. N\u00b0 7-ME-2022 y Res. N\u00b0 286-ME-2016) &#8211; M\u00fasica (Res. N\u00b0 15-ME-2022 y Res. N\u00b0 154-ME-2016) &#8211; Ed. Sec. Lengua y Literatura (Res. N\u00b0 12-ME-2022 y Res. N\u00b0 24-ME-2014) &#8211; Ed. Tecnol\u00f3gica (Res. N\u00b0 5-ME-2022 &#8230; <a title=\"Profesorado de Teatro &#8211; Adecuaci\u00f3n de plan\" class=\"read-more\" href=\"https:\/\/ifdcvm-slu.infd.edu.ar\/sitio\/profesorado-de-teatro-adecuacion-de-plan\/\" aria-label=\"More on Profesorado de Teatro &#8211; Adecuaci\u00f3n de plan\">[+]<\/a><\/p>\n","protected":false},"author":1518,"featured_media":0,"parent":0,"menu_order":0,"comment_status":"closed","ping_status":"closed","template":"","meta":[],"acf":[],"_links":{"self":[{"href":"https:\/\/ifdcvm-slu.infd.edu.ar\/sitio\/wp-json\/wp\/v2\/pages\/15086"}],"collection":[{"href":"https:\/\/ifdcvm-slu.infd.edu.ar\/sitio\/wp-json\/wp\/v2\/pages"}],"about":[{"href":"https:\/\/ifdcvm-slu.infd.edu.ar\/sitio\/wp-json\/wp\/v2\/types\/page"}],"author":[{"embeddable":true,"href":"https:\/\/ifdcvm-slu.infd.edu.ar\/sitio\/wp-json\/wp\/v2\/users\/1518"}],"replies":[{"embeddable":true,"href":"https:\/\/ifdcvm-slu.infd.edu.ar\/sitio\/wp-json\/wp\/v2\/comments?post=15086"}],"version-history":[{"count":2,"href":"https:\/\/ifdcvm-slu.infd.edu.ar\/sitio\/wp-json\/wp\/v2\/pages\/15086\/revisions"}],"predecessor-version":[{"id":16395,"href":"https:\/\/ifdcvm-slu.infd.edu.ar\/sitio\/wp-json\/wp\/v2\/pages\/15086\/revisions\/16395"}],"wp:attachment":[{"href":"https:\/\/ifdcvm-slu.infd.edu.ar\/sitio\/wp-json\/wp\/v2\/media?parent=15086"}],"curies":[{"name":"wp","href":"https:\/\/api.w.org\/{rel}","templated":true}]}}