{"id":15382,"date":"2024-07-05T13:02:56","date_gmt":"2024-07-05T16:02:56","guid":{"rendered":"https:\/\/ifdcvm-slu.infd.edu.ar\/sitio\/?page_id=15382"},"modified":"2024-07-05T13:02:57","modified_gmt":"2024-07-05T16:02:57","slug":"prorroga-de-regularidad-2024","status":"publish","type":"page","link":"https:\/\/ifdcvm-slu.infd.edu.ar\/sitio\/prorroga-de-regularidad-2024\/","title":{"rendered":"Pr\u00f3rroga de regularidad 2024"},"content":{"rendered":"\n<p>Habiendo obtenido la regularidad de una Unidad Curricular, la misma dura dos (2) a\u00f1os<br>acad\u00e9micos.<br>Pod\u00e9s consultar la fecha en la que adquiriste y vence tu regularidad desde tu usuario de<br>Sistema SIU-Guaran\u00ed, siguiendo estos pasos:<\/p>\n\n\n\n<p>Reporte \u2013 Historia Acad\u00e9mica \u2013 Historia Completa \u2013 Detalle<\/p>\n\n\n\n<p>Transcurridos los dos a\u00f1os sin que hayas aprobado el examen final, vence la regularidad de<br>la unidad curricular, y para poder rendir el examen, podr\u00e1s pedir la pr\u00f3rroga de regularidad.<br>Una vez otorgada, la pr\u00f3rroga de regularidad dura un a\u00f1o.<\/p>\n\n\n\n<p><br><strong>\u00bfEn qu\u00e9 casos puedo pedir pr\u00f3rroga?<br><\/strong>La pr\u00f3rroga puede solicitarse por las siguientes causas:<\/p>\n\n\n\n<p>\u25cf No haberse hecho efectivas todas las mesas de ex\u00e1menes anuales (el IFDC-VM<br>debe garantizar como m\u00ednimo siete [7] mesas anuales).<br>\u25cf Problemas de salud propias (tuyos) o de un familiar a cargo: NO CONSTITUYEN<br>INFORMES M\u00c9DICOS: diagn\u00f3sticos, solicitud de estudios, recetas, etc.<br>\u25cf Trabajo.<br>\u25cf Becas y viajes de estudio.<br>\u25cf Otros motivos debidamente acreditados.<\/p>\n\n\n\n<p><br>La Direcci\u00f3n Acad\u00e9mica podr\u00e1 solicitar la documentaci\u00f3n ampliatoria que considere<br>pertinente para acreditar las razones que invoques.<\/p>\n\n\n\n<p><br><strong>\u00bfC\u00f3mo solicito la pr\u00f3rroga?<br><\/strong>Ingres\u00e1 al siguiente formulario: <a href=\"https:\/\/forms.gle\/3rQPiWHksj15i2CT7\" target=\"_blank\" rel=\"noreferrer noopener\">https:\/\/forms.gle\/3rQPiWHksj15i2CT7<\/a><br><strong>\u00bfCu\u00e1ndo se solicita la pr\u00f3rroga?<br><\/strong>La pr\u00f3rroga deber\u00e1 solicitarse entre 15 y 30 d\u00edas previos al vencimiento de la regularidad de<br>una unidad curricular.<\/p>\n\n\n\n<p><br><strong>IMPORTANTE<\/strong>:<br>No se otorgar\u00e1 pr\u00f3rroga, sin excepciones, en los siguientes casos:<br>\u25cf Ausencia de documentaci\u00f3n probatoria de las causas argumentadas por el\/la<br>estudiante que justifican el no haber rendido en los dos a\u00f1os de regularidad de la<br>materia (16 turnos de ex\u00e1menes).<br>\u25cf Tampoco se otorga pr\u00f3rroga sobre una unidad curricular sobre la que ya se haya<br>otorgado pr\u00f3rroga.<br>\u25cf Unidades curriculares de planes no vigentes (Resoluciones Acad\u00e9micas 16 y<br>17\/2022)<br>Adem\u00e1s se debe considerar que:<br>\u25cf La Direcci\u00f3n Acad\u00e9mica y\/o el \u00c1rea de Alumnos\/as responder\u00e1 en el lapso de diez<br>(10) d\u00edas h\u00e1biles.<\/p>\n","protected":false},"excerpt":{"rendered":"<p>Habiendo obtenido la regularidad de una Unidad Curricular, la misma dura dos (2) a\u00f1osacad\u00e9micos.Pod\u00e9s consultar la fecha en la que adquiriste y vence tu regularidad desde tu usuario deSistema SIU-Guaran\u00ed, siguiendo estos pasos: Reporte \u2013 Historia Acad\u00e9mica \u2013 Historia Completa \u2013 Detalle Transcurridos los dos a\u00f1os sin que hayas aprobado el examen final, vence la &#8230; <a title=\"Pr\u00f3rroga de regularidad 2024\" class=\"read-more\" href=\"https:\/\/ifdcvm-slu.infd.edu.ar\/sitio\/prorroga-de-regularidad-2024\/\" aria-label=\"More on Pr\u00f3rroga de regularidad 2024\">[+]<\/a><\/p>\n","protected":false},"author":1518,"featured_media":0,"parent":0,"menu_order":0,"comment_status":"closed","ping_status":"closed","template":"","meta":[],"acf":[],"_links":{"self":[{"href":"https:\/\/ifdcvm-slu.infd.edu.ar\/sitio\/wp-json\/wp\/v2\/pages\/15382"}],"collection":[{"href":"https:\/\/ifdcvm-slu.infd.edu.ar\/sitio\/wp-json\/wp\/v2\/pages"}],"about":[{"href":"https:\/\/ifdcvm-slu.infd.edu.ar\/sitio\/wp-json\/wp\/v2\/types\/page"}],"author":[{"embeddable":true,"href":"https:\/\/ifdcvm-slu.infd.edu.ar\/sitio\/wp-json\/wp\/v2\/users\/1518"}],"replies":[{"embeddable":true,"href":"https:\/\/ifdcvm-slu.infd.edu.ar\/sitio\/wp-json\/wp\/v2\/comments?post=15382"}],"version-history":[{"count":1,"href":"https:\/\/ifdcvm-slu.infd.edu.ar\/sitio\/wp-json\/wp\/v2\/pages\/15382\/revisions"}],"predecessor-version":[{"id":15383,"href":"https:\/\/ifdcvm-slu.infd.edu.ar\/sitio\/wp-json\/wp\/v2\/pages\/15382\/revisions\/15383"}],"wp:attachment":[{"href":"https:\/\/ifdcvm-slu.infd.edu.ar\/sitio\/wp-json\/wp\/v2\/media?parent=15382"}],"curies":[{"name":"wp","href":"https:\/\/api.w.org\/{rel}","templated":true}]}}