{"id":15386,"date":"2024-07-05T13:14:46","date_gmt":"2024-07-05T16:14:46","guid":{"rendered":"https:\/\/ifdcvm-slu.infd.edu.ar\/sitio\/?page_id=15386"},"modified":"2024-07-05T13:14:48","modified_gmt":"2024-07-05T16:14:48","slug":"equivalencias-2-cuatrimestre-2024","status":"publish","type":"page","link":"https:\/\/ifdcvm-slu.infd.edu.ar\/sitio\/equivalencias-2-cuatrimestre-2024\/","title":{"rendered":"Equivalencias 2\u00b0 Cuatrimestre 2024"},"content":{"rendered":"\n<p><strong>Requisitos para equivalencias por expediente: 2\u00ba Cuatrimestre 2024<br>\u00bfQui\u00e9nes pueden iniciar el tr\u00e1mite de equivalencias por expediente?<\/strong><\/p>\n\n\n\n<p>Estudiantes que provienen de otra instituci\u00f3n de nivel superior o universitaria.<br><strong>\u00bfQu\u00e9 debo tener en cuenta para iniciar el tr\u00e1mite de equivalencias por expediente?<br><\/strong>Los\/las estudiantes podr\u00e1n iniciar el tr\u00e1mite de equivalencias si se encuentran inscriptos\/as<br>en al menos una de las carreras que se dictan en el IFDC-VM.<\/p>\n\n\n\n<p><br><strong>\u00bfCu\u00e1les son los pasos a seguir para solicitar equivalencias (por expediente)?<br><\/strong>1) Estar inscriptos\/as en al menos una de las carreras que se dictan en el IFDC-VM.<\/p>\n\n\n\n<p>2) Enviar un correo a <strong>secretariaacademica@ifdcvm.edu.ar<\/strong> con el asunto: Solicitud de<br>equivalencias, en el que deber\u00e1 adjuntarse la siguiente documentaci\u00f3n:<br>a) Comprobante de inscripci\u00f3n en la\/s carrera\/s del IFDC-VM, la que debe ser<br>descargada desde el SIU personal de cada estudiante, enviar el documento<br>digitalizado en PDF. Si el\/la estudiante tiene dificultades para su descarga debe<br>dirigirse personalmente a la oficina del \u00c1rea de Alumnos\/as.<br>b) Documento Nacional de identidad, enviar el documento digitalizado de ambos lados<br>en formato PDF.<br>c) <a rel=\"noreferrer noopener\" href=\"https:\/\/ifdcvm-slu.infd.edu.ar\/sitio\/wp-content\/uploads\/2024\/07\/Formulario-de-Equivalencias-2024-por-expediente.docx\" data-type=\"URL\" data-id=\"https:\/\/ifdcvm-slu.infd.edu.ar\/sitio\/wp-content\/uploads\/2024\/07\/Formulario-de-Equivalencias-2024-por-expediente.docx\" target=\"_blank\">Formulario de solicitud de equivalencias por expediente <\/a>(completo).<br>d) Plan de Estudio de la carrera cursada y de los programas de las materias<br>aprobadas, legalizados por la Instituci\u00f3n de origen. El programa de cada una de las<br>materias debe enviarse en un \u00fanico documento (no por separado), en formato PDF.<br>e) Certificado anal\u00edtico (con aplazos incluidos) legalizado de la Instituci\u00f3n de origen,<br>enviar el documento digitalizado en PDF..<br>f) Constancia de no haber sido pasible de sanci\u00f3n disciplinaria, enviar el documento<br>digitalizado en PDF.<\/p>\n\n\n\n<p><strong>IMPORTANTE<\/strong>:<br>El tr\u00e1mite de solicitud de equivalencias podr\u00e1 realizarse desde el lunes 22 de julio de 2024<br>hasta el viernes 9 de agosto de 2024, sin excepci\u00f3n. La fecha de recepci\u00f3n de la<br>documentaci\u00f3n enviada por correo electr\u00f3nico se contabilizar\u00e1 en d\u00eda h\u00e1bil (laborable), de<br>8:00 a 14:00 horas.<br>Toda la documentaci\u00f3n mencionada deber\u00e1 presentarse en soporte papel en la Secretar\u00eda<br>de la Direcci\u00f3n Acad\u00e9mica del IFDC-VM, en los d\u00edas y horarios que ser\u00e1n comunicados a<br>cada estudiante mediante correo electr\u00f3nico.<\/p>\n","protected":false},"excerpt":{"rendered":"<p>Requisitos para equivalencias por expediente: 2\u00ba Cuatrimestre 2024\u00bfQui\u00e9nes pueden iniciar el tr\u00e1mite de equivalencias por expediente? Estudiantes que provienen de otra instituci\u00f3n de nivel superior o universitaria.\u00bfQu\u00e9 debo tener en cuenta para iniciar el tr\u00e1mite de equivalencias por expediente?Los\/las estudiantes podr\u00e1n iniciar el tr\u00e1mite de equivalencias si se encuentran inscriptos\/asen al menos una de las &#8230; <a title=\"Equivalencias 2\u00b0 Cuatrimestre 2024\" class=\"read-more\" href=\"https:\/\/ifdcvm-slu.infd.edu.ar\/sitio\/equivalencias-2-cuatrimestre-2024\/\" aria-label=\"More on Equivalencias 2\u00b0 Cuatrimestre 2024\">[+]<\/a><\/p>\n","protected":false},"author":1518,"featured_media":0,"parent":0,"menu_order":0,"comment_status":"closed","ping_status":"closed","template":"","meta":[],"acf":[],"_links":{"self":[{"href":"https:\/\/ifdcvm-slu.infd.edu.ar\/sitio\/wp-json\/wp\/v2\/pages\/15386"}],"collection":[{"href":"https:\/\/ifdcvm-slu.infd.edu.ar\/sitio\/wp-json\/wp\/v2\/pages"}],"about":[{"href":"https:\/\/ifdcvm-slu.infd.edu.ar\/sitio\/wp-json\/wp\/v2\/types\/page"}],"author":[{"embeddable":true,"href":"https:\/\/ifdcvm-slu.infd.edu.ar\/sitio\/wp-json\/wp\/v2\/users\/1518"}],"replies":[{"embeddable":true,"href":"https:\/\/ifdcvm-slu.infd.edu.ar\/sitio\/wp-json\/wp\/v2\/comments?post=15386"}],"version-history":[{"count":1,"href":"https:\/\/ifdcvm-slu.infd.edu.ar\/sitio\/wp-json\/wp\/v2\/pages\/15386\/revisions"}],"predecessor-version":[{"id":15387,"href":"https:\/\/ifdcvm-slu.infd.edu.ar\/sitio\/wp-json\/wp\/v2\/pages\/15386\/revisions\/15387"}],"wp:attachment":[{"href":"https:\/\/ifdcvm-slu.infd.edu.ar\/sitio\/wp-json\/wp\/v2\/media?parent=15386"}],"curies":[{"name":"wp","href":"https:\/\/api.w.org\/{rel}","templated":true}]}}