{"id":15794,"date":"2024-10-09T12:11:57","date_gmt":"2024-10-09T15:11:57","guid":{"rendered":"https:\/\/ifdcvm-slu.infd.edu.ar\/sitio\/?page_id=15794"},"modified":"2026-03-17T12:31:30","modified_gmt":"2026-03-17T15:31:30","slug":"adecuacion-de-plan-profesorado-de-matematica","status":"publish","type":"page","link":"https:\/\/ifdcvm-slu.infd.edu.ar\/sitio\/adecuacion-de-plan-profesorado-de-matematica\/","title":{"rendered":"Adecuaci\u00f3n de plan. Profesorado de Matem\u00e1tica"},"content":{"rendered":"\n<figure class=\"wp-block-table\"><table><tbody><tr><td><strong>N\u00b0 RES. ADECUACI\u00d3N<\/strong><\/td><td><strong>UNIDAD CURRICULAR<\/strong><\/td><td><strong>ADECUACI\u00d3N<\/strong><\/td><\/tr><tr><td><a href=\"https:\/\/drive.google.com\/file\/d\/1a3NZuWFeehGgCI4rNk3eSuOjSCpQLgz-\/view?usp=drive_link\" target=\"_blank\" rel=\"noreferrer noopener\">RAc 19-2023<\/a><\/td><td>Alfabetizaci\u00f3n Acad\u00e9mica<\/td><td>1\u00b0C 1\u00b0a\u00f1o todos los profesorados de : &#8211; Artes Visuales (Res. N\u00b0 7-ME-2022 y Res. N\u00b0 286-ME-2016) &#8211; M\u00fasica (Res. N\u00b0 15-ME-2022 y Res. N\u00b0 154-ME-2016) &#8211; Ed. Sec. Lengua y Literatura (Res. N\u00b0 12-ME-2022 y Res. N\u00b0 24-ME-2014) &#8211; Ed. Tecnol\u00f3gica (Res. N\u00b0 5-ME-2022 y Res. N\u00b0 03-ME-2019) &#8211; Ed. Sec. en Matem\u00e1tica (Res. N\u00b0 6-ME-2022 y Res. N\u00b0 21-ME-2014)<\/td><\/tr><tr><td><a href=\"https:\/\/drive.google.com\/file\/d\/1fPw4EAkS_wAHWd9DgilPxvJKnCSKo0KI\/view?usp=drive_link\" target=\"_blank\" rel=\"noreferrer noopener\">RAc 184-2024<\/a><\/td><td>Lenguajes Art\u00edsticos: Teatro<\/td><td>todos los profesorados hasta el 2025 planes no vigentes<\/td><\/tr><tr><td><a href=\"https:\/\/ifdcvm-slu.infd.edu.ar\/sitio\/wp-content\/uploads\/2026\/03\/RAc-15-2026-IFDC-VM__Adecuacion-Alfabetizacion-Academica_Prof.-de-MATEMATICA-y-ED.-TECNOLOGICA.pdf\" data-type=\"URL\" data-id=\"https:\/\/ifdcvm-slu.infd.edu.ar\/sitio\/wp-content\/uploads\/2026\/03\/RAc-15-2026-IFDC-VM__Adecuacion-Alfabetizacion-Academica_Prof.-de-MATEMATICA-y-ED.-TECNOLOGICA.pdf\" target=\"_blank\" rel=\"noreferrer noopener\">RAc 15-2026<\/a><\/td><td>Alfabetizaci\u00f3n Acad\u00e9mica<\/td><td>Prof. de Educaci\u00f3n Tecnol\u00f3gica (RES.N\u00b05-ME-2022)<br>Prof. de Ed. Sec. en Matem\u00e1tica(RES.N\u00b06-ME-2022)<\/td><\/tr><\/tbody><\/table><\/figure>\n","protected":false},"excerpt":{"rendered":"<p>N\u00b0 RES. ADECUACI\u00d3N UNIDAD CURRICULAR ADECUACI\u00d3N RAc 19-2023 Alfabetizaci\u00f3n Acad\u00e9mica 1\u00b0C 1\u00b0a\u00f1o todos los profesorados de : &#8211; Artes Visuales (Res. N\u00b0 7-ME-2022 y Res. N\u00b0 286-ME-2016) &#8211; M\u00fasica (Res. N\u00b0 15-ME-2022 y Res. N\u00b0 154-ME-2016) &#8211; Ed. Sec. Lengua y Literatura (Res. N\u00b0 12-ME-2022 y Res. N\u00b0 24-ME-2014) &#8211; Ed. Tecnol\u00f3gica (Res. N\u00b0 5-ME-2022 &#8230; <a title=\"Adecuaci\u00f3n de plan. Profesorado de Matem\u00e1tica\" class=\"read-more\" href=\"https:\/\/ifdcvm-slu.infd.edu.ar\/sitio\/adecuacion-de-plan-profesorado-de-matematica\/\" aria-label=\"More on Adecuaci\u00f3n de plan. Profesorado de Matem\u00e1tica\">[+]<\/a><\/p>\n","protected":false},"author":1518,"featured_media":0,"parent":0,"menu_order":0,"comment_status":"closed","ping_status":"closed","template":"","meta":[],"acf":[],"_links":{"self":[{"href":"https:\/\/ifdcvm-slu.infd.edu.ar\/sitio\/wp-json\/wp\/v2\/pages\/15794"}],"collection":[{"href":"https:\/\/ifdcvm-slu.infd.edu.ar\/sitio\/wp-json\/wp\/v2\/pages"}],"about":[{"href":"https:\/\/ifdcvm-slu.infd.edu.ar\/sitio\/wp-json\/wp\/v2\/types\/page"}],"author":[{"embeddable":true,"href":"https:\/\/ifdcvm-slu.infd.edu.ar\/sitio\/wp-json\/wp\/v2\/users\/1518"}],"replies":[{"embeddable":true,"href":"https:\/\/ifdcvm-slu.infd.edu.ar\/sitio\/wp-json\/wp\/v2\/comments?post=15794"}],"version-history":[{"count":4,"href":"https:\/\/ifdcvm-slu.infd.edu.ar\/sitio\/wp-json\/wp\/v2\/pages\/15794\/revisions"}],"predecessor-version":[{"id":17740,"href":"https:\/\/ifdcvm-slu.infd.edu.ar\/sitio\/wp-json\/wp\/v2\/pages\/15794\/revisions\/17740"}],"wp:attachment":[{"href":"https:\/\/ifdcvm-slu.infd.edu.ar\/sitio\/wp-json\/wp\/v2\/media?parent=15794"}],"curies":[{"name":"wp","href":"https:\/\/api.w.org\/{rel}","templated":true}]}}