{"id":16032,"date":"2025-02-17T09:26:18","date_gmt":"2025-02-17T12:26:18","guid":{"rendered":"https:\/\/ifdcvm-slu.infd.edu.ar\/sitio\/?page_id=16032"},"modified":"2025-09-29T18:27:09","modified_gmt":"2025-09-29T21:27:09","slug":"calendario-academico-2025","status":"publish","type":"page","link":"https:\/\/ifdcvm-slu.infd.edu.ar\/sitio\/calendario-academico-2025\/","title":{"rendered":"Calendario acad\u00e9mico 2025"},"content":{"rendered":"\n<p>El calendario acad\u00e9mico&nbsp;<strong>es el sistema que utilizamos en nuestro instituto para ordenar las actividades acad\u00e9micas a lo largo del ciclo lectivo<\/strong>&nbsp;(inscripciones a las carreras, a las materias, fechas de ex\u00e1menes finales, principio y fin de cada cuatrimestre, etc).<\/p>\n\n\n\n<p class=\"has-large-font-size\"><strong>CALENDARIO ACAD\u00c9MICO Y ADMINISTRATIVO 2025:<\/strong><\/p>\n\n\n<div class=\"wp-block-image\">\n<figure class=\"aligncenter size-full\"><img decoding=\"async\" loading=\"lazy\" width=\"877\" height=\"620\" src=\"https:\/\/ifdcvm-slu.infd.edu.ar\/sitio\/wp-content\/uploads\/2025\/02\/CALENDARIO-2025-chico.jpg\" alt=\"\" class=\"wp-image-16033\" srcset=\"https:\/\/ifdcvm-slu.infd.edu.ar\/sitio\/wp-content\/uploads\/2025\/02\/CALENDARIO-2025-chico.jpg 877w, https:\/\/ifdcvm-slu.infd.edu.ar\/sitio\/wp-content\/uploads\/2025\/02\/CALENDARIO-2025-chico-768x543.jpg 768w\" sizes=\"(max-width: 877px) 100vw, 877px\" \/><\/figure><\/div>\n\n\n<p class=\"has-text-align-center\">&#x1f53d;<strong>Descargar Calendario acad\u00e9mico 2025<\/strong>:<\/p>\n\n\n\n<p class=\"has-text-align-center\"><a rel=\"noreferrer noopener\" href=\"https:\/\/ifdcvm-slu.infd.edu.ar\/sitio\/wp-content\/uploads\/2025\/02\/CALENDARIO-2025.jpg\" data-type=\"URL\" data-id=\"https:\/\/ifdcvm-slu.infd.edu.ar\/sitio\/wp-content\/uploads\/2025\/02\/CALENDARIO-2025.jpg\" target=\"_blank\">Formato JPG<\/a> |<a rel=\"noreferrer noopener\" href=\"http:\/\/ifdcvm.edu.ar\/CA2025\/Calendario_Acad\u00e9mico_2025_IFDCVM.pdf\" data-type=\"URL\" data-id=\"http:\/\/ifdcvm.edu.ar\/CA2025\/Calendario_Acad\u00e9mico_2025_IFDCVM.pdf\" target=\"_blank\"> Formato PDF<\/a><\/p>\n\n\n\n<hr class=\"wp-block-separator has-alpha-channel-opacity\"\/>\n\n\n\n<p class=\"has-large-font-size\"><strong>OCTUBRE 2025:<\/strong><\/p>\n\n\n\n<figure class=\"wp-block-image size-large\"><img decoding=\"async\" loading=\"lazy\" width=\"1900\" height=\"1900\" src=\"https:\/\/ifdcvm-slu.infd.edu.ar\/sitio\/wp-content\/uploads\/2025\/09\/oct-1900x1900.jpg\" alt=\"\" class=\"wp-image-17260\" srcset=\"https:\/\/ifdcvm-slu.infd.edu.ar\/sitio\/wp-content\/uploads\/2025\/09\/oct-1900x1900.jpg 1900w, https:\/\/ifdcvm-slu.infd.edu.ar\/sitio\/wp-content\/uploads\/2025\/09\/oct-1000x1000.jpg 1000w, https:\/\/ifdcvm-slu.infd.edu.ar\/sitio\/wp-content\/uploads\/2025\/09\/oct-500x500.jpg 500w, https:\/\/ifdcvm-slu.infd.edu.ar\/sitio\/wp-content\/uploads\/2025\/09\/oct-768x768.jpg 768w, https:\/\/ifdcvm-slu.infd.edu.ar\/sitio\/wp-content\/uploads\/2025\/09\/oct-1536x1536.jpg 1536w, https:\/\/ifdcvm-slu.infd.edu.ar\/sitio\/wp-content\/uploads\/2025\/09\/oct-2048x2048.jpg 2048w\" sizes=\"(max-width: 1900px) 100vw, 1900px\" \/><\/figure>\n\n\n\n<hr class=\"wp-block-separator has-alpha-channel-opacity\"\/>\n\n\n\n<p class=\"has-large-font-size\"><strong>NOVIEMBRE 2025:<\/strong><\/p>\n\n\n\n<figure class=\"wp-block-image size-large\"><img decoding=\"async\" loading=\"lazy\" width=\"1900\" height=\"1900\" src=\"https:\/\/ifdcvm-slu.infd.edu.ar\/sitio\/wp-content\/uploads\/2025\/09\/nov-1900x1900.jpg\" alt=\"\" class=\"wp-image-17259\" srcset=\"https:\/\/ifdcvm-slu.infd.edu.ar\/sitio\/wp-content\/uploads\/2025\/09\/nov-1900x1900.jpg 1900w, https:\/\/ifdcvm-slu.infd.edu.ar\/sitio\/wp-content\/uploads\/2025\/09\/nov-1000x1000.jpg 1000w, https:\/\/ifdcvm-slu.infd.edu.ar\/sitio\/wp-content\/uploads\/2025\/09\/nov-500x500.jpg 500w, https:\/\/ifdcvm-slu.infd.edu.ar\/sitio\/wp-content\/uploads\/2025\/09\/nov-768x768.jpg 768w, https:\/\/ifdcvm-slu.infd.edu.ar\/sitio\/wp-content\/uploads\/2025\/09\/nov-1536x1536.jpg 1536w, https:\/\/ifdcvm-slu.infd.edu.ar\/sitio\/wp-content\/uploads\/2025\/09\/nov-2048x2048.jpg 2048w\" sizes=\"(max-width: 1900px) 100vw, 1900px\" \/><\/figure>\n\n\n\n<hr class=\"wp-block-separator has-alpha-channel-opacity\"\/>\n\n\n\n<p class=\"has-large-font-size\"><strong>DICIEMBRE 2025:<\/strong><\/p>\n\n\n\n<figure class=\"wp-block-image size-large\"><img decoding=\"async\" loading=\"lazy\" width=\"1900\" height=\"1900\" src=\"https:\/\/ifdcvm-slu.infd.edu.ar\/sitio\/wp-content\/uploads\/2025\/09\/Dic-1-1900x1900.jpg\" alt=\"\" class=\"wp-image-17258\" srcset=\"https:\/\/ifdcvm-slu.infd.edu.ar\/sitio\/wp-content\/uploads\/2025\/09\/Dic-1-1900x1900.jpg 1900w, https:\/\/ifdcvm-slu.infd.edu.ar\/sitio\/wp-content\/uploads\/2025\/09\/Dic-1-1000x1000.jpg 1000w, https:\/\/ifdcvm-slu.infd.edu.ar\/sitio\/wp-content\/uploads\/2025\/09\/Dic-1-500x500.jpg 500w, https:\/\/ifdcvm-slu.infd.edu.ar\/sitio\/wp-content\/uploads\/2025\/09\/Dic-1-768x768.jpg 768w, https:\/\/ifdcvm-slu.infd.edu.ar\/sitio\/wp-content\/uploads\/2025\/09\/Dic-1-1536x1536.jpg 1536w, https:\/\/ifdcvm-slu.infd.edu.ar\/sitio\/wp-content\/uploads\/2025\/09\/Dic-1-2048x2048.jpg 2048w\" sizes=\"(max-width: 1900px) 100vw, 1900px\" \/><\/figure>\n\n\n\n<hr class=\"wp-block-separator has-alpha-channel-opacity\"\/>\n\n\n\n<p class=\"has-large-font-size\"><strong>FEBRERO 2025:<\/strong><\/p>\n\n\n<div class=\"wp-block-image\">\n<figure class=\"aligncenter size-full\"><img decoding=\"async\" loading=\"lazy\" width=\"1250\" height=\"1250\" src=\"https:\/\/ifdcvm-slu.infd.edu.ar\/sitio\/wp-content\/uploads\/2025\/02\/Febrero-2025-chico.jpg\" alt=\"\" class=\"wp-image-16034\" srcset=\"https:\/\/ifdcvm-slu.infd.edu.ar\/sitio\/wp-content\/uploads\/2025\/02\/Febrero-2025-chico.jpg 1250w, https:\/\/ifdcvm-slu.infd.edu.ar\/sitio\/wp-content\/uploads\/2025\/02\/Febrero-2025-chico-1000x1000.jpg 1000w, https:\/\/ifdcvm-slu.infd.edu.ar\/sitio\/wp-content\/uploads\/2025\/02\/Febrero-2025-chico-500x500.jpg 500w, https:\/\/ifdcvm-slu.infd.edu.ar\/sitio\/wp-content\/uploads\/2025\/02\/Febrero-2025-chico-768x768.jpg 768w\" sizes=\"(max-width: 1250px) 100vw, 1250px\" \/><\/figure><\/div>\n\n\n<p class=\"has-text-align-center\">&#x1f53d;<strong>Descargar mes de febrero 2025:<\/strong><\/p>\n\n\n\n<p class=\"has-text-align-center\"><a href=\"https:\/\/ifdcvm-slu.infd.edu.ar\/sitio\/wp-content\/uploads\/2025\/02\/Febrero-2025.jpg\" data-type=\"URL\" data-id=\"https:\/\/ifdcvm-slu.infd.edu.ar\/sitio\/wp-content\/uploads\/2025\/02\/Febrero-2025.jpg\" target=\"_blank\" rel=\"noreferrer noopener\">Formato JPG<\/a> | <a href=\"https:\/\/ifdcvm-slu.infd.edu.ar\/sitio\/wp-content\/uploads\/2025\/02\/CA_Febrero_2025.pdf\" data-type=\"URL\" data-id=\"https:\/\/ifdcvm-slu.infd.edu.ar\/sitio\/wp-content\/uploads\/2025\/02\/CA_Febrero_2025.pdf\" target=\"_blank\" rel=\"noreferrer noopener\">Formato PDF<\/a><\/p>\n\n\n\n<hr class=\"wp-block-separator has-alpha-channel-opacity\"\/>\n\n\n\n<p class=\"has-large-font-size\"><strong>MARZO 2025:<\/strong><\/p>\n\n\n\n<figure class=\"wp-block-image size-large\"><img decoding=\"async\" loading=\"lazy\" width=\"1900\" height=\"1900\" src=\"https:\/\/ifdcvm-slu.infd.edu.ar\/sitio\/wp-content\/uploads\/2025\/02\/IFDCVM_marzo_2025-1900x1900.jpg\" alt=\"\" class=\"wp-image-16065\" srcset=\"https:\/\/ifdcvm-slu.infd.edu.ar\/sitio\/wp-content\/uploads\/2025\/02\/IFDCVM_marzo_2025-1900x1900.jpg 1900w, https:\/\/ifdcvm-slu.infd.edu.ar\/sitio\/wp-content\/uploads\/2025\/02\/IFDCVM_marzo_2025-1000x1000.jpg 1000w, https:\/\/ifdcvm-slu.infd.edu.ar\/sitio\/wp-content\/uploads\/2025\/02\/IFDCVM_marzo_2025-500x500.jpg 500w, https:\/\/ifdcvm-slu.infd.edu.ar\/sitio\/wp-content\/uploads\/2025\/02\/IFDCVM_marzo_2025-768x768.jpg 768w, https:\/\/ifdcvm-slu.infd.edu.ar\/sitio\/wp-content\/uploads\/2025\/02\/IFDCVM_marzo_2025-1536x1536.jpg 1536w, https:\/\/ifdcvm-slu.infd.edu.ar\/sitio\/wp-content\/uploads\/2025\/02\/IFDCVM_marzo_2025-2048x2048.jpg 2048w\" sizes=\"(max-width: 1900px) 100vw, 1900px\" \/><\/figure>\n\n\n\n<p class=\"has-text-align-center\">&#x1f53d;<strong>Descargar mes de marzo 2025:<\/strong><\/p>\n\n\n\n<p class=\"has-text-align-center\"><a rel=\"noreferrer noopener\" href=\"https:\/\/ifdcvm-slu.infd.edu.ar\/sitio\/wp-content\/uploads\/2025\/02\/IFDCVM_marzo_2025.jpg\" data-type=\"URL\" data-id=\"https:\/\/ifdcvm-slu.infd.edu.ar\/sitio\/wp-content\/uploads\/2025\/02\/IFDCVM_marzo_2025.jpg\" target=\"_blank\">Formato JPG<\/a><\/p>\n\n\n\n<p class=\"has-large-font-size\"><strong>ABRIL 2025:<\/strong><\/p>\n\n\n\n<figure class=\"wp-block-image size-large\"><img decoding=\"async\" loading=\"lazy\" width=\"1900\" height=\"1900\" src=\"https:\/\/ifdcvm-slu.infd.edu.ar\/sitio\/wp-content\/uploads\/2025\/04\/Abril-1900x1900.jpg\" alt=\"\" class=\"wp-image-16354\" srcset=\"https:\/\/ifdcvm-slu.infd.edu.ar\/sitio\/wp-content\/uploads\/2025\/04\/Abril-1900x1900.jpg 1900w, https:\/\/ifdcvm-slu.infd.edu.ar\/sitio\/wp-content\/uploads\/2025\/04\/Abril-1000x1000.jpg 1000w, https:\/\/ifdcvm-slu.infd.edu.ar\/sitio\/wp-content\/uploads\/2025\/04\/Abril-500x500.jpg 500w, https:\/\/ifdcvm-slu.infd.edu.ar\/sitio\/wp-content\/uploads\/2025\/04\/Abril-768x768.jpg 768w, https:\/\/ifdcvm-slu.infd.edu.ar\/sitio\/wp-content\/uploads\/2025\/04\/Abril-1536x1536.jpg 1536w, https:\/\/ifdcvm-slu.infd.edu.ar\/sitio\/wp-content\/uploads\/2025\/04\/Abril-2048x2048.jpg 2048w\" sizes=\"(max-width: 1900px) 100vw, 1900px\" \/><\/figure>\n\n\n\n<p class=\"has-text-align-center\">&#x1f53d;<strong>Descargar mes de abril 2025:<\/strong><\/p>\n\n\n\n<p class=\"has-text-align-center\"><a rel=\"noreferrer noopener\" href=\"https:\/\/ifdcvm-slu.infd.edu.ar\/sitio\/wp-content\/uploads\/2025\/04\/Abril-1900x1900.jpg\" data-type=\"URL\" data-id=\"https:\/\/ifdcvm-slu.infd.edu.ar\/sitio\/wp-content\/uploads\/2025\/04\/Abril-1900x1900.jpg\" target=\"_blank\">Formato JPG<\/a><\/p>\n\n\n\n<p class=\"has-large-font-size\"><strong>MAYO 2025:<\/strong><\/p>\n\n\n\n<figure class=\"wp-block-image size-large\"><img decoding=\"async\" loading=\"lazy\" width=\"1900\" height=\"1900\" src=\"https:\/\/ifdcvm-slu.infd.edu.ar\/sitio\/wp-content\/uploads\/2025\/04\/Mayo-1900x1900.jpg\" alt=\"\" class=\"wp-image-16356\" srcset=\"https:\/\/ifdcvm-slu.infd.edu.ar\/sitio\/wp-content\/uploads\/2025\/04\/Mayo-1900x1900.jpg 1900w, https:\/\/ifdcvm-slu.infd.edu.ar\/sitio\/wp-content\/uploads\/2025\/04\/Mayo-1000x1000.jpg 1000w, https:\/\/ifdcvm-slu.infd.edu.ar\/sitio\/wp-content\/uploads\/2025\/04\/Mayo-500x500.jpg 500w, https:\/\/ifdcvm-slu.infd.edu.ar\/sitio\/wp-content\/uploads\/2025\/04\/Mayo-768x768.jpg 768w, https:\/\/ifdcvm-slu.infd.edu.ar\/sitio\/wp-content\/uploads\/2025\/04\/Mayo-1536x1536.jpg 1536w, https:\/\/ifdcvm-slu.infd.edu.ar\/sitio\/wp-content\/uploads\/2025\/04\/Mayo-2048x2048.jpg 2048w\" sizes=\"(max-width: 1900px) 100vw, 1900px\" \/><\/figure>\n\n\n\n<p class=\"has-text-align-center\">&#x1f53d;<strong>Descargar mes de mayo 2025:<\/strong><\/p>\n\n\n\n<p class=\"has-text-align-center\"><a rel=\"noreferrer noopener\" href=\"https:\/\/ifdcvm-slu.infd.edu.ar\/sitio\/wp-content\/uploads\/2025\/04\/Mayo-1900x1900.jpg\" data-type=\"URL\" data-id=\"https:\/\/ifdcvm-slu.infd.edu.ar\/sitio\/wp-content\/uploads\/2025\/04\/Mayo-1900x1900.jpg\" target=\"_blank\">Formato JPG<\/a><\/p>\n\n\n\n<p class=\"has-large-font-size\"><strong>JUNIO 2025:<\/strong><\/p>\n\n\n\n<figure class=\"wp-block-image size-large\"><img decoding=\"async\" loading=\"lazy\" width=\"1900\" height=\"1900\" src=\"https:\/\/ifdcvm-slu.infd.edu.ar\/sitio\/wp-content\/uploads\/2025\/05\/junio-01-1900x1900.jpg\" alt=\"\" class=\"wp-image-16512\" srcset=\"https:\/\/ifdcvm-slu.infd.edu.ar\/sitio\/wp-content\/uploads\/2025\/05\/junio-01-1900x1900.jpg 1900w, https:\/\/ifdcvm-slu.infd.edu.ar\/sitio\/wp-content\/uploads\/2025\/05\/junio-01-1000x1000.jpg 1000w, https:\/\/ifdcvm-slu.infd.edu.ar\/sitio\/wp-content\/uploads\/2025\/05\/junio-01-500x500.jpg 500w, https:\/\/ifdcvm-slu.infd.edu.ar\/sitio\/wp-content\/uploads\/2025\/05\/junio-01-768x768.jpg 768w, https:\/\/ifdcvm-slu.infd.edu.ar\/sitio\/wp-content\/uploads\/2025\/05\/junio-01-1536x1536.jpg 1536w, https:\/\/ifdcvm-slu.infd.edu.ar\/sitio\/wp-content\/uploads\/2025\/05\/junio-01-2048x2048.jpg 2048w\" sizes=\"(max-width: 1900px) 100vw, 1900px\" \/><\/figure>\n\n\n\n<p class=\"has-text-align-center\">&#x1f53d;<strong>Descargar mes de junio 2025:<\/strong><\/p>\n\n\n\n<p class=\"has-text-align-center\"><a rel=\"noreferrer noopener\" href=\"https:\/\/ifdcvm-slu.infd.edu.ar\/sitio\/wp-content\/uploads\/2025\/05\/junio-01-1900x1900.jpg\" data-type=\"URL\" data-id=\"https:\/\/ifdcvm-slu.infd.edu.ar\/sitio\/wp-content\/uploads\/2025\/05\/junio-01-1900x1900.jpg\" target=\"_blank\">Formato JPG<\/a><\/p>\n\n\n\n<p class=\"has-large-font-size\"><strong>JULIO 2025:<\/strong><\/p>\n\n\n\n<figure class=\"wp-block-gallery has-nested-images columns-default is-cropped wp-block-gallery-1 is-layout-flex\">\n<figure class=\"wp-block-image size-full\"><img decoding=\"async\" loading=\"lazy\" width=\"1600\" height=\"1600\" data-id=\"16613\"  src=\"https:\/\/ifdcvm-slu.infd.edu.ar\/sitio\/wp-content\/uploads\/2025\/06\/julio_2025.jpeg\" alt=\"\" class=\"wp-image-16613\" srcset=\"https:\/\/ifdcvm-slu.infd.edu.ar\/sitio\/wp-content\/uploads\/2025\/06\/julio_2025.jpeg 1600w, https:\/\/ifdcvm-slu.infd.edu.ar\/sitio\/wp-content\/uploads\/2025\/06\/julio_2025-1000x1000.jpeg 1000w, https:\/\/ifdcvm-slu.infd.edu.ar\/sitio\/wp-content\/uploads\/2025\/06\/julio_2025-500x500.jpeg 500w, https:\/\/ifdcvm-slu.infd.edu.ar\/sitio\/wp-content\/uploads\/2025\/06\/julio_2025-768x768.jpeg 768w, https:\/\/ifdcvm-slu.infd.edu.ar\/sitio\/wp-content\/uploads\/2025\/06\/julio_2025-1536x1536.jpeg 1536w\" sizes=\"(max-width: 1600px) 100vw, 1600px\" \/><\/figure>\n<\/figure>\n\n\n\n<p class=\"has-text-align-center\">&#x1f53d;<strong>Descargar mes de julio 2025:<\/strong><\/p>\n\n\n\n<p class=\"has-text-align-center\"><a href=\"https:\/\/ifdcvm-slu.infd.edu.ar\/sitio\/wp-content\/uploads\/2025\/06\/julio_2025.jpeg\" data-type=\"URL\" data-id=\"https:\/\/ifdcvm-slu.infd.edu.ar\/sitio\/wp-content\/uploads\/2025\/06\/julio_2025.jpeg\" target=\"_blank\" rel=\"noreferrer noopener\">Formato JPG<\/a><\/p>\n","protected":false},"excerpt":{"rendered":"<p>El calendario acad\u00e9mico&nbsp;es el sistema que utilizamos en nuestro instituto para ordenar las actividades acad\u00e9micas a lo largo del ciclo lectivo&nbsp;(inscripciones a las carreras, a las materias, fechas de ex\u00e1menes finales, principio y fin de cada cuatrimestre, etc). CALENDARIO ACAD\u00c9MICO Y ADMINISTRATIVO 2025: &#x1f53d;Descargar Calendario acad\u00e9mico 2025: Formato JPG | Formato PDF OCTUBRE 2025: NOVIEMBRE &#8230; <a title=\"Calendario acad\u00e9mico 2025\" class=\"read-more\" href=\"https:\/\/ifdcvm-slu.infd.edu.ar\/sitio\/calendario-academico-2025\/\" aria-label=\"More on Calendario acad\u00e9mico 2025\">[+]<\/a><\/p>\n","protected":false},"author":1518,"featured_media":0,"parent":0,"menu_order":0,"comment_status":"closed","ping_status":"closed","template":"","meta":[],"acf":[],"_links":{"self":[{"href":"https:\/\/ifdcvm-slu.infd.edu.ar\/sitio\/wp-json\/wp\/v2\/pages\/16032"}],"collection":[{"href":"https:\/\/ifdcvm-slu.infd.edu.ar\/sitio\/wp-json\/wp\/v2\/pages"}],"about":[{"href":"https:\/\/ifdcvm-slu.infd.edu.ar\/sitio\/wp-json\/wp\/v2\/types\/page"}],"author":[{"embeddable":true,"href":"https:\/\/ifdcvm-slu.infd.edu.ar\/sitio\/wp-json\/wp\/v2\/users\/1518"}],"replies":[{"embeddable":true,"href":"https:\/\/ifdcvm-slu.infd.edu.ar\/sitio\/wp-json\/wp\/v2\/comments?post=16032"}],"version-history":[{"count":6,"href":"https:\/\/ifdcvm-slu.infd.edu.ar\/sitio\/wp-json\/wp\/v2\/pages\/16032\/revisions"}],"predecessor-version":[{"id":17261,"href":"https:\/\/ifdcvm-slu.infd.edu.ar\/sitio\/wp-json\/wp\/v2\/pages\/16032\/revisions\/17261"}],"wp:attachment":[{"href":"https:\/\/ifdcvm-slu.infd.edu.ar\/sitio\/wp-json\/wp\/v2\/media?parent=16032"}],"curies":[{"name":"wp","href":"https:\/\/api.w.org\/{rel}","templated":true}]}}