{"id":16094,"date":"2025-02-28T11:27:39","date_gmt":"2025-02-28T14:27:39","guid":{"rendered":"https:\/\/ifdcvm-slu.infd.edu.ar\/sitio\/?page_id=16094"},"modified":"2025-02-28T11:41:37","modified_gmt":"2025-02-28T14:41:37","slug":"revista-intersecciones","status":"publish","type":"page","link":"https:\/\/ifdcvm-slu.infd.edu.ar\/sitio\/revista-intersecciones\/","title":{"rendered":"Revista \u00abIntersecciones\u00bb"},"content":{"rendered":"\n<p>En este espacio de nuestro sitio web se encontrar\u00e1n las futuras publicaciones de la revista <strong>\u00abIntersecciones\u00bb<\/strong>. La revista ser\u00e1 un espacio en el que la educaci\u00f3n y la cultura se encuentran.<\/p>\n\n\n\n<p>En cada n\u00famero, encontrar\u00e1s:<\/p>\n\n\n\n<ul>\n<li><strong>Relatos de experiencia educativa<\/strong>: Voces que comparten sus vivencias y aprendizajes en el aula.<\/li>\n\n\n\n<li><strong>Investigaci\u00f3n<\/strong>: Profundizamos en temas claves para comprender los desaf\u00edos y oportunidades de la educaci\u00f3n actual.<\/li>\n\n\n\n<li><strong>Rese\u00f1a de libros<\/strong>: Te acercamos a las obras m\u00e1s relevantes del panorama editorial, con an\u00e1lisis cr\u00edticos y recomendaciones.<\/li>\n\n\n\n<li><strong>Art\u00edculos de divulgaci\u00f3n<\/strong>: Compartimos conocimiento de forma clara y accesible, para que puedas ampliar tus horizontes.<\/li>\n<\/ul>\n\n\n\n<p class=\"has-light-green-cyan-to-vivid-green-cyan-gradient-background has-background\">&#x2709; Para m\u00e1s informaci\u00f3n cont\u00e1ctese al correo electr\u00f3nico <strong>revistaintersecciones@ifdcvm.edu.ar<\/strong><\/p>\n","protected":false},"excerpt":{"rendered":"<p>En este espacio de nuestro sitio web se encontrar\u00e1n las futuras publicaciones de la revista \u00abIntersecciones\u00bb. La revista ser\u00e1 un espacio en el que la educaci\u00f3n y la cultura se encuentran. En cada n\u00famero, encontrar\u00e1s: &#x2709; Para m\u00e1s informaci\u00f3n cont\u00e1ctese al correo electr\u00f3nico revistaintersecciones@ifdcvm.edu.ar<\/p>\n","protected":false},"author":1518,"featured_media":0,"parent":0,"menu_order":0,"comment_status":"closed","ping_status":"closed","template":"","meta":[],"acf":[],"_links":{"self":[{"href":"https:\/\/ifdcvm-slu.infd.edu.ar\/sitio\/wp-json\/wp\/v2\/pages\/16094"}],"collection":[{"href":"https:\/\/ifdcvm-slu.infd.edu.ar\/sitio\/wp-json\/wp\/v2\/pages"}],"about":[{"href":"https:\/\/ifdcvm-slu.infd.edu.ar\/sitio\/wp-json\/wp\/v2\/types\/page"}],"author":[{"embeddable":true,"href":"https:\/\/ifdcvm-slu.infd.edu.ar\/sitio\/wp-json\/wp\/v2\/users\/1518"}],"replies":[{"embeddable":true,"href":"https:\/\/ifdcvm-slu.infd.edu.ar\/sitio\/wp-json\/wp\/v2\/comments?post=16094"}],"version-history":[{"count":2,"href":"https:\/\/ifdcvm-slu.infd.edu.ar\/sitio\/wp-json\/wp\/v2\/pages\/16094\/revisions"}],"predecessor-version":[{"id":16098,"href":"https:\/\/ifdcvm-slu.infd.edu.ar\/sitio\/wp-json\/wp\/v2\/pages\/16094\/revisions\/16098"}],"wp:attachment":[{"href":"https:\/\/ifdcvm-slu.infd.edu.ar\/sitio\/wp-json\/wp\/v2\/media?parent=16094"}],"curies":[{"name":"wp","href":"https:\/\/api.w.org\/{rel}","templated":true}]}}