{"id":16380,"date":"2025-04-25T13:14:55","date_gmt":"2025-04-25T16:14:55","guid":{"rendered":"https:\/\/ifdcvm-slu.infd.edu.ar\/sitio\/?page_id=16380"},"modified":"2025-07-29T16:10:25","modified_gmt":"2025-07-29T19:10:25","slug":"calendario-ambiental-2025","status":"publish","type":"page","link":"https:\/\/ifdcvm-slu.infd.edu.ar\/sitio\/calendario-ambiental-2025\/","title":{"rendered":"Calendario Ambiental 2025"},"content":{"rendered":"\n<p>&#x1f331;El \u00c1rea de Pedagog\u00eda Ambiental de nuestro instituto comparte el Calendario Ambiental 2025:<\/p>\n\n\n\n<p>&#x1f539;A modo de introducci\u00f3n: \u00bfPor qu\u00e9 un Calendario Ambiental? Muchas son las conmemoraciones que d\u00eda a d\u00eda se recuerdan o celebran y f\u00e1cilmente se puede encontrar informaci\u00f3n de las mismas en la web que nos permita profundizar cada fecha, entendiendo el porqu\u00e9 de la conmemoraci\u00f3n.<\/p>\n\n\n\n<p>&#x2139; La idea de brindar un calendario ambiental tiene que ver con poner a disposici\u00f3n un recurso sencillo a docentes de los distintos niveles del Sistema Educativo Provincial, que les permita acceder f\u00e1cilmente a informaci\u00f3n para llevarla a las instituciones en las que se desempe\u00f1an. Evidentemente cada equipo docente determinar\u00e1 c\u00f3mo usarlo, dependiendo de los tiempos, orientaciones de cada<br>instituci\u00f3n, etc.<\/p>\n\n\n\n<p>&#x1f49a;\u00a1Esperamos que sirva y pueda complementar las acciones propuestas para el a\u00f1o!<\/p>\n\n\n\n<figure class=\"wp-block-image size-full\"><a href=\"https:\/\/drive.google.com\/file\/d\/13eJKCoPYm1WIuJlt1G8aMtJKBq6LdJQy\/view?usp=drive_link\" target=\"_blank\" rel=\"noreferrer noopener\"><img decoding=\"async\" loading=\"lazy\" width=\"595\" height=\"842\" src=\"https:\/\/ifdcvm-slu.infd.edu.ar\/sitio\/wp-content\/uploads\/2025\/04\/introduccion-calendario-2025_001.png\" alt=\"\" class=\"wp-image-16407\"\/><\/a><\/figure>\n\n\n\n<p>&#x1f449;<a rel=\"noreferrer noopener\" href=\"https:\/\/drive.google.com\/file\/d\/13eJKCoPYm1WIuJlt1G8aMtJKBq6LdJQy\/view?usp=drive_link\" target=\"_blank\">Introducci\u00f3n al Calendario Ambiental 2025<\/a><\/p>\n\n\n\n<p>&#x1f4c5;&#x23ec;<strong>Hac\u00e9 clic en el mes de tu inter\u00e9s para descargarlo:<\/strong><\/p>\n\n\n\n<p class=\"has-background\" style=\"background-color:#b1e798\">&#x23ec;<a rel=\"noreferrer noopener\" href=\"https:\/\/drive.google.com\/file\/d\/1wWmxPyMBBuWgexH84HKU_sBiL-fc5NeS\/view?usp=drive_link\" data-type=\"URL\" data-id=\"https:\/\/drive.google.com\/file\/d\/1wWmxPyMBBuWgexH84HKU_sBiL-fc5NeS\/view?usp=drive_link\" target=\"_blank\">MARZO<\/a><\/p>\n\n\n\n<p class=\"has-background\" style=\"background-color:#b1e798\">&#x1f53d;<a rel=\"noreferrer noopener\" href=\"https:\/\/drive.google.com\/file\/d\/1VQVRRMieF9XbgtmlO86MYh1ea1RlEeCW\/view?usp=drive_link\" data-type=\"URL\" data-id=\"https:\/\/drive.google.com\/file\/d\/1VQVRRMieF9XbgtmlO86MYh1ea1RlEeCW\/view?usp=drive_link\" target=\"_blank\">ABRIL<\/a><\/p>\n\n\n\n<p class=\"has-background\" style=\"background-color:#b1e798\">&#x1f53d;<a rel=\"noreferrer noopener\" href=\"https:\/\/drive.google.com\/file\/d\/1EzugWpeVbG4di_AO2PfuT-P477oTpuGJ\/view?usp=drive_link\" data-type=\"URL\" data-id=\"https:\/\/drive.google.com\/file\/d\/1EzugWpeVbG4di_AO2PfuT-P477oTpuGJ\/view?usp=drive_link\" target=\"_blank\">MAYO<\/a><\/p>\n\n\n\n<p class=\"has-background\" style=\"background-color:#b1e798\">&#x1f53d;<a rel=\"noreferrer noopener\" href=\"https:\/\/drive.google.com\/file\/d\/13A7d-2phw4u6xKqlF0BWMblc0uLwNtxs\/view?usp=drive_link\" data-type=\"URL\" data-id=\"https:\/\/drive.google.com\/file\/d\/13A7d-2phw4u6xKqlF0BWMblc0uLwNtxs\/view?usp=drive_link\" target=\"_blank\">JUNIO<\/a><\/p>\n\n\n\n<p class=\"has-background\" style=\"background-color:#b1e798\"><a rel=\"noreferrer noopener\" href=\"https:\/\/drive.google.com\/file\/d\/15CR4W6CMGkL_GvtYNDpTVtjuS3Hvqj2_\/view?ts=685d60b1\" data-type=\"URL\" data-id=\"https:\/\/drive.google.com\/file\/d\/15CR4W6CMGkL_GvtYNDpTVtjuS3Hvqj2_\/view?ts=685d60b1\" target=\"_blank\">&#x1f53d;JULIO<\/a><\/p>\n\n\n\n<p class=\"has-background\" style=\"background-color:#b1e798\">&#x1f53d;<a href=\"https:\/\/drive.google.com\/file\/d\/1PkizOE6P4jsDf_uVIgD-I2q5etcIf49w\/view?usp=drive_link\" data-type=\"URL\" data-id=\"https:\/\/drive.google.com\/file\/d\/1PkizOE6P4jsDf_uVIgD-I2q5etcIf49w\/view?usp=drive_link\" target=\"_blank\" rel=\"noreferrer noopener\">AGOSTO<\/a><\/p>\n\n\n\n<p class=\"has-background\" style=\"background-color:#b1e798\">&#x1f53d;<a href=\"https:\/\/drive.google.com\/file\/d\/1PTcTGbl-F8JzKQeVDspsLWzVqvdKmwml\/view?usp=drive_link\" data-type=\"URL\" data-id=\"https:\/\/drive.google.com\/file\/d\/1PTcTGbl-F8JzKQeVDspsLWzVqvdKmwml\/view?usp=drive_link\" target=\"_blank\" rel=\"noreferrer noopener\">SEPTIEMBRE<\/a><\/p>\n\n\n\n<p class=\"has-base-background-color has-background\">&#x1f4e8;Contacto con el \u00c1rea de Pedagog\u00eda Ambiental: pedagogiaambiental@ifdcvm.edu.ar<\/p>\n","protected":false},"excerpt":{"rendered":"<p>&#x1f331;El \u00c1rea de Pedagog\u00eda Ambiental de nuestro instituto comparte el Calendario Ambiental 2025: &#x1f539;A modo de introducci\u00f3n: \u00bfPor qu\u00e9 un Calendario Ambiental? Muchas son las conmemoraciones que d\u00eda a d\u00eda se recuerdan o celebran y f\u00e1cilmente se puede encontrar informaci\u00f3n de las mismas en la web que nos permita profundizar cada fecha, entendiendo el porqu\u00e9 &#8230; <a title=\"Calendario Ambiental 2025\" class=\"read-more\" href=\"https:\/\/ifdcvm-slu.infd.edu.ar\/sitio\/calendario-ambiental-2025\/\" aria-label=\"More on Calendario Ambiental 2025\">[+]<\/a><\/p>\n","protected":false},"author":1518,"featured_media":0,"parent":0,"menu_order":0,"comment_status":"closed","ping_status":"closed","template":"","meta":[],"acf":[],"_links":{"self":[{"href":"https:\/\/ifdcvm-slu.infd.edu.ar\/sitio\/wp-json\/wp\/v2\/pages\/16380"}],"collection":[{"href":"https:\/\/ifdcvm-slu.infd.edu.ar\/sitio\/wp-json\/wp\/v2\/pages"}],"about":[{"href":"https:\/\/ifdcvm-slu.infd.edu.ar\/sitio\/wp-json\/wp\/v2\/types\/page"}],"author":[{"embeddable":true,"href":"https:\/\/ifdcvm-slu.infd.edu.ar\/sitio\/wp-json\/wp\/v2\/users\/1518"}],"replies":[{"embeddable":true,"href":"https:\/\/ifdcvm-slu.infd.edu.ar\/sitio\/wp-json\/wp\/v2\/comments?post=16380"}],"version-history":[{"count":14,"href":"https:\/\/ifdcvm-slu.infd.edu.ar\/sitio\/wp-json\/wp\/v2\/pages\/16380\/revisions"}],"predecessor-version":[{"id":16746,"href":"https:\/\/ifdcvm-slu.infd.edu.ar\/sitio\/wp-json\/wp\/v2\/pages\/16380\/revisions\/16746"}],"wp:attachment":[{"href":"https:\/\/ifdcvm-slu.infd.edu.ar\/sitio\/wp-json\/wp\/v2\/media?parent=16380"}],"curies":[{"name":"wp","href":"https:\/\/api.w.org\/{rel}","templated":true}]}}