{"id":16634,"date":"2025-07-03T10:10:59","date_gmt":"2025-07-03T13:10:59","guid":{"rendered":"https:\/\/ifdcvm-slu.infd.edu.ar\/sitio\/?page_id=16634"},"modified":"2026-03-11T12:37:10","modified_gmt":"2026-03-11T15:37:10","slug":"publicaciones","status":"publish","type":"page","link":"https:\/\/ifdcvm-slu.infd.edu.ar\/sitio\/publicaciones\/","title":{"rendered":"Publicaciones"},"content":{"rendered":"\n<h4 class=\"wp-block-heading\">Publicaciones del IFDC Villa Mercedes<\/h4>\n\n\n\n<p>Aqu\u00ed podr\u00e1s explorar una valiosa colecci\u00f3n de <strong>art\u00edculos, investigaciones y producciones acad\u00e9micas<\/strong> generadas por nuestra comunidad educativa. Esta secci\u00f3n es un punto de encuentro para el conocimiento y la innovaci\u00f3n, reflejando el compromiso del IFDC Villa Mercedes con la educaci\u00f3n y la difusi\u00f3n del saber.<\/p>\n\n\n\n<p><\/p>\n\n\n\n<figure class=\"wp-block-table\"><table><tbody><tr><td><strong>Nombre de la publicaci\u00f3n<\/strong><\/td><td><strong>Descripci\u00f3n<\/strong><\/td><td class=\"has-text-align-center\" data-align=\"center\"><strong>Link<\/strong><\/td><\/tr><tr><td>Revista \u00abIntersecciones\u00bb<\/td><td><em><strong>Intersecciones&nbsp;<\/strong><\/em>es una publicaci\u00f3n de la Direcci\u00f3n de Extensi\u00f3n del Instituto de Formaci\u00f3n Docente Continua de Villa Mercedes (San Luis). Publica rese\u00f1as de libros, art\u00edculos de investigaci\u00f3n, divulgaci\u00f3n, relatos de experiencias y pr\u00e1cticas, referidos a temas relacionados con la educaci\u00f3n, principalmente producidos en el contexto de nuestra instituci\u00f3n y con impacto en la comunidad educativa provincial. Nuestro objetivo es poner en circulaci\u00f3n conocimientos y experiencias que fortalezcan los lazos entre todos los actores del sistema a partir de la intersecci\u00f3n de las pr\u00e1cticas educativas con diversas disciplinas y \u00e1reas de conocimiento.<\/td><td class=\"has-text-align-center\" data-align=\"center\"><img decoding=\"async\" src=\"https:\/\/ifdcvm-slu.infd.edu.ar\/sitio\/wp-content\/uploads\/2025\/07\/web_tapa-723x1024-1.png\" alt=\"\"><br><a href=\"https:\/\/intersecciones.ifdcvm.edu.ar\/\">https:\/\/intersecciones.ifdcvm.edu.ar\/<\/a><\/td><\/tr><tr><td>Hogar Escuela Eva Per\u00f3n<br>1952 &#8211; 2003<br><br>Historias de infancias, trayectorias docentes y pol\u00edticas educativas<br><br><strong>Autores<\/strong>: Cintia Mart\u00ednez y Fernando Aguirre<\/td><td><strong>Una met\u00e1fora de lo real a lo posible,&nbsp; para hacer posible lo necesario<\/strong><br>La lectura de textos hist\u00f3ricos, aunque nos sit\u00faa en el pasado, genera un debate desde nuestro presente, ya que el pasado forja y condiciona nuestro tiempo actual. Esta conexi\u00f3n es m\u00e1s intensa cuando se trata de un lugar conocido, como el Hogar Escuela de Villa Mercedes, cuya historia se entrelaza con la de Argentina desde su fundaci\u00f3n. Creado bajo un modelo de pa\u00eds inclusivo con una econom\u00eda integrada, el Hogar Escuela promovi\u00f3 la integraci\u00f3n social de ni\u00f1os y ni\u00f1as. A pesar de intentos de desguace tras 1955, la comunidad de Villa Mercedes lo defendi\u00f3, manteni\u00e9ndolo vivo. Curiosamente, su cierre dio paso a nuevas instituciones educativas en el mismo predio, lo que demuestra que sembrar escuelas es apostar por un futuro s\u00f3lido. El Hogar Escuela fue un s\u00edmbolo de integraci\u00f3n y dignidad, valores que siguen siendo cruciales hoy.<\/td><td class=\"has-text-align-center\" data-align=\"center\"><img decoding=\"async\" src=\"https:\/\/ifdcvm-slu.infd.edu.ar\/sitio\/wp-content\/uploads\/2025\/08\/tapa-02.jpg\" alt=\"\"><br><a rel=\"noreferrer noopener\" href=\"https:\/\/ifdcvm-slu.infd.edu.ar\/sitio\/wp-content\/uploads\/2025\/10\/Version-FINAL_-Digital_v5.pdf\" data-type=\"URL\" data-id=\"https:\/\/ifdcvm-slu.infd.edu.ar\/sitio\/wp-content\/uploads\/2025\/10\/Version-FINAL_-Digital_v5.pdf\" target=\"_blank\">Link de descarga<\/a><\/td><\/tr><tr><td>\u00c1rea de Pedagog\u00eda Ambiental<\/td><td>El <strong>\u00c1rea de Pedagog\u00eda Ambiental<\/strong> se dedica a la <strong>educaci\u00f3n para la sostenibilidad<\/strong>, buscando que las personas comprendan la interconexi\u00f3n entre la sociedad y el medio ambiente. Su objetivo principal es <strong>fomentar una conciencia cr\u00edtica<\/strong> sobre los desaf\u00edos ambientales, promoviendo <strong>cambios de comportamiento y actitudes<\/strong> hacia pr\u00e1cticas m\u00e1s sostenibles. Esto implica el desarrollo de <strong>programas educativos<\/strong> y <strong>actividades participativas<\/strong> que aborden temas como el cambio clim\u00e1tico, la biodiversidad, la gesti\u00f3n de residuos y el consumo responsable. Trabajan con diversas audiencias, desde escuelas hasta comunidades, utilizando metodolog\u00edas que van m\u00e1s all\u00e1 de la mera transmisi\u00f3n de informaci\u00f3n, buscando <strong>impulsar la acci\u00f3n y la participaci\u00f3n ciudadana<\/strong> en la b\u00fasqueda de soluciones ambientales. En esencia, el \u00e1rea de pedagog\u00eda ambiental capacita a los individuos para ser agentes de cambio en la construcci\u00f3n de un futuro m\u00e1s verde y equitativo.<\/td><td class=\"has-text-align-center\" data-align=\"center\"><a href=\"https:\/\/ifdcvm-slu.infd.edu.ar\/sitio\/calendario-ambiental-2026\/\" data-type=\"URL\" data-id=\"https:\/\/ifdcvm-slu.infd.edu.ar\/sitio\/calendario-ambiental-2026\/\" target=\"_blank\" rel=\"noreferrer noopener\"><img decoding=\"async\" src=\"https:\/\/ifdcvm-slu.infd.edu.ar\/sitio\/wp-content\/uploads\/2026\/03\/web_CALENDARIO_AMBIENTAL_2026.png\" alt=\"\"><\/a><br>Calendario Ambiental 2026<br><a rel=\"noreferrer noopener\" href=\"https:\/\/ifdcvm-slu.infd.edu.ar\/sitio\/calendario-ambiental-2026\/\" data-type=\"URL\" data-id=\"https:\/\/ifdcvm-slu.infd.edu.ar\/sitio\/calendario-ambiental-2026\/\" target=\"_blank\">Acceder a la publicaci\u00f3n<\/a><br><br><br><img decoding=\"async\" width=\"200\" src=\"https:\/\/ifdcvm-slu.infd.edu.ar\/sitio\/wp-content\/uploads\/2025\/07\/pensado_en_verde_web.jpg\" alt=\"\"><br>\u00abPensando en verde. Fichando el Ambiente\u00bb<br><a rel=\"noreferrer noopener\" href=\"https:\/\/ifdcvm-slu.infd.edu.ar\/sitio\/pensando-en-verde-fichando-el-ambiente\/\" data-type=\"URL\" data-id=\"https:\/\/ifdcvm-slu.infd.edu.ar\/sitio\/pensando-en-verde-fichando-el-ambiente\/\" target=\"_blank\">Link de descarga<\/a><\/td><\/tr><\/tbody><\/table><\/figure>\n","protected":false},"excerpt":{"rendered":"<p>Publicaciones del IFDC Villa Mercedes Aqu\u00ed podr\u00e1s explorar una valiosa colecci\u00f3n de art\u00edculos, investigaciones y producciones acad\u00e9micas generadas por nuestra comunidad educativa. Esta secci\u00f3n es un punto de encuentro para el conocimiento y la innovaci\u00f3n, reflejando el compromiso del IFDC Villa Mercedes con la educaci\u00f3n y la difusi\u00f3n del saber. Nombre de la publicaci\u00f3n Descripci\u00f3n &#8230; <a title=\"Publicaciones\" class=\"read-more\" href=\"https:\/\/ifdcvm-slu.infd.edu.ar\/sitio\/publicaciones\/\" aria-label=\"More on Publicaciones\">[+]<\/a><\/p>\n","protected":false},"author":1518,"featured_media":0,"parent":0,"menu_order":0,"comment_status":"closed","ping_status":"closed","template":"","meta":[],"acf":[],"_links":{"self":[{"href":"https:\/\/ifdcvm-slu.infd.edu.ar\/sitio\/wp-json\/wp\/v2\/pages\/16634"}],"collection":[{"href":"https:\/\/ifdcvm-slu.infd.edu.ar\/sitio\/wp-json\/wp\/v2\/pages"}],"about":[{"href":"https:\/\/ifdcvm-slu.infd.edu.ar\/sitio\/wp-json\/wp\/v2\/types\/page"}],"author":[{"embeddable":true,"href":"https:\/\/ifdcvm-slu.infd.edu.ar\/sitio\/wp-json\/wp\/v2\/users\/1518"}],"replies":[{"embeddable":true,"href":"https:\/\/ifdcvm-slu.infd.edu.ar\/sitio\/wp-json\/wp\/v2\/comments?post=16634"}],"version-history":[{"count":15,"href":"https:\/\/ifdcvm-slu.infd.edu.ar\/sitio\/wp-json\/wp\/v2\/pages\/16634\/revisions"}],"predecessor-version":[{"id":17689,"href":"https:\/\/ifdcvm-slu.infd.edu.ar\/sitio\/wp-json\/wp\/v2\/pages\/16634\/revisions\/17689"}],"wp:attachment":[{"href":"https:\/\/ifdcvm-slu.infd.edu.ar\/sitio\/wp-json\/wp\/v2\/media?parent=16634"}],"curies":[{"name":"wp","href":"https:\/\/api.w.org\/{rel}","templated":true}]}}