{"id":16777,"date":"2025-08-04T11:07:50","date_gmt":"2025-08-04T14:07:50","guid":{"rendered":"https:\/\/ifdcvm-slu.infd.edu.ar\/sitio\/?page_id=16777"},"modified":"2025-08-04T11:07:52","modified_gmt":"2025-08-04T14:07:52","slug":"rai-regimen-academico-institucional","status":"publish","type":"page","link":"https:\/\/ifdcvm-slu.infd.edu.ar\/sitio\/rai-regimen-academico-institucional\/","title":{"rendered":"RAI (R\u00e9gimen Acad\u00e9mico Institucional)"},"content":{"rendered":"\n<p>R\u00e9gimen Acad\u00e9mico Institucional.<\/p>\n\n\n\n<p class=\"has-background\" style=\"background-color:#ffdbdb\">En proceso de redacci\u00f3n.<\/p>\n","protected":false},"excerpt":{"rendered":"<p>R\u00e9gimen Acad\u00e9mico Institucional. En proceso de redacci\u00f3n.<\/p>\n","protected":false},"author":1518,"featured_media":0,"parent":0,"menu_order":0,"comment_status":"closed","ping_status":"closed","template":"","meta":[],"acf":[],"_links":{"self":[{"href":"https:\/\/ifdcvm-slu.infd.edu.ar\/sitio\/wp-json\/wp\/v2\/pages\/16777"}],"collection":[{"href":"https:\/\/ifdcvm-slu.infd.edu.ar\/sitio\/wp-json\/wp\/v2\/pages"}],"about":[{"href":"https:\/\/ifdcvm-slu.infd.edu.ar\/sitio\/wp-json\/wp\/v2\/types\/page"}],"author":[{"embeddable":true,"href":"https:\/\/ifdcvm-slu.infd.edu.ar\/sitio\/wp-json\/wp\/v2\/users\/1518"}],"replies":[{"embeddable":true,"href":"https:\/\/ifdcvm-slu.infd.edu.ar\/sitio\/wp-json\/wp\/v2\/comments?post=16777"}],"version-history":[{"count":1,"href":"https:\/\/ifdcvm-slu.infd.edu.ar\/sitio\/wp-json\/wp\/v2\/pages\/16777\/revisions"}],"predecessor-version":[{"id":16778,"href":"https:\/\/ifdcvm-slu.infd.edu.ar\/sitio\/wp-json\/wp\/v2\/pages\/16777\/revisions\/16778"}],"wp:attachment":[{"href":"https:\/\/ifdcvm-slu.infd.edu.ar\/sitio\/wp-json\/wp\/v2\/media?parent=16777"}],"curies":[{"name":"wp","href":"https:\/\/api.w.org\/{rel}","templated":true}]}}