{"id":17391,"date":"2025-11-04T07:05:59","date_gmt":"2025-11-04T10:05:59","guid":{"rendered":"https:\/\/ifdcvm-slu.infd.edu.ar\/sitio\/?page_id=17391"},"modified":"2026-04-17T10:58:58","modified_gmt":"2026-04-17T13:58:58","slug":"docentes-solicitud-de-rac-por-actividades-academicas-2025","status":"publish","type":"page","link":"https:\/\/ifdcvm-slu.infd.edu.ar\/sitio\/docentes-solicitud-de-rac-por-actividades-academicas-2025\/","title":{"rendered":"Docentes: Solicitud de RAc por actividades acad\u00e9micas 2025"},"content":{"rendered":"\n<p class=\"has-background\" style=\"background-color:#ffbaba\">Los <strong>formularios para la solicitud de certificaci\u00f3n de resoluciones acad\u00e9micas<\/strong>, que avalan actividades acad\u00e9micas, <strong>estar\u00e1n disponibles a partir del martes 21\/04\/2026<\/strong>. Muchas gracias.<\/p>\n\n\n\n<p>Solicitud de RAc\u00a0 por actividades\u00a0 acad\u00e9micas 2025<\/p>\n\n\n\n<p>Estimados\/as docentes del IFDC-VM:<\/p>\n\n\n\n<p>A fin de realizar la resoluci\u00f3n acad\u00e9mica (<strong>RAc<\/strong>) que acredite las actividades enunciadas a continuaci\u00f3n, le solicitamos completar el&nbsp; formulario de carga, considerando lo estipulado en <a href=\"https:\/\/drive.google.com\/file\/d\/1krziVojNtU5RPWUFYwo1O6lMnyKxroA6\/view?usp=sharing\">RAc N\u00b0 130\/2024<\/a>.<\/p>\n\n\n\n<p>La recepci\u00f3n de la solicitud \u00fanicamente se recepcionar\u00e1 a trav\u00e9s de los formularios compartidos, atendiendo a que el documento a adjuntar deber\u00e1 ser en <strong>formato Word<\/strong>, se debe descargar el documento antes de completar.<\/p>\n\n\n\n<p>Direcci\u00f3n Acad\u00e9mica IFDC-VM<\/p>\n\n\n\n<figure class=\"wp-block-table alignleft\"><table><tbody><tr><td><strong>Actividad Acad\u00e9mica<\/strong><\/td><td><strong>Documento<\/strong><\/td><td><strong>Formulario de carga<\/strong><\/td><\/tr><tr><td><strong>Fecha de presentaci\u00f3n<\/strong><\/td><td colspan=\"2\">Desde el 10\/11\/ 2025 hasta el 03\/12\/2025 (seg\u00fan establece el calendario acad\u00e9mico en RAc N\u00b0 01\/2025)<\/td><\/tr><tr><td><strong><u>Solicitud:<\/u><\/strong><strong> Proyectos de Fortalecimiento de la Formaci\u00f3n Inicial, Taller Integrador o Taller Interdisciplinario:<\/strong> Proyecto realizado por un periodo mayor a un mes, entre dos o m\u00e1s unidades curriculares (del mismo o de diferentes campos de formaci\u00f3n), en torno a una tem\u00e1tica o problem\u00e1tica espec\u00edfica. La caracter\u00edstica fundamental de estos proyectos es que han compartido un mismo instrumento de evaluaci\u00f3n y tiene por objetivo fortalecer la formaci\u00f3n inicial.<\/td><td>Adjuntar&nbsp; un archivo WORD con la siguiente informaci\u00f3n: <a href=\"https:\/\/docs.google.com\/document\/d\/14W1aeKrB-wlcaDBTecgZJaW9O4RuMCmq\/edit?usp=sharing&amp;ouid=105345825733028510075&amp;rtpof=true&amp;sd=true\">Solicitud: Proyectos de Fortalecimiento de la Formaci\u00f3n Inicial, <\/a><a href=\"https:\/\/docs.google.com\/document\/d\/14W1aeKrB-wlcaDBTecgZJaW9O4RuMCmq\/edit?usp=sharing&amp;ouid=105345825733028510075&amp;rtpof=true&amp;sd=true\">Taller Integrador o Taller Interdisciplinario<\/a><strong><\/strong><\/td><td>El\/la docente a cargo del proyecto completar\u00e1 el siguiente <a href=\"https:\/\/forms.gle\/gurAYzEDUmpW5Eap9\">formulario<\/a> y adjuntar\u00e1 el documento en formato word.<\/td><\/tr><tr><td><strong><u>Participaci\u00f3n:<\/u><\/strong><strong> Proyectos de Fortalecimiento de la Formaci\u00f3n Inicial, Taller Integrador o Taller Interdisciplinario:<\/strong> Solicitud de reconocimiento por la participaci\u00f3n en los proyectos, aplica tanto a docentes como estudiantes e invitados especiales que posibilitan la implementaci\u00f3n del proyecto.<\/td><td>Adjuntar&nbsp; un archivo WORD con la siguiente informaci\u00f3n: <a href=\"https:\/\/docs.google.com\/document\/d\/1Ih59CyK7H4cG8pej-0MRspay2mEnEucxVStfGgQKjsY\/edit?usp=drive_link\">Participaci\u00f3n: Proyectos de Fortalecimiento de la Formaci\u00f3n Inicial, Taller Integrador o Taller Interdisciplinario<\/a><\/td><td>El\/la docente a cargo del proyecto completar\u00e1 el siguiente <a href=\"https:\/\/forms.gle\/w7XfubKNx6jZV1ox6\">formulario<\/a> y adjuntar\u00e1 el documento en formato word. &nbsp;<\/td><\/tr><tr><td><strong>Docente colaborador\/a:<\/strong> Profesores\/as que han participado como invitados\/as de una UC.<\/td><td>Adjuntar&nbsp; un archivo WORD con la siguiente informaci\u00f3n: <a href=\"https:\/\/docs.google.com\/document\/d\/1xNy9V38-mfZbUnwtt6leB_a1PcxVqcFx\/edit?usp=sharing&amp;ouid=105345825733028510075&amp;rtpof=true&amp;sd=true\">Solicitud: Docente Colaborador\/a<\/a><\/td><td>El\/la docente responsable o a cargo de la UC que realiz\u00f3 la invitaci\u00f3n completar\u00e1 con sus datos el siguiente <a href=\"https:\/\/forms.gle\/6Fcpb6qSFGsKY4Tv5\">formulario<\/a> y adjuntar\u00e1 el documento en formato word.<\/td><\/tr><tr><td><strong>Formador\/a de practicantes<\/strong> (RRe N\u00b0 124\/2019): Profesores\/as responsables o auxiliares de todos los profesorados y UC que no pertenezcan al Campo de la Pr\u00e1ctica Profesional, que hayan colaborado con las tareas de observaci\u00f3n y evaluaci\u00f3n del desempe\u00f1o de los\/as estudiantes en situaci\u00f3n de pr\u00e1ctica profesional.<\/td><td>Adjuntar&nbsp; un archivo WORD con la siguiente informaci\u00f3n: <a href=\"https:\/\/docs.google.com\/document\/d\/1JnycUT_bXs-zL2l-K-832fyyw-qC34uW\/edit?usp=sharing&amp;ouid=105345825733028510075&amp;rtpof=true&amp;sd=true\">Solicitud: <\/a><a href=\"https:\/\/docs.google.com\/document\/d\/1JnycUT_bXs-zL2l-K-832fyyw-qC34uW\/edit?usp=sharing&amp;ouid=105345825733028510075&amp;rtpof=true&amp;sd=true\">Formador\/a de practicantes<\/a> &nbsp;<\/td><td>El\/la docente responsable o a cargo de la UC del CFPP completar\u00e1 el siguiente <a href=\"https:\/\/forms.gle\/2b89ueypKGxpNx4GA\">formulario<\/a> y adjuntar\u00e1 el documento en formato word.<\/td><\/tr><tr><td><strong>Reconocimiento de Escuelas Asociadas (EA) y\/o de directivos\/as y docentes coformadores\/as (orientadores):<\/strong> Escuelas Asociadas, directivos y docentes que hayan participado en la formaci\u00f3n de practicantes ya sea asesorando, observando o brindando su espacio para las implementaciones del Campo de la PP.<\/td><td>Adjuntar&nbsp; un archivo WORD con la siguiente informaci\u00f3n: <a href=\"https:\/\/docs.google.com\/document\/d\/1sW45c0BiQXDybi3x6h41x2uAPBf25zcI\/edit?usp=drive_link&amp;ouid=102899293421798946696&amp;rtpof=true&amp;sd=true\">Reconocimiento de Escuelas Asociadas (EA) y\/o de directivos\/as y docentes coformadores\/as (orientadores)<\/a><\/td><td>El\/la docente responsable o a cargo de la UC del CFPP completar\u00e1 el siguiente <a href=\"https:\/\/forms.gle\/xJBqz2JxL6NqnXNY9\">formulario<\/a> &nbsp;y adjuntar\u00e1 el documento en formato word.<\/td><\/tr><tr><td><strong>Asesor Disciplinar&nbsp;&nbsp; (RAc N\u00b0 109\/2013):<\/strong> Profesores\/as responsables o auxiliares de todos los profesorados y UC que hayan: Acompa\u00f1ado y orientado a los\/as practicantes en su proceso de formaci\u00f3n. Asesorando de modo sistem\u00e1tico a los\/as practicantes en lo relativo a las decisiones epist\u00e9mico-disciplinares que forman parte de su especialidad, por el tiempo que dure el trabajo de dise\u00f1o de planificaci\u00f3n \u00e1ulica y su implementaci\u00f3n.&nbsp; Asesorado en lo atinente a proyectos educativos, trabajos de campo, estudios exploratorios sobre la disciplina, llevados a cabo desde alguna UC del CFPP.<strong><\/strong><\/td><td>Adjuntar un archivo en formato WORD con la siguiente informaci\u00f3n: <a href=\"https:\/\/docs.google.com\/document\/d\/1NrhbTbv-1YUygBewriwgV2JobhaLV_Ch\/edit?usp=drive_link&amp;ouid=102899293421798946696&amp;rtpof=true&amp;sd=true\">Asesor disciplinar<\/a><\/td><td>El\/la docente responsable o auxiliar completar\u00e1 el siguiente <a href=\"https:\/\/forms.gle\/nCC8mZBLf9Jfx7f96\">formulario<\/a> &nbsp;y adjuntar\u00e1 el documento en formato word.<\/td><\/tr><tr><td><strong>Solicitud de Tutor\u00edas 2\u00b0C 2025<\/strong> Profesores\/as responsables o auxiliares de todos los profesorados y UC que hayan acompa\u00f1ado, asesorado y orientado a estudiantes a lo largo de su formaci\u00f3n.<\/td><td>Adjuntar un archivo en formato WORD con la siguiente informaci\u00f3n: <a href=\"https:\/\/docs.google.com\/document\/d\/1EWyO5mO4_viETNitiAhjMZHrOD_J8w-aMJ41zXr9WMo\/edit?usp=drive_link\">Solicitud de RAc por Tutor\u00edas<\/a><\/td><td>El\/la docente responsable o a cargo completar\u00e1 el  siguiente <a href=\"https:\/\/forms.gle\/R2XWzsHXnDhnQhqc7\">formulario<\/a> y adjuntar\u00e1 el  ocumento en formato word.<\/td><\/tr><\/tbody><\/table><\/figure>\n\n\n\n<p>En el caso de tener alguna inquietud\/consulta, por favor escriba a <strong>secretariaacademica@ifdcvm.edu.ar<\/strong><\/p>\n\n\n\n<p><\/p>\n","protected":false},"excerpt":{"rendered":"<p>Los formularios para la solicitud de certificaci\u00f3n de resoluciones acad\u00e9micas, que avalan actividades acad\u00e9micas, estar\u00e1n disponibles a partir del martes 21\/04\/2026. Muchas gracias. Solicitud de RAc\u00a0 por actividades\u00a0 acad\u00e9micas 2025 Estimados\/as docentes del IFDC-VM: A fin de realizar la resoluci\u00f3n acad\u00e9mica (RAc) que acredite las actividades enunciadas a continuaci\u00f3n, le solicitamos completar el&nbsp; formulario de &#8230; <a title=\"Docentes: Solicitud de RAc por actividades acad\u00e9micas 2025\" class=\"read-more\" href=\"https:\/\/ifdcvm-slu.infd.edu.ar\/sitio\/docentes-solicitud-de-rac-por-actividades-academicas-2025\/\" aria-label=\"More on Docentes: Solicitud de RAc por actividades acad\u00e9micas 2025\">[+]<\/a><\/p>\n","protected":false},"author":1518,"featured_media":0,"parent":0,"menu_order":0,"comment_status":"closed","ping_status":"closed","template":"","meta":[],"acf":[],"_links":{"self":[{"href":"https:\/\/ifdcvm-slu.infd.edu.ar\/sitio\/wp-json\/wp\/v2\/pages\/17391"}],"collection":[{"href":"https:\/\/ifdcvm-slu.infd.edu.ar\/sitio\/wp-json\/wp\/v2\/pages"}],"about":[{"href":"https:\/\/ifdcvm-slu.infd.edu.ar\/sitio\/wp-json\/wp\/v2\/types\/page"}],"author":[{"embeddable":true,"href":"https:\/\/ifdcvm-slu.infd.edu.ar\/sitio\/wp-json\/wp\/v2\/users\/1518"}],"replies":[{"embeddable":true,"href":"https:\/\/ifdcvm-slu.infd.edu.ar\/sitio\/wp-json\/wp\/v2\/comments?post=17391"}],"version-history":[{"count":6,"href":"https:\/\/ifdcvm-slu.infd.edu.ar\/sitio\/wp-json\/wp\/v2\/pages\/17391\/revisions"}],"predecessor-version":[{"id":17928,"href":"https:\/\/ifdcvm-slu.infd.edu.ar\/sitio\/wp-json\/wp\/v2\/pages\/17391\/revisions\/17928"}],"wp:attachment":[{"href":"https:\/\/ifdcvm-slu.infd.edu.ar\/sitio\/wp-json\/wp\/v2\/media?parent=17391"}],"curies":[{"name":"wp","href":"https:\/\/api.w.org\/{rel}","templated":true}]}}