{"id":17483,"date":"2025-12-18T08:58:08","date_gmt":"2025-12-18T11:58:08","guid":{"rendered":"https:\/\/ifdcvm-slu.infd.edu.ar\/sitio\/?page_id=17483"},"modified":"2025-12-18T09:01:18","modified_gmt":"2025-12-18T12:01:18","slug":"definiciones-estrategicas","status":"publish","type":"page","link":"https:\/\/ifdcvm-slu.infd.edu.ar\/sitio\/definiciones-estrategicas\/","title":{"rendered":"Definiciones estrat\u00e9gicas"},"content":{"rendered":"\n<p>&#x1f680;La <strong>Misi\u00f3n<\/strong>\u00a0del IFDC Villa Mercedes, es formar profesionales docentes que puedan desempe\u00f1arse como profesores en diferentes niveles y modalidades educativas; capaces de ense\u00f1ar conocimientos valorados socialmente,\u00a0con un alto compromiso por la\u00a0formaci\u00f3n integral de las personas, con miras para la construcci\u00f3n de una sociedad m\u00e1s justa. Como as\u00ed tambi\u00e9n\u00a0formar t\u00e9cnicos superiores que puedan vincularse con el mundo del trabajo y el desarrollo de la econom\u00eda local. Teniendo siempre como punto de partida sus\u00a0<strong>funciones<\/strong>: Formaci\u00f3n Inicial, Investigaci\u00f3n, Capacitaci\u00f3n y Asesoramiento a escuelas e instituciones del medio.<\/p>\n\n\n\n<p>&#x1f52d;La <strong>Visi\u00f3n\u00a0<\/strong>de esta propuesta es desarrollar una instituci\u00f3n referente para el sistema educativo formador de nivel superior, que sea reconocida por su enfoque inclusivo, innovador y de conciencia ambiental. Capaz de responder a las demandas actuales del Sistema Educativo Provincial (SEP) y a las demandas de t\u00e9cnicos industriales del sistema local. Influyendo a partir de todas las funciones mencionadas en el desarrollo cultural, econ\u00f3mico y educativo de la jurisdicci\u00f3n.<\/p>\n","protected":false},"excerpt":{"rendered":"<p>&#x1f680;La Misi\u00f3n\u00a0del IFDC Villa Mercedes, es formar profesionales docentes que puedan desempe\u00f1arse como profesores en diferentes niveles y modalidades educativas; capaces de ense\u00f1ar conocimientos valorados socialmente,\u00a0con un alto compromiso por la\u00a0formaci\u00f3n integral de las personas, con miras para la construcci\u00f3n de una sociedad m\u00e1s justa. Como as\u00ed tambi\u00e9n\u00a0formar t\u00e9cnicos superiores que puedan vincularse con el &#8230; <a title=\"Definiciones estrat\u00e9gicas\" class=\"read-more\" href=\"https:\/\/ifdcvm-slu.infd.edu.ar\/sitio\/definiciones-estrategicas\/\" aria-label=\"More on Definiciones estrat\u00e9gicas\">[+]<\/a><\/p>\n","protected":false},"author":1518,"featured_media":0,"parent":0,"menu_order":0,"comment_status":"closed","ping_status":"closed","template":"","meta":[],"acf":[],"_links":{"self":[{"href":"https:\/\/ifdcvm-slu.infd.edu.ar\/sitio\/wp-json\/wp\/v2\/pages\/17483"}],"collection":[{"href":"https:\/\/ifdcvm-slu.infd.edu.ar\/sitio\/wp-json\/wp\/v2\/pages"}],"about":[{"href":"https:\/\/ifdcvm-slu.infd.edu.ar\/sitio\/wp-json\/wp\/v2\/types\/page"}],"author":[{"embeddable":true,"href":"https:\/\/ifdcvm-slu.infd.edu.ar\/sitio\/wp-json\/wp\/v2\/users\/1518"}],"replies":[{"embeddable":true,"href":"https:\/\/ifdcvm-slu.infd.edu.ar\/sitio\/wp-json\/wp\/v2\/comments?post=17483"}],"version-history":[{"count":2,"href":"https:\/\/ifdcvm-slu.infd.edu.ar\/sitio\/wp-json\/wp\/v2\/pages\/17483\/revisions"}],"predecessor-version":[{"id":17486,"href":"https:\/\/ifdcvm-slu.infd.edu.ar\/sitio\/wp-json\/wp\/v2\/pages\/17483\/revisions\/17486"}],"wp:attachment":[{"href":"https:\/\/ifdcvm-slu.infd.edu.ar\/sitio\/wp-json\/wp\/v2\/media?parent=17483"}],"curies":[{"name":"wp","href":"https:\/\/api.w.org\/{rel}","templated":true}]}}