{"id":17519,"date":"2026-02-12T11:20:10","date_gmt":"2026-02-12T14:20:10","guid":{"rendered":"https:\/\/ifdcvm-slu.infd.edu.ar\/sitio\/?page_id=17519"},"modified":"2026-02-12T11:20:12","modified_gmt":"2026-02-12T14:20:12","slug":"prorroga-de-regularidad-1-cuatrimestre-2026","status":"publish","type":"page","link":"https:\/\/ifdcvm-slu.infd.edu.ar\/sitio\/prorroga-de-regularidad-1-cuatrimestre-2026\/","title":{"rendered":"Pr\u00f3rroga de regularidad (1\u00b0 cuatrimestre 2026)"},"content":{"rendered":"\n<p>Habiendo obtenido la regularidad de una Unidad Curricular, la misma dura dos (2) a\u00f1os acad\u00e9micos. Pod\u00e9s consultar la fecha en la que adquiriste y vence tu regularidad desde tu usuario de Sistema SIU-Guaran\u00ed, siguiendo estos pasos:<\/p>\n\n\n\n<p>Reporte \u2013 Historia Acad\u00e9mica \u2013 Historia Completa \u2013 Detalle<\/p>\n\n\n\n<p>Transcurridos los dos a\u00f1os sin que hayas aprobado el examen final, vence la regularidad de la unidad curricular, y para poder rendir el examen, podr\u00e1s pedir la pr\u00f3rroga de regularidad. Una vez otorgada, la pr\u00f3rroga de regularidad dura un a\u00f1o.<\/p>\n\n\n\n<p><strong>\u00bfEn qu\u00e9 casos puedo pedir pr\u00f3rroga?<\/strong><\/p>\n\n\n\n<p>La pr\u00f3rroga puede solicitarse por las siguientes causas:<\/p>\n\n\n\n<ul>\n<li>No haberse hecho efectivas todas las mesas de ex\u00e1menes anuales (el IFDC-VM debe garantizar como m\u00ednimo siete [7] mesas anuales).<\/li>\n\n\n\n<li>Problemas de salud propias (tuyos) o de un familiar a cargo: NO CONSTITUYEN INFORMES M\u00c9DICOS: diagn\u00f3sticos, solicitud de estudios, recetas, etc.<\/li>\n\n\n\n<li>Trabajo.<\/li>\n\n\n\n<li>Becas y viajes de estudio.<\/li>\n\n\n\n<li>Otros motivos debidamente acreditados.<\/li>\n<\/ul>\n\n\n\n<p>La Direcci\u00f3n Acad\u00e9mica podr\u00e1 solicitar la documentaci\u00f3n ampliatoria que considere pertinente para acreditar las razones que invoques.<\/p>\n\n\n\n<p>\u00bfC\u00f3mo solicito la pr\u00f3rroga?<\/p>\n\n\n\n<p>Ingres\u00e1 al siguiente formulario:&nbsp;<a href=\"https:\/\/forms.gle\/N9oz3CQCkW28kLDG8\" target=\"_blank\" rel=\"noreferrer noopener\"><strong>https:\/\/forms.gle\/N9oz3CQCkW28kLDG8<\/strong><\/a><strong>&nbsp;&nbsp;&nbsp;<\/strong><\/p>\n\n\n\n<p><strong>\u00bfCu\u00e1ndo se solicita la pr\u00f3rroga?<\/strong><\/p>\n\n\n\n<p>La pr\u00f3rroga deber\u00e1 solicitarse entre 15 y 30 d\u00edas previos al vencimiento de la regularidad de una unidad curricular.<\/p>\n\n\n\n<p><strong>IMPORTANTE:<\/strong><\/p>\n\n\n\n<ul>\n<li>El tr\u00e1mite de solicitud de pr\u00f3rroga de regularidad podr\u00e1 realizarse a partir del 12\/02\/2025 hasta la 01\/07\/2026.<\/li>\n<\/ul>\n\n\n\n<p>No se otorgar\u00e1 pr\u00f3rroga, sin excepciones, en los siguientes casos:<\/p>\n\n\n\n<ul>\n<li>Ausencia de documentaci\u00f3n probatoria de las causas argumentadas por el\/la estudiante que justifican el no haber rendido en los dos a\u00f1os de regularidad de la materia (16 turnos de ex\u00e1menes).<\/li>\n\n\n\n<li>Tampoco se otorga pr\u00f3rroga sobre una unidad curricular sobre la que ya se haya otorgado pr\u00f3rroga.<\/li>\n\n\n\n<li>Unidades curriculares de planes no vigentes (Resoluciones Acad\u00e9micas 16 y 17\/2022).<\/li>\n<\/ul>\n\n\n\n<p>Adem\u00e1s se debe considerar que:<\/p>\n\n\n\n<ul>\n<li>La Direcci\u00f3n Acad\u00e9mica y\/o el \u00c1rea de Alumnos\/as responder\u00e1 en el lapso de diez (10) d\u00edas h\u00e1biles.<\/li>\n<\/ul>\n","protected":false},"excerpt":{"rendered":"<p>Habiendo obtenido la regularidad de una Unidad Curricular, la misma dura dos (2) a\u00f1os acad\u00e9micos. Pod\u00e9s consultar la fecha en la que adquiriste y vence tu regularidad desde tu usuario de Sistema SIU-Guaran\u00ed, siguiendo estos pasos: Reporte \u2013 Historia Acad\u00e9mica \u2013 Historia Completa \u2013 Detalle Transcurridos los dos a\u00f1os sin que hayas aprobado el examen &#8230; <a title=\"Pr\u00f3rroga de regularidad (1\u00b0 cuatrimestre 2026)\" class=\"read-more\" href=\"https:\/\/ifdcvm-slu.infd.edu.ar\/sitio\/prorroga-de-regularidad-1-cuatrimestre-2026\/\" aria-label=\"More on Pr\u00f3rroga de regularidad (1\u00b0 cuatrimestre 2026)\">[+]<\/a><\/p>\n","protected":false},"author":1518,"featured_media":0,"parent":0,"menu_order":0,"comment_status":"closed","ping_status":"closed","template":"","meta":[],"acf":[],"_links":{"self":[{"href":"https:\/\/ifdcvm-slu.infd.edu.ar\/sitio\/wp-json\/wp\/v2\/pages\/17519"}],"collection":[{"href":"https:\/\/ifdcvm-slu.infd.edu.ar\/sitio\/wp-json\/wp\/v2\/pages"}],"about":[{"href":"https:\/\/ifdcvm-slu.infd.edu.ar\/sitio\/wp-json\/wp\/v2\/types\/page"}],"author":[{"embeddable":true,"href":"https:\/\/ifdcvm-slu.infd.edu.ar\/sitio\/wp-json\/wp\/v2\/users\/1518"}],"replies":[{"embeddable":true,"href":"https:\/\/ifdcvm-slu.infd.edu.ar\/sitio\/wp-json\/wp\/v2\/comments?post=17519"}],"version-history":[{"count":1,"href":"https:\/\/ifdcvm-slu.infd.edu.ar\/sitio\/wp-json\/wp\/v2\/pages\/17519\/revisions"}],"predecessor-version":[{"id":17520,"href":"https:\/\/ifdcvm-slu.infd.edu.ar\/sitio\/wp-json\/wp\/v2\/pages\/17519\/revisions\/17520"}],"wp:attachment":[{"href":"https:\/\/ifdcvm-slu.infd.edu.ar\/sitio\/wp-json\/wp\/v2\/media?parent=17519"}],"curies":[{"name":"wp","href":"https:\/\/api.w.org\/{rel}","templated":true}]}}