{"id":17521,"date":"2026-02-12T11:22:57","date_gmt":"2026-02-12T14:22:57","guid":{"rendered":"https:\/\/ifdcvm-slu.infd.edu.ar\/sitio\/?page_id=17521"},"modified":"2026-02-12T14:28:35","modified_gmt":"2026-02-12T17:28:35","slug":"solicitud-de-equivalencias-de-otras-instituciones-1-cuatrimestre-2026","status":"publish","type":"page","link":"https:\/\/ifdcvm-slu.infd.edu.ar\/sitio\/solicitud-de-equivalencias-de-otras-instituciones-1-cuatrimestre-2026\/","title":{"rendered":"Solicitud de equivalencias de otras instituciones (1\u00b0 cuatrimestre 2026)"},"content":{"rendered":"\n<p><strong>Requisitos para equivalencias por expediente: 1\u00ba Cuatrimestre 2026<\/strong><\/p>\n\n\n\n<p><strong>\u00bfQui\u00e9nes pueden iniciar el tr\u00e1mite de equivalencias por expediente?<\/strong><\/p>\n\n\n\n<ul>\n<li>Estudiantes que provienen de otra instituci\u00f3n de nivel superior o universitaria.<\/li>\n<\/ul>\n\n\n\n<p><strong>\u00bfQu\u00e9 debo tener en cuenta para iniciar el tr\u00e1mite de equivalencias por expediente?<\/strong><\/p>\n\n\n\n<ul>\n<li>Los\/las estudiantes podr\u00e1n iniciar el tr\u00e1mite de equivalencias si se encuentran inscriptos\/as en al menos una de las carreras que se dictan en el IFDC-VM.<\/li>\n<\/ul>\n\n\n\n<p><strong>\u00bfCu\u00e1les son los pasos a seguir para solicitar equivalencias (por expediente)?<\/strong><\/p>\n\n\n\n<p><strong>1.&nbsp;<\/strong>Estar inscriptos\/as en al menos una de las carreras que se dictan en el IFDC-VM.<\/p>\n\n\n\n<p><strong>2.&nbsp;<\/strong>Enviar un correo a&nbsp;<a href=\"mailto:secretariaacademica@ifdcvm.edu.ar\" target=\"_blank\" rel=\"noreferrer noopener\"><strong>secretariaacademica@ifdcvm.edu.ar<\/strong><\/a>&nbsp;con el asunto: Solicitud de equivalencias, en el que deber\u00e1 adjuntarse la siguiente documentaci\u00f3n:<\/p>\n\n\n\n<ol>\n<li>Comprobante de inscripci\u00f3n en la\/s carrera\/s del IFDC-VM, la que debe ser descargada desde el SIU personal de cada estudiante, enviar el documento digitalizado en PDF. Si el\/la estudiante tiene dificultades para su descarga debe dirigirse personalmente a la oficina del \u00c1rea de Alumnos\/as.&nbsp;<\/li>\n\n\n\n<li>Documento Nacional de identidad, enviar el documento digitalizado de ambos lados en formato PDF.&nbsp;<\/li>\n\n\n\n<li><strong><a href=\"https:\/\/docs.google.com\/document\/d\/15ayvaLtoM5asOODiQuLyTgRj_CEZ-H6q\/edit?usp=drive_link&amp;ouid=100215673252715447495&amp;rtpof=true&amp;sd=true\" data-type=\"URL\" data-id=\"https:\/\/docs.google.com\/document\/d\/15ayvaLtoM5asOODiQuLyTgRj_CEZ-H6q\/edit?usp=drive_link&amp;ouid=100215673252715447495&amp;rtpof=true&amp;sd=true\" target=\"_blank\" rel=\"noreferrer noopener\">Formulario de solicitud de equivalencias por expediente<\/a><\/strong> (descargar y completar cada uno de los puntos solicitados).<\/li>\n\n\n\n<li>Plan de Estudio de la carrera cursada y de los programas de las materias aprobadas, legalizados por la Instituci\u00f3n de origen. El programa de cada una de las materias debe enviarse en un \u00fanico documento (no por separado), en formato PDF.<\/li>\n\n\n\n<li>Certificado anal\u00edtico (con aplazos incluidos) legalizado de la Instituci\u00f3n de origen, enviar el documento digitalizado en PDF.<\/li>\n\n\n\n<li>Constancia de no haber sido pasible de sanci\u00f3n disciplinaria, enviar el documento digitalizado en PDF.<\/li>\n<\/ol>\n\n\n\n<p><strong>IMPORTANTE:<\/strong><\/p>\n\n\n\n<p>El tr\u00e1mite de solicitud de equivalencias podr\u00e1 realizarse&nbsp;<strong>desde el 12\/02 hasta 11\/03\/2026<\/strong>, sin excepci\u00f3n. La fecha de recepci\u00f3n de la documentaci\u00f3n enviada por correo electr\u00f3nico se contabilizar\u00e1 en d\u00eda h\u00e1bil (laborable), de 8:00 a 14:00 horas.<\/p>\n\n\n\n<p>Toda la documentaci\u00f3n mencionada deber\u00e1 presentarse en soporte papel en la Secretar\u00eda de la Direcci\u00f3n Acad\u00e9mica del IFDC-VM, en los d\u00edas y horarios que ser\u00e1n comunicados a cada estudiante mediante correo electr\u00f3nico.<\/p>\n","protected":false},"excerpt":{"rendered":"<p>Requisitos para equivalencias por expediente: 1\u00ba Cuatrimestre 2026 \u00bfQui\u00e9nes pueden iniciar el tr\u00e1mite de equivalencias por expediente? \u00bfQu\u00e9 debo tener en cuenta para iniciar el tr\u00e1mite de equivalencias por expediente? \u00bfCu\u00e1les son los pasos a seguir para solicitar equivalencias (por expediente)? 1.&nbsp;Estar inscriptos\/as en al menos una de las carreras que se dictan en el &#8230; <a title=\"Solicitud de equivalencias de otras instituciones (1\u00b0 cuatrimestre 2026)\" class=\"read-more\" href=\"https:\/\/ifdcvm-slu.infd.edu.ar\/sitio\/solicitud-de-equivalencias-de-otras-instituciones-1-cuatrimestre-2026\/\" aria-label=\"More on Solicitud de equivalencias de otras instituciones (1\u00b0 cuatrimestre 2026)\">[+]<\/a><\/p>\n","protected":false},"author":1518,"featured_media":0,"parent":0,"menu_order":0,"comment_status":"closed","ping_status":"closed","template":"","meta":[],"acf":[],"_links":{"self":[{"href":"https:\/\/ifdcvm-slu.infd.edu.ar\/sitio\/wp-json\/wp\/v2\/pages\/17521"}],"collection":[{"href":"https:\/\/ifdcvm-slu.infd.edu.ar\/sitio\/wp-json\/wp\/v2\/pages"}],"about":[{"href":"https:\/\/ifdcvm-slu.infd.edu.ar\/sitio\/wp-json\/wp\/v2\/types\/page"}],"author":[{"embeddable":true,"href":"https:\/\/ifdcvm-slu.infd.edu.ar\/sitio\/wp-json\/wp\/v2\/users\/1518"}],"replies":[{"embeddable":true,"href":"https:\/\/ifdcvm-slu.infd.edu.ar\/sitio\/wp-json\/wp\/v2\/comments?post=17521"}],"version-history":[{"count":2,"href":"https:\/\/ifdcvm-slu.infd.edu.ar\/sitio\/wp-json\/wp\/v2\/pages\/17521\/revisions"}],"predecessor-version":[{"id":17542,"href":"https:\/\/ifdcvm-slu.infd.edu.ar\/sitio\/wp-json\/wp\/v2\/pages\/17521\/revisions\/17542"}],"wp:attachment":[{"href":"https:\/\/ifdcvm-slu.infd.edu.ar\/sitio\/wp-json\/wp\/v2\/media?parent=17521"}],"curies":[{"name":"wp","href":"https:\/\/api.w.org\/{rel}","templated":true}]}}