{"id":17527,"date":"2026-02-12T11:33:02","date_gmt":"2026-02-12T14:33:02","guid":{"rendered":"https:\/\/ifdcvm-slu.infd.edu.ar\/sitio\/?page_id=17527"},"modified":"2026-02-12T11:33:03","modified_gmt":"2026-02-12T14:33:03","slug":"certificado-de-regularidad-estudiante-ingresante-2026","status":"publish","type":"page","link":"https:\/\/ifdcvm-slu.infd.edu.ar\/sitio\/certificado-de-regularidad-estudiante-ingresante-2026\/","title":{"rendered":"Certificado de regularidad: Estudiante ingresante 2026"},"content":{"rendered":"\n<p>Estimado\/a estudiante,\u00a0podr\u00e1 solicitar su certificado de regularidad a partir del 02\/03 hasta el 10\/12\/2026.\u00a0<\/p>\n\n\n\n<p>Importante:<\/p>\n\n\n\n<ul>\n<li>Esta opci\u00f3n est\u00e1 habilitada \u00fanicamente a estudiantes que ingresaron al IFDC-VM en el a\u00f1o 2026.<\/li>\n<\/ul>\n\n\n\n<p>Acceso al formulario:&nbsp;<a href=\"https:\/\/forms.gle\/LW8rWcYXNy1JULco6\" target=\"_blank\" rel=\"noreferrer noopener\"><strong>https:\/\/forms.gle\/LW8rWcYXNy1JULco6<\/strong><\/a>&nbsp;<\/p>\n","protected":false},"excerpt":{"rendered":"<p>Estimado\/a estudiante,\u00a0podr\u00e1 solicitar su certificado de regularidad a partir del 02\/03 hasta el 10\/12\/2026.\u00a0 Importante: Acceso al formulario:&nbsp;https:\/\/forms.gle\/LW8rWcYXNy1JULco6&nbsp;<\/p>\n","protected":false},"author":1518,"featured_media":0,"parent":0,"menu_order":0,"comment_status":"closed","ping_status":"closed","template":"","meta":[],"acf":[],"_links":{"self":[{"href":"https:\/\/ifdcvm-slu.infd.edu.ar\/sitio\/wp-json\/wp\/v2\/pages\/17527"}],"collection":[{"href":"https:\/\/ifdcvm-slu.infd.edu.ar\/sitio\/wp-json\/wp\/v2\/pages"}],"about":[{"href":"https:\/\/ifdcvm-slu.infd.edu.ar\/sitio\/wp-json\/wp\/v2\/types\/page"}],"author":[{"embeddable":true,"href":"https:\/\/ifdcvm-slu.infd.edu.ar\/sitio\/wp-json\/wp\/v2\/users\/1518"}],"replies":[{"embeddable":true,"href":"https:\/\/ifdcvm-slu.infd.edu.ar\/sitio\/wp-json\/wp\/v2\/comments?post=17527"}],"version-history":[{"count":1,"href":"https:\/\/ifdcvm-slu.infd.edu.ar\/sitio\/wp-json\/wp\/v2\/pages\/17527\/revisions"}],"predecessor-version":[{"id":17528,"href":"https:\/\/ifdcvm-slu.infd.edu.ar\/sitio\/wp-json\/wp\/v2\/pages\/17527\/revisions\/17528"}],"wp:attachment":[{"href":"https:\/\/ifdcvm-slu.infd.edu.ar\/sitio\/wp-json\/wp\/v2\/media?parent=17527"}],"curies":[{"name":"wp","href":"https:\/\/api.w.org\/{rel}","templated":true}]}}