{"id":17531,"date":"2026-02-12T11:36:52","date_gmt":"2026-02-12T14:36:52","guid":{"rendered":"https:\/\/ifdcvm-slu.infd.edu.ar\/sitio\/?page_id=17531"},"modified":"2026-02-12T11:36:54","modified_gmt":"2026-02-12T14:36:54","slug":"solicitud-de-programas-2","status":"publish","type":"page","link":"https:\/\/ifdcvm-slu.infd.edu.ar\/sitio\/solicitud-de-programas-2\/","title":{"rendered":"Solicitud de programas"},"content":{"rendered":"\n<p><strong>\u00bfC\u00f3mo iniciar el tr\u00e1mite de solicitud de programas del IFDC VM?<\/strong><br>Para iniciar el tr\u00e1mite de solicitud de programas del IFDC VM, debe completar el siguiente formulario:&nbsp;<a href=\"https:\/\/forms.gle\/BP9kPSdxKyPtT4kT7\" target=\"_blank\" rel=\"noreferrer noopener\"><strong>https:\/\/forms.gle\/BP9kPSdxKyPtT4kT7<\/strong><\/a>&nbsp;<\/p>\n\n\n\n<p><strong>IMPORTANTE:<\/strong><\/p>\n\n\n\n<ul>\n<li>La solicitud de programas se podr\u00e1 realizar a partir del 12\/02 hasta el 10\/12\/2026.<\/li>\n\n\n\n<li>Iniciado el tr\u00e1mite, desde la Secretar\u00eda de la Direcci\u00f3n Acad\u00e9mica se comunicar\u00e1n a trav\u00e9s del correo electr\u00f3nico declarado en el formulario.<\/li>\n<\/ul>\n","protected":false},"excerpt":{"rendered":"<p>\u00bfC\u00f3mo iniciar el tr\u00e1mite de solicitud de programas del IFDC VM?Para iniciar el tr\u00e1mite de solicitud de programas del IFDC VM, debe completar el siguiente formulario:&nbsp;https:\/\/forms.gle\/BP9kPSdxKyPtT4kT7&nbsp; IMPORTANTE:<\/p>\n","protected":false},"author":1518,"featured_media":0,"parent":0,"menu_order":0,"comment_status":"closed","ping_status":"closed","template":"","meta":[],"acf":[],"_links":{"self":[{"href":"https:\/\/ifdcvm-slu.infd.edu.ar\/sitio\/wp-json\/wp\/v2\/pages\/17531"}],"collection":[{"href":"https:\/\/ifdcvm-slu.infd.edu.ar\/sitio\/wp-json\/wp\/v2\/pages"}],"about":[{"href":"https:\/\/ifdcvm-slu.infd.edu.ar\/sitio\/wp-json\/wp\/v2\/types\/page"}],"author":[{"embeddable":true,"href":"https:\/\/ifdcvm-slu.infd.edu.ar\/sitio\/wp-json\/wp\/v2\/users\/1518"}],"replies":[{"embeddable":true,"href":"https:\/\/ifdcvm-slu.infd.edu.ar\/sitio\/wp-json\/wp\/v2\/comments?post=17531"}],"version-history":[{"count":1,"href":"https:\/\/ifdcvm-slu.infd.edu.ar\/sitio\/wp-json\/wp\/v2\/pages\/17531\/revisions"}],"predecessor-version":[{"id":17532,"href":"https:\/\/ifdcvm-slu.infd.edu.ar\/sitio\/wp-json\/wp\/v2\/pages\/17531\/revisions\/17532"}],"wp:attachment":[{"href":"https:\/\/ifdcvm-slu.infd.edu.ar\/sitio\/wp-json\/wp\/v2\/media?parent=17531"}],"curies":[{"name":"wp","href":"https:\/\/api.w.org\/{rel}","templated":true}]}}