{"id":17533,"date":"2026-02-12T11:42:25","date_gmt":"2026-02-12T14:42:25","guid":{"rendered":"https:\/\/ifdcvm-slu.infd.edu.ar\/sitio\/?page_id=17533"},"modified":"2026-02-23T13:32:13","modified_gmt":"2026-02-23T16:32:13","slug":"calendario-academico-2026","status":"publish","type":"page","link":"https:\/\/ifdcvm-slu.infd.edu.ar\/sitio\/calendario-academico-2026\/","title":{"rendered":"Calendario Acad\u00e9mico 2026"},"content":{"rendered":"\n<p>El calendario acad\u00e9mico es el sistema que utilizamos en nuestro instituto para ordenar las actividades acad\u00e9micas a lo largo del ciclo lectivo (inscripciones a las carreras, a las materias, fechas de ex\u00e1menes finales, principio y fin de cada cuatrimestre, entre otros), regulado seg\u00fan lo establecido en la <a rel=\"noreferrer noopener\" href=\"https:\/\/ifdcvm-slu.infd.edu.ar\/sitio\/wp-content\/uploads\/2025\/12\/RAc-165-2025-IFDC-VM-Calendario-Interno-de-Actividades-Academicas-2026.pdf\" data-type=\"URL\" data-id=\"https:\/\/ifdcvm-slu.infd.edu.ar\/sitio\/wp-content\/uploads\/2025\/12\/RAc-165-2025-IFDC-VM-Calendario-Interno-de-Actividades-Academicas-2026.pdf\" target=\"_blank\">Resoluci\u00f3n Acad\u00e9mica N\u00b0 165\/2025<\/a>, al cual podr\u00e1s acceder ingresando al siguiente\u00a0<a href=\"https:\/\/ifdcvm-slu.infd.edu.ar\/sitio\/wp-content\/uploads\/2026\/02\/Calendario_2026_v2.png\" data-type=\"URL\" data-id=\"https:\/\/ifdcvm-slu.infd.edu.ar\/sitio\/wp-content\/uploads\/2026\/02\/Calendario_2026_v2.png\" target=\"_blank\" rel=\"noreferrer noopener\"><strong>enlace<\/strong>.<\/a><\/p>\n\n\n\n<figure class=\"wp-block-image size-full\"><img decoding=\"async\" loading=\"lazy\" width=\"1191\" height=\"842\" src=\"https:\/\/ifdcvm-slu.infd.edu.ar\/sitio\/wp-content\/uploads\/2026\/02\/Calendario_2026_v2.png\" alt=\"\" class=\"wp-image-17574\" srcset=\"https:\/\/ifdcvm-slu.infd.edu.ar\/sitio\/wp-content\/uploads\/2026\/02\/Calendario_2026_v2.png 1191w, https:\/\/ifdcvm-slu.infd.edu.ar\/sitio\/wp-content\/uploads\/2026\/02\/Calendario_2026_v2-1000x707.png 1000w, https:\/\/ifdcvm-slu.infd.edu.ar\/sitio\/wp-content\/uploads\/2026\/02\/Calendario_2026_v2-768x543.png 768w\" sizes=\"(max-width: 1191px) 100vw, 1191px\" \/><\/figure>\n\n\n\n<p class=\"has-text-align-center has-very-light-gray-to-cyan-bluish-gray-gradient-background has-background\"><a href=\"https:\/\/ifdcvm-slu.infd.edu.ar\/sitio\/wp-content\/uploads\/2026\/02\/Calendario_2026_v2.png\" data-type=\"URL\" data-id=\"https:\/\/ifdcvm-slu.infd.edu.ar\/sitio\/wp-content\/uploads\/2026\/02\/Calendario_2026_v2.png\" target=\"_blank\" rel=\"noreferrer noopener\">DESCARGAR CALENDARIO ACAD\u00c9MICO 2026<\/a><\/p>\n","protected":false},"excerpt":{"rendered":"<p>El calendario acad\u00e9mico es el sistema que utilizamos en nuestro instituto para ordenar las actividades acad\u00e9micas a lo largo del ciclo lectivo (inscripciones a las carreras, a las materias, fechas de ex\u00e1menes finales, principio y fin de cada cuatrimestre, entre otros), regulado seg\u00fan lo establecido en la Resoluci\u00f3n Acad\u00e9mica N\u00b0 165\/2025, al cual podr\u00e1s acceder &#8230; <a title=\"Calendario Acad\u00e9mico 2026\" class=\"read-more\" href=\"https:\/\/ifdcvm-slu.infd.edu.ar\/sitio\/calendario-academico-2026\/\" aria-label=\"More on Calendario Acad\u00e9mico 2026\">[+]<\/a><\/p>\n","protected":false},"author":1518,"featured_media":0,"parent":0,"menu_order":0,"comment_status":"closed","ping_status":"closed","template":"","meta":[],"acf":[],"_links":{"self":[{"href":"https:\/\/ifdcvm-slu.infd.edu.ar\/sitio\/wp-json\/wp\/v2\/pages\/17533"}],"collection":[{"href":"https:\/\/ifdcvm-slu.infd.edu.ar\/sitio\/wp-json\/wp\/v2\/pages"}],"about":[{"href":"https:\/\/ifdcvm-slu.infd.edu.ar\/sitio\/wp-json\/wp\/v2\/types\/page"}],"author":[{"embeddable":true,"href":"https:\/\/ifdcvm-slu.infd.edu.ar\/sitio\/wp-json\/wp\/v2\/users\/1518"}],"replies":[{"embeddable":true,"href":"https:\/\/ifdcvm-slu.infd.edu.ar\/sitio\/wp-json\/wp\/v2\/comments?post=17533"}],"version-history":[{"count":4,"href":"https:\/\/ifdcvm-slu.infd.edu.ar\/sitio\/wp-json\/wp\/v2\/pages\/17533\/revisions"}],"predecessor-version":[{"id":17577,"href":"https:\/\/ifdcvm-slu.infd.edu.ar\/sitio\/wp-json\/wp\/v2\/pages\/17533\/revisions\/17577"}],"wp:attachment":[{"href":"https:\/\/ifdcvm-slu.infd.edu.ar\/sitio\/wp-json\/wp\/v2\/media?parent=17533"}],"curies":[{"name":"wp","href":"https:\/\/api.w.org\/{rel}","templated":true}]}}