{"id":17672,"date":"2026-03-11T11:12:04","date_gmt":"2026-03-11T14:12:04","guid":{"rendered":"https:\/\/ifdcvm-slu.infd.edu.ar\/sitio\/?page_id=17672"},"modified":"2026-04-17T11:21:15","modified_gmt":"2026-04-17T14:21:15","slug":"calendario-ambiental-2026","status":"publish","type":"page","link":"https:\/\/ifdcvm-slu.infd.edu.ar\/sitio\/calendario-ambiental-2026\/","title":{"rendered":"Calendario Ambiental 2026"},"content":{"rendered":"<div class=\"wp-block-image\">\n<figure class=\"aligncenter size-full\"><img decoding=\"async\" loading=\"lazy\" width=\"580\" height=\"831\" src=\"https:\/\/ifdcvm-slu.infd.edu.ar\/sitio\/wp-content\/uploads\/2026\/03\/CALENDARIO_AMBIENTAL_2026.png\" alt=\"\" class=\"wp-image-17673\"\/><\/figure><\/div>\n\n\n<p>ELABORADO POR: Graciela Rinaudo. Prof. y Lic. en Cs. Biol\u00f3gicas. Esp. En Gesti\u00f3n Ambiental. Profesora del IFDC-VM. \u00c1rea de Pedagog\u00eda Ambiental. GR\u00c1FICA: Alejandro Villarreal<\/p>\n\n\n\n<p><\/p>\n\n\n\n<p><\/p>\n\n\n\n<blockquote class=\"wp-block-quote\">\n<p class=\"has-text-color\" style=\"color:#fda634\">&#x1fab4;<strong>A modo de introducci\u00f3n: \u00bfPor qu\u00e9 un Calendario Ambiental?<\/strong><\/p>\n\n\n\n<p>Muchas son las conmemoraciones que d\u00eda a d\u00eda se recuerdan o celebran y f\u00e1cilmente se puede encontrar informaci\u00f3n de las mismas en la web que nos permita profundizar cada fecha, entendiendo el porqu\u00e9 de la conmemoraci\u00f3n.<br>La idea de brindar un calendario ambiental tiene que ver con poner a disposici\u00f3n un recurso sencillo a docentes de los distintos niveles del Sistema Educativo Provincial, que les permita acceder f\u00e1cilmente a informaci\u00f3n para llevarla a las instituciones en las que se desempe\u00f1an. Cada equipo docente determinar\u00e1 c\u00f3mo usarlo, dependiendo de los tiempos, orientaciones de cada instituci\u00f3n, etc.<br>&#x1f49a;\u00a1Esperamos que sirva y pueda complementar las acciones propuestas para el a\u00f1o!<\/p>\n<\/blockquote>\n\n\n\n<p><a href=\"https:\/\/drive.google.com\/file\/d\/1F51AyAXxS9FBSApqtxuGnGUrpJtbEEh3\/view?usp=drive_link\" data-type=\"URL\" data-id=\"https:\/\/drive.google.com\/file\/d\/1F51AyAXxS9FBSApqtxuGnGUrpJtbEEh3\/view?usp=drive_link\" target=\"_blank\" rel=\"noreferrer noopener\">&#x23ec;INTRODUCCI\u00d3N AL CALENDARIO ACAD\u00c9MICO 2026<\/a><\/p>\n\n\n\n<p>Descarg\u00e1 el mes de tu inter\u00e9s:<\/p>\n\n\n\n<p class=\"has-electric-grass-gradient-background has-background\">&#x23ec;<a rel=\"noreferrer noopener\" href=\"https:\/\/drive.google.com\/file\/d\/1JoF2KGjG6KIbaP6M1mzL9u7663WULH7V\/view?usp=drive_link\" data-type=\"URL\" data-id=\"https:\/\/drive.google.com\/file\/d\/1JoF2KGjG6KIbaP6M1mzL9u7663WULH7V\/view?usp=drive_link\" target=\"_blank\">MARZO<\/a><\/p>\n\n\n\n<p class=\"has-electric-grass-gradient-background has-background\"><a href=\"https:\/\/drive.google.com\/file\/d\/1vEhGU0jNB4OBtE0H7irWeaw70dZxoNVY\/view?usp=drive_link\" data-type=\"URL\" data-id=\"https:\/\/drive.google.com\/file\/d\/1vEhGU0jNB4OBtE0H7irWeaw70dZxoNVY\/view?usp=drive_link\" target=\"_blank\" rel=\"noreferrer noopener\">&#x23ec; ABRIL<\/a><\/p>\n\n\n\n<p class=\"has-electric-grass-gradient-background has-background\">&#x23ec; <a href=\"https:\/\/drive.google.com\/file\/d\/1GU-F3nUoHjrYZjtEyz4DpRMnrHj_98cs\/view?usp=drive_link\" data-type=\"URL\" data-id=\"https:\/\/drive.google.com\/file\/d\/1GU-F3nUoHjrYZjtEyz4DpRMnrHj_98cs\/view?usp=drive_link\" target=\"_blank\" rel=\"noreferrer noopener\">MAYO<\/a><\/p>\n\n\n\n<p class=\"has-very-light-gray-to-cyan-bluish-gray-gradient-background has-background\">&#x2139;&#xfe0f;Esta secci\u00f3n se renueva todos los meses, te sugerimos visitarla con frecuencia.<\/p>\n\n\n\n<p><\/p>\n\n\n\n<p>&#x1f4e8;Contacto con el \u00c1rea de Pedagog\u00eda Ambiental: pedagogiaambiental@ifdcvm.edu.ar<\/p>\n","protected":false},"excerpt":{"rendered":"<p>ELABORADO POR: Graciela Rinaudo. Prof. y Lic. en Cs. Biol\u00f3gicas. Esp. En Gesti\u00f3n Ambiental. Profesora del IFDC-VM. \u00c1rea de Pedagog\u00eda Ambiental. GR\u00c1FICA: Alejandro Villarreal &#x1fab4;A modo de introducci\u00f3n: \u00bfPor qu\u00e9 un Calendario Ambiental? Muchas son las conmemoraciones que d\u00eda a d\u00eda se recuerdan o celebran y f\u00e1cilmente se puede encontrar informaci\u00f3n de las mismas en &#8230; <a title=\"Calendario Ambiental 2026\" class=\"read-more\" href=\"https:\/\/ifdcvm-slu.infd.edu.ar\/sitio\/calendario-ambiental-2026\/\" aria-label=\"More on Calendario Ambiental 2026\">[+]<\/a><\/p>\n","protected":false},"author":1518,"featured_media":17680,"parent":0,"menu_order":0,"comment_status":"closed","ping_status":"closed","template":"","meta":[],"acf":[],"_links":{"self":[{"href":"https:\/\/ifdcvm-slu.infd.edu.ar\/sitio\/wp-json\/wp\/v2\/pages\/17672"}],"collection":[{"href":"https:\/\/ifdcvm-slu.infd.edu.ar\/sitio\/wp-json\/wp\/v2\/pages"}],"about":[{"href":"https:\/\/ifdcvm-slu.infd.edu.ar\/sitio\/wp-json\/wp\/v2\/types\/page"}],"author":[{"embeddable":true,"href":"https:\/\/ifdcvm-slu.infd.edu.ar\/sitio\/wp-json\/wp\/v2\/users\/1518"}],"replies":[{"embeddable":true,"href":"https:\/\/ifdcvm-slu.infd.edu.ar\/sitio\/wp-json\/wp\/v2\/comments?post=17672"}],"version-history":[{"count":7,"href":"https:\/\/ifdcvm-slu.infd.edu.ar\/sitio\/wp-json\/wp\/v2\/pages\/17672\/revisions"}],"predecessor-version":[{"id":17930,"href":"https:\/\/ifdcvm-slu.infd.edu.ar\/sitio\/wp-json\/wp\/v2\/pages\/17672\/revisions\/17930"}],"wp:featuredmedia":[{"embeddable":true,"href":"https:\/\/ifdcvm-slu.infd.edu.ar\/sitio\/wp-json\/wp\/v2\/media\/17680"}],"wp:attachment":[{"href":"https:\/\/ifdcvm-slu.infd.edu.ar\/sitio\/wp-json\/wp\/v2\/media?parent=17672"}],"curies":[{"name":"wp","href":"https:\/\/api.w.org\/{rel}","templated":true}]}}