{"id":17833,"date":"2026-04-01T08:45:46","date_gmt":"2026-04-01T11:45:46","guid":{"rendered":"https:\/\/ifdcvm-slu.infd.edu.ar\/sitio\/?page_id=17833"},"modified":"2026-05-07T08:25:55","modified_gmt":"2026-05-07T11:25:55","slug":"profesorado-de-teatro-planes-de-enlace","status":"publish","type":"page","link":"https:\/\/ifdcvm-slu.infd.edu.ar\/sitio\/profesorado-de-teatro-planes-de-enlace\/","title":{"rendered":"Profesorado de Teatro \/ Planes de enlace"},"content":{"rendered":"\n<p class=\"has-background\" style=\"background-color:#ffdede\">&#x26a0;&#xfe0f;<strong>IMPORTANTE<\/strong>: Tener en cuenta los&nbsp;<strong>plazos<\/strong>&nbsp;establecidos en la&nbsp;<a rel=\"noreferrer noopener\" href=\"https:\/\/drive.google.com\/file\/d\/10F8cCDJqggz_SktsmpJlLWG-CP8EKiV0\/view?usp=drive_link\" target=\"_blank\">RAc 58\/2026<\/a>&nbsp; al realizar&nbsp; una&nbsp; solicitud de cambio&nbsp; de dise\u00f1o curricular o plan de estudio&nbsp; y\/o carrera.<\/p>\n\n\n\n<figure class=\"wp-block-table\"><table><tbody><tr><td colspan=\"3\"><strong>Profesorado de Teatro con Orientaci\u00f3n en Pr\u00e1ctica Teatral<\/strong><\/td><\/tr><tr><td><strong>Resoluci\u00f3n N\u00b0<\/strong><\/td><td><strong>Plan de Origen<\/strong><\/td><td><strong>Plan de Destino<\/strong><\/td><\/tr><tr><td><a href=\"https:\/\/drive.google.com\/file\/d\/1rbXiAbb4dklE1FQwJhhvGI5aDvbmJG_K\/view?usp=drive_link\" data-type=\"URL\" data-id=\"https:\/\/drive.google.com\/file\/d\/1rbXiAbb4dklE1FQwJhhvGI5aDvbmJG_K\/view?usp=drive_link\" target=\"_blank\" rel=\"noreferrer noopener\">Resoluci\u00f3n Acad\u00e9mica N\u00b0 26\/2025<\/a><\/td><td>1963-MP-2003<\/td><td>38-ME-2023<\/td><\/tr><tr><td><a href=\"https:\/\/drive.google.com\/file\/d\/1RuUwFgaD1bqqdMgJWN_SY6wleRHxmLZz\/view?usp=drive_link\" data-type=\"URL\" data-id=\"https:\/\/drive.google.com\/file\/d\/1RuUwFgaD1bqqdMgJWN_SY6wleRHxmLZz\/view?usp=drive_link\" target=\"_blank\" rel=\"noreferrer noopener\">Resoluci\u00f3n Acad\u00e9mica N\u00b0 97\/2025<\/a> &#8211; Rectifica 26\/2025<\/td><td>1963-MP-2003<\/td><td>38-ME-2023<\/td><\/tr><tr><td><a href=\"https:\/\/drive.google.com\/file\/d\/1ZpPAeiaJG2d0gWHpR9AjTtel2Wc9EWVH\/view?usp=drive_link\" data-type=\"URL\" data-id=\"https:\/\/drive.google.com\/file\/d\/1ZpPAeiaJG2d0gWHpR9AjTtel2Wc9EWVH\/view?usp=drive_link\" target=\"_blank\" rel=\"noreferrer noopener\">Resoluci\u00f3n Acad\u00e9mica N\u00b0 102\/2025<\/a><\/td><td>152-ME-2009<\/td><td>38-ME-2023<\/td><\/tr><\/tbody><\/table><\/figure>\n","protected":false},"excerpt":{"rendered":"<p>&#x26a0;&#xfe0f;IMPORTANTE: Tener en cuenta los&nbsp;plazos&nbsp;establecidos en la&nbsp;RAc 58\/2026&nbsp; al realizar&nbsp; una&nbsp; solicitud de cambio&nbsp; de dise\u00f1o curricular o plan de estudio&nbsp; y\/o carrera. Profesorado de Teatro con Orientaci\u00f3n en Pr\u00e1ctica Teatral Resoluci\u00f3n N\u00b0 Plan de Origen Plan de Destino Resoluci\u00f3n Acad\u00e9mica N\u00b0 26\/2025 1963-MP-2003 38-ME-2023 Resoluci\u00f3n Acad\u00e9mica N\u00b0 97\/2025 &#8211; Rectifica 26\/2025 1963-MP-2003 38-ME-2023 Resoluci\u00f3n &#8230; <a title=\"Profesorado de Teatro \/ Planes de enlace\" class=\"read-more\" href=\"https:\/\/ifdcvm-slu.infd.edu.ar\/sitio\/profesorado-de-teatro-planes-de-enlace\/\" aria-label=\"More on Profesorado de Teatro \/ Planes de enlace\">[+]<\/a><\/p>\n","protected":false},"author":1518,"featured_media":0,"parent":0,"menu_order":0,"comment_status":"closed","ping_status":"closed","template":"","meta":[],"acf":[],"_links":{"self":[{"href":"https:\/\/ifdcvm-slu.infd.edu.ar\/sitio\/wp-json\/wp\/v2\/pages\/17833"}],"collection":[{"href":"https:\/\/ifdcvm-slu.infd.edu.ar\/sitio\/wp-json\/wp\/v2\/pages"}],"about":[{"href":"https:\/\/ifdcvm-slu.infd.edu.ar\/sitio\/wp-json\/wp\/v2\/types\/page"}],"author":[{"embeddable":true,"href":"https:\/\/ifdcvm-slu.infd.edu.ar\/sitio\/wp-json\/wp\/v2\/users\/1518"}],"replies":[{"embeddable":true,"href":"https:\/\/ifdcvm-slu.infd.edu.ar\/sitio\/wp-json\/wp\/v2\/comments?post=17833"}],"version-history":[{"count":3,"href":"https:\/\/ifdcvm-slu.infd.edu.ar\/sitio\/wp-json\/wp\/v2\/pages\/17833\/revisions"}],"predecessor-version":[{"id":18074,"href":"https:\/\/ifdcvm-slu.infd.edu.ar\/sitio\/wp-json\/wp\/v2\/pages\/17833\/revisions\/18074"}],"wp:attachment":[{"href":"https:\/\/ifdcvm-slu.infd.edu.ar\/sitio\/wp-json\/wp\/v2\/media?parent=17833"}],"curies":[{"name":"wp","href":"https:\/\/api.w.org\/{rel}","templated":true}]}}