{"id":17943,"date":"2026-04-20T18:56:09","date_gmt":"2026-04-20T21:56:09","guid":{"rendered":"https:\/\/ifdcvm-slu.infd.edu.ar\/sitio\/?page_id=17943"},"modified":"2026-04-20T18:56:09","modified_gmt":"2026-04-20T21:56:09","slug":"solicitud-de-certificado-de-estudiante-avanzado","status":"publish","type":"page","link":"https:\/\/ifdcvm-slu.infd.edu.ar\/sitio\/solicitud-de-certificado-de-estudiante-avanzado\/","title":{"rendered":"Solicitud de Certificado de Estudiante Avanzado"},"content":{"rendered":"\n<p>Estimado\/a, estudiante:<\/p>\n\n\n\n<p>Esta opci\u00f3n tiene por objetivo la posibilidad de solicitar el \u00abCertificado de estudiante avanzado\/a\u00bb, para colaborar en sus b\u00fasquedas laborales y que la certificaci\u00f3n cuente con la recomendaci\u00f3n de la Direcci\u00f3n Acad\u00e9mica del IFDC-VM.<\/p>\n\n\n\n<p>A continuaci\u00f3n se comparten algunas preguntas orientadoras:<\/p>\n\n\n\n<p><strong>\u00bfQui\u00e9nes podr\u00e1n solicitar la certificaci\u00f3n de estudiante avanzado\/a?<\/strong><\/p>\n\n\n\n<p>Podr\u00e1n solicitar la certificaci\u00f3n los\/as estudiantes que cuenten con un avance en sus carreras igual o superior al 80% y es v\u00e1lido para todas las carreras del IFDC-VM (profesorados y tecnicatura).<\/p>\n\n\n\n<p><strong>\u00bfC\u00f3mo ser\u00e1 el procedimiento de otorgamiento?<\/strong><\/p>\n\n\n\n<p>Cada estudiante interesado\/a deber\u00e1 completar el presente formulario. Posteriormente el Secretario Rafael Morales realizar\u00e1 la revisi\u00f3n de la situaci\u00f3n acad\u00e9mica para constatar los porcentajes de avance de los\/as estudiantes en las carreras y confeccionar las certificaciones.<\/p>\n\n\n\n<p>Luego, se imprimir\u00e1n los certificados para que cuenten con la firma hologr\u00e1fica de la Directora Acad\u00e9mica del IFDC-VM y los correspondientes sellos institucionales (evitando la falsificaci\u00f3n).<\/p>\n\n\n\n<p><strong>\u00bfC\u00f3mo se realizar\u00e1 la entrega?<\/strong><\/p>\n\n\n\n<p>Se notificar\u00e1 por correo&nbsp;el d\u00eda y horarios de entrega, su retiro ser\u00e1 de manera presencial en el \u00c1rea de T\u00edtulos.<\/p>\n\n\n\n<p><strong>\u00bfQu\u00e9 aspecto se debe tener en cuenta?<\/strong><\/p>\n\n\n\n<p>La emisi\u00f3n de los certificados no ser\u00e1 inmediata, por lo que su entrega se estima en un plazo de 10 a 15 d\u00edas.<\/p>\n\n\n\n<p><strong>\u00bfQu\u00e9 otro punto se debe considerar?<\/strong><\/p>\n\n\n\n<p>Se anexar\u00e1 al Certificado de estudiante avanzado\/a el Certificado anal\u00edtico provisorio, en el que constar\u00e1n las \u00faltimas actualizaciones.<\/p>\n\n\n\n<p><strong>\u00bfCu\u00e1l es el enlace al formulario de solicitud?<\/strong><\/p>\n\n\n\n<p>Para realizar la solicitud deber\u00e1 seguir el siguiente enlace:&nbsp;<a href=\"https:\/\/forms.gle\/vFxGzQiCRAsD2Ks27\" target=\"_blank\" rel=\"noreferrer noopener\"><strong>Solicitud de Certificado de Estudiante Avanzado<\/strong><\/a><\/p>\n\n\n\n<p>Por \u00faltimo, se solicita leer atentamente al momento de completar el formulario.<\/p>\n\n\n\n<p>Direcci\u00f3n Acad\u00e9mica IFDC-VM<\/p>\n","protected":false},"excerpt":{"rendered":"<p>Estimado\/a, estudiante: Esta opci\u00f3n tiene por objetivo la posibilidad de solicitar el \u00abCertificado de estudiante avanzado\/a\u00bb, para colaborar en sus b\u00fasquedas laborales y que la certificaci\u00f3n cuente con la recomendaci\u00f3n de la Direcci\u00f3n Acad\u00e9mica del IFDC-VM. A continuaci\u00f3n se comparten algunas preguntas orientadoras: \u00bfQui\u00e9nes podr\u00e1n solicitar la certificaci\u00f3n de estudiante avanzado\/a? Podr\u00e1n solicitar la certificaci\u00f3n &#8230; <a title=\"Solicitud de Certificado de Estudiante Avanzado\" class=\"read-more\" href=\"https:\/\/ifdcvm-slu.infd.edu.ar\/sitio\/solicitud-de-certificado-de-estudiante-avanzado\/\" aria-label=\"More on Solicitud de Certificado de Estudiante Avanzado\">[+]<\/a><\/p>\n","protected":false},"author":1518,"featured_media":0,"parent":0,"menu_order":0,"comment_status":"closed","ping_status":"closed","template":"","meta":[],"acf":[],"_links":{"self":[{"href":"https:\/\/ifdcvm-slu.infd.edu.ar\/sitio\/wp-json\/wp\/v2\/pages\/17943"}],"collection":[{"href":"https:\/\/ifdcvm-slu.infd.edu.ar\/sitio\/wp-json\/wp\/v2\/pages"}],"about":[{"href":"https:\/\/ifdcvm-slu.infd.edu.ar\/sitio\/wp-json\/wp\/v2\/types\/page"}],"author":[{"embeddable":true,"href":"https:\/\/ifdcvm-slu.infd.edu.ar\/sitio\/wp-json\/wp\/v2\/users\/1518"}],"replies":[{"embeddable":true,"href":"https:\/\/ifdcvm-slu.infd.edu.ar\/sitio\/wp-json\/wp\/v2\/comments?post=17943"}],"version-history":[{"count":1,"href":"https:\/\/ifdcvm-slu.infd.edu.ar\/sitio\/wp-json\/wp\/v2\/pages\/17943\/revisions"}],"predecessor-version":[{"id":17944,"href":"https:\/\/ifdcvm-slu.infd.edu.ar\/sitio\/wp-json\/wp\/v2\/pages\/17943\/revisions\/17944"}],"wp:attachment":[{"href":"https:\/\/ifdcvm-slu.infd.edu.ar\/sitio\/wp-json\/wp\/v2\/media?parent=17943"}],"curies":[{"name":"wp","href":"https:\/\/api.w.org\/{rel}","templated":true}]}}