{"id":17946,"date":"2026-04-20T20:40:01","date_gmt":"2026-04-20T23:40:01","guid":{"rendered":"https:\/\/ifdcvm-slu.infd.edu.ar\/sitio\/?page_id=17946"},"modified":"2026-04-20T20:40:01","modified_gmt":"2026-04-20T23:40:01","slug":"docentes-solicitud-de-rac-por-actividades-academicas-2026","status":"publish","type":"page","link":"https:\/\/ifdcvm-slu.infd.edu.ar\/sitio\/docentes-solicitud-de-rac-por-actividades-academicas-2026\/","title":{"rendered":"Docentes: Solicitud de RAc por actividades acad\u00e9micas 2026"},"content":{"rendered":"\n<p>Solicitud de RAc&nbsp; por actividades&nbsp; acad\u00e9micas 2026<\/p>\n\n\n\n<p>Estimados\/as docentes del IFDC-VM,&nbsp;<\/p>\n\n\n\n<p>A fin de realizar la resoluci\u00f3n acad\u00e9mica (<strong>RAc<\/strong>) que acredite las actividades enunciadas a continuaci\u00f3n, le solicitamos completar el\u00a0 formulario de carga, considerando lo estipulado en <a href=\"https:\/\/drive.google.com\/file\/d\/1krziVojNtU5RPWUFYwo1O6lMnyKxroA6\/view?usp=sharing\" data-type=\"URL\" data-id=\"https:\/\/drive.google.com\/file\/d\/1krziVojNtU5RPWUFYwo1O6lMnyKxroA6\/view?usp=sharing\" target=\"_blank\" rel=\"noreferrer noopener\">RAc N\u00b0 130\/2024<\/a>.<\/p>\n\n\n\n<p>La recepci\u00f3n de la solicitud ser\u00e1 gestionada \u00fanicamente a trav\u00e9s de los formularios compartidos, atendiendo a que el documento a adjuntar deber\u00e1 ser en <strong>formato Word<\/strong>, se debe descargar el documento antes de completar.<\/p>\n\n\n\n<p>Direcci\u00f3n Acad\u00e9mica IFDC-VM<\/p>\n\n\n\n<figure class=\"wp-block-table\"><table><tbody><tr><td><strong>Actividad Acad\u00e9mica&nbsp;<\/strong><\/td><td><strong>Documento&nbsp;<\/strong><\/td><td><strong>Formulario de carga<\/strong><\/td><\/tr><tr><td><strong>Fecha de presentaci\u00f3n<\/strong><\/td><td colspan=\"2\">1\u00b0 cuatrimestre 2026: desde el 21\/04\/2026 hasta el 01\/07\/20262\u00b0 cuatrimestre 2026: desde el 06\/07\/2026 hasta el 04\/12\/2026\u00a0Seg\u00fan lo establecido por el calendario acad\u00e9mico 2026 (<a href=\"https:\/\/drive.google.com\/file\/d\/1S1BTZ513z9kp33hROoCpzvjYlCgsCDZt\/view?usp=drive_link\" data-type=\"URL\" data-id=\"https:\/\/drive.google.com\/file\/d\/1S1BTZ513z9kp33hROoCpzvjYlCgsCDZt\/view?usp=drive_link\" target=\"_blank\" rel=\"noreferrer noopener\">RAc N\u00b0 165\/2025<\/a>).<\/td><\/tr><tr><td><strong>Solicitud:<\/strong><strong> Proyectos de Fortalecimiento de la Formaci\u00f3n Inicial, <\/strong><strong>Taller Integrador o Taller Interdisciplinario:&nbsp;<\/strong>Proyecto realizado por un periodo mayor a un mes, entre dos o m\u00e1s unidades curriculares (del mismo o de diferentes campos de formaci\u00f3n), en torno a una tem\u00e1tica o problem\u00e1tica espec\u00edfica. La caracter\u00edstica fundamental de estos proyectos es que han compartido un mismo instrumento de evaluaci\u00f3n y tiene por objetivo fortalecer la formaci\u00f3n inicial.<\/td><td>Adjuntar&nbsp; un archivo WORD con la siguiente informaci\u00f3n:&nbsp;Solicitud: <a href=\"https:\/\/docs.google.com\/document\/d\/1jhC8Do1CJGkQOcjcUGV_l5L-lg0xzKMs\/edit?usp=drive_link&amp;ouid=102899293421798946696&amp;rtpof=true&amp;sd=true\">Proyectos de Fortalecimiento de la Formaci\u00f3n Inicial, Taller Integrador o Taller Interdisciplinario<\/a><strong>&nbsp;<\/strong><\/td><td>El\/la docente a cargo del proyecto completar\u00e1 el siguiente <a href=\"https:\/\/docs.google.com\/forms\/d\/e\/1FAIpQLSfblYPutu6IWBBWiS6VYtJMqNnSnoG79xVp6ydCJVWOqJL7EQ\/viewform?usp=dialog\">formulario<\/a> y adjuntar\u00e1 el documento en formato WORD.<\/td><\/tr><tr><td><strong>Participaci\u00f3n:<\/strong><strong> Proyectos de Fortalecimiento de la Formaci\u00f3n Inicial, <\/strong><strong>Taller Integrador o Taller Interdisciplinario:&nbsp;<\/strong>Solicitud de reconocimiento por la participaci\u00f3n en los proyectos, aplica tanto a docentes como estudiantes e invitados especiales que posibilitan la implementaci\u00f3n del proyecto.<\/td><td>Adjuntar\u00a0 un archivo WORD con la siguiente informaci\u00f3n:<br><br><a href=\"https:\/\/docs.google.com\/document\/d\/1oF3XYx1jaFVi3_cJ_ywEW4gKYOWHORhM7U797zFWlhY\/edit?usp=sharing\">1\u00b0 Cuatrimestre: Plantilla de participaci\u00f3n<\/a><br><br><a href=\"https:\/\/docs.google.com\/document\/d\/1iYHk_BS5fy4wra615dfoCLUA0OkWndYGe8-iXe9iGtY\/edit?usp=sharing\">2\u00b0 Cuatrimestre: Plantilla de participaci\u00f3n<\/a><\/td><td>El\/la docente a cargo del proyecto completar\u00e1 el siguiente <a href=\"https:\/\/forms.gle\/AoUtfcq9473jDLzP8\">formulario<\/a> y adjuntar\u00e1 el documento en formato WORD.<\/td><\/tr><tr><td><strong>Docente colaborador\/a:<\/strong>&nbsp;Profesores\/as que han participado como invitados\/as de una UC.&nbsp;<\/td><td>Adjuntar\u00a0 un archivo WORD con la siguiente informaci\u00f3n:<br><br><a href=\"https:\/\/docs.google.com\/document\/d\/1HPn-cG4crqSPNztqjtoZOFjCddm4usw5\/edit?usp=sharing&amp;ouid=105345825733028510075&amp;rtpof=true&amp;sd=true\">1\u00b0 Cuatrimestre: Solicitud: Docente Colaborador\/a<\/a><br><br><a href=\"https:\/\/docs.google.com\/document\/d\/17iMW5XFC6Hb84Ofo2-j3TXBQfMZpZcLX\/edit?usp=sharing&amp;ouid=105345825733028510075&amp;rtpof=true&amp;sd=true\">2\u00b0 Cuatrimestre: Solicitud: Docente Colaborador\/a<\/a><\/td><td>El\/la docente responsable o a cargo de la UC que realiz\u00f3 la invitaci\u00f3n completar\u00e1 con sus datos el siguiente <a href=\"https:\/\/forms.gle\/BzQnAb9pN75wXadb8\">formulario<\/a> y adjuntar\u00e1 el documento en formato WORD.<\/td><\/tr><tr><td><strong>Formador\/a de practicantes<\/strong> (RRe N\u00b0 124\/2019):&nbsp;Profesores\/as responsables o auxiliares de todos los profesorados y UC que no pertenezcan al Campo de la Pr\u00e1ctica Profesional, que hayan colaborado con las tareas de observaci\u00f3n y evaluaci\u00f3n del desempe\u00f1o de los\/as estudiantes en situaci\u00f3n de pr\u00e1ctica profesional.&nbsp;Se solicita \u00fanicamente en el segundo periodo del a\u00f1o.<\/td><td>Adjuntar\u00a0 un archivo WORD con la siguiente informaci\u00f3n: <a href=\"https:\/\/docs.google.com\/document\/d\/1-7nfW1MEEQx-F7glUYU6w0AHXhwZIsf_\/edit?usp=sharing&amp;ouid=105345825733028510075&amp;rtpof=true&amp;sd=true\">Solicitud: Formador\/a de practicantes<\/a><\/td><td>El\/la docente responsable o a cargo de la UC del CFPP completar\u00e1 el siguiente <a href=\"https:\/\/forms.gle\/hrafksAt7KigcqZa9\">formulario<\/a> y adjuntar\u00e1 el documento en formato WORD.<\/td><\/tr><tr><td><strong>Reconocimiento de Escuelas Asociadas (EA) y\/o de directivos\/as y docentes coformadores\/as (orientadores):&nbsp;<\/strong>Escuelas Asociadas, directivos y docentes que hayan participado en la formaci\u00f3n de practicantes ya sea asesorando, observando o brindando su espacio para las implementaciones del Campo de la PP.Se solicita \u00fanicamente en el segundo periodo del a\u00f1o.&nbsp;<\/td><td>Adjuntar\u00a0 un archivo WORD con la siguiente informaci\u00f3n: <a href=\"https:\/\/docs.google.com\/document\/d\/1bsfwzIW7sOChPxmiEvZCUTLDrcLPKlkz\/edit?usp=sharing&amp;ouid=105345825733028510075&amp;rtpof=true&amp;sd=true\">Reconocimiento de Escuelas Asociadas (EA) y\/o de directivos\/as y docentes coformadores\/as (orientadores)<\/a><\/td><td>El\/la docente responsable o a cargo de la UC del CFPP completar\u00e1 el siguiente <a href=\"https:\/\/forms.gle\/wKLRXJ9yNogZMN8F8\">formulario<\/a> &nbsp;y adjuntar\u00e1 el documento en formato WORD.&nbsp;<\/td><\/tr><tr><td><strong>Asesor Disciplinar &nbsp; (RAc N\u00b0 109\/2013):&nbsp;<\/strong>Profesores\/as responsables o auxiliares de todos los profesorados y UC que hayan: Acompa\u00f1ado y orientado a los\/as practicantes en su proceso de formaci\u00f3n. Asesorando de modo sistem\u00e1tico a los\/as practicantes en lo relativo a las decisiones epist\u00e9mico-disciplinares que forman parte de su especialidad, por el tiempo que dure el trabajo de dise\u00f1o de planificaci\u00f3n \u00e1ulica y su implementaci\u00f3n.&nbsp; Asesorado en lo atinente a proyectos educativos, trabajos de campo, estudios exploratorios sobre la disciplina, llevados a cabo desde alguna UC del CFPP.<\/td><td>Adjuntar un archivo en formato WORD con la siguiente informaci\u00f3n:<br><br><a href=\"https:\/\/docs.google.com\/document\/d\/12Yux2rfP4wntk7NAWX6NXlWXGkWCEuGh\/edit?usp=sharing&amp;ouid=105345825733028510075&amp;rtpof=true&amp;sd=true\">1\u00b0 Cuatrimestre: Asesor disciplinar<\/a><br><br><a href=\"https:\/\/docs.google.com\/document\/d\/1JxvDdMH4s5685zAXqTLVJk-kGGfIcSet\/edit?usp=sharing&amp;ouid=105345825733028510075&amp;rtpof=true&amp;sd=true\">2\u00b0 Cuatrimestre: Asesor disciplinar<\/a><\/td><td>El\/la docente responsable o auxiliar completar\u00e1 el siguiente <a href=\"https:\/\/forms.gle\/Yz6S4WxEfkfZA71fA\">formulario<\/a> &nbsp;y adjuntar\u00e1 el documento en formato WORD.<\/td><\/tr><tr><td><strong>Solicitud de Tutor\u00edas<\/strong>: Profesores\/as responsables o auxiliares de todos los profesorados y UC que hayan acompa\u00f1ado, asesorado y orientado a estudiantes a lo largo de su formaci\u00f3n.<\/td><td>Adjuntar un archivo en formato WORD con la siguiente informaci\u00f3n:<br><a href=\"https:\/\/docs.google.com\/document\/d\/1CIpeVZwUeqKEn3zrQoA6p4UCB6qFoMRY3jYpinddZI8\/edit?usp=sharing\">1\u00b0 Cuatrimestre: Solicitud de RAc por Tutor\u00edas<\/a><br><br><a href=\"https:\/\/docs.google.com\/document\/d\/1b1J0LIKos2Jr4xYQqQfzFO83xpwbLbrahmsd-k8RARE\/edit?usp=sharing\">2\u00b0 Cuatrimestre: Solicitud de RAc por Tutor\u00edas<\/a><\/td><td>El\/la docente responsable o a cargo completar\u00e1 el siguiente <a href=\"https:\/\/forms.gle\/UpyTvVzPSCfwvc4a9\">formulario<\/a> y adjuntar\u00e1 el documento en formato WORD. &nbsp;<\/td><\/tr><\/tbody><\/table><\/figure>\n\n\n\n<p><a href=\"https:\/\/ifdcvm-slu.infd.edu.ar\/#facebook\" rel=\"noreferrer noopener\" target=\"_blank\"><\/a><\/p>\n\n\n\n<p><\/p>\n","protected":false},"excerpt":{"rendered":"<p>Solicitud de RAc&nbsp; por actividades&nbsp; acad\u00e9micas 2026 Estimados\/as docentes del IFDC-VM,&nbsp; A fin de realizar la resoluci\u00f3n acad\u00e9mica (RAc) que acredite las actividades enunciadas a continuaci\u00f3n, le solicitamos completar el\u00a0 formulario de carga, considerando lo estipulado en RAc N\u00b0 130\/2024. La recepci\u00f3n de la solicitud ser\u00e1 gestionada \u00fanicamente a trav\u00e9s de los formularios compartidos, atendiendo &#8230; <a title=\"Docentes: Solicitud de RAc por actividades acad\u00e9micas 2026\" class=\"read-more\" href=\"https:\/\/ifdcvm-slu.infd.edu.ar\/sitio\/docentes-solicitud-de-rac-por-actividades-academicas-2026\/\" aria-label=\"More on Docentes: Solicitud de RAc por actividades acad\u00e9micas 2026\">[+]<\/a><\/p>\n","protected":false},"author":1518,"featured_media":0,"parent":0,"menu_order":0,"comment_status":"closed","ping_status":"closed","template":"","meta":[],"acf":[],"_links":{"self":[{"href":"https:\/\/ifdcvm-slu.infd.edu.ar\/sitio\/wp-json\/wp\/v2\/pages\/17946"}],"collection":[{"href":"https:\/\/ifdcvm-slu.infd.edu.ar\/sitio\/wp-json\/wp\/v2\/pages"}],"about":[{"href":"https:\/\/ifdcvm-slu.infd.edu.ar\/sitio\/wp-json\/wp\/v2\/types\/page"}],"author":[{"embeddable":true,"href":"https:\/\/ifdcvm-slu.infd.edu.ar\/sitio\/wp-json\/wp\/v2\/users\/1518"}],"replies":[{"embeddable":true,"href":"https:\/\/ifdcvm-slu.infd.edu.ar\/sitio\/wp-json\/wp\/v2\/comments?post=17946"}],"version-history":[{"count":1,"href":"https:\/\/ifdcvm-slu.infd.edu.ar\/sitio\/wp-json\/wp\/v2\/pages\/17946\/revisions"}],"predecessor-version":[{"id":17947,"href":"https:\/\/ifdcvm-slu.infd.edu.ar\/sitio\/wp-json\/wp\/v2\/pages\/17946\/revisions\/17947"}],"wp:attachment":[{"href":"https:\/\/ifdcvm-slu.infd.edu.ar\/sitio\/wp-json\/wp\/v2\/media?parent=17946"}],"curies":[{"name":"wp","href":"https:\/\/api.w.org\/{rel}","templated":true}]}}