{"id":2652,"date":"2018-07-02T19:25:44","date_gmt":"2018-07-02T22:25:44","guid":{"rendered":"https:\/\/ifdcvm-slu.infd.edu.ar\/sitio\/autoridades\/"},"modified":"2025-10-29T09:01:42","modified_gmt":"2025-10-29T12:01:42","slug":"autoridades","status":"publish","type":"page","link":"https:\/\/ifdcvm-slu.infd.edu.ar\/sitio\/autoridades\/","title":{"rendered":"Autoridades del IFDC V. Mercedes"},"content":{"rendered":"\n<p class=\"has-text-align-left\"><a href=\"https:\/\/ifdcvm-slu.infd.edu.ar\/sitio\/wp-content\/uploads\/2025\/10\/Decreto-18225.pdf\" data-type=\"URL\" data-id=\"https:\/\/ifdcvm-slu.infd.edu.ar\/sitio\/wp-content\/uploads\/2025\/10\/Decreto-18225.pdf\" target=\"_blank\" rel=\"noreferrer noopener\">Decreto N\u00b0 18225-ME-2025<\/a><\/p>\n\n\n\n<hr class=\"wp-block-separator has-alpha-channel-opacity\"\/>\n\n\n\n<p class=\"has-contrast-color has-text-color has-medium-font-size\"><strong>AUTORIDADES<\/strong>:<\/p>\n\n\n\n<h5 class=\"wp-block-heading\" style=\"text-transform:capitalize\">Rectora: Esp. Milena D&#8217;Amario<\/h5>\n\n\n\n<h5 class=\"wp-block-heading\" style=\"text-transform:capitalize\">Directora Acad\u00e9mica: Esp. Moira Marian D\u00edaz<\/h5>\n\n\n\n<h5 class=\"wp-block-heading\" style=\"text-transform:capitalize\">directora de Extensi\u00f3n:  Esp. Cecilia Ester Mu\u00f1oz<\/h5>\n\n\n\n<h5 class=\"wp-block-heading\" style=\"text-transform:capitalize\">Directora Administrativa: CPN Alejandra Peredo<\/h5>\n\n\n\n<hr class=\"wp-block-separator has-alpha-channel-opacity\"\/>\n\n\n\n<p><\/p>\n","protected":false},"excerpt":{"rendered":"<p>Decreto N\u00b0 18225-ME-2025 AUTORIDADES: Rectora: Esp. Milena D&#8217;Amario Directora Acad\u00e9mica: Esp. Moira Marian D\u00edaz directora de Extensi\u00f3n: Esp. Cecilia Ester Mu\u00f1oz Directora Administrativa: CPN Alejandra Peredo<\/p>\n","protected":false},"author":1518,"featured_media":0,"parent":0,"menu_order":0,"comment_status":"closed","ping_status":"closed","template":"","meta":[],"acf":[],"_links":{"self":[{"href":"https:\/\/ifdcvm-slu.infd.edu.ar\/sitio\/wp-json\/wp\/v2\/pages\/2652"}],"collection":[{"href":"https:\/\/ifdcvm-slu.infd.edu.ar\/sitio\/wp-json\/wp\/v2\/pages"}],"about":[{"href":"https:\/\/ifdcvm-slu.infd.edu.ar\/sitio\/wp-json\/wp\/v2\/types\/page"}],"author":[{"embeddable":true,"href":"https:\/\/ifdcvm-slu.infd.edu.ar\/sitio\/wp-json\/wp\/v2\/users\/1518"}],"replies":[{"embeddable":true,"href":"https:\/\/ifdcvm-slu.infd.edu.ar\/sitio\/wp-json\/wp\/v2\/comments?post=2652"}],"version-history":[{"count":15,"href":"https:\/\/ifdcvm-slu.infd.edu.ar\/sitio\/wp-json\/wp\/v2\/pages\/2652\/revisions"}],"predecessor-version":[{"id":17390,"href":"https:\/\/ifdcvm-slu.infd.edu.ar\/sitio\/wp-json\/wp\/v2\/pages\/2652\/revisions\/17390"}],"wp:attachment":[{"href":"https:\/\/ifdcvm-slu.infd.edu.ar\/sitio\/wp-json\/wp\/v2\/media?parent=2652"}],"curies":[{"name":"wp","href":"https:\/\/api.w.org\/{rel}","templated":true}]}}