{"id":2662,"date":"2018-07-02T19:25:48","date_gmt":"2018-07-02T22:25:48","guid":{"rendered":"https:\/\/ifdcvm-slu.infd.edu.ar\/sitio\/presentacion\/"},"modified":"2025-07-03T11:08:31","modified_gmt":"2025-07-03T14:08:31","slug":"presentacion","status":"publish","type":"page","link":"https:\/\/ifdcvm-slu.infd.edu.ar\/sitio\/presentacion\/","title":{"rendered":"Presentaci\u00f3n"},"content":{"rendered":"<div><\/div>\n<div style=\"text-align: justify;\"><strong>Biblioteca Rodolfo Walsh<\/strong><\/div>\n<p style=\"text-align: justify;\">La <strong>Biblioteca Rodolfo Walsh<\/strong> del Instituto de Formaci\u00f3n Docente Continua de Villa Mercedes, integra la Red Provincial de Bibliotecas Escolares de las Prov. De San Luis, trabajando conjuntamente con la Biblioteca Rosenda Quiroga del Instituto de Formaci\u00f3n docente Continua de San Luis ambas instituciones trabajan para prestar m\u00e1s y mejores servicios a los usuarios.<\/p>\n<p style=\"text-align: justify;\">El horario de atenci\u00f3n se ha extendido abarcando desde las 7:00 a 21:00hs.<\/p>\n<p style=\"text-align: justify;\"><strong>\u00a0 Misi\u00f3n:<\/strong><\/p>\n<p style=\"text-align: justify;\">\u00a0\u00a0\u00a0\u00a0\u00a0\u00a0\u00a0\u00a0\u00a0\u00a0\u00a0 Brindar un servicio acorde a las necesidades de informaci\u00f3n de nuestras comunidades educativas.<\/p>\n<p style=\"text-align: justify;\"><strong>\u00a0 Visi\u00f3n:<\/strong><\/p>\n<p style=\"text-align: justify;\">\u00a0\u00a0\u00a0\u00a0\u00a0\u00a0\u00a0\u00a0\u00a0\u00a0\u00a0\u00a0\u00a0\u00a0 Buscar el \u00e9xito de est\u00e1 organizaci\u00f3n a trav\u00e9s de una gesti\u00f3n eficiente.<\/p>\n<p><img decoding=\"async\" loading=\"lazy\" class=\"alignnone wp-image-16640  aligncenter\" src=\"https:\/\/ifdcvm-slu.infd.edu.ar\/sitio\/wp-content\/uploads\/2025\/07\/20250527_123134-scaled-e1751549554987-1000x622.jpg\" alt=\"\" width=\"830\" height=\"516\" srcset=\"https:\/\/ifdcvm-slu.infd.edu.ar\/sitio\/wp-content\/uploads\/2025\/07\/20250527_123134-scaled-e1751549554987-1000x622.jpg 1000w, https:\/\/ifdcvm-slu.infd.edu.ar\/sitio\/wp-content\/uploads\/2025\/07\/20250527_123134-scaled-e1751549554987-1900x1182.jpg 1900w, https:\/\/ifdcvm-slu.infd.edu.ar\/sitio\/wp-content\/uploads\/2025\/07\/20250527_123134-scaled-e1751549554987-768x478.jpg 768w, https:\/\/ifdcvm-slu.infd.edu.ar\/sitio\/wp-content\/uploads\/2025\/07\/20250527_123134-scaled-e1751549554987-1536x956.jpg 1536w, https:\/\/ifdcvm-slu.infd.edu.ar\/sitio\/wp-content\/uploads\/2025\/07\/20250527_123134-scaled-e1751549554987-2048x1274.jpg 2048w\" sizes=\"(max-width: 830px) 100vw, 830px\" \/><\/p>\n<p style=\"text-align: justify;\"><strong>Servicios de la Biblioteca<\/strong><\/p>\n<div style=\"text-align: justify;\">\n<ul>\n<li>B\u00fasqueda de bibliograf\u00eda<\/li>\n<li>Formaci\u00f3n de usuarios<\/li>\n<li>Sala de video<\/li>\n<li>Internet Gratuito<\/li>\n<li>Locker para mochilas u objetos personales<\/li>\n<\/ul>\n<\/div>\n<div style=\"text-align: justify;\"><strong><span lang=\"PT-BR\">Pr\u00e9stamos a:<\/span><\/strong><\/p>\n<ul>\n<li><span lang=\"PT-BR\">Sala <\/span><\/li>\n<li><span lang=\"PT-BR\">Aula<\/span><\/li>\n<li><span lang=\"PT-BR\">Domicilio<\/span><\/li>\n<li><span lang=\"PT-BR\">Inter bibliotecario<\/span><\/li>\n<\/ul>\n<p>Contactate con nosotros mediante correo electr\u00f3nico a: biblioteca@ifdcvm.edu.ar o sdenicolai.biblioteca@ifdcvm.edu.ar<\/p>\n<\/div>\n","protected":false},"excerpt":{"rendered":"<p>Biblioteca Rodolfo Walsh La Biblioteca Rodolfo Walsh del Instituto de Formaci\u00f3n Docente Continua de Villa Mercedes, integra la Red Provincial de Bibliotecas Escolares de las Prov. De San Luis, trabajando conjuntamente con la Biblioteca Rosenda Quiroga del Instituto de Formaci\u00f3n docente Continua de San Luis ambas instituciones trabajan para prestar m\u00e1s y mejores servicios a &#8230; <a title=\"Presentaci\u00f3n\" class=\"read-more\" href=\"https:\/\/ifdcvm-slu.infd.edu.ar\/sitio\/presentacion\/\" aria-label=\"More on Presentaci\u00f3n\">[+]<\/a><\/p>\n","protected":false},"author":1518,"featured_media":0,"parent":0,"menu_order":0,"comment_status":"closed","ping_status":"closed","template":"","meta":[],"acf":[],"_links":{"self":[{"href":"https:\/\/ifdcvm-slu.infd.edu.ar\/sitio\/wp-json\/wp\/v2\/pages\/2662"}],"collection":[{"href":"https:\/\/ifdcvm-slu.infd.edu.ar\/sitio\/wp-json\/wp\/v2\/pages"}],"about":[{"href":"https:\/\/ifdcvm-slu.infd.edu.ar\/sitio\/wp-json\/wp\/v2\/types\/page"}],"author":[{"embeddable":true,"href":"https:\/\/ifdcvm-slu.infd.edu.ar\/sitio\/wp-json\/wp\/v2\/users\/1518"}],"replies":[{"embeddable":true,"href":"https:\/\/ifdcvm-slu.infd.edu.ar\/sitio\/wp-json\/wp\/v2\/comments?post=2662"}],"version-history":[{"count":4,"href":"https:\/\/ifdcvm-slu.infd.edu.ar\/sitio\/wp-json\/wp\/v2\/pages\/2662\/revisions"}],"predecessor-version":[{"id":16644,"href":"https:\/\/ifdcvm-slu.infd.edu.ar\/sitio\/wp-json\/wp\/v2\/pages\/2662\/revisions\/16644"}],"wp:attachment":[{"href":"https:\/\/ifdcvm-slu.infd.edu.ar\/sitio\/wp-json\/wp\/v2\/media?parent=2662"}],"curies":[{"name":"wp","href":"https:\/\/api.w.org\/{rel}","templated":true}]}}