{"id":2664,"date":"2018-07-02T19:25:49","date_gmt":"2018-07-02T22:25:49","guid":{"rendered":"https:\/\/ifdcvm-slu.infd.edu.ar\/sitio\/enlaces-a-bibliotecas\/"},"modified":"2020-04-16T17:39:50","modified_gmt":"2020-04-16T20:39:50","slug":"enlaces-a-bibliotecas","status":"publish","type":"page","link":"https:\/\/ifdcvm-slu.infd.edu.ar\/sitio\/enlaces-a-bibliotecas\/","title":{"rendered":"Enlaces a bibliotecas"},"content":{"rendered":"<h5><a href=\"http:\/\/www.bcnbib.gov.ar\/\" target=\"_blank\" rel=\"noopener\">Biblioteca del Congreso de la Naci\u00f3n<\/a><br \/>\nAlsina 1871 Buenos Aires. Tel. 4371-3643; 4373-0528.<\/h5>\n<h5><a href=\"http:\/\/www.bac.org.ar\/\" target=\"_blank\" rel=\"noopener\">Biblioteca Argentina para Ciegos<\/a><br \/>\nLa Biblioteca Argentina Para Ciegos es una entidad no gubernamental sin fines de lucro, que se propone contribuir a la plena integraci\u00f3n de las personas con discapacidad visual en la sociedad.<\/h5>\n<h5><a href=\"http:\/\/bcacuri.blogspot.com\/\" target=\"_blank\" rel=\"noopener\">Biblioteca P\u00fablica Vicente P. Cacuri <\/a><br \/>\nWeblog del la Biblioteca P\u00fablica Vicente P. Cacuri del Sindicato Empleados de Comercio de Tres Arroyos.<\/h5>\n<h5><a href=\"http:\/\/www.bibnal.edu.ar\/\" target=\"_blank\" rel=\"noopener\">Biblioteca Nacional <\/a><br \/>\nAg\u00fcero 2502. Buenos Aires. Tel. 4807-0434 int.1033\/4; 4806-4721.<\/h5>\n<h5><a href=\"http:\/\/www.buenosaires.gov.ar\/areas\/educacion\/bibleduc\/\" target=\"_blank\" rel=\"noopener\">Biblioteca del Docente. <\/a><br \/>\nSecretar\u00eda de Educaci\u00f3n. Gobierno de la Ciudad de Buenos Aires.<br \/>\nAv. Entre R\u00edos 1349 (1133) Tel. 4305- 7202;7219.<\/h5>\n<h5><\/h5>\n<h5><a href=\"http:\/\/www.bnp.gob.pe\/\" target=\"_blank\" rel=\"noopener\">Biblioteca Nacional del Per\u00fa<\/a><\/h5>\n<h5><a href=\"http:\/\/www.bne.es\/\" target=\"_blank\" rel=\"noopener\">Biblioteca Nacional de Espa\u00f1a<\/a><\/h5>\n<h5><a href=\"http:\/\/www.loc.gov\/\" target=\"_blank\" rel=\"noopener\">Biblioteca del Congreso de los Estados Unidos<\/a><\/h5>\n<h5><a href=\"http:\/\/www.nla.gov.au\/\" target=\"_blank\" rel=\"noopener\">Biblioteca Nacional de Australia<\/a><\/h5>\n<h5><a href=\"http:\/\/www.bn.pt\/\" target=\"_blank\" rel=\"noopener\">Biblioteca Nacional de Portugal<\/a><\/h5>\n<h5><a href=\"http:\/\/www.bnf.fr\/\" target=\"_blank\" rel=\"noopener\">Biblioteca Nacional de Francia<\/a><\/h5>\n<h5><a href=\"http:\/\/www.kb.nl\/\" target=\"_blank\" rel=\"noopener\">Biblioteca Nacional de los Pa\u00edses Bajos<\/a><\/h5>\n<h5><a href=\"http:\/\/sdi.cnc.una.py\/zsgb\/cliente.cgi\" target=\"_blank\" rel=\"noopener\">Cat\u00e1logo de bibliotecas de la Universidad Nacional de Asunci\u00f3n<\/a><\/h5>\n<h5><a href=\"http:\/\/www.juntadeandalucia.es\/cultura\/ba\/\" target=\"_blank\" rel=\"noopener\">Sistema Bibliotecario de Andaluc\u00eda<\/a><\/h5>\n<h5><a href=\"http:\/\/www.usp.br\/sibi\" target=\"_blank\" rel=\"noopener\">Sistema Integrado de Bibliotecas, Universidad de San Pablo<\/a><\/h5>\n<h5><a href=\"http:\/\/portico.bl.uk\/\" target=\"_blank\" rel=\"noopener\">The British Library<\/a><\/h5>\n<p>&nbsp;<\/p>\n<table border=\"0\" width=\"620\" cellspacing=\"4\" cellpadding=\"0\">\n<tbody>\n<tr>\n<td class=\"titulo\">Bibliotecas escolares<\/td>\n<\/tr>\n<tr>\n<td rowspan=\"3\"><\/td>\n<td>\n<table style=\"height: 906px;\" border=\"0\" width=\"473\" cellspacing=\"0\" cellpadding=\"0\">\n<tbody>\n<tr>\n<td class=\"parrafo\"><\/td>\n<\/tr>\n<tr>\n<td class=\"parrafo\">\n<h4><a href=\"http:\/\/www.bibliotecaescuela4.blogspot.com\/\" target=\"_blank\" rel=\"noopener\">Biblioteca Escolar Alfonsina Storni<\/a><\/h4>\n<h4>Weblog de la Biblioteca Escolar Alfonsina Storni de la Esc. N\u00b04 D.E.2\u00b0 \u00abAmadeo Jacques\u00bb.<\/h4>\n<\/td>\n<\/tr>\n<tr>\n<td class=\"parrafo\"><\/td>\n<\/tr>\n<tr>\n<td class=\"parrafo\">\n<h4><a href=\"http:\/\/www.educacion.gob.pa\/cra.htm\" target=\"_blank\" rel=\"noopener\">Centro de Recursos para el Aprendizaje, Ministerio de Educaci\u00f3n de Paraguay<\/a><\/h4>\n<\/td>\n<\/tr>\n<tr>\n<td class=\"parrafo\"><\/td>\n<\/tr>\n<tr>\n<td class=\"parrafo\">\n<h4><a href=\"http:\/\/www.school-libraries.net\/\" target=\"_blank\" rel=\"noopener\">School-Libraries.Net (en ingl\u00e9s)\u00a0<\/a><\/h4>\n<h4>Es un directorio de p\u00e1ginas web de bibliotecarios escolares por pa\u00eds.<\/h4>\n<\/td>\n<\/tr>\n<tr>\n<td class=\"parrafo\"><\/td>\n<\/tr>\n<tr>\n<td class=\"parrafo\">\n<h4><a href=\"http:\/\/www.sldirectory.com\/\" target=\"_blank\" rel=\"noopener\">School Libraries on the Web (en ingl\u00e9s)\u00a0<\/a><\/h4>\n<h4>Listado de centros de recursos y bibliotecas escolares de m\u00e1s de treinta pa\u00edses. La p\u00e1gina es mantenida por el grupo de bibiotecas escolares K-12.<\/h4>\n<\/td>\n<\/tr>\n<tr>\n<td class=\"parrafo\"><\/td>\n<\/tr>\n<\/tbody>\n<\/table>\n<\/td>\n<\/tr>\n<\/tbody>\n<\/table>\n","protected":false},"excerpt":{"rendered":"<p>Biblioteca del Congreso de la Naci\u00f3n Alsina 1871 Buenos Aires. Tel. 4371-3643; 4373-0528. Biblioteca Argentina para Ciegos La Biblioteca Argentina Para Ciegos es una entidad no gubernamental sin fines de lucro, que se propone contribuir a la plena integraci\u00f3n de las personas con discapacidad visual en la sociedad. Biblioteca P\u00fablica Vicente P. Cacuri Weblog del &#8230; <a title=\"Enlaces a bibliotecas\" class=\"read-more\" href=\"https:\/\/ifdcvm-slu.infd.edu.ar\/sitio\/enlaces-a-bibliotecas\/\" aria-label=\"More on Enlaces a bibliotecas\">[+]<\/a><\/p>\n","protected":false},"author":792,"featured_media":0,"parent":0,"menu_order":0,"comment_status":"closed","ping_status":"closed","template":"","meta":[],"acf":[],"_links":{"self":[{"href":"https:\/\/ifdcvm-slu.infd.edu.ar\/sitio\/wp-json\/wp\/v2\/pages\/2664"}],"collection":[{"href":"https:\/\/ifdcvm-slu.infd.edu.ar\/sitio\/wp-json\/wp\/v2\/pages"}],"about":[{"href":"https:\/\/ifdcvm-slu.infd.edu.ar\/sitio\/wp-json\/wp\/v2\/types\/page"}],"author":[{"embeddable":true,"href":"https:\/\/ifdcvm-slu.infd.edu.ar\/sitio\/wp-json\/wp\/v2\/users\/792"}],"replies":[{"embeddable":true,"href":"https:\/\/ifdcvm-slu.infd.edu.ar\/sitio\/wp-json\/wp\/v2\/comments?post=2664"}],"version-history":[{"count":4,"href":"https:\/\/ifdcvm-slu.infd.edu.ar\/sitio\/wp-json\/wp\/v2\/pages\/2664\/revisions"}],"predecessor-version":[{"id":7915,"href":"https:\/\/ifdcvm-slu.infd.edu.ar\/sitio\/wp-json\/wp\/v2\/pages\/2664\/revisions\/7915"}],"wp:attachment":[{"href":"https:\/\/ifdcvm-slu.infd.edu.ar\/sitio\/wp-json\/wp\/v2\/media?parent=2664"}],"curies":[{"name":"wp","href":"https:\/\/api.w.org\/{rel}","templated":true}]}}