{"id":2669,"date":"2018-07-02T19:25:51","date_gmt":"2018-07-02T22:25:51","guid":{"rendered":"https:\/\/ifdcvm-slu.infd.edu.ar\/sitio\/teoria-de-la-educacion\/"},"modified":"2020-04-16T17:54:59","modified_gmt":"2020-04-16T20:54:59","slug":"teoria-de-la-educacion","status":"publish","type":"page","link":"https:\/\/ifdcvm-slu.infd.edu.ar\/sitio\/teoria-de-la-educacion\/","title":{"rendered":"Teor\u00eda de la Educaci\u00f3n"},"content":{"rendered":"<h5 class=\"MsoNormal\"><a href=\"http:\/\/www.colegioswaldorf.org\/\" target=\"_blank\" rel=\"noopener\">Asociaci\u00f3n de Centros Educativos Waldorf<\/a><br \/>\nP\u00e1gina con informaci\u00f3n acerca de la pedagog\u00eda Waldorf. Espa\u00f1a.<\/h5>\n<p>&nbsp;<\/p>\n<h5 class=\"MsoNormal\"><a href=\"http:\/\/www.biografiasyvidas.com\/\" target=\"_blank\" rel=\"noopener\">Biograf\u00edas y vidas<\/a><br \/>\nRe\u00fane m\u00e1s de 3000 fichas biogr\u00e1ficas de personajes c\u00e9lebres.<\/h5>\n<p>&nbsp;<\/p>\n<h5 class=\"MsoNormal\"><a href=\"http:\/\/www.cies.ws\/links.html\" target=\"_blank\" rel=\"noopener\">Comparative and International Education Society (CIES).Links of related interest <\/a><br \/>\nSe trata de un completo listado de enlaces de asociaciones, revistas y bases de datos vinculadas a la Educaci\u00f3n Comparada.<\/h5>\n<p>&nbsp;<\/p>\n<h5 class=\"MsoNormal\"><a href=\"http:\/\/www.paulofreire.org\/Capa\/WebHome\" target=\"_blank\" rel=\"noopener\">Instituto Paulo Freire. Movimento pr\u00f3 Paulo Freire<\/a>.<br \/>\nSitio dedicado a la difusi\u00f3n de las ideas de Paulo Freire. Entre otras opciones puede consultarse su biograf\u00eda escrita por diferentes autores, informaci\u00f3n sobre sus libros, una galer\u00eda fotos, poes\u00edas de su autor\u00eda, eventos y enlaces (en portugu\u00e9s e ingl\u00e9s).<\/h5>\n<p>&nbsp;<\/p>\n<h5 class=\"MsoNormal\"><a href=\"http:\/\/www.archivesjeanpiaget.ch\/\" target=\"_blank\" rel=\"noopener\">Jean Piaget <\/a><br \/>\nBiograf\u00eda con fotos y acceso a toda la bibliograf\u00eda escrita por \u00e9l, ordenada alfab\u00e9ticamente.<\/h5>\n<p>&nbsp;<\/p>\n<h5 class=\"MsoNormal\"><a href=\"http:\/\/www.montessori.edu\/\" target=\"_blank\" rel=\"noopener\">Montessori <\/a><br \/>\nEn este sitio se puede consultar el m\u00e9todo, conferencias, escuelas y preguntas frecuentes relacionadas con la l\u00ednea propuesta por Mar\u00eda Montessori.<\/h5>\n<p>&nbsp;<\/p>\n<h5 class=\"MsoNormal\"><a href=\"http:\/\/www.schulmuseum.at\/links\/frlinks.htm\" target=\"_blank\" rel=\"noopener\">Museo Escolar Virtual de Klagenfurt <\/a><br \/>\nLa Sociedad Austr\u00edaca de Historia de la Educaci\u00f3n ha creado un Museo Pedag\u00f3gico Virtual llamado \u00abVirtuelles Schulmuseum Klagenfurt\u00bb. Desde all\u00ed puede consultarse un listado de museos pedag\u00f3gicos.<\/h5>\n<p>&nbsp;<\/p>\n<h5 class=\"MsoNormal\"><a href=\"http:\/\/www.rousseauassociation.org\/\" target=\"_blank\" rel=\"noopener\">Rousseau Asociation <\/a><br \/>\nSitio dedicado a Jean-Jacques Rousseau con su biograf\u00eda, sus escritos (en ingl\u00e9s y franc\u00e9s), m\u00fasica compuesta por \u00e9l e im\u00e1genes.<\/h5>\n","protected":false},"excerpt":{"rendered":"<p>Asociaci\u00f3n de Centros Educativos Waldorf P\u00e1gina con informaci\u00f3n acerca de la pedagog\u00eda Waldorf. Espa\u00f1a. &nbsp; Biograf\u00edas y vidas Re\u00fane m\u00e1s de 3000 fichas biogr\u00e1ficas de personajes c\u00e9lebres. &nbsp; Comparative and International Education Society (CIES).Links of related interest Se trata de un completo listado de enlaces de asociaciones, revistas y bases de datos vinculadas a la &#8230; <a title=\"Teor\u00eda de la Educaci\u00f3n\" class=\"read-more\" href=\"https:\/\/ifdcvm-slu.infd.edu.ar\/sitio\/teoria-de-la-educacion\/\" aria-label=\"More on Teor\u00eda de la Educaci\u00f3n\">[+]<\/a><\/p>\n","protected":false},"author":792,"featured_media":0,"parent":0,"menu_order":0,"comment_status":"closed","ping_status":"closed","template":"","meta":[],"acf":[],"_links":{"self":[{"href":"https:\/\/ifdcvm-slu.infd.edu.ar\/sitio\/wp-json\/wp\/v2\/pages\/2669"}],"collection":[{"href":"https:\/\/ifdcvm-slu.infd.edu.ar\/sitio\/wp-json\/wp\/v2\/pages"}],"about":[{"href":"https:\/\/ifdcvm-slu.infd.edu.ar\/sitio\/wp-json\/wp\/v2\/types\/page"}],"author":[{"embeddable":true,"href":"https:\/\/ifdcvm-slu.infd.edu.ar\/sitio\/wp-json\/wp\/v2\/users\/792"}],"replies":[{"embeddable":true,"href":"https:\/\/ifdcvm-slu.infd.edu.ar\/sitio\/wp-json\/wp\/v2\/comments?post=2669"}],"version-history":[{"count":3,"href":"https:\/\/ifdcvm-slu.infd.edu.ar\/sitio\/wp-json\/wp\/v2\/pages\/2669\/revisions"}],"predecessor-version":[{"id":7923,"href":"https:\/\/ifdcvm-slu.infd.edu.ar\/sitio\/wp-json\/wp\/v2\/pages\/2669\/revisions\/7923"}],"wp:attachment":[{"href":"https:\/\/ifdcvm-slu.infd.edu.ar\/sitio\/wp-json\/wp\/v2\/media?parent=2669"}],"curies":[{"name":"wp","href":"https:\/\/api.w.org\/{rel}","templated":true}]}}