{"id":2697,"date":"2018-07-10T12:49:59","date_gmt":"2018-07-10T15:49:59","guid":{"rendered":"https:\/\/ifdcvm-slu.infd.edu.ar\/sitio\/?page_id=2697"},"modified":"2020-04-16T19:16:45","modified_gmt":"2020-04-16T22:16:45","slug":"educacion-especial","status":"publish","type":"page","link":"https:\/\/ifdcvm-slu.infd.edu.ar\/sitio\/educacion-especial\/","title":{"rendered":"Educaci\u00f3n Especial"},"content":{"rendered":"<table border=\"0\" width=\"620\" cellspacing=\"4\" cellpadding=\"0\">\n<tbody>\n<tr>\n<td class=\"titulo\">\n<h4><strong>Educaci\u00f3n especial<\/strong><\/h4>\n<\/td>\n<\/tr>\n<tr>\n<td rowspan=\"3\"><\/td>\n<td>\n<table border=\"0\" width=\"100%\" cellspacing=\"0\" cellpadding=\"0\">\n<tbody>\n<tr>\n<td class=\"parrafo\"><\/td>\n<\/tr>\n<tr>\n<td class=\"parrafo\"><a href=\"http:\/\/www.acb.org\/\" target=\"_blank\" rel=\"noopener\">American Council of the Blind\u00a0<\/a><br \/>\nSitios dedicado a la educaci\u00f3n de alumnos ciegos. Cuenta con un foro llamado \u00abBraille Forum\u00bb, un banco de ofertas laborales, informaci\u00f3n sobre recursos \u00fatiles, etc.<\/td>\n<\/tr>\n<tr>\n<td class=\"parrafo\"><\/td>\n<\/tr>\n<tr>\n<td class=\"parrafo\"><a href=\"http:\/\/www.cedalp.com\/\" target=\"_blank\" rel=\"noopener\">Centro para el Desarrollo del Alto Potencial\u00a0<\/a><br \/>\nPresenta art\u00edculos, enlaces e informaci\u00f3n relacionada con los ni\u00f1os superdotados.<\/td>\n<\/tr>\n<tr>\n<td class=\"parrafo\"><\/td>\n<\/tr>\n<tr>\n<td class=\"parrafo\"><a href=\"http:\/\/www.cilsa.org.ar\/\" target=\"_blank\" rel=\"noopener\">CILSA. Por la integraci\u00f3n\u00a0<\/a><br \/>\nEste sitio dedicado a la integraci\u00f3n de personas con discapacidad presenta informaci\u00f3n, legislaci\u00f3n, una revista electr\u00f3nica, actividades, entre otras opciones.<\/td>\n<\/tr>\n<tr>\n<td class=\"parrafo\"><\/td>\n<\/tr>\n<tr>\n<td class=\"parrafo\"><a href=\"http:\/\/www.cec.sped.org\/index.html\" target=\"_blank\" rel=\"noopener\">Council For Exceptional Children\u00a0<\/a><br \/>\nEste sitio dedicado a ni\u00f1os talentosos presenta informaci\u00f3n, documentos, art\u00edculos y eventos relacionados con el tema. (En ingl\u00e9s)<\/td>\n<\/tr>\n<tr>\n<td class=\"parrafo\"><\/td>\n<\/tr>\n<tr>\n<td class=\"parrafo\"><a href=\"http:\/\/www.dpi.org\/\" target=\"_blank\" rel=\"noopener\">Disabled People&#8217;s International (DPI)\u00a0<\/a><br \/>\nEste portal pertenece a una organizaci\u00f3n internacional que tiene como fin promover los Derechos Humanos de Personas con Discapacidades. Brinda informaci\u00f3n sobre la instituci\u00f3n, cuenta con publicaciones, un espacio dedicado a las personas que utilizan silla de ruedas, enlaces a sitios sobre la discapacidad y otras opciones.<\/td>\n<\/tr>\n<tr>\n<td class=\"parrafo\"><\/td>\n<\/tr>\n<tr>\n<td class=\"parrafo\"><a href=\"http:\/\/www.educacion-especial.com\/\" target=\"_blank\" rel=\"noopener\">Educaci\u00f3n Especial.com\u00a0<\/a><br \/>\nPresenta informaci\u00f3n sobre las causas de diversas discapacidades, la estimulaci\u00f3n temprana, la atenci\u00f3n a la diversidad, novedades y otros temas de inter\u00e9s.<\/td>\n<\/tr>\n<tr>\n<td class=\"parrafo\"><\/td>\n<\/tr>\n<tr>\n<td class=\"parrafo\"><a href=\"http:\/\/www.espaciologopedico.com\/\" target=\"_blank\" rel=\"noopener\">Espacio Logop\u00e9dico\u00a0<\/a><br \/>\nEs un sitio sobre logopedia, fonoaudiolog\u00eda y terapia del lenguaje. Tiene un buscador de patolog\u00edas por palabra, informaci\u00f3n sobre detecci\u00f3n, orientaci\u00f3n y recursos dirigidos a profesionales y padres.<\/td>\n<\/tr>\n<tr>\n<td class=\"parrafo\"><\/td>\n<\/tr>\n<tr>\n<td class=\"parrafo\"><a href=\"http:\/\/www.fundacionnosotros.org.ar\/\" target=\"_blank\" rel=\"noopener\">Fundaci\u00f3n Nosotros\u00a0<\/a><br \/>\nP\u00e1gina de la fundaci\u00f3n civil sin fines de lucro, destinada a ayudar a las personas Deficientes Mentales y Sociales, as\u00ed como encauzarlos en la sociedad y en la aceptaci\u00f3n de la comunidad. Promoviendo para ello, la educaci\u00f3n, la cultura, la salud, la investigaci\u00f3n y la formaci\u00f3n de recursos humanos, herramientas fundamentales para mejorar su calidad de vida.<\/td>\n<\/tr>\n<tr>\n<td class=\"parrafo\"><\/td>\n<\/tr>\n<tr>\n<td class=\"parrafo\"><a href=\"http:\/\/www.autismointegracion.com.ar\/\" target=\"_blank\" rel=\"noopener\">R.Ed.Es\u00a0<\/a><br \/>\nRed de Educaci\u00f3n Especializada en acciones para la integraci\u00f3n de ni\u00f1os con autismo y otros trastornos generalizados de desarrollo a la escuela com\u00fan. Presenta Informaci\u00f3n institucional, los objetivos y fundamentos de trabajo, dictado de cursos, notas de inter\u00e9s y datos sobre el aula espec\u00edfica de curr\u00edcula integrada.<\/td>\n<\/tr>\n<\/tbody>\n<\/table>\n<\/td>\n<\/tr>\n<tr>\n<td><\/td>\n<\/tr>\n<\/tbody>\n<\/table>\n","protected":false},"excerpt":{"rendered":"<p>Educaci\u00f3n especial American Council of the Blind\u00a0 Sitios dedicado a la educaci\u00f3n de alumnos ciegos. Cuenta con un foro llamado \u00abBraille Forum\u00bb, un banco de ofertas laborales, informaci\u00f3n sobre recursos \u00fatiles, etc. Centro para el Desarrollo del Alto Potencial\u00a0 Presenta art\u00edculos, enlaces e informaci\u00f3n relacionada con los ni\u00f1os superdotados. CILSA. Por la integraci\u00f3n\u00a0 Este sitio &#8230; <a title=\"Educaci\u00f3n Especial\" class=\"read-more\" href=\"https:\/\/ifdcvm-slu.infd.edu.ar\/sitio\/educacion-especial\/\" aria-label=\"More on Educaci\u00f3n Especial\">[+]<\/a><\/p>\n","protected":false},"author":792,"featured_media":0,"parent":0,"menu_order":0,"comment_status":"closed","ping_status":"closed","template":"","meta":[],"acf":[],"_links":{"self":[{"href":"https:\/\/ifdcvm-slu.infd.edu.ar\/sitio\/wp-json\/wp\/v2\/pages\/2697"}],"collection":[{"href":"https:\/\/ifdcvm-slu.infd.edu.ar\/sitio\/wp-json\/wp\/v2\/pages"}],"about":[{"href":"https:\/\/ifdcvm-slu.infd.edu.ar\/sitio\/wp-json\/wp\/v2\/types\/page"}],"author":[{"embeddable":true,"href":"https:\/\/ifdcvm-slu.infd.edu.ar\/sitio\/wp-json\/wp\/v2\/users\/792"}],"replies":[{"embeddable":true,"href":"https:\/\/ifdcvm-slu.infd.edu.ar\/sitio\/wp-json\/wp\/v2\/comments?post=2697"}],"version-history":[{"count":3,"href":"https:\/\/ifdcvm-slu.infd.edu.ar\/sitio\/wp-json\/wp\/v2\/pages\/2697\/revisions"}],"predecessor-version":[{"id":7938,"href":"https:\/\/ifdcvm-slu.infd.edu.ar\/sitio\/wp-json\/wp\/v2\/pages\/2697\/revisions\/7938"}],"wp:attachment":[{"href":"https:\/\/ifdcvm-slu.infd.edu.ar\/sitio\/wp-json\/wp\/v2\/media?parent=2697"}],"curies":[{"name":"wp","href":"https:\/\/api.w.org\/{rel}","templated":true}]}}