{"id":2699,"date":"2018-07-10T12:49:59","date_gmt":"2018-07-10T15:49:59","guid":{"rendered":"https:\/\/ifdcvm-slu.infd.edu.ar\/sitio\/?page_id=2699"},"modified":"2020-04-17T02:03:30","modified_gmt":"2020-04-17T05:03:30","slug":"educacion-superior","status":"publish","type":"page","link":"https:\/\/ifdcvm-slu.infd.edu.ar\/sitio\/educacion-superior\/","title":{"rendered":"Educaci\u00f3n Superior"},"content":{"rendered":"<table border=\"0\" width=\"620\" cellspacing=\"4\" cellpadding=\"0\">\n<tbody>\n<tr>\n<td class=\"titulo\"><strong>Educaci\u00f3n superior<\/strong><\/td>\n<\/tr>\n<tr>\n<td rowspan=\"3\"><\/td>\n<td>\n<table border=\"0\" width=\"100%\" cellspacing=\"0\" cellpadding=\"0\">\n<tbody>\n<tr>\n<td class=\"parrafo\"><\/td>\n<\/tr>\n<tr>\n<td class=\"parrafo\"><a href=\"http:\/\/www.uned.es\/aiesad\/\" target=\"_blank\" rel=\"noopener\">Asociaci\u00f3n Iberoamericana de Educaci\u00f3n Superior a Distancia (AIESAD)\u00a0<\/a><br \/>\nPara consultar documentos, noticias, eventos, enlaces con otras instituciones y el directorio de sus miembros.<\/td>\n<\/tr>\n<tr>\n<td class=\"parrafo\"><\/td>\n<\/tr>\n<tr>\n<td class=\"parrafo\"><a href=\"http:\/\/www.anuies.mx\/\" target=\"_blank\" rel=\"noopener\">Asociaci\u00f3n Nacional de Universidades e Instituciones de Educaci\u00f3n Superior (ANUIES)\u00a0<\/a><br \/>\nPresenta publicaciones en texto completo (revistas y libros), anuncios, convocatorias y dem\u00e1s informaci\u00f3n relacionada con la educaci\u00f3n superior mexicana.<\/td>\n<\/tr>\n<tr>\n<td class=\"parrafo\"><\/td>\n<\/tr>\n<tr>\n<td class=\"parrafo\"><a href=\"http:\/\/www.ashe.ws\/\" target=\"_blank\" rel=\"noopener\">Association for the Study of Higher Education\u00a0<\/a><br \/>\nAsociaci\u00f3n universitaria con sede en la Universidad de Missouri (Columbia). Encontrar\u00e1 publicaciones, conferencias e investigaciones.<\/td>\n<\/tr>\n<tr>\n<td class=\"parrafo\"><\/td>\n<\/tr>\n<tr>\n<td class=\"parrafo\"><a href=\"http:\/\/www.bc.edu\/bc_org\/avp\/soe\/cihe\/\" target=\"_blank\" rel=\"noopener\">Center for International Higher Education Review (The Boston College for International Higher Education)<\/a><br \/>\nPresenta una revista electr\u00f3nica con art\u00edculos en texto completo, enlaces y organismos vinculados con la Educaci\u00f3n Superior.<\/td>\n<\/tr>\n<tr>\n<td class=\"parrafo\"><\/td>\n<\/tr>\n<tr>\n<td class=\"parrafo\"><a href=\"http:\/\/www.cinda.cl\/\" target=\"_blank\" rel=\"noopener\">Centro Interuniversitario de Desarrollo\u00a0<\/a><br \/>\nInstituci\u00f3n acad\u00e9mica internacional formada por universidades de Am\u00e9rica Latina y Europa. Describe los programas que desarrolla, tiene un sumario de las publicaciones institucionales y un bolet\u00edn informativo con noticias y seminarios.<\/td>\n<\/tr>\n<tr>\n<td class=\"parrafo\"><\/td>\n<\/tr>\n<tr>\n<td class=\"parrafo\"><a href=\"http:\/\/www.coined.com.ar\/\" target=\"_blank\" rel=\"noopener\">Comisi\u00f3n de Intercambio Educativo (COINED)<\/a><br \/>\nPresenta informaci\u00f3n general para realizar intercambios estudiantiles a la Argentina con el fin de aprender el idioma espa\u00f1ol.<\/td>\n<\/tr>\n<tr>\n<td class=\"parrafo\"><\/td>\n<\/tr>\n<tr>\n<td class=\"parrafo\"><a href=\"http:\/\/www.crue.org\/\" target=\"_blank\" rel=\"noopener\">Conferencia de Rectores de Universidades Espa\u00f1olas. Observatorio universitario<\/a><br \/>\nLa CRUE es una organizaci\u00f3n sin fines de lucro que nuclea a diferentes universidades estatales y privadas espa\u00f1olas cuyos objetivos son: promover cuantas funciones y actividades afectan a la promoci\u00f3n, gesti\u00f3n y desarrollo de la Educaci\u00f3n Superior y la Investigaci\u00f3n Universitaria; Fomentar en esos \u00e1mbitos la cooperaci\u00f3n de las Universidades espa\u00f1olas entre s\u00ed y con instituciones an\u00e1logas extranjeras e Intercambiar informaci\u00f3n, promover estudios, informes y recomendaciones que redunden en una mayor y m\u00e1s eficaz cooperaci\u00f3n con las Administraciones p\u00fablicas.<\/td>\n<\/tr>\n<tr>\n<td class=\"parrafo\"><\/td>\n<\/tr>\n<tr>\n<td class=\"parrafo\"><a href=\"http:\/\/www.higher-ed.org\/\" target=\"_blank\" rel=\"noopener\">Higher Education Resource Hub\u00a0<\/a><br \/>\nRecursos electr\u00f3nicos relacionadas con la educaci\u00f3n superior. (En ingl\u00e9s)<\/td>\n<\/tr>\n<tr>\n<td class=\"parrafo\"><\/td>\n<\/tr>\n<tr>\n<td class=\"parrafo\"><a href=\"http:\/\/www.unesco.org\/iau\/\" target=\"_blank\" rel=\"noopener\">International Association of Universities (UNESCO, IAU)<\/a><br \/>\nLa IAU agrupa instituciones y organismos de 150 pa\u00edses cuya misi\u00f3n es ayudar a las Instituciones miembro y organismos a alcanzar sus objetivos comunes por medio de la cooperaci\u00f3n internacional con el debido respeto a la identidad y a la diversidad.<\/td>\n<\/tr>\n<tr>\n<td class=\"parrafo\"><\/td>\n<\/tr>\n<tr>\n<td class=\"parrafo\"><a href=\"http:\/\/www.justiniano.com\/educacion\/universidades_argentinas.htm\" target=\"_blank\" rel=\"noopener\">Justiniano. Lista de universidades argentinas y extranjeras.\u00a0<\/a><br \/>\nLista de universidades argentinas y extranjeras.<\/td>\n<\/tr>\n<tr>\n<td class=\"parrafo\"><\/td>\n<\/tr>\n<tr>\n<td class=\"parrafo\"><a href=\"http:\/\/www.oei.es\/superior.htm\" target=\"_blank\" rel=\"noopener\">Organizaci\u00f3n de los Estados Iberoamericanos (OEI), Educaci\u00f3n Superior\u00a0<\/a><br \/>\nPresenta documentos, eventos y convocatorias, universidades iberoamericanas, enlaces de inter\u00e9s y bibliograf\u00eda disponible. Tambi\u00e9n permite suscribirse en forma gratuita para recibir novedades del Bolet\u00edn Informativo del Programa de Educaci\u00f3n Superior.<\/td>\n<\/tr>\n<tr>\n<td class=\"parrafo\"><\/td>\n<\/tr>\n<tr>\n<td class=\"parrafo\"><a href=\"http:\/\/www.filosofia.org\/\" target=\"_blank\" rel=\"noopener\">Proyecto de Filosof\u00eda en Espa\u00f1ol\u00a0<\/a><br \/>\nEntre sus opciones se encuentran: diccionario filos\u00f3fico, enciclopedias, monograf\u00edas, hemeroteca organizada por d\u00e9cadas y listas de discusi\u00f3n.<\/td>\n<\/tr>\n<tr>\n<td class=\"parrafo\"><\/td>\n<\/tr>\n<tr>\n<td class=\"parrafo\"><a href=\"http:\/\/www.srhe.ac.uk\/\" target=\"_blank\" rel=\"noopener\">SHRE. Society for Research into Higher Education\u00a0<\/a><br \/>\nEste sitio de Inglaterra presenta estad\u00edsticas, abstracts, eventos y enlaces.<\/td>\n<\/tr>\n<tr>\n<td class=\"parrafo\"><\/td>\n<\/tr>\n<tr>\n<td class=\"parrafo\"><a href=\"http:\/\/chronicle.com\/\" target=\"_blank\" rel=\"noopener\">The chronicle of higher education<\/a><br \/>\nRevista electr\u00f3nica sobre educaci\u00f3n superior (en ingl\u00e9s).<\/td>\n<\/tr>\n<tr>\n<td class=\"parrafo\"><\/td>\n<\/tr>\n<tr>\n<td class=\"parrafo\"><a href=\"http:\/\/www.uba.ar\/homepage.php\" target=\"_blank\" rel=\"noopener\">UBA. Universidad de Buenos Aires\u00a0<\/a><br \/>\nPara obtener informaci\u00f3n institucional, acad\u00e9mica, de investigaci\u00f3n y extensi\u00f3n universitaria. Tambi\u00e9n permite averiguar sobre las carreras que se dictan y visitar las p\u00e1ginas de las facultades que conforman la UBA.<\/td>\n<\/tr>\n<tr>\n<td class=\"parrafo\"><\/td>\n<\/tr>\n<tr>\n<td class=\"parrafo\"><a href=\"http:\/\/www.udual.org\/\" target=\"_blank\" rel=\"noopener\">UDUAL. Uni\u00f3n de Universidades de Am\u00e9rica Latina<\/a><br \/>\nPara consultar el bolet\u00edn, la gaceta y la revista de la organizaci\u00f3n y acceder a informaci\u00f3n sobre becas, convocatorias y universidades de la red.<\/td>\n<\/tr>\n<tr>\n<td class=\"parrafo\"><\/td>\n<\/tr>\n<tr>\n<td class=\"parrafo\"><a href=\"http:\/\/www.universia.com.ar\/\" target=\"_blank\" rel=\"noopener\">Universia<\/a><br \/>\nPortal dedicado a los estudiantes universitarios con informaci\u00f3n sobre carreras, becas, bibliotecas, novedades y otras opciones.<\/td>\n<\/tr>\n<tr>\n<td class=\"parrafo\"><\/td>\n<\/tr>\n<tr>\n<td class=\"parrafo\"><a href=\"http:\/\/www.unc.edu.ar\/\" target=\"_blank\" rel=\"noopener\">Universidad Nacional de C\u00f3rdoba<\/a><\/td>\n<\/tr>\n<tr>\n<td class=\"parrafo\"><\/td>\n<\/tr>\n<tr>\n<td class=\"parrafo\"><a href=\"http:\/\/www.uner.edu.ar\/\" target=\"_blank\" rel=\"noopener\">Universidad Nacional de Entre R\u00edos<\/a><\/td>\n<\/tr>\n<tr>\n<td class=\"parrafo\"><\/td>\n<\/tr>\n<tr>\n<td class=\"parrafo\"><a href=\"http:\/\/www.unlp.edu.ar\/\" target=\"_blank\" rel=\"noopener\">Universidad Nacional de La Plata<\/a><\/td>\n<\/tr>\n<tr>\n<td class=\"parrafo\"><\/td>\n<\/tr>\n<tr>\n<td class=\"parrafo\"><a href=\"http:\/\/www.uvirtual.cl\/\" target=\"_blank\" rel=\"noopener\">Universidad Virtual<\/a><br \/>\nPresenta un directorio de recursos con material en texto completo vinculado a la educaci\u00f3n superior y el uso de las Nuevas Tecnolog\u00edas, una agenda con eventos, actividades, un directorio de recursos con art\u00edculos y documentos, entre otras opciones.<\/td>\n<\/tr>\n<tr>\n<td class=\"parrafo\"><\/td>\n<\/tr>\n<tr>\n<td class=\"parrafo\"><a href=\"http:\/\/www.universidades.org\/\" target=\"_blank\" rel=\"noopener\">Universidades.org\u00a0<\/a><br \/>\nEste sitio cuenta con informaci\u00f3n \u00fatil para las personas que se encuentran en el per\u00edodo de elecci\u00f3n de una carrera universitaria.<\/td>\n<\/tr>\n<tr>\n<td class=\"parrafo\"><\/td>\n<\/tr>\n<tr>\n<td class=\"parrafo\"><a href=\"http:\/\/www.universities.com\/\" target=\"_blank\" rel=\"noopener\">Universities.com (en ingl\u00e9s)\u00a0<\/a><br \/>\nPortal con informaci\u00f3n categorizada sobre la mayor\u00eda de los centros de estudios superiores de EEUU. Incluye estudios presenciales tanto como a distancia.<\/td>\n<\/tr>\n<tr>\n<td class=\"parrafo\"><\/td>\n<\/tr>\n<tr>\n<td class=\"parrafo\"><a href=\"http:\/\/univ.cc\/\" target=\"_blank\" rel=\"noopener\">Universities Worldwide (en ingl\u00e9s)<\/a><br \/>\nUna base de datos con universidades de todo el mundo.<\/td>\n<\/tr>\n<\/tbody>\n<\/table>\n<\/td>\n<\/tr>\n<tr>\n<td><\/td>\n<\/tr>\n<\/tbody>\n<\/table>\n","protected":false},"excerpt":{"rendered":"<p>Educaci\u00f3n superior Asociaci\u00f3n Iberoamericana de Educaci\u00f3n Superior a Distancia (AIESAD)\u00a0 Para consultar documentos, noticias, eventos, enlaces con otras instituciones y el directorio de sus miembros. Asociaci\u00f3n Nacional de Universidades e Instituciones de Educaci\u00f3n Superior (ANUIES)\u00a0 Presenta publicaciones en texto completo (revistas y libros), anuncios, convocatorias y dem\u00e1s informaci\u00f3n relacionada con la educaci\u00f3n superior mexicana. Association &#8230; <a title=\"Educaci\u00f3n Superior\" class=\"read-more\" href=\"https:\/\/ifdcvm-slu.infd.edu.ar\/sitio\/educacion-superior\/\" aria-label=\"More on Educaci\u00f3n Superior\">[+]<\/a><\/p>\n","protected":false},"author":1518,"featured_media":0,"parent":0,"menu_order":0,"comment_status":"closed","ping_status":"closed","template":"","meta":[],"acf":[],"_links":{"self":[{"href":"https:\/\/ifdcvm-slu.infd.edu.ar\/sitio\/wp-json\/wp\/v2\/pages\/2699"}],"collection":[{"href":"https:\/\/ifdcvm-slu.infd.edu.ar\/sitio\/wp-json\/wp\/v2\/pages"}],"about":[{"href":"https:\/\/ifdcvm-slu.infd.edu.ar\/sitio\/wp-json\/wp\/v2\/types\/page"}],"author":[{"embeddable":true,"href":"https:\/\/ifdcvm-slu.infd.edu.ar\/sitio\/wp-json\/wp\/v2\/users\/1518"}],"replies":[{"embeddable":true,"href":"https:\/\/ifdcvm-slu.infd.edu.ar\/sitio\/wp-json\/wp\/v2\/comments?post=2699"}],"version-history":[{"count":2,"href":"https:\/\/ifdcvm-slu.infd.edu.ar\/sitio\/wp-json\/wp\/v2\/pages\/2699\/revisions"}],"predecessor-version":[{"id":7963,"href":"https:\/\/ifdcvm-slu.infd.edu.ar\/sitio\/wp-json\/wp\/v2\/pages\/2699\/revisions\/7963"}],"wp:attachment":[{"href":"https:\/\/ifdcvm-slu.infd.edu.ar\/sitio\/wp-json\/wp\/v2\/media?parent=2699"}],"curies":[{"name":"wp","href":"https:\/\/api.w.org\/{rel}","templated":true}]}}