{"id":2701,"date":"2018-07-10T12:49:59","date_gmt":"2018-07-10T15:49:59","guid":{"rendered":"https:\/\/ifdcvm-slu.infd.edu.ar\/sitio\/?page_id=2701"},"modified":"2020-04-16T19:21:57","modified_gmt":"2020-04-16T22:21:57","slug":"capacitacion-a-distancia","status":"publish","type":"page","link":"https:\/\/ifdcvm-slu.infd.edu.ar\/sitio\/capacitacion-a-distancia\/","title":{"rendered":"Capacitaci\u00f3n a Distancia"},"content":{"rendered":"<table border=\"0\" width=\"620\" cellspacing=\"4\" cellpadding=\"0\">\n<tbody>\n<tr>\n<td class=\"titulo\"><strong>Capacitaci\u00f3n a distancia<\/strong><\/td>\n<\/tr>\n<tr>\n<td rowspan=\"3\"><\/td>\n<td>\n<table border=\"0\" width=\"100%\" cellspacing=\"0\" cellpadding=\"0\">\n<tbody>\n<tr>\n<td class=\"parrafo\"><\/td>\n<\/tr>\n<tr>\n<td class=\"parrafo\"><a href=\"http:\/\/www.cuaed.unam.mx\/\" target=\"_blank\" rel=\"noopener\">Coordinaci\u00f3n de Educaci\u00f3n y Abierta a Distancia (CUAED), dependiente de la Universidad Nacional Aut\u00f3noma de M\u00e9xico<\/a><\/td>\n<\/tr>\n<tr>\n<td class=\"parrafo\"><\/td>\n<\/tr>\n<tr>\n<td class=\"parrafo\"><a href=\"http:\/\/www.cursosadistancia.info\/\" target=\"_blank\" rel=\"noopener\">Cursos a distancia\u00a0<\/a><br \/>\nCursos a distancia y on line organizados por diferentes categor\u00edas: educaci\u00f3n y ciencias naturales, humanidades y ciencias sociales, inform\u00e1tica e Internet, idiomas y traducciones, y otros.<\/td>\n<\/tr>\n<tr>\n<td class=\"parrafo\"><\/td>\n<\/tr>\n<tr>\n<td class=\"parrafo\"><a href=\"http:\/\/www.elearningeuropa.info\/\" target=\"_blank\" rel=\"noopener\">Elearningeuropa\u00a0<\/a><br \/>\nUn portal de la Comunidad Europea acerca del uso de tecnolog\u00edas de informaci\u00f3n y comunicaci\u00f3n para mejorar el aprendizaje. Comprende las siguientes \u00e1reas: Comunidad escolar, Educaci\u00f3n Superior, Formaci\u00f3n y empleo, Educaci\u00f3n para el aprendizaje permanente.<\/td>\n<\/tr>\n<tr>\n<td class=\"parrafo\"><\/td>\n<\/tr>\n<tr>\n<td class=\"parrafo\"><a href=\"http:\/\/www.elearnmag.org\/\" target=\"_blank\" rel=\"noopener\">E-learn Magazine. Revista publicada por la Association for Computing Machinery (ACM)<\/a><\/td>\n<\/tr>\n<tr>\n<td class=\"parrafo\"><\/td>\n<\/tr>\n<tr>\n<td class=\"parrafo\"><a href=\"http:\/\/www.flacso.org.ar\/eduvirtual\/\" target=\"_blank\" rel=\"noopener\">FLACSO Facultad Latinoamericana de Ciencias Sociales\u00a0<\/a><br \/>\nEncontrar\u00e1 ofertas de capacitaci\u00f3n en modalidad virtual.<\/td>\n<\/tr>\n<tr>\n<td class=\"parrafo\"><\/td>\n<\/tr>\n<tr>\n<td class=\"parrafo\"><a href=\"http:\/\/prometeo3.us.es\/publico\/index.jsp\" target=\"_blank\" rel=\"noopener\">H\u00e9rcules. Portal Andaluz de e-Learning. Formaci\u00f3n para el Empleo. Proyecto Prometeo.\u00a0<\/a><br \/>\nEncontrar\u00e1 informaci\u00f3n acerca de c\u00f3mo crear un e-Learning, empresas que los desarrollan, cursos gratuitos, foros de discusi\u00f3n, y la posibilidad de hacer consultas a expertos.<\/td>\n<\/tr>\n<tr>\n<td class=\"parrafo\"><\/td>\n<\/tr>\n<tr>\n<td class=\"parrafo\">I<a href=\"http:\/\/www.inet.edu.ar\/\" target=\"_blank\" rel=\"noopener\">NET. Instituto Nacional de Educaci\u00f3n Tecnol\u00f3gica<\/a><\/td>\n<\/tr>\n<tr>\n<td class=\"parrafo\"><\/td>\n<\/tr>\n<tr>\n<td class=\"parrafo\"><a href=\"http:\/\/www.mailxmail.com\/\" target=\"_blank\" rel=\"noopener\">Mailxmail. Cursos gratuitos a trav\u00e9s de e-mail<\/a><\/td>\n<\/tr>\n<tr>\n<td class=\"parrafo\"><\/td>\n<\/tr>\n<tr>\n<td class=\"parrafo\"><a href=\"http:\/\/portal.educ.ar\/capacitacion\/\" target=\"_blank\" rel=\"noopener\">Plataforma de e-learning de educ.ar<\/a><\/td>\n<\/tr>\n<tr>\n<td class=\"parrafo\"><\/td>\n<\/tr>\n<tr>\n<td class=\"parrafo\"><a href=\"http:\/\/www.prismaseducativos.com.ar\/\" target=\"_blank\" rel=\"noopener\">Prismas Educativos<\/a><\/td>\n<\/tr>\n<tr>\n<td class=\"parrafo\"><\/td>\n<\/tr>\n<tr>\n<td class=\"parrafo\"><a href=\"http:\/\/www.um.es\/ead\/red\/\" target=\"_blank\" rel=\"noopener\">RED. Revista de Educaci\u00f3n a distancia.<\/a><br \/>\nPublicaci\u00f3n en l\u00ednea de Murcia, Espa\u00f1a. Contiene abstracs y textos completos en pdf.<\/td>\n<\/tr>\n<tr>\n<td class=\"parrafo\"><\/td>\n<\/tr>\n<tr>\n<td class=\"parrafo\"><a href=\"http:\/\/www.uba.ar\/academicos\/uba21\/\" target=\"_blank\" rel=\"noopener\">UBA XXI. Universidad de Buenos Aires<\/a><\/td>\n<\/tr>\n<tr>\n<td class=\"parrafo\"><\/td>\n<\/tr>\n<tr>\n<td class=\"parrafo\"><a href=\"http:\/\/www.uned.es\/\" target=\"_blank\" rel=\"noopener\">UNED. Universidad Nacional de Educaci\u00f3n a Distancia (Espa\u00f1a)<\/a><\/td>\n<\/tr>\n<tr>\n<td class=\"parrafo\"><\/td>\n<\/tr>\n<tr>\n<td class=\"parrafo\"><a href=\"http:\/\/www.virtualeduca.org\/\" target=\"_blank\" rel=\"noopener\">Virtual educa.org<\/a><\/td>\n<\/tr>\n<tr>\n<td class=\"parrafo\"><\/td>\n<\/tr>\n<tr>\n<td class=\"parrafo\"><a href=\"http:\/\/webeducativa.net\/\" target=\"_blank\" rel=\"noopener\">Web Educativa\u00a0<\/a><br \/>\nEl portal de la Asociaci\u00f3n Educativa en Pedagog\u00eda y Tecnolog\u00eda Innovadora se propone incentivar el uso de las NTIC en las instituciones educativas. Ofrece una gran variedad de capacitaciones y cursos virtuales, adem\u00e1s de una secci\u00f3n dedicada a la Inform\u00e1tica educativa con notas sobre la relaci\u00f3n entre pedagog\u00eda y NTIC, enlaces de inter\u00e9s, y novedades del \u00e1rea.<\/td>\n<\/tr>\n<\/tbody>\n<\/table>\n<\/td>\n<\/tr>\n<\/tbody>\n<\/table>\n","protected":false},"excerpt":{"rendered":"<p>Capacitaci\u00f3n a distancia Coordinaci\u00f3n de Educaci\u00f3n y Abierta a Distancia (CUAED), dependiente de la Universidad Nacional Aut\u00f3noma de M\u00e9xico Cursos a distancia\u00a0 Cursos a distancia y on line organizados por diferentes categor\u00edas: educaci\u00f3n y ciencias naturales, humanidades y ciencias sociales, inform\u00e1tica e Internet, idiomas y traducciones, y otros. Elearningeuropa\u00a0 Un portal de la Comunidad Europea &#8230; <a title=\"Capacitaci\u00f3n a Distancia\" class=\"read-more\" href=\"https:\/\/ifdcvm-slu.infd.edu.ar\/sitio\/capacitacion-a-distancia\/\" aria-label=\"More on Capacitaci\u00f3n a Distancia\">[+]<\/a><\/p>\n","protected":false},"author":792,"featured_media":0,"parent":0,"menu_order":0,"comment_status":"closed","ping_status":"closed","template":"","meta":[],"acf":[],"_links":{"self":[{"href":"https:\/\/ifdcvm-slu.infd.edu.ar\/sitio\/wp-json\/wp\/v2\/pages\/2701"}],"collection":[{"href":"https:\/\/ifdcvm-slu.infd.edu.ar\/sitio\/wp-json\/wp\/v2\/pages"}],"about":[{"href":"https:\/\/ifdcvm-slu.infd.edu.ar\/sitio\/wp-json\/wp\/v2\/types\/page"}],"author":[{"embeddable":true,"href":"https:\/\/ifdcvm-slu.infd.edu.ar\/sitio\/wp-json\/wp\/v2\/users\/792"}],"replies":[{"embeddable":true,"href":"https:\/\/ifdcvm-slu.infd.edu.ar\/sitio\/wp-json\/wp\/v2\/comments?post=2701"}],"version-history":[{"count":4,"href":"https:\/\/ifdcvm-slu.infd.edu.ar\/sitio\/wp-json\/wp\/v2\/pages\/2701\/revisions"}],"predecessor-version":[{"id":7941,"href":"https:\/\/ifdcvm-slu.infd.edu.ar\/sitio\/wp-json\/wp\/v2\/pages\/2701\/revisions\/7941"}],"wp:attachment":[{"href":"https:\/\/ifdcvm-slu.infd.edu.ar\/sitio\/wp-json\/wp\/v2\/media?parent=2701"}],"curies":[{"name":"wp","href":"https:\/\/api.w.org\/{rel}","templated":true}]}}