{"id":2702,"date":"2018-07-10T12:49:59","date_gmt":"2018-07-10T15:49:59","guid":{"rendered":"https:\/\/ifdcvm-slu.infd.edu.ar\/sitio\/?page_id=2702"},"modified":"2020-04-17T02:12:49","modified_gmt":"2020-04-17T05:12:49","slug":"portales-educativos","status":"publish","type":"page","link":"https:\/\/ifdcvm-slu.infd.edu.ar\/sitio\/portales-educativos\/","title":{"rendered":"Portales Educativos"},"content":{"rendered":"<table border=\"0\" width=\"620\" cellspacing=\"4\" cellpadding=\"0\">\n<tbody>\n<tr>\n<td class=\"titulo\">Portales educativos<\/td>\n<\/tr>\n<tr>\n<td rowspan=\"3\"><\/td>\n<td>\n<table border=\"0\" width=\"100%\" cellspacing=\"0\" cellpadding=\"0\">\n<tbody>\n<tr>\n<td class=\"parrafo\"><\/td>\n<\/tr>\n<tr>\n<td class=\"parrafo\"><a href=\"http:\/\/www.uv.es\/aidipe\/\" target=\"_blank\" rel=\"noopener\">Asociaci\u00f3n Interuniversitaria de Investigaci\u00f3n Pedag\u00f3gica. (AIDIPE)<\/a><br \/>\nEsta organizaci\u00f3n pertenece al European Educational Research Asociation. Pone a disposici\u00f3n abstracts y art\u00edculos de revistas, difunde eventos de la asociaci\u00f3n y cuenta con una base de datos de investigaciones educativas, entre otras opciones.<\/td>\n<\/tr>\n<tr>\n<td class=\"parrafo\"><\/td>\n<\/tr>\n<tr>\n<td class=\"parrafo\"><a href=\"http:\/\/www.cndp.fr\/\" target=\"_blank\" rel=\"noopener\">Centre National de Documentation P\u00e9dagogique<\/a><br \/>\nEste portal franc\u00e9s presenta secciones dedicadas a la educaci\u00f3n primaria, secundaria e informaci\u00f3n oficial. Cuenta con art\u00edculos, novedades editoriales, reportajes, programas escolares y un bolet\u00edn llamado L&#8217;ing\u00e9nierie \u00e9ducative, entre otras opciones. (En franc\u00e9s)<\/td>\n<\/tr>\n<tr>\n<td class=\"parrafo\"><\/td>\n<\/tr>\n<tr>\n<td class=\"parrafo\"><a href=\"http:\/\/www.correodelmaestro.com\/\" target=\"_blank\" rel=\"noopener\">Correo del Maestro. Revista para profesores de Educaci\u00f3n B\u00e1sica<\/a><br \/>\nEsta publicaci\u00f3n electr\u00f3nica mexicana presenta art\u00edculos sobre educaci\u00f3n en texto completo<\/td>\n<\/tr>\n<tr>\n<td class=\"parrafo\"><\/td>\n<\/tr>\n<tr>\n<td class=\"parrafo\"><a href=\"http:\/\/www.educaguia.com\/\" target=\"_blank\" rel=\"noopener\">Educagu\u00eda\u00a0<\/a><br \/>\nAdem\u00e1s de recursos educativos hallar\u00e1 un foro de intercambio de material did\u00e1ctico destinado a profesores.<\/td>\n<\/tr>\n<tr>\n<td class=\"parrafo\"><\/td>\n<\/tr>\n<tr>\n<td class=\"parrafo\"><a href=\"http:\/\/www.educ.ar\/\" target=\"_blank\" rel=\"noopener\">Educ.ar\u00a0<\/a><br \/>\nPodr\u00e1 consultar proyectos, gu\u00edas de estudio, recursos did\u00e1cticos discriminados por \u00e1rea y enlaces. Tambi\u00e9n cuenta con documentos digitalizados.<\/td>\n<\/tr>\n<tr>\n<td class=\"parrafo\"><\/td>\n<\/tr>\n<tr>\n<td class=\"parrafo\"><a href=\"http:\/\/educar.org\/\" target=\"_blank\" rel=\"noopener\">Educar.org\u00a0<\/a><br \/>\nEs un espacio de comunidades virtuales de aprendizaje colectivo que busca servir de repositorio de contenidos educativos locales, originales de calidad y de brindar herramientas, metodolog\u00eda, material de consulta y recursos.<\/td>\n<\/tr>\n<tr>\n<td class=\"parrafo\"><\/td>\n<\/tr>\n<tr>\n<td class=\"parrafo\"><a href=\"http:\/\/www.educateca.com\/\" target=\"_blank\" rel=\"noopener\">Educateca<\/a><br \/>\nEncontrar\u00e1 m\u00e1s de 80.000 recursos sobre diversas tem\u00e1ticas.<\/td>\n<\/tr>\n<tr>\n<td class=\"parrafo\"><\/td>\n<\/tr>\n<tr>\n<td class=\"parrafo\"><a href=\"http:\/\/www.educarchile.cl\/\">Educarchile\u00a0<\/a><br \/>\nEste portal presenta espacios dedicados a docentes, alumnos, familia e investigadores. Algunas de las opciones que ofrecen son: art\u00edculos, materiales para investigar, recursos did\u00e1cticos, experiencias educativas, encuestas, etc.<\/td>\n<\/tr>\n<tr>\n<td class=\"parrafo\"><\/td>\n<\/tr>\n<tr>\n<td class=\"parrafo\"><a href=\"http:\/\/www.edusalta.gov.ar\/\" target=\"_blank\" rel=\"noopener\">Edu Salta. Net<\/a><br \/>\nPortal educativo de la provincia de Salta (Argentina)<\/td>\n<\/tr>\n<tr>\n<td class=\"parrafo\"><\/td>\n<\/tr>\n<tr>\n<td class=\"parrafo\"><a href=\"http:\/\/www.eduteka.org\/\" target=\"_blank\" rel=\"noopener\">Eduteka\u00a0<\/a><br \/>\nEste sitio cuenta con recursos did\u00e1cticos para docentes, proyectos sobre las distiintas \u00e1reas curriculares, art\u00edculos sobre temas educativos y enlaces, entre otras opciones.<\/td>\n<\/tr>\n<tr>\n<td class=\"parrafo\"><\/td>\n<\/tr>\n<tr>\n<td class=\"parrafo\"><a href=\"http:\/\/www.education-world.com\/\" target=\"_blank\" rel=\"noopener\">Education World\u00a0<\/a><br \/>\nEste portal educativo dedicado a docentes tiene recursos did\u00e1cticos, proyectos, art\u00edculos y otras opciones. (En ingl\u00e9s)<\/td>\n<\/tr>\n<tr>\n<td class=\"parrafo\"><\/td>\n<\/tr>\n<tr>\n<td class=\"parrafo\"><a href=\"http:\/\/www.eduguia.net\/\" target=\"_blank\" rel=\"noopener\">Edugu\u00eda\u00a0<\/a><br \/>\nSe trata de \u00abuna gran cantidad de sitios con distintos contenidos ordenados en forma de enciclopedia\u00bb dirigida a directivos, docentes y padres. Cuenta con una secci\u00f3n sobre educaci\u00f3n especial.<\/td>\n<\/tr>\n<tr>\n<td class=\"parrafo\"><\/td>\n<\/tr>\n<tr>\n<td class=\"parrafo\"><a href=\"http:\/\/www.elosiodelosantos.com\/\" target=\"_blank\" rel=\"noopener\">\u00abEl Osio de Los Santos\u00bb<\/a><br \/>\nEncontrar\u00e1s cuestionarios interactivos y p\u00e1ginas resolutivas sobre matem\u00e1ticas, geograf\u00eda, medicina, entre otras. Adem\u00e1s hallar\u00e1s ejercicios resueltos de matem\u00e1ticas.<\/td>\n<\/tr>\n<tr>\n<td class=\"parrafo\"><\/td>\n<\/tr>\n<tr>\n<td class=\"parrafo\"><a href=\"http:\/\/eduso.net\/\" target=\"_blank\" rel=\"noopener\">El Portal de la Educaci\u00f3n Social\u00a0<\/a><br \/>\nEduso es un servicio de los colectivos de Educadores Sociales que pretende ser un lugar de encuentro, di\u00e1logo, apoyo, dinamizaci\u00f3n, reflexi\u00f3n, de las personas y entidades vinculadas a la Educaci\u00f3n Social. Podr\u00e1 encontrar informaci\u00f3n y comunicarse con las Asociaciones y Colegios Profesionales de Educadores Sociales, con las Universidades y estudios relacionados con la Educaci\u00f3n Social, con las Entidades que desarrollan programas, con los Educadores Sociales.<\/td>\n<\/tr>\n<tr>\n<td class=\"parrafo\"><\/td>\n<\/tr>\n<tr>\n<td class=\"parrafo\"><a href=\"http:\/\/www.elsabio.com\/\" target=\"_blank\" rel=\"noopener\">El Sabio. Com<\/a><br \/>\nEste buscador de temas educativos cuenta con art\u00edculos, talleres virtuales, e informaci\u00f3n a trav\u00e9s de los siguientes \u00edtems: alumnitos, alumnos, docentes, directivos.<\/td>\n<\/tr>\n<tr>\n<td class=\"parrafo\"><\/td>\n<\/tr>\n<tr>\n<td class=\"parrafo\"><a href=\"http:\/\/www.enciclonet.com\/\" target=\"_blank\" rel=\"noopener\">Enciclonet<\/a><br \/>\nEl acceso a esta enciclopedia virtual puede hacerse a trav\u00e9s del buscador o seleccionando alguna de las siguientes categor\u00edas: \u00abarte y literatura\u00bb, \u00abel mundo\u00bb, \u00abhumanidades\u00bb, \u00abciencias de la sociedad\u00bb, \u00abciencias de la vida\u00bb, \u00abciencia y tecnolog\u00eda\u00bb, \u00abdeportes y aficiones\u00bb. En su p\u00e1gina principal brinda informaci\u00f3n actual destacada.<\/td>\n<\/tr>\n<tr>\n<td class=\"parrafo\"><\/td>\n<\/tr>\n<tr>\n<td class=\"parrafo\"><a href=\"http:\/\/www.escolar.com\/\" target=\"_blank\" rel=\"noopener\">Escolar.com<\/a><br \/>\nSitio en espa\u00f1ol con contenidos educativos. Podr\u00e1s encontrar videos y ejercicios.<\/td>\n<\/tr>\n<tr>\n<td class=\"parrafo\"><\/td>\n<\/tr>\n<tr>\n<td class=\"parrafo\"><a href=\"http:\/\/www.escolares.com.ar\/\" target=\"_blank\" rel=\"noopener\">Escolares.com.ar<\/a><br \/>\nSitio que brinda informaci\u00f3n sobre temas educativos varios y recursos did\u00e1cticos para los docentes de todas las \u00e1reas. Cuenta adem\u00e1s, con un foro, bibliograf\u00eda, legislaci\u00f3n y estatutos.<\/td>\n<\/tr>\n<tr>\n<td class=\"parrafo\"><\/td>\n<\/tr>\n<tr>\n<td class=\"parrafo\"><a href=\"http:\/\/www.ifie.edu.mx\/\" target=\"_blank\" rel=\"noopener\">Instituto de Fomento de Investigaci\u00f3n Educativa (M\u00e9xico)<\/a><br \/>\nEste sitio se centra en el tema de la evaluaci\u00f3n educativa. Presenta investigaciones, publicaciones e informaci\u00f3n sobre los sistemas de evaluaci\u00f3n de diversos pa\u00edses, etc.<\/td>\n<\/tr>\n<tr>\n<td class=\"parrafo\"><\/td>\n<\/tr>\n<tr>\n<td class=\"parrafo\"><a href=\"http:\/\/www.iearn.org\/\" target=\"_blank\" rel=\"noopener\">International Education and Resource Network (IEARN)<\/a><br \/>\nEs un portal sin fines de lucro que se encarga de difundir proyectos educativos. Est\u00e1n agrupados por tema. Tambi\u00e9n presenta informaci\u00f3n de eventos y actividades (En ingl\u00e9s).<\/td>\n<\/tr>\n<tr>\n<td class=\"parrafo\"><\/td>\n<\/tr>\n<tr>\n<td class=\"parrafo\"><a href=\"http:\/\/www.lacarabela.com\/\" target=\"_blank\" rel=\"noopener\">La Carabela del Conocimiento\u00a0<\/a><br \/>\nEntre sus opciones, cuenta con publicaciones, informes, mediateca y un amplio sistema de b\u00fasqueda de enlaces.<\/td>\n<\/tr>\n<tr>\n<td class=\"parrafo\"><\/td>\n<\/tr>\n<tr>\n<td class=\"parrafo\"><a href=\"http:\/\/www.maestroteca.com\/\" target=\"_blank\" rel=\"noopener\">Maestroteca<\/a><br \/>\nContiene listas de correo, boletines, revistas electr\u00f3nicas, buscadores, informaci\u00f3n y recursos educativos.<\/td>\n<\/tr>\n<tr>\n<td class=\"parrafo\"><\/td>\n<\/tr>\n<tr>\n<td class=\"parrafo\"><a href=\"http:\/\/www.nuestraldea.com\/\" target=\"_blank\" rel=\"noopener\">Nuestraldea.com<\/a><br \/>\nEste portal educativo presenta art\u00edculos, reportajes, propuestas y proyectos, reflexiones y otras secciones.<\/td>\n<\/tr>\n<tr>\n<td class=\"parrafo\"><\/td>\n<\/tr>\n<tr>\n<td class=\"parrafo\"><a href=\"http:\/\/www.nalejandria.com.ar\/\" target=\"_blank\" rel=\"noopener\">Nueva Alejandr\u00eda<\/a><br \/>\nEste completo portal permite consultar, entre otras opciones, una red de colegios, recursos pedag\u00f3gicos, informaci\u00f3n sobre cursos a distanciay sitios educativos recomendados.<\/td>\n<\/tr>\n<tr>\n<td class=\"parrafo\"><\/td>\n<\/tr>\n<tr>\n<td class=\"parrafo\"><a href=\"http:\/\/www.pilosos.com.co\/\" target=\"_blank\" rel=\"noopener\">Pilosos<\/a><br \/>\nEs un proyecto dirigido a ni\u00f1os entre los 6 y los 12 a\u00f1os. En el sector Sabionautas se halla informaci\u00f3n interesante sobre Geograf\u00eda, Derechos del Ni\u00f1o, Ingl\u00e9s, Ilusiones \u00f3pticas y una secci\u00f3n de Sab\u00edas qu\u00e9&#8230;<\/td>\n<\/tr>\n<tr>\n<td class=\"parrafo\"><\/td>\n<\/tr>\n<tr>\n<td class=\"parrafo\"><a href=\"http:\/\/www.redenlaces.cl\/\" target=\"_blank\" rel=\"noopener\">Red Educacional Enlaces\u00a0<\/a><br \/>\nLa Red Enlaces provee de infraestructura computacional a establecimientos educacionales chilenos y ha dise\u00f1ado estrategias para permitir que estos dispongan de recursos y contenidos digitales de calidad. En el sector de Publicaciones encontrar\u00e1 art\u00edculos y documentos sobre Inform\u00e1tica Educativa.<\/td>\n<\/tr>\n<tr>\n<td class=\"parrafo\"><\/td>\n<\/tr>\n<tr>\n<td class=\"parrafo\"><a href=\"http:\/\/www.santillana.com.ar\/\" target=\"_blank\" rel=\"noopener\">Santillana\u00a0<\/a><br \/>\nEl sitio de esta editorial cuenta con un sector denominado \u00abrecursos\u00bb en el que pone a disposici\u00f3n de los docentes un banco de im\u00e1genes, gu\u00edas did\u00e1cticas, recursos electr\u00f3nicos agrupados por tema, fragmentos de libros, documentos y foros.<\/td>\n<\/tr>\n<tr>\n<td class=\"parrafo\"><\/td>\n<\/tr>\n<tr>\n<td class=\"parrafo\"><a href=\"http:\/\/teacher.scholastic.com\/index.htm\" target=\"_blank\" rel=\"noopener\">Scholastic Teachers (en ingl\u00e9s)<\/a><br \/>\nEntre otras cosas encontrar\u00e1 actividades en l\u00ednea, estrategias de ense\u00f1anza y planificaciones para los diferentes niveles educativos.<\/td>\n<\/tr>\n<tr>\n<td class=\"parrafo\"><\/td>\n<\/tr>\n<tr>\n<td class=\"parrafo\"><a href=\"http:\/\/www.siteal.iipe-oei.org\/\" target=\"_blank\" rel=\"noopener\">SITEAL. Sistemas de Tendencias de Educaci\u00f3n en Am\u00e9rica Latina<\/a><br \/>\nPresenta una base de indicadores educativos comparados para los pa\u00edses de la regi\u00f3n que permiten monitorear la situaci\u00f3n y evoluci\u00f3n de la inequidad educativa, con an\u00e1lisis y debates en los que participan destacados expertos.<\/td>\n<\/tr>\n<tr>\n<td class=\"parrafo\"><\/td>\n<\/tr>\n<tr>\n<td class=\"parrafo\"><a href=\"http:\/\/www.uv.es\/soespe\/\" target=\"_blank\" rel=\"noopener\">Sociedad Espa\u00f1ola de Pedagog\u00eda<\/a><br \/>\nEste sitio presenta una revista de educaci\u00f3n \u00abBord\u00f3n\u00bb, art\u00edculos, un foro y otros recursos dirigidos a educadores.<\/td>\n<\/tr>\n<tr>\n<td class=\"parrafo\"><\/td>\n<\/tr>\n<tr>\n<td class=\"parrafo\"><a href=\"http:\/\/www.vi-e.cl\/\" target=\"_blank\" rel=\"noopener\">Virtual Educativo<\/a><br \/>\nEste portal chileno presenta documentos, noticias, recursos, informaci\u00f3n sobre prevenci\u00f3n, consejos y otras opciones para docentes.<\/td>\n<\/tr>\n<tr>\n<td class=\"parrafo\"><\/td>\n<\/tr>\n<tr>\n<td class=\"parrafo\"><a href=\"http:\/\/webeducativa.net\/\" target=\"_blank\" rel=\"noopener\">Web Educativa<\/a><br \/>\nEl portal de la Asociaci\u00f3n Educativa en Pedagog\u00eda y Tecnolog\u00eda Innovadora se propone incentivar el uso de las NTIC en las instituciones educativas. Ofrece una gran variedad de capacitaciones y cursos virtuales, adem\u00e1s de una secci\u00f3n dedicada a la Inform\u00e1tica educativa con notas sobre la relaci\u00f3n entre pedagog\u00eda y NTIC, enlaces de inter\u00e9s, y novedades del \u00e1rea.<\/td>\n<\/tr>\n<tr>\n<td class=\"parrafo\"><\/td>\n<\/tr>\n<\/tbody>\n<\/table>\n<\/td>\n<\/tr>\n<\/tbody>\n<\/table>\n","protected":false},"excerpt":{"rendered":"<p>Portales educativos Asociaci\u00f3n Interuniversitaria de Investigaci\u00f3n Pedag\u00f3gica. (AIDIPE) Esta organizaci\u00f3n pertenece al European Educational Research Asociation. Pone a disposici\u00f3n abstracts y art\u00edculos de revistas, difunde eventos de la asociaci\u00f3n y cuenta con una base de datos de investigaciones educativas, entre otras opciones. Centre National de Documentation P\u00e9dagogique Este portal franc\u00e9s presenta secciones dedicadas a la &#8230; <a title=\"Portales Educativos\" class=\"read-more\" href=\"https:\/\/ifdcvm-slu.infd.edu.ar\/sitio\/portales-educativos\/\" aria-label=\"More on Portales Educativos\">[+]<\/a><\/p>\n","protected":false},"author":792,"featured_media":0,"parent":0,"menu_order":0,"comment_status":"closed","ping_status":"closed","template":"","meta":[],"acf":[],"_links":{"self":[{"href":"https:\/\/ifdcvm-slu.infd.edu.ar\/sitio\/wp-json\/wp\/v2\/pages\/2702"}],"collection":[{"href":"https:\/\/ifdcvm-slu.infd.edu.ar\/sitio\/wp-json\/wp\/v2\/pages"}],"about":[{"href":"https:\/\/ifdcvm-slu.infd.edu.ar\/sitio\/wp-json\/wp\/v2\/types\/page"}],"author":[{"embeddable":true,"href":"https:\/\/ifdcvm-slu.infd.edu.ar\/sitio\/wp-json\/wp\/v2\/users\/792"}],"replies":[{"embeddable":true,"href":"https:\/\/ifdcvm-slu.infd.edu.ar\/sitio\/wp-json\/wp\/v2\/comments?post=2702"}],"version-history":[{"count":3,"href":"https:\/\/ifdcvm-slu.infd.edu.ar\/sitio\/wp-json\/wp\/v2\/pages\/2702\/revisions"}],"predecessor-version":[{"id":7965,"href":"https:\/\/ifdcvm-slu.infd.edu.ar\/sitio\/wp-json\/wp\/v2\/pages\/2702\/revisions\/7965"}],"wp:attachment":[{"href":"https:\/\/ifdcvm-slu.infd.edu.ar\/sitio\/wp-json\/wp\/v2\/media?parent=2702"}],"curies":[{"name":"wp","href":"https:\/\/api.w.org\/{rel}","templated":true}]}}