{"id":2707,"date":"2018-07-10T12:50:00","date_gmt":"2018-07-10T15:50:00","guid":{"rendered":"https:\/\/ifdcvm-slu.infd.edu.ar\/sitio\/?page_id=2707"},"modified":"2020-04-17T02:42:05","modified_gmt":"2020-04-17T05:42:05","slug":"ciencias-sociales-y-humanidades","status":"publish","type":"page","link":"https:\/\/ifdcvm-slu.infd.edu.ar\/sitio\/ciencias-sociales-y-humanidades\/","title":{"rendered":"Ciencias Sociales y Humanidades"},"content":{"rendered":"<table border=\"0\" width=\"620\" cellspacing=\"4\" cellpadding=\"0\">\n<tbody>\n<tr>\n<td class=\"titulo\">Ciencias sociales y humanidades<\/td>\n<\/tr>\n<tr>\n<td rowspan=\"3\"><\/td>\n<td>\n<table border=\"0\" width=\"100%\" cellspacing=\"0\" cellpadding=\"0\">\n<tbody>\n<tr>\n<td class=\"parrafo\"><\/td>\n<\/tr>\n<tr>\n<td class=\"parrafo\"><a href=\"http:\/\/pabloromero7.blogspot.com\/\" target=\"_blank\" rel=\"noopener\">Asueto de las m\u00e1scaras\u00a0<\/a><br \/>\nSitio web sobre filosof\u00eda del docente Pablo Romero, de Montevideo, Uruguay.<\/td>\n<\/tr>\n<tr>\n<td class=\"parrafo\"><\/td>\n<\/tr>\n<tr>\n<td class=\"parrafo\"><a href=\"http:\/\/lcweb2.loc.gov\/pp\/brhcquery.html\" target=\"_blank\" rel=\"noopener\">Brady-Handy Collection : Library of Congress Prints and Photographs Online Catalog\u00a0<\/a><br \/>\nLa mayor\u00eda de las fotos son de la Guerra Civil y la posguerra con una peque\u00f1a colecci\u00f3n de vistas de Washington. Podr\u00e1 seleccionar fotos seg\u00fan tema, t\u00edtulo, formato, creador y n\u00famero.<\/td>\n<\/tr>\n<tr>\n<td class=\"parrafo\"><\/td>\n<\/tr>\n<tr>\n<td class=\"parrafo\"><a href=\"http:\/\/www.carpetashistoria.fahce.unlp.edu.ar\/\" target=\"_blank\" rel=\"noopener\">Carpetas Docentes de Historia\u00a0<\/a><br \/>\nEste recurso elaborado por las c\u00e1tedras de Historia Social Contempor\u00e1nea e Historia General de la Universidad Nacional de La Plata est\u00e1 destinado a los docentes del nivel medio para contribuir a la compleja tarea de la ense\u00f1anza de la historia de nuestro tiempo.<\/td>\n<\/tr>\n<tr>\n<td class=\"parrafo\"><\/td>\n<\/tr>\n<tr>\n<td class=\"parrafo\"><\/td>\n<\/tr>\n<tr>\n<td class=\"parrafo\"><a href=\"http:\/\/www.filosofia.net\/materiales\" target=\"_blank\" rel=\"noopener\">Cuaderno de materiales. Filosof\u00eda y ciencias humanas\u00a0<\/a><br \/>\nPresenta: Novedades, ensayos y art\u00edculos de opini\u00f3n, fragmentos y citas monogr\u00e1ficas, revista de libros y rese\u00f1as, servicios de noticias, foros de debate y chat, agenda de cursos y eventos, recursos y enlaces.<\/td>\n<\/tr>\n<tr>\n<td class=\"parrafo\"><\/td>\n<\/tr>\n<tr>\n<td class=\"parrafo\"><a href=\"http:\/\/www.er-saguier.org\/\" target=\"_blank\" rel=\"noopener\">Debate hist\u00f3rico inconcluso en la Am\u00e9rica Latina (1600-2000)\u00a0<\/a><br \/>\nSitio donde podr\u00e1 encontrar la obra de Eduardo Saguier en catorce tomos y m\u00e1s de un centenar de cap\u00edtulos titulada \u00abUn Debate Hist\u00f3rico Inconcluso en la Am\u00e9rica Latina (1600-2000). Cuatro siglos de lucha en el espacio colonial Peruano y Rioplatense y en la Argentina Moderna y Contempor\u00e1nea\u00bb. Asimismo podr\u00e1 encontrar una nutrida cantidad de tablas, cuadros, ap\u00e9ndices, listados, gr\u00e1ficos e im\u00e1genes y una secci\u00f3n de Enlaces.<\/td>\n<\/tr>\n<tr>\n<td class=\"parrafo\"><\/td>\n<\/tr>\n<tr>\n<td class=\"parrafo\"><a href=\"http:\/\/www.ucm.es\/info\/eurotheo\/terminog.htm\" target=\"_blank\" rel=\"noopener\">Diccionario cr\u00edtico de Ciencias Sociales\u00a0<\/a><br \/>\nDiccionario dirigido por el Prof. Rom\u00e1n Reyes de la Universidad Complutense de Madrid.<\/td>\n<\/tr>\n<tr>\n<td class=\"parrafo\"><\/td>\n<\/tr>\n<tr>\n<td class=\"parrafo\"><a href=\"http:\/\/www.elhistoriador.com.ar\/\" target=\"_blank\" rel=\"noopener\">El Historiador\u00a0<\/a><br \/>\nEste sitio \u00abdedicado a la Historia y a la persistencia de la memoria\u00bb tiene entre sus opciones: documentos, biograf\u00edas, an\u00e9cdotas, recursos did\u00e1cticos, cursos noticias, y archivos de audio.<\/td>\n<\/tr>\n<tr>\n<td class=\"parrafo\"><\/td>\n<\/tr>\n<tr>\n<td class=\"parrafo\"><a href=\"http:\/\/www.h-debate.com\/\" target=\"_blank\" rel=\"noopener\">Historia a debate\u00a0<\/a><br \/>\nEs una red estable que comunica y re\u00fane a historiadores de todo el mundo, mediante actividades presenciales y en la red de redes, dentro y fuera de las instituciones acad\u00e9micas.<\/td>\n<\/tr>\n<tr>\n<td class=\"parrafo\"><\/td>\n<\/tr>\n<tr>\n<td class=\"parrafo\"><a href=\"http:\/\/www.ub.es\/histodidactica\/\" target=\"_blank\" rel=\"noopener\">Histodid\u00e1ctica\u00a0<\/a><br \/>\nSitio dedicado a la did\u00e1ctica de la historia y las ciencias sociales. Presenta art\u00edculos y libros en texto completo, enlaces a revistas electr\u00f3nicas, debates, recursos y enlaces.<\/td>\n<\/tr>\n<tr>\n<td class=\"parrafo\"><\/td>\n<\/tr>\n<tr>\n<td class=\"parrafo\"><a href=\"http:\/\/www.historiasiglo20.org\/\" target=\"_blank\" rel=\"noopener\">Historia Siglo 20. El sitio web de la historia del siglo XX.\u00a0<\/a><br \/>\nPortal con clara vocaci\u00f3n docente realizado por Juan Carlos Oca\u00f1a, profesor de ense\u00f1anza secundaria y universitaria, que tiene como principal destinatario los profesores y alumnos de bachillerato.<br \/>\nLos ejes principales son: la lucha por los derechos de la mujer 1789-1945; la Historia de la Uni\u00f3n Europea y la Ciudadan\u00eda Europea; la Cooperaci\u00f3n Internacional (La Virtual School, el Portal de la Guerra Civil y la iniciativa Primavera de Europa),y el sitio La Historia de las Relaciones Internacionales durante el siglo XX.<\/td>\n<\/tr>\n<tr>\n<td class=\"parrafo\"><\/td>\n<\/tr>\n<tr>\n<td class=\"parrafo\"><a href=\"http:\/\/www.indec.mecon.ar\/\">Instituto Nacional de Estad\u00edsticas y Censos (INDEC)\u00a0<\/a><br \/>\nPara realizar b\u00fasquedas de datos estad\u00edsticos nacionales. Cuenta con un enlace para acceder a un listado con sitios web de instituciones de estad\u00edstica en el mundo.<\/td>\n<\/tr>\n<tr>\n<td class=\"parrafo\"><\/td>\n<\/tr>\n<tr>\n<td class=\"parrafo\"><a href=\"http:\/\/www.tiemposmodernos.org\/\" target=\"_blank\" rel=\"noopener\">Tiempos Modernos\u00a0<\/a><br \/>\nRevista electr\u00f3nica de Historia Moderna.<\/td>\n<\/tr>\n<tr>\n<td class=\"parrafo\"><\/td>\n<\/tr>\n<tr>\n<td class=\"parrafo\"><a href=\"http:\/\/www.ushmm.org\/outreach\/\" target=\"_blank\" rel=\"noopener\">The Holocaust: a learning site for students (en ingl\u00e9s)\u00a0<\/a><br \/>\nEntre otras cosas encontrar\u00e1 textos, fotograf\u00edas hist\u00f3ricas, mapas y audio sobre el Holocausto.<\/td>\n<\/tr>\n<\/tbody>\n<\/table>\n<\/td>\n<\/tr>\n<tr>\n<td><\/td>\n<\/tr>\n<\/tbody>\n<\/table>\n","protected":false},"excerpt":{"rendered":"<p>Ciencias sociales y humanidades Asueto de las m\u00e1scaras\u00a0 Sitio web sobre filosof\u00eda del docente Pablo Romero, de Montevideo, Uruguay. Brady-Handy Collection : Library of Congress Prints and Photographs Online Catalog\u00a0 La mayor\u00eda de las fotos son de la Guerra Civil y la posguerra con una peque\u00f1a colecci\u00f3n de vistas de Washington. Podr\u00e1 seleccionar fotos seg\u00fan &#8230; <a title=\"Ciencias Sociales y Humanidades\" class=\"read-more\" href=\"https:\/\/ifdcvm-slu.infd.edu.ar\/sitio\/ciencias-sociales-y-humanidades\/\" aria-label=\"More on Ciencias Sociales y Humanidades\">[+]<\/a><\/p>\n","protected":false},"author":792,"featured_media":0,"parent":0,"menu_order":0,"comment_status":"closed","ping_status":"closed","template":"","meta":[],"acf":[],"_links":{"self":[{"href":"https:\/\/ifdcvm-slu.infd.edu.ar\/sitio\/wp-json\/wp\/v2\/pages\/2707"}],"collection":[{"href":"https:\/\/ifdcvm-slu.infd.edu.ar\/sitio\/wp-json\/wp\/v2\/pages"}],"about":[{"href":"https:\/\/ifdcvm-slu.infd.edu.ar\/sitio\/wp-json\/wp\/v2\/types\/page"}],"author":[{"embeddable":true,"href":"https:\/\/ifdcvm-slu.infd.edu.ar\/sitio\/wp-json\/wp\/v2\/users\/792"}],"replies":[{"embeddable":true,"href":"https:\/\/ifdcvm-slu.infd.edu.ar\/sitio\/wp-json\/wp\/v2\/comments?post=2707"}],"version-history":[{"count":3,"href":"https:\/\/ifdcvm-slu.infd.edu.ar\/sitio\/wp-json\/wp\/v2\/pages\/2707\/revisions"}],"predecessor-version":[{"id":7974,"href":"https:\/\/ifdcvm-slu.infd.edu.ar\/sitio\/wp-json\/wp\/v2\/pages\/2707\/revisions\/7974"}],"wp:attachment":[{"href":"https:\/\/ifdcvm-slu.infd.edu.ar\/sitio\/wp-json\/wp\/v2\/media?parent=2707"}],"curies":[{"name":"wp","href":"https:\/\/api.w.org\/{rel}","templated":true}]}}