{"id":2709,"date":"2018-07-10T12:50:00","date_gmt":"2018-07-10T15:50:00","guid":{"rendered":"https:\/\/ifdcvm-slu.infd.edu.ar\/sitio\/?page_id=2709"},"modified":"2020-04-17T02:50:14","modified_gmt":"2020-04-17T05:50:14","slug":"lengua-y-literatura","status":"publish","type":"page","link":"https:\/\/ifdcvm-slu.infd.edu.ar\/sitio\/lengua-y-literatura\/","title":{"rendered":"Lengua y Literatura"},"content":{"rendered":"<table border=\"0\" width=\"620\" cellspacing=\"4\" cellpadding=\"0\">\n<tbody>\n<tr>\n<td class=\"titulo\">Lengua y literatura<\/td>\n<\/tr>\n<tr>\n<td rowspan=\"3\"><\/td>\n<td>\n<table border=\"0\" width=\"100%\" cellspacing=\"0\" cellpadding=\"0\">\n<tbody>\n<tr>\n<td class=\"parrafo\"><\/td>\n<\/tr>\n<tr>\n<td class=\"parrafo\"><a href=\"http:\/\/www.angelfire.com\/de\/hispania\" target=\"_blank\" rel=\"noopener\">Archivo de filolog\u00eda espa\u00f1ola\u00a0<\/a><br \/>\nSitio dedicado a temas referidos a la gram\u00e1tica espa\u00f1ola y dem\u00e1s disciplinas atinentes a la lengua.<\/td>\n<\/tr>\n<tr>\n<td class=\"parrafo\"><\/td>\n<\/tr>\n<tr>\n<td class=\"parrafo\"><a href=\"http:\/\/www.auladeletras.net\/\" target=\"_blank\" rel=\"noopener\">Aula de letras<\/a><br \/>\nPresenta matariales para la ense\u00f1anza de las humanidades, revista electr\u00f3nica, libros electr\u00f3nicos y enlaces.<\/td>\n<\/tr>\n<tr>\n<td class=\"parrafo\"><\/td>\n<\/tr>\n<tr>\n<td class=\"parrafo\"><a href=\"http:\/\/www.cervantesvirtual.com\/portal\/Platero\/portal\/Biblio_Encantada\/\" target=\"_blank\" rel=\"noopener\">Biblioteca Encantada\u00a0<\/a><br \/>\nSitio de literatura infantil creada por alumnos de diferentes niveles educativos. Podr\u00e1 leer cuentos en quechua escritos por ni\u00f1os de la Comunidad Campesina de Pampallacta (Per\u00fa).<\/td>\n<\/tr>\n<tr>\n<td class=\"parrafo\"><\/td>\n<\/tr>\n<tr>\n<td class=\"parrafo\"><a href=\"http:\/\/www.ricochet-jeunes.org\/es\/index.htm\" target=\"_blank\" rel=\"noopener\">Centre International d&#8217;Etudes en Litt\u00e9rature de Jeunesse<\/a><br \/>\nPosee una secci\u00f3n de Autores donde encontrar\u00e1 biograf\u00edas, enlaces a obras, biograf\u00edas de ilustradores, etc. Tambi\u00e9n hallar\u00e1 una secci\u00f3n de Pel\u00edculas y dibujos. (En espa\u00f1ol)<\/td>\n<\/tr>\n<tr>\n<td class=\"parrafo\"><\/td>\n<\/tr>\n<tr>\n<td class=\"parrafo\"><a href=\"http:\/\/www.comedias.org\/\" target=\"_blank\" rel=\"noopener\">Comedia<\/a><br \/>\nPermite el acceso a la colecci\u00f3n de textos electr\u00f3nicos de comedias, tanto en espa\u00f1ol como en traducci\u00f3n inglesa. Al ingresar en la base de datos de contenido gr\u00e1fico, textual y bibliogr\u00e1fico encontrar\u00e1 una lista de recursos pedag\u00f3gicos para el estudio de la comedia.<\/td>\n<\/tr>\n<tr>\n<td class=\"parrafo\"><\/td>\n<\/tr>\n<tr>\n<td class=\"parrafo\"><a href=\"http:\/\/www.corpusdelespanol.org\/x.asp?cl=es\" target=\"_blank\" rel=\"noopener\">Corpus del espa\u00f1ol\u00a0<\/a><br \/>\nEste sitio ofrece una base de datos con textos en castellano de los \u00faltimos 8 siglos, en los que es posible buscar la aparici\u00f3n de determinada palabra.<\/td>\n<\/tr>\n<tr>\n<td class=\"parrafo\"><\/td>\n<\/tr>\n<tr>\n<td class=\"parrafo\"><a href=\"http:\/\/www.didacticaele.com\/paginaprincipal.htm\" target=\"_blank\" rel=\"noopener\">Did\u00e1ctica ELE\u00a0<\/a><br \/>\nP\u00e1gina est\u00e1 dedicada a la ense\u00f1anza-aprendizaje del espa\u00f1ol como lengua extranjera. Incluye material did\u00e1ctico, art\u00edculos, audios y videos, un espacio para la explicaci\u00f3n de refranes, una secci\u00f3n de animaciones humor\u00edsticas, y biograf\u00edas sobre personajes de habla hispana.<\/td>\n<\/tr>\n<tr>\n<td class=\"parrafo\"><\/td>\n<\/tr>\n<tr>\n<td class=\"parrafo\"><a href=\"http:\/\/www.edyd.com\/\" target=\"_blank\" rel=\"noopener\">Educaci\u00f3n y Desarrollo Contempor\u00e1neo<\/a><br \/>\nEncontrar\u00e1 260 f\u00e1bulas de Esopo en espa\u00f1ol. Posee un buscador que permite ubicar las f\u00e1bulas por personaje, animal o tema.<\/td>\n<\/tr>\n<tr>\n<td class=\"parrafo\"><\/td>\n<\/tr>\n<tr>\n<td class=\"parrafo\"><a href=\"http:\/\/www.eldigoras.com\/\" target=\"_blank\" rel=\"noopener\">Eld\u00edgoras. P\u00e1gina de lengua, literatura y artes gr\u00e1ficas<\/a><br \/>\nEntre sus opciones se encuentran revistas, bibliotecas, textos electr\u00f3nicos, novedades, diccionarios y recursos para la traducci\u00f3n.<\/td>\n<\/tr>\n<tr>\n<td class=\"parrafo\"><\/td>\n<\/tr>\n<tr>\n<td class=\"parrafo\"><a href=\"http:\/\/personales.mundivia.es\/llera\/cuentos\/cuentos.htm\" target=\"_blank\" rel=\"noopener\">El cuentacuentos\u00a0<\/a><br \/>\nEste sitio presenta el relato breve de algunos cuentos cl\u00e1sicos.<\/td>\n<\/tr>\n<tr>\n<td class=\"parrafo\"><\/td>\n<\/tr>\n<tr>\n<td class=\"parrafo\"><a href=\"http:\/\/elmundolibro.elmundo.es\/elmundolibro\/\" target=\"_blank\" rel=\"noopener\">El Mundo Libro\u00a0<\/a><br \/>\nPortal del Diario El Mundo dedicado a la litaratura. Tiene las secciones: Protagonistas, Narrativa en espa\u00f1ol, Narrativa extranjera, No Ficci\u00f3n, Historia, Poes\u00eda, Letras J\u00f3venes, Lujos de papel, El libro del d\u00eda, El cibercaf\u00e9, Letras en red.<\/td>\n<\/tr>\n<tr>\n<td class=\"parrafo\"><\/td>\n<\/tr>\n<tr>\n<td class=\"parrafo\"><a href=\"http:\/\/www.folkloredelnorte.com.ar\/\" target=\"_blank\" rel=\"noopener\">Folclore del Norte Argentino\u00a0<\/a><br \/>\nSitio dedicado a difundir la tradici\u00f3n del Norte argentino, para consultar literatura, mitos, leyendas, , dichos, coplas, entre otras opciones.<\/td>\n<\/tr>\n<tr>\n<td class=\"parrafo\"><\/td>\n<\/tr>\n<tr>\n<td class=\"parrafo\"><a href=\"http:\/\/www.indiana.edu\/~call\/lengua.html\" target=\"_blank\" rel=\"noopener\">Gram\u00e1tica y ortograf\u00eda\u00a0<\/a><br \/>\nPresenta reglas ortogr\u00e1ficas, ejercicios, consultas, programas, herramientas y enlaces sobre el tema.<\/td>\n<\/tr>\n<tr>\n<td class=\"parrafo\"><\/td>\n<\/tr>\n<tr>\n<td class=\"parrafo\"><a href=\"http:\/\/www.imaginaria.com.ar\/\" target=\"_blank\" rel=\"noopener\">Imaginaria. Revista quincenal de literatura Infantil y juvenil\u00a0<\/a><br \/>\nEntre sus opciones, cuenta con: rese\u00f1as de libros, informaci\u00f3n sobre autores, publicaciones, eventos, art\u00edculos, enlaces a sitios relacionados de la literatura infantil y relatos de experiencias realizadas.<\/td>\n<\/tr>\n<tr>\n<td class=\"parrafo\"><\/td>\n<\/tr>\n<tr>\n<td class=\"parrafo\"><a href=\"http:\/\/www.ricochet-jeunes.org\/es\/index.htm\" target=\"_blank\" rel=\"noopener\">La Biblioteca\u00a0<\/a><br \/>\nSus secciones son: \u00abBiblioteca\u00bb, para consultar fichas informativas sobre las obras de literatura infantil y juvenil de todos los tiempos. Incluye los autores, ilustradores, enlaces en Internet y pel\u00edculas. \u00abAgenda\u00bb cuenta con los enlaces a editoriales, revistas electr\u00f3nicas e instituciones dedicadas al tema. \u00abActualidad\u00bb brinda informaci\u00f3n sobre eventos culturales.<\/td>\n<\/tr>\n<tr>\n<td class=\"parrafo\"><\/td>\n<\/tr>\n<tr>\n<td class=\"parrafo\"><a href=\"http:\/\/www.lamaquinadeltiempo.com\/\" target=\"_blank\" rel=\"noopener\">La M\u00e1quina del tiempo\u00a0<\/a><br \/>\nEncontrar\u00e1 cuentos de escritores reconocidos, poemas, letras de tango, libros recomendados, traducciones y material sobre ling\u00fc\u00edstica y filosof\u00eda.<\/td>\n<\/tr>\n<tr>\n<td class=\"parrafo\"><\/td>\n<\/tr>\n<tr>\n<td class=\"parrafo\"><a href=\"http:\/\/www.elcastellano.org\/\" target=\"_blank\" rel=\"noopener\">La p\u00e1gina del idioma espa\u00f1ol\u00a0<\/a><br \/>\nContiene gran variedad de diccionarios digitales (biling\u00fces, multiling\u00fces, t\u00e9cnicos, especializados y regionales). Adem\u00e1s tiene informaci\u00f3n agrupada en estos \u00edtems: quiosco virtual, gram\u00e1tica, literatura, traducci\u00f3n, cursos, debates y foros. En el sector Gram\u00e1tica encontrar\u00e1 las Normas del Espa\u00f1ol actual.<\/td>\n<\/tr>\n<tr>\n<td class=\"parrafo\"><\/td>\n<\/tr>\n<tr>\n<td class=\"parrafo\"><a href=\"http:\/\/lenguayliteratura.org\/\" target=\"_blank\" rel=\"noopener\">Lengua y Literatura\u00a0<\/a><br \/>\nSe trata de un sitio dedicado a docentes y alumnos de nivel medio. Tiene actividades de gram\u00e1tica, ortograf\u00eda, textos completos de obras literarias, novedades y otros recursos.<\/td>\n<\/tr>\n<tr>\n<td class=\"parrafo\"><\/td>\n<\/tr>\n<tr>\n<td class=\"parrafo\"><a href=\"http:\/\/www.literatura.org\/\" target=\"_blank\" rel=\"noopener\">Literatura Argentina contempor\u00e1nea\u00a0<\/a><br \/>\nNovedades, canciones y cuentos del escritor y m\u00fasico. Permite suscribirse al bolet\u00edn gratuito y dejar comentarios para el escritor.<br \/>\nEn el espacio dedicado a los libros pueden leerse fragmentos o cap\u00edtulos.<\/td>\n<\/tr>\n<tr>\n<td class=\"parrafo\"><\/td>\n<\/tr>\n<tr>\n<td class=\"parrafo\"><a href=\"http:\/\/www.luispescetti.com\/\" target=\"_blank\" rel=\"noopener\">Luis Pescetti<\/a><br \/>\nPara realizar b\u00fasquedas por autor y consultar su biograf\u00eda, obras escritas, entrevistas, etc.<\/td>\n<\/tr>\n<tr>\n<td class=\"parrafo\"><\/td>\n<\/tr>\n<tr>\n<td class=\"parrafo\"><a href=\"http:\/\/roble.pntic.mec.es\/~msanto1\/ortografia\" target=\"_blank\" rel=\"noopener\">Ortograf\u00eda\u00a0<\/a><br \/>\nOfrece informaci\u00f3n sobre las reglas gramaticales y propone ejercicios.<\/td>\n<\/tr>\n<tr>\n<td class=\"parrafo\"><\/td>\n<\/tr>\n<tr>\n<td class=\"parrafo\"><a href=\"http:\/\/parnaseo.uv.es\/\" target=\"_blank\" rel=\"noopener\">Parnaseo. Ciber-paseo por la Literatura<\/a><br \/>\nEncontrar\u00e1 textos de Literatura Medieval y del Renacimiento, Teatro espa\u00f1ol, Literatura Sapiencial Medieval y Literatura de Caballer\u00edas. Adem\u00e1s hallar\u00e1 enlaces a: diccionarios y refraneros, literatura espa\u00f1ola, literatura francesa, paleograf\u00eda, codicolog\u00eda y manuscritos.<\/td>\n<\/tr>\n<tr>\n<td class=\"parrafo\"><\/td>\n<\/tr>\n<tr>\n<td class=\"parrafo\"><a href=\"http:\/\/www.lenguayliteratura.com\/\" target=\"_blank\" rel=\"noopener\">Proyecto Aula. Lengua Espa\u00f1ola<\/a><br \/>\nCuenta con teor\u00eda, ejercicios, foros y enlaces. Adem\u00e1s posee recursos literarios.<\/td>\n<\/tr>\n<tr>\n<td class=\"parrafo\"><\/td>\n<\/tr>\n<tr>\n<td class=\"parrafo\"><a href=\"http:\/\/www.rae.es\/\" target=\"_blank\" rel=\"noopener\">Real Academia Espa\u00f1ola<\/a><br \/>\nPara acceder a la primera y \u00faltima edici\u00f3n del Diccionario de la Real Academia Espa\u00f1ola y realizar consultas ling\u00fc\u00edsticas.<\/td>\n<\/tr>\n<tr>\n<td class=\"parrafo\"><\/td>\n<\/tr>\n<tr>\n<td class=\"parrafo\"><a href=\"http:\/\/www.ipl.org\/youth\/\" target=\"_blank\" rel=\"noopener\">Secci\u00f3n infantil y juvenil de la Internet Public Library<\/a><br \/>\nPara realizar b\u00fasquedas bibliogr\u00e1ficas.<\/td>\n<\/tr>\n<tr>\n<td class=\"parrafo\"><\/td>\n<\/tr>\n<tr>\n<td class=\"parrafo\"><a href=\"http:\/\/www.bardweb.net\/index.html\" target=\"_blank\" rel=\"noopener\">Shakespeare Resource Center<\/a><br \/>\nSitio que trata de recopilar los links m\u00e1s \u00fatiles sobre Shakespeare, su obra y su contexto.<\/td>\n<\/tr>\n<tr>\n<td class=\"parrafo\"><\/td>\n<\/tr>\n<tr>\n<td class=\"parrafo\"><a href=\"http:\/\/www.acs.ucalgary.ca\/~dkbrown\/\" target=\"_blank\" rel=\"noopener\">The Children\u00b4s Literature Web Guide<\/a><br \/>\nCuenta con recursos en Internet sobre libros para ni\u00f1os y j\u00f3venes.(en ingl\u00e9s)<\/td>\n<\/tr>\n<\/tbody>\n<\/table>\n<\/td>\n<\/tr>\n<tr>\n<td><\/td>\n<\/tr>\n<\/tbody>\n<\/table>\n","protected":false},"excerpt":{"rendered":"<p>Lengua y literatura Archivo de filolog\u00eda espa\u00f1ola\u00a0 Sitio dedicado a temas referidos a la gram\u00e1tica espa\u00f1ola y dem\u00e1s disciplinas atinentes a la lengua. Aula de letras Presenta matariales para la ense\u00f1anza de las humanidades, revista electr\u00f3nica, libros electr\u00f3nicos y enlaces. Biblioteca Encantada\u00a0 Sitio de literatura infantil creada por alumnos de diferentes niveles educativos. Podr\u00e1 leer &#8230; <a title=\"Lengua y Literatura\" class=\"read-more\" href=\"https:\/\/ifdcvm-slu.infd.edu.ar\/sitio\/lengua-y-literatura\/\" aria-label=\"More on Lengua y Literatura\">[+]<\/a><\/p>\n","protected":false},"author":792,"featured_media":0,"parent":0,"menu_order":0,"comment_status":"closed","ping_status":"closed","template":"","meta":[],"acf":[],"_links":{"self":[{"href":"https:\/\/ifdcvm-slu.infd.edu.ar\/sitio\/wp-json\/wp\/v2\/pages\/2709"}],"collection":[{"href":"https:\/\/ifdcvm-slu.infd.edu.ar\/sitio\/wp-json\/wp\/v2\/pages"}],"about":[{"href":"https:\/\/ifdcvm-slu.infd.edu.ar\/sitio\/wp-json\/wp\/v2\/types\/page"}],"author":[{"embeddable":true,"href":"https:\/\/ifdcvm-slu.infd.edu.ar\/sitio\/wp-json\/wp\/v2\/users\/792"}],"replies":[{"embeddable":true,"href":"https:\/\/ifdcvm-slu.infd.edu.ar\/sitio\/wp-json\/wp\/v2\/comments?post=2709"}],"version-history":[{"count":3,"href":"https:\/\/ifdcvm-slu.infd.edu.ar\/sitio\/wp-json\/wp\/v2\/pages\/2709\/revisions"}],"predecessor-version":[{"id":7977,"href":"https:\/\/ifdcvm-slu.infd.edu.ar\/sitio\/wp-json\/wp\/v2\/pages\/2709\/revisions\/7977"}],"wp:attachment":[{"href":"https:\/\/ifdcvm-slu.infd.edu.ar\/sitio\/wp-json\/wp\/v2\/media?parent=2709"}],"curies":[{"name":"wp","href":"https:\/\/api.w.org\/{rel}","templated":true}]}}