{"id":2710,"date":"2018-07-10T12:50:00","date_gmt":"2018-07-10T15:50:00","guid":{"rendered":"https:\/\/ifdcvm-slu.infd.edu.ar\/sitio\/?page_id=2710"},"modified":"2020-04-17T02:58:14","modified_gmt":"2020-04-17T05:58:14","slug":"lenguas-extranjeras","status":"publish","type":"page","link":"https:\/\/ifdcvm-slu.infd.edu.ar\/sitio\/lenguas-extranjeras\/","title":{"rendered":"Lenguas Extranjeras"},"content":{"rendered":"<table border=\"0\" width=\"620\" cellspacing=\"4\" cellpadding=\"0\">\n<tbody>\n<tr>\n<td class=\"titulo\">Lenguas extranjeras<\/td>\n<\/tr>\n<tr>\n<td rowspan=\"3\"><\/td>\n<td><span class=\"parrafo\">\u00a0<\/span><\/p>\n<table border=\"0\" width=\"100%\" cellspacing=\"0\" cellpadding=\"0\">\n<tbody>\n<tr>\n<td class=\"parrafo\"><a href=\"http:\/\/bab.la\/\" target=\"_blank\" rel=\"noopener\">Bab La\u00a0<\/a><br \/>\nEl portal ling\u00fc\u00edstico bab.la ofrece diccionarios con traducciones, tests y juegos para aprender idiomas, ejercicios de vocabulario y mucho m\u00e1s. Es una p\u00e1gina interactiva donde los usuarios pueden agregar sus propias traducciones.<\/td>\n<\/tr>\n<tr>\n<td class=\"parrafo\"><\/td>\n<\/tr>\n<tr>\n<td class=\"parrafo\"><a href=\"http:\/\/www.langlink.net\/langlink\/\" target=\"_blank\" rel=\"noopener\">Language Links\u00a0<\/a><br \/>\nContiene diferentes recursos agrupados por idioma, tales como: diarios, revistas, m\u00fasica, historia, cultura, turismo.<\/td>\n<\/tr>\n<tr>\n<td class=\"parrafo\"><\/td>\n<\/tr>\n<tr>\n<td class=\"parrafo\"><a href=\"http:\/\/www.clafoti.com\/\" target=\"_blank\" rel=\"noopener\">Aprende ingl\u00e9s con gifs animados\u00a0<\/a><br \/>\nPresenta un curso de ingl\u00e9s interactivo destinado estudiantes de escuelas primarias y secundarias. Contiene recursos gr\u00e1ficos interactivos, traducciones al castellano y se encuentra estructurado en unidades tem\u00e1ticas con distintos niveles de dificultad. Incluye adem\u00e1s ejercicios y actividades para completar.<\/td>\n<\/tr>\n<tr>\n<td class=\"parrafo\"><\/td>\n<\/tr>\n<tr>\n<td class=\"parrafo\"><a href=\"http:\/\/www.learnenglish.org.uk\/welcome_espagnol.html\" target=\"_blank\" rel=\"noopener\">Awesome Library. Bilingual Education\u00a0<\/a><br \/>\nSe trata de un servicio gratuito del Consejo Brit\u00e1nico que permite mejorar el idioma ingl\u00e9s a trav\u00e9s de actividades dedicadas a ni\u00f1os, j\u00f3venes y adultos. Entre ellas, incluye juegos, canciones, poemas y enlaces recomendados.<\/td>\n<\/tr>\n<tr>\n<td class=\"parrafo\"><\/td>\n<\/tr>\n<tr>\n<td class=\"parrafo\"><a href=\"http:\/\/www.bonjourdefrance.com\/\" target=\"_blank\" rel=\"noopener\">Bonjour de France<\/a><br \/>\nPara aprender franc\u00e9s en l\u00ednea. Revista trimestral que contiene seis secciones: Aprendizaje, Juegos, Enlaces, Cambios Editoriales, Art\u00edculos Tem\u00e1ticos y Descubrimiento. Es una iniciativa pedag\u00f3gica gratuita.<\/td>\n<\/tr>\n<tr>\n<td class=\"parrafo\"><\/td>\n<\/tr>\n<tr>\n<td class=\"parrafo\"><a href=\"http:\/\/www.britishcouncil.org\/es\/argentina.htm\" target=\"_blank\" rel=\"noopener\">British Council\u00a0<\/a><br \/>\nPara consultar actividades del \u00e1rea ingl\u00e9s en la Argentina: cursos, programas, centros de ense\u00f1anza, ex\u00e1menes brit\u00e1nicos y recursos para estudiantes y profesores.<\/td>\n<\/tr>\n<tr>\n<td class=\"parrafo\"><\/td>\n<\/tr>\n<tr>\n<td class=\"parrafo\"><a href=\"http:\/\/www.cnice.mec.es\/profesores\/asignaturas\/lenguas_extranjeras_ingles\/\" target=\"_blank\" rel=\"noopener\">Centro Nacional de Informaci\u00f3n y Comunicaci\u00f3n Educativa: Lenguas Extranjeras\u00a0<\/a><br \/>\nSe trata de una p\u00e1gina con listados de enlaces agrupados seg\u00fan idioma: Ingl\u00e9s, Franc\u00e9s, Alem\u00e1n, Portugu\u00e9s e Italiano.<\/td>\n<\/tr>\n<tr>\n<td class=\"parrafo\"><\/td>\n<\/tr>\n<tr>\n<td class=\"parrafo\"><a href=\"http:\/\/www.deutschakademie.de\/online-deutschkurs\/spanisch\/\" target=\"_blank\" rel=\"noopener\">Curso de alem\u00e1n &#8211; DeutschAkademie<\/a><br \/>\nCurso de alem\u00e1n en l\u00ednea.<\/td>\n<\/tr>\n<tr>\n<td class=\"parrafo\"><\/td>\n<\/tr>\n<tr>\n<td class=\"parrafo\"><a href=\"http:\/\/www.curso-de-aleman.de\/\" target=\"_blank\" rel=\"noopener\">Curso de alem\u00e1n\u00a0<\/a><br \/>\nCurso de alem\u00e1n para hispano hablantes.<\/td>\n<\/tr>\n<tr>\n<td class=\"parrafo\"><\/td>\n<\/tr>\n<tr>\n<td class=\"parrafo\"><a href=\"http:\/\/www.englishpage.com\/\" target=\"_blank\" rel=\"noopener\">English Page\u00a0<\/a><br \/>\nSitio dedicado a los alumnos de ingl\u00e9s de niveles intermedio y avanzado. Cuenta con lecciones (gram\u00e1tica, verbos, vocabulario, etc.), diccionarios y recursos para la preparaci\u00f3n de ex\u00e1menes.<\/td>\n<\/tr>\n<tr>\n<td class=\"parrafo\"><\/td>\n<\/tr>\n<tr>\n<td class=\"parrafo\"><a href=\"http:\/\/www.harcourtschool.com\/\" target=\"_blank\" rel=\"noopener\">Harcourt school publishers. The learning site.<\/a><br \/>\nPresenta una importante variedad de actividades para aprender ingl\u00e9s destinada a ni\u00f1os peque\u00f1os y recursos para padres y docentes.<\/td>\n<\/tr>\n<tr>\n<td class=\"parrafo\"><\/td>\n<\/tr>\n<tr>\n<td class=\"parrafo\"><a href=\"http:\/\/www.ilovelanguages.com\/\" target=\"_blank\" rel=\"noopener\">I love languages\u00a0<\/a><br \/>\nSe trata de un buscador de sitios en Internet con m\u00e1s de 2000 recursos relacionados con el aprendizaje de lenguas extranjeras: diccionarios, lecciones, cursos, etc.<\/td>\n<\/tr>\n<tr>\n<td class=\"parrafo\"><\/td>\n<\/tr>\n<tr>\n<td class=\"parrafo\"><a href=\"http:\/\/web.uvic.ca\/hispanital\/italian\/italian100\/index.htm\" target=\"_blank\" rel=\"noopener\">Italian 100 exercises. University of Victoria. Department of Hispanic and Italian Studies\u00a0<\/a><br \/>\nOfrece ejercicios con distintos niveles de dificultad, para mejorar el vocabulario, la expresi\u00f3n oral, y las distintas estructuras gramaticales.<\/td>\n<\/tr>\n<tr>\n<td class=\"parrafo\"><\/td>\n<\/tr>\n<tr>\n<td class=\"parrafo\"><a href=\"http:\/\/lanic.utexas.edu\/la\/region\/lprograms\/indexesp.html\" target=\"_blank\" rel=\"noopener\">Lanic. Programas de idiomas\u00a0<\/a><br \/>\nRecursos informativos por pa\u00eds.<\/td>\n<\/tr>\n<tr>\n<td class=\"parrafo\"><\/td>\n<\/tr>\n<tr>\n<td class=\"parrafo\"><a href=\"http:\/\/www.awesomelibrary.org\/Classroom\/English\/Languages\/Languages.html\" target=\"_blank\" rel=\"noopener\">Learn English<\/a><br \/>\nEste sitio permite explorar diferentes recursos educativos para el aprendizaje de lenguas extranjeras (actividades, peri\u00f3dicos, revistas), agrupados por idioma.<\/td>\n<\/tr>\n<tr>\n<td class=\"parrafo\"><\/td>\n<\/tr>\n<tr>\n<td class=\"parrafo\"><a href=\"http:\/\/www.linguanet-europa.org\/y2\/\" target=\"_blank\" rel=\"noopener\">Lingu@net Europa<\/a><br \/>\nSe trata de un \u00abcentro virtual multiling\u00fce de recursos para apoyo a la ense\u00f1anza de lenguas extranjeras\u00bb. Adem\u00e1s de facilitar recursos did\u00e1cticos abre la posibilidad de intercambiar con otros docentes de lenguas extranjeras a trav\u00e9s de \u00abforos y charlas\u00bb.<\/td>\n<\/tr>\n<tr>\n<td class=\"parrafo\"><\/td>\n<\/tr>\n<tr>\n<td class=\"parrafo\"><a href=\"http:\/\/www.coe.int\/T\/E\/Legal_Affairs\/Local_and_regional_Democracy\/%20Regional_or_Minority_languages\/\" target=\"_blank\" rel=\"noopener\">Merriam-Webster online. The Language Center\u00a0<\/a><br \/>\nPara realizar b\u00fasquedas de t\u00e9rminos y frases. Ofrece el significado y sugiere sitios relacionados (En ingl\u00e9s).<\/td>\n<\/tr>\n<tr>\n<td class=\"parrafo\"><\/td>\n<\/tr>\n<tr>\n<td class=\"parrafo\"><a href=\"http:\/\/www.multingles.net\/\" target=\"_blank\" rel=\"noopener\">Multingl\u00e9s. Multimedia e ingl\u00e9s en Internet\u00a0<\/a><br \/>\nPresenta cursos, art\u00edculos, recursos para la ense\u00f1anza y el aprendizaje del ingl\u00e9s, tutoriales, publicaciones y otras opciones.<\/td>\n<\/tr>\n<tr>\n<td class=\"parrafo\"><\/td>\n<\/tr>\n<tr>\n<td class=\"parrafo\"><a href=\"http:\/\/www.myprofe.com\/\" target=\"_blank\" rel=\"noopener\">My profe<\/a><br \/>\nSitio dedicado a la ense\u00f1anza del ingl\u00e9s y franc\u00e9s de acuerdo a tres niveles. Tiene ejercicios de comprensi\u00f3n, traducci\u00f3n, gram\u00e1tica y otras actividades.<\/td>\n<\/tr>\n<tr>\n<td class=\"parrafo\"><\/td>\n<\/tr>\n<tr>\n<td class=\"parrafo\"><a href=\"http:\/\/www.ncela.gwu.edu\/\" target=\"_blank\" rel=\"noopener\">NCELA National Clearinghouse for English Lenguage Acquisition and Lenguage Instruction Educational Programs\u00a0<\/a><br \/>\nOrganizado por el Departamento de Educaci\u00f3n de Estados Unidos, el NCELA presenta en su sitio recursos para trabajar en el aula, publicaciones, y una biblioteca virtual, entre otras alternativas.<\/td>\n<\/tr>\n<tr>\n<td class=\"parrafo\"><\/td>\n<\/tr>\n<tr>\n<td class=\"parrafo\"><a href=\"http:\/\/www.ompersonal.com.ar\/\" target=\"_blank\" rel=\"noopener\">OM Personal\u00a0<\/a><br \/>\nEste portal ofrece la posibilidad de practicar el idioma ingl\u00e9s a trav\u00e9s de art\u00edculos sobre variados temas (ecolog\u00eda, negocios, turismo, humor, entrevistas, etc.). Los mismos se encuentran tanto en ingl\u00e9s como en espa\u00f1ol.<\/td>\n<\/tr>\n<tr>\n<td class=\"parrafo\"><\/td>\n<\/tr>\n<tr>\n<td class=\"parrafo\"><a href=\"http:\/\/shopgpn.com\/RR_index.cfm\" target=\"_blank\" rel=\"noopener\">Reading Rainbow\u00a0<\/a><br \/>\nPara consultar una variedad de recursos did\u00e1cticos en ingl\u00e9s (unidades did\u00e1cticas, actividades, gu\u00edas para docentes, etc.)<\/td>\n<\/tr>\n<tr>\n<td class=\"parrafo\"><\/td>\n<\/tr>\n<tr>\n<td class=\"parrafo\"><a href=\"http:\/\/www.francofil.net\/es\/fle_esp.html\" target=\"_blank\" rel=\"noopener\">Recursos para profesores de franc\u00e9s lengua extranjera\u00a0<\/a><br \/>\nRese\u00f1a de sitios para profesores de franc\u00e9s. Comprende recursos pedag\u00f3gicos, lingu\u00edsticos, literarios y otras herramientas de inter\u00e9s para quienes ense\u00f1an la lengua francesa a extranjeros.<\/td>\n<\/tr>\n<tr>\n<td class=\"parrafo\"><\/td>\n<\/tr>\n<tr>\n<td class=\"parrafo\"><a href=\"http:\/\/webquest.sdsu.edu\/\" target=\"_blank\" rel=\"noopener\">The WebQuest page\u00a0<\/a><br \/>\nSitio destinado al aprendizaje del ingl\u00e9s, destinada a alumnos de nivel secundario o polimodal. Presenta materiales, recursos, actividades, eventos y art\u00edculos.<\/td>\n<\/tr>\n<\/tbody>\n<\/table>\n<\/td>\n<\/tr>\n<\/tbody>\n<\/table>\n","protected":false},"excerpt":{"rendered":"<p>Lenguas extranjeras \u00a0 Bab La\u00a0 El portal ling\u00fc\u00edstico bab.la ofrece diccionarios con traducciones, tests y juegos para aprender idiomas, ejercicios de vocabulario y mucho m\u00e1s. Es una p\u00e1gina interactiva donde los usuarios pueden agregar sus propias traducciones. Language Links\u00a0 Contiene diferentes recursos agrupados por idioma, tales como: diarios, revistas, m\u00fasica, historia, cultura, turismo. Aprende ingl\u00e9s &#8230; <a title=\"Lenguas Extranjeras\" class=\"read-more\" href=\"https:\/\/ifdcvm-slu.infd.edu.ar\/sitio\/lenguas-extranjeras\/\" aria-label=\"More on Lenguas Extranjeras\">[+]<\/a><\/p>\n","protected":false},"author":792,"featured_media":0,"parent":0,"menu_order":0,"comment_status":"closed","ping_status":"closed","template":"","meta":[],"acf":[],"_links":{"self":[{"href":"https:\/\/ifdcvm-slu.infd.edu.ar\/sitio\/wp-json\/wp\/v2\/pages\/2710"}],"collection":[{"href":"https:\/\/ifdcvm-slu.infd.edu.ar\/sitio\/wp-json\/wp\/v2\/pages"}],"about":[{"href":"https:\/\/ifdcvm-slu.infd.edu.ar\/sitio\/wp-json\/wp\/v2\/types\/page"}],"author":[{"embeddable":true,"href":"https:\/\/ifdcvm-slu.infd.edu.ar\/sitio\/wp-json\/wp\/v2\/users\/792"}],"replies":[{"embeddable":true,"href":"https:\/\/ifdcvm-slu.infd.edu.ar\/sitio\/wp-json\/wp\/v2\/comments?post=2710"}],"version-history":[{"count":3,"href":"https:\/\/ifdcvm-slu.infd.edu.ar\/sitio\/wp-json\/wp\/v2\/pages\/2710\/revisions"}],"predecessor-version":[{"id":7979,"href":"https:\/\/ifdcvm-slu.infd.edu.ar\/sitio\/wp-json\/wp\/v2\/pages\/2710\/revisions\/7979"}],"wp:attachment":[{"href":"https:\/\/ifdcvm-slu.infd.edu.ar\/sitio\/wp-json\/wp\/v2\/media?parent=2710"}],"curies":[{"name":"wp","href":"https:\/\/api.w.org\/{rel}","templated":true}]}}