{"id":2712,"date":"2018-07-10T12:50:00","date_gmt":"2018-07-10T15:50:00","guid":{"rendered":"https:\/\/ifdcvm-slu.infd.edu.ar\/sitio\/?page_id=2712"},"modified":"2020-04-17T03:02:37","modified_gmt":"2020-04-17T06:02:37","slug":"matematicas-3","status":"publish","type":"page","link":"https:\/\/ifdcvm-slu.infd.edu.ar\/sitio\/matematicas-3\/","title":{"rendered":"Matem\u00e1ticas"},"content":{"rendered":"<table border=\"0\" width=\"620\" cellspacing=\"4\" cellpadding=\"0\">\n<tbody>\n<tr>\n<td class=\"titulo\">Matem\u00e1ticas<\/td>\n<\/tr>\n<tr>\n<td rowspan=\"3\"><\/td>\n<td>\n<table border=\"0\" width=\"100%\" cellspacing=\"0\" cellpadding=\"0\">\n<tbody>\n<tr>\n<td class=\"parrafo\"><\/td>\n<\/tr>\n<tr>\n<td class=\"parrafo\"><a href=\"http:\/\/www.acertijos.net\/\" target=\"_blank\" rel=\"noopener\">Acertijos.net\u00a0<\/a><br \/>\nEncontrar\u00e1 problemas de matem\u00e1ticas, enigmas, adivinanzas, ejercicios de pensamiento lateral, etc.<\/td>\n<\/tr>\n<tr>\n<td class=\"parrafo\"><\/td>\n<\/tr>\n<tr>\n<td class=\"parrafo\"><a href=\"http:\/\/www.coolmath.com\/\" target=\"_blank\" rel=\"noopener\">Cool math\u00a0<\/a><br \/>\nSitio para aprender matem\u00e1tica jugando. (En ingl\u00e9s)<\/td>\n<\/tr>\n<tr>\n<td class=\"parrafo\"><\/td>\n<\/tr>\n<tr>\n<td class=\"parrafo\"><a href=\"http:\/\/www.deberesmatematicas.com\/\" target=\"_blank\" rel=\"noopener\">Deberes matem\u00e1ticas\u00a0<\/a><br \/>\nEjercicios de matem\u00e1ticas y problemas de matem\u00e1ticas resueltos paso a paso. Espec\u00edficamente dise\u00f1ado para la ense\u00f1anza y el aprendizaje de las matem\u00e1ticas, dirigido a estudiantes, profesores y colegios.<\/td>\n<\/tr>\n<tr>\n<td class=\"parrafo\"><\/td>\n<\/tr>\n<tr>\n<td class=\"parrafo\"><a href=\"http:\/\/www.matematicas.net\/\" target=\"_blank\" rel=\"noopener\">El paraiso de las matem\u00e1ticas\u00a0<\/a><br \/>\nSitio destinado a difundir y estimular conocimientos en el \u00e1mbito matem\u00e1tico.<br \/>\nSe pueden encontrar apuntes, ejercicios, ex\u00e1menes, programas, historia y juegos matem\u00e1ticos para descargar.<\/td>\n<\/tr>\n<tr>\n<td class=\"parrafo\"><\/td>\n<\/tr>\n<tr>\n<td class=\"parrafo\"><a href=\"http:\/\/www.arrakis.es\/~mcj\/index.htm\" target=\"_blank\" rel=\"noopener\">Gacetilla Matem\u00e1tica\u00a0<\/a><br \/>\nCuenta con an\u00e9cdotas, problemas, libros, enlaces y informaci\u00f3n sobre los m\u00e1s grandes matem\u00e1ticos.<\/td>\n<\/tr>\n<tr>\n<td class=\"parrafo\"><\/td>\n<\/tr>\n<tr>\n<td class=\"parrafo\"><a href=\"http:\/\/www.iam.conicet.gov.ar\/\" target=\"_blank\" rel=\"noopener\">Instituto Argentino de Matem\u00e1tica (IAM)\u00a0<\/a><br \/>\nEste sitio depende del CONICET y presenta \u00abcursos y seminarios\u00bb, \u00abpublicaciones\u00bb, \u00abbiblioteca\u00bb y \u00abenlaces\u00bb.<\/td>\n<\/tr>\n<tr>\n<td class=\"parrafo\"><\/td>\n<\/tr>\n<tr>\n<td class=\"parrafo\"><a href=\"http:\/\/www.mismates.net\/\" target=\"_blank\" rel=\"noopener\">Mis Mates<\/a><br \/>\nEn estas p\u00e1ginas encontrar\u00e1 actividades para el aula, ejercicios resueltos, diccionarios, actividades interactivas, etc.<\/td>\n<\/tr>\n<tr>\n<td class=\"parrafo\"><\/td>\n<\/tr>\n<tr>\n<td class=\"parrafo\"><a href=\"http:\/\/www.mat.ucm.es\/serv\/revista\/\" target=\"_blank\" rel=\"noopener\">Revista Complutense Matem\u00e1tica\u00a0<\/a><br \/>\nEsta publicaci\u00f3n peri\u00f3dica es editada por la Universidad Complutense de Madrid, Espa\u00f1a. (Sus art\u00edculos son en ingl\u00e9s).<\/td>\n<\/tr>\n<tr>\n<td class=\"parrafo\"><\/td>\n<\/tr>\n<tr>\n<td class=\"parrafo\"><a href=\"http:\/\/www.rinconmatematico.com\/\" target=\"_blank\" rel=\"noopener\">Rinc\u00f3n matem\u00e1tico\u00a0<\/a><br \/>\nEste sitio se presenta como revista electr\u00f3nica de matem\u00e1tica b\u00e1sica y cuenta con secciones de An\u00e1lisis, Geometr\u00eda, Probabilidades y Problemas matem\u00e1ticos. Adem\u00e1s, tiene Foros.<\/td>\n<\/tr>\n<tr>\n<td class=\"parrafo\"><\/td>\n<\/tr>\n<tr>\n<td class=\"parrafo\"><a href=\"http:\/\/www.scienceu.com\/\" target=\"_blank\" rel=\"noopener\">Science U\u00a0<\/a><br \/>\nP\u00e1gina dedicada a la gente que le gusta la ciencia. Encontrar\u00e1 un observatorio, actividades interactivas, un \u00edndice para buscar plantas y flores, un sector para construir figuras geom\u00e9tricas. (En ingl\u00e9s)<\/td>\n<\/tr>\n<tr>\n<td class=\"parrafo\"><\/td>\n<\/tr>\n<tr>\n<td class=\"parrafo\"><a href=\"http:\/\/thales.cica.es\/\" target=\"_blank\" rel=\"noopener\">Sociedad Andaluza de Educaci\u00f3n Matem\u00e1tica Thales\u00a0<\/a><br \/>\nAdem\u00e1s de la revista \u00abEpsilon\u00bb, este sitio presenta recursos did\u00e1cticos de una amplia variedad de contenidos (Matem\u00e1tica, L\u00f3gica, Astronom\u00eda, Qu\u00edmica, Geograf\u00eda, Etica, Filosof\u00eda, etc.), enlaces recomendados sobre matem\u00e1tica y otras opciones.<\/td>\n<\/tr>\n<\/tbody>\n<\/table>\n<\/td>\n<\/tr>\n<tr>\n<td><\/td>\n<\/tr>\n<\/tbody>\n<\/table>\n","protected":false},"excerpt":{"rendered":"<p>Matem\u00e1ticas Acertijos.net\u00a0 Encontrar\u00e1 problemas de matem\u00e1ticas, enigmas, adivinanzas, ejercicios de pensamiento lateral, etc. Cool math\u00a0 Sitio para aprender matem\u00e1tica jugando. (En ingl\u00e9s) Deberes matem\u00e1ticas\u00a0 Ejercicios de matem\u00e1ticas y problemas de matem\u00e1ticas resueltos paso a paso. Espec\u00edficamente dise\u00f1ado para la ense\u00f1anza y el aprendizaje de las matem\u00e1ticas, dirigido a estudiantes, profesores y colegios. El paraiso de &#8230; <a title=\"Matem\u00e1ticas\" class=\"read-more\" href=\"https:\/\/ifdcvm-slu.infd.edu.ar\/sitio\/matematicas-3\/\" aria-label=\"More on Matem\u00e1ticas\">[+]<\/a><\/p>\n","protected":false},"author":792,"featured_media":0,"parent":0,"menu_order":0,"comment_status":"closed","ping_status":"closed","template":"","meta":[],"acf":[],"_links":{"self":[{"href":"https:\/\/ifdcvm-slu.infd.edu.ar\/sitio\/wp-json\/wp\/v2\/pages\/2712"}],"collection":[{"href":"https:\/\/ifdcvm-slu.infd.edu.ar\/sitio\/wp-json\/wp\/v2\/pages"}],"about":[{"href":"https:\/\/ifdcvm-slu.infd.edu.ar\/sitio\/wp-json\/wp\/v2\/types\/page"}],"author":[{"embeddable":true,"href":"https:\/\/ifdcvm-slu.infd.edu.ar\/sitio\/wp-json\/wp\/v2\/users\/792"}],"replies":[{"embeddable":true,"href":"https:\/\/ifdcvm-slu.infd.edu.ar\/sitio\/wp-json\/wp\/v2\/comments?post=2712"}],"version-history":[{"count":3,"href":"https:\/\/ifdcvm-slu.infd.edu.ar\/sitio\/wp-json\/wp\/v2\/pages\/2712\/revisions"}],"predecessor-version":[{"id":7981,"href":"https:\/\/ifdcvm-slu.infd.edu.ar\/sitio\/wp-json\/wp\/v2\/pages\/2712\/revisions\/7981"}],"wp:attachment":[{"href":"https:\/\/ifdcvm-slu.infd.edu.ar\/sitio\/wp-json\/wp\/v2\/media?parent=2712"}],"curies":[{"name":"wp","href":"https:\/\/api.w.org\/{rel}","templated":true}]}}