{"id":2713,"date":"2018-07-10T12:50:00","date_gmt":"2018-07-10T15:50:00","guid":{"rendered":"https:\/\/ifdcvm-slu.infd.edu.ar\/sitio\/?page_id=2713"},"modified":"2020-04-17T03:05:06","modified_gmt":"2020-04-17T06:05:06","slug":"tecnologia-3","status":"publish","type":"page","link":"https:\/\/ifdcvm-slu.infd.edu.ar\/sitio\/tecnologia-3\/","title":{"rendered":"Tecnolog\u00eda"},"content":{"rendered":"<table border=\"0\" width=\"620\" cellspacing=\"4\" cellpadding=\"0\">\n<tbody>\n<tr>\n<td class=\"titulo\">Tecnolog\u00eda<\/td>\n<\/tr>\n<tr>\n<td rowspan=\"3\"><\/td>\n<td>\n<table border=\"0\" width=\"100%\" cellspacing=\"0\" cellpadding=\"0\">\n<tbody>\n<tr>\n<td class=\"parrafo\"><\/td>\n<\/tr>\n<tr>\n<td class=\"parrafo\"><a href=\"http:\/\/www.avioncitosdepapel.com\/\" target=\"_blank\" rel=\"noopener\">Avioncitos de papel\u00a0<\/a><br \/>\nSitio dedicado al armado de avioncitos de papel con la ejemplificaci\u00f3n de diferentes modelos y gu\u00eda de consejos.<\/td>\n<\/tr>\n<tr>\n<td class=\"parrafo\"><\/td>\n<\/tr>\n<tr>\n<td class=\"parrafo\"><a href=\"http:\/\/www.cnice.mecd.es\/\" target=\"_blank\" rel=\"noopener\">Centro Nacional de Informaci\u00f3n y comunicaci\u00f3n educativa del Mnisterio de Educaci\u00f3n, Cultura y Deporte de Espa\u00f1a\u00a0<\/a><br \/>\nEncontrar\u00e1, entre otros, recursos para el aula por \u00e1reas y niveles educativos, webs tem\u00e1ticas para apoyar la atenci\u00f3n de otras necesidades educativas y ayudas para el manejo de herramientas inform\u00e1ticas y telem\u00e1ticas.<\/td>\n<\/tr>\n<tr>\n<td class=\"parrafo\"><\/td>\n<\/tr>\n<tr>\n<td class=\"parrafo\"><a href=\"http:\/\/www.asifunciona.com\/\" target=\"_blank\" rel=\"noopener\">As\u00ed funciona<\/a><br \/>\n\u201cC\u00f3mo funcionan las cosas es un lugar para aprender de las cosas que est\u00e1n en su diario vivir. \u00bfSe habr\u00e1 preguntado c\u00f3mo funciona el motor de su autom\u00f3vil?, o \u00bfqu\u00e9 funci\u00f3n desempe\u00f1an los cambios? o \u00bfqu\u00e9 hace que el interior de su congelador sea fr\u00edo?\u201d<\/td>\n<\/tr>\n<tr>\n<td class=\"parrafo\"><\/td>\n<\/tr>\n<tr>\n<td class=\"parrafo\"><a href=\"http:\/\/www.conicyt.cl\/\" target=\"_blank\" rel=\"noopener\">Comisi\u00f3n Nacional de Investigaci\u00f3n Cient\u00edfica y Tecnol\u00f3gica. Chile\u00a0<\/a><br \/>\nEste organismo presenta sus Bases de datos, noticias, indicadores, convocatoria a concursos, etc.<\/td>\n<\/tr>\n<tr>\n<td class=\"parrafo\"><\/td>\n<\/tr>\n<tr>\n<td class=\"parrafo\"><a href=\"http:\/\/contexto-educativo.com.ar\/\" target=\"_blank\" rel=\"noopener\">Contexto Educativo\u00a0<\/a><br \/>\nRevista digital de educaci\u00f3n y nuevas tecnolog\u00edas.<\/td>\n<\/tr>\n<tr>\n<td class=\"parrafo\"><\/td>\n<\/tr>\n<tr>\n<td class=\"parrafo\"><a href=\"http:\/\/www.uberbin.net\/\" target=\"_blank\" rel=\"noopener\">Denken \u00dcber\u00a0<\/a><br \/>\nDenker Uber es una expresi\u00f3n alemana que significa \u201cPensando en\u2026\u201d. Como su nombre lo indica, \u00e9ste blog brinda informaci\u00f3n y reflexi\u00f3n sobre Tecnolog\u00eda, Internet, Tecnolog\u00eda M\u00f3vil, y otros temas vinculados a las Tecnolog\u00edas de la Informaci\u00f3n y la Comunicaci\u00f3n (TIC`s) en general. Su autor es Mariano Amartino especialista en estos temas.<\/td>\n<\/tr>\n<tr>\n<td class=\"parrafo\"><\/td>\n<\/tr>\n<tr>\n<td class=\"parrafo\"><a href=\"http:\/\/www.download.com\/\" target=\"_blank\" rel=\"noopener\">Download.com\u00a0<\/a><br \/>\nEste portal comercial muestra informaci\u00f3n y permite instalar en forma gratuita una importante variedad de servicios, programas y otras utilidades relacionadas con la inform\u00e1tica.<\/td>\n<\/tr>\n<tr>\n<td class=\"parrafo\"><\/td>\n<\/tr>\n<tr>\n<td class=\"parrafo\"><a href=\"http:\/\/www.educ.ar\/\" target=\"_blank\" rel=\"noopener\">Educ.ar Weblog\u00a0<\/a><br \/>\nEl portal Educ.ar cuenta con weblogs (herramientas de publicaci\u00f3n instant\u00e1nea) sobre tres temas: \u00abEducaci\u00f3n y TICs\u00bb, \u00abNoticias educativas\u00bb y \u00abSociedad de la informaci\u00f3n\u00bb. En ellas pueden consultarse art\u00edculos, novedades y publicar la propia opini\u00f3n sobre los mismos.<\/td>\n<\/tr>\n<tr>\n<td class=\"parrafo\"><\/td>\n<\/tr>\n<tr>\n<td class=\"parrafo\"><a href=\"http:\/\/educasting.info\/\" target=\"_blank\" rel=\"noopener\">Educasting<\/a><br \/>\nEs un proyecto que incentiva la creaci\u00f3n de podcasts educativos. Nace del estudio de los par\u00e1metros comunicacionales que afectan la transmisi\u00f3n de conocimiento a trav\u00e9s de esta tecnolog\u00eda y se propone como una iniciativa colaborativa.<\/td>\n<\/tr>\n<tr>\n<td class=\"parrafo\"><\/td>\n<\/tr>\n<tr>\n<td class=\"parrafo\"><a href=\"http:\/\/www.uib.es\/depart\/gte\/revelec.html\" target=\"_blank\" rel=\"noopener\">Edutec. Revista Electr\u00f3nica de Tecnolog\u00eda Educativa<\/a><br \/>\nTiene art\u00edculos sobre la tecnolog\u00eda educativa y temas afines.<\/td>\n<\/tr>\n<tr>\n<td class=\"parrafo\"><\/td>\n<\/tr>\n<tr>\n<td class=\"parrafo\"><a href=\"http:\/\/www.eduteka.org\/\" target=\"_blank\" rel=\"noopener\">Eduteka\u00a0<\/a><br \/>\nTecnolog\u00edas de la informaci\u00f3n y comunicaciones para ense\u00f1anza b\u00e1sica y media. Recursos (sitios de inter\u00e9s, herramientas, eventos, proyectos), foros, contenidos, art\u00edculos.<\/td>\n<\/tr>\n<tr>\n<td class=\"parrafo\"><\/td>\n<\/tr>\n<tr>\n<td class=\"parrafo\"><a href=\"http:\/\/www.educar.org\/inventos\/\" target=\"_blank\" rel=\"noopener\">El origen de las cosas\u00a0<\/a><br \/>\nOfrece explicaciones sobre variados inventos, con \u00edndices por inventos e inventores.<\/td>\n<\/tr>\n<tr>\n<td class=\"parrafo\"><\/td>\n<\/tr>\n<tr>\n<td class=\"parrafo\"><a href=\"http:\/\/www.vialibre.org.ar\/\" target=\"_blank\" rel=\"noopener\">Fundaci\u00f3n V\u00eda Libre<\/a><br \/>\nCompartiendo la riqueza intelectual. Este sitio presenta informaci\u00f3n sobre la filosof\u00eda del soft libre, notas sobre el tema y capacitaci\u00f3n.<\/td>\n<\/tr>\n<tr>\n<td class=\"parrafo\"><\/td>\n<\/tr>\n<tr>\n<td class=\"parrafo\"><a href=\"http:\/\/www.inet.edu.ar\/\" target=\"_blank\" rel=\"noopener\">Instituto Nacional de Educaci\u00f3n Tecnol\u00f3gica (INET).<\/a><br \/>\nEsta instituci\u00f3n, dependiente del Ministerio de Educaci\u00f3n, Ciencia y Tecnolog\u00eda de Argentina, cuenta con quince Unidades de Gesti\u00f3n de Aprendizaje, para el desarrollo de servicios orientados a la capacitaci\u00f3n y a la formaci\u00f3n de profesionales del sistema educativo e integrantes del sistema productivo. En el sitio web se promocionan sus cursos, conferencias y noticias relacionadas con el tema.<\/td>\n<\/tr>\n<tr>\n<td class=\"parrafo\"><\/td>\n<\/tr>\n<tr>\n<td class=\"parrafo\"><a href=\"http:\/\/www.quipus.com.mx\/\" target=\"_blank\" rel=\"noopener\">La tecnolog\u00eda en la ense\u00f1anza\u00a0<\/a><br \/>\nRevista dedicada a la tencnolog\u00eda educativa. Tiene una secci\u00f3n dedicada a \u00abpadres de familia\u00bb.<\/td>\n<\/tr>\n<tr>\n<td class=\"parrafo\"><\/td>\n<\/tr>\n<tr>\n<td class=\"parrafo\"><a href=\"http:\/\/web.mit.edu\/\" target=\"_blank\" rel=\"noopener\">MIT Massachusetts Institute of Technology\u00a0<\/a><br \/>\nPresenta las secciones: novedades, educaci\u00f3n, capacitaci\u00f3n, comunidades, eventos y otras opciones relacionadas con la tecnolog\u00eda.<\/td>\n<\/tr>\n<tr>\n<td class=\"parrafo\"><\/td>\n<\/tr>\n<tr>\n<td class=\"parrafo\"><a href=\"http:\/\/open-education.org\/\">Open education. Create. share.<\/a><br \/>\nSe trata de una revista de educaci\u00f3n que se caracteriza por ser \u00ababierta\u00bb: todos los interesados en participar en ella pueden escribir y modificar lo existente de forma activa, es decir que se trabaja en forma cooperativa. Es una interesante propuesta desde el punto de vista tecnol\u00f3gico.<\/td>\n<\/tr>\n<tr>\n<td class=\"parrafo\"><\/td>\n<\/tr>\n<tr>\n<td class=\"parrafo\"><a href=\"http:\/\/www.quadernsdigitals.net\/\" target=\"_blank\" rel=\"noopener\">Quaderns Digitals.net\u00a0<\/a><br \/>\nSitio dedicado a las tecnolog\u00edas de la informaci\u00f3n. Entre otras opciones, cuenta con: una revista, un bolet\u00edn, servicio de novedades, proyectos y biblioteca y hemeroteca digitales.<\/td>\n<\/tr>\n<tr>\n<td class=\"parrafo\"><\/td>\n<\/tr>\n<tr>\n<td class=\"parrafo\"><a href=\"http:\/\/www.somece.org.mx\/\" target=\"_blank\" rel=\"noopener\">Sociedad Mexicana de Computaci\u00f3n en la Educaci\u00f3n\u00a0<\/a><br \/>\n\u00abPromueve y sustenta el uso generalizado de tecnolog\u00eda inform\u00e1tica y de telecomunicaciones en la educaci\u00f3n, en todos los niveles y formas de educaci\u00f3n, capacitaci\u00f3n y formaci\u00f3n de recursos humanos. Desarrolla actividades de divulgaci\u00f3n, intercambio, capacitaci\u00f3n y actualizaci\u00f3n en el campo de la educaci\u00f3n con nuevas tecnolog\u00edas; tambi\u00e9n apoya la investigaci\u00f3n, el desarrollo y la producci\u00f3n de recursos inform\u00e1ticos o estrategias did\u00e1cticas.\u00bb<\/td>\n<\/tr>\n<tr>\n<td class=\"parrafo\"><\/td>\n<\/tr>\n<tr>\n<td class=\"parrafo\"><a href=\"http:\/\/www.tecnologiaparatodos.com.ar\/\" target=\"_blank\" rel=\"noopener\">Tecnolog\u00eda para todos\u00a0<\/a><br \/>\nPortal con noticias sobre tecnolog\u00eda y educaci\u00f3n, art\u00edculos, entrevistas, informes, trabajos sobre temas de inter\u00e9s para bajar y leer, una secci\u00f3n sobre ecolog\u00eda, y un espacio con trabajos cedidos por personalidades de la talla de Beatriz Sarlo y Luis Doval. Adem\u00e1s permite bajar software educativo e incluye una secci\u00f3n de juegos educativos en l\u00ednea.<\/td>\n<\/tr>\n<tr>\n<td class=\"parrafo\"><\/td>\n<\/tr>\n<tr>\n<td class=\"parrafo\"><a href=\"http:\/\/www.librosvivos.org\/piloto\/\" target=\"_blank\" rel=\"noopener\">Tecnolog\u00eda y Aprendizaje. Investigaci\u00f3n sobre el impacto del ordenador en el aula.\u00a0<\/a><br \/>\nEl proyecto Tecnolog\u00eda y Aprendizaje ha sido impulsado por Ediciones SM para conocer el impacto de las TIC sobre el proceso de ense\u00f1anza y aprendizaje. Se llev\u00f3 a cabo en 16 centros educativos, con una participaci\u00f3n de 774 alumnos en Matem\u00e1ticas y 828 alumnos en Ciencias Sociales. Podr\u00e1 descargar el libro gratuitamente en formato PDF.<\/td>\n<\/tr>\n<tr>\n<td class=\"parrafo\"><\/td>\n<\/tr>\n<tr>\n<td class=\"parrafo\"><a href=\"http:\/\/www.tizaymouse.com.ar\/\" target=\"_blank\" rel=\"noopener\">Tiza y Mouse\u00a0<\/a><br \/>\nEste sitio dedicado a las \u00abnuevas tecnolog\u00edas y nuevos lenguajes en la escuela\u00bb ofrece cursos, documentos, tutoriales gratuitos, \u00e1rea multimedia, \u00e1rea inform\u00e1tica educativa y enlaces.<\/td>\n<\/tr>\n<tr>\n<td class=\"parrafo\"><\/td>\n<\/tr>\n<tr>\n<td class=\"parrafo\"><a href=\"http:\/\/webeducativa.net\/\" target=\"_blank\" rel=\"noopener\">Web Educativa<\/a><br \/>\nEl portal de la Asociaci\u00f3n Educativa en Pedagog\u00eda y Tecnolog\u00eda Innovadora se propone incentivar el uso de las NTIC en las instituciones educativas. Ofrece una gran variedad de capacitaciones y cursos virtuales, adem\u00e1s de una secci\u00f3n dedicada a la Inform\u00e1tica educativa con notas sobre la relaci\u00f3n entre pedagog\u00eda y NTIC, enlaces de inter\u00e9s, y novedades del \u00e1rea.<\/td>\n<\/tr>\n<\/tbody>\n<\/table>\n<\/td>\n<\/tr>\n<tr>\n<td><\/td>\n<\/tr>\n<\/tbody>\n<\/table>\n","protected":false},"excerpt":{"rendered":"<p>Tecnolog\u00eda Avioncitos de papel\u00a0 Sitio dedicado al armado de avioncitos de papel con la ejemplificaci\u00f3n de diferentes modelos y gu\u00eda de consejos. Centro Nacional de Informaci\u00f3n y comunicaci\u00f3n educativa del Mnisterio de Educaci\u00f3n, Cultura y Deporte de Espa\u00f1a\u00a0 Encontrar\u00e1, entre otros, recursos para el aula por \u00e1reas y niveles educativos, webs tem\u00e1ticas para apoyar la &#8230; <a title=\"Tecnolog\u00eda\" class=\"read-more\" href=\"https:\/\/ifdcvm-slu.infd.edu.ar\/sitio\/tecnologia-3\/\" aria-label=\"More on Tecnolog\u00eda\">[+]<\/a><\/p>\n","protected":false},"author":792,"featured_media":0,"parent":0,"menu_order":0,"comment_status":"closed","ping_status":"closed","template":"","meta":[],"acf":[],"_links":{"self":[{"href":"https:\/\/ifdcvm-slu.infd.edu.ar\/sitio\/wp-json\/wp\/v2\/pages\/2713"}],"collection":[{"href":"https:\/\/ifdcvm-slu.infd.edu.ar\/sitio\/wp-json\/wp\/v2\/pages"}],"about":[{"href":"https:\/\/ifdcvm-slu.infd.edu.ar\/sitio\/wp-json\/wp\/v2\/types\/page"}],"author":[{"embeddable":true,"href":"https:\/\/ifdcvm-slu.infd.edu.ar\/sitio\/wp-json\/wp\/v2\/users\/792"}],"replies":[{"embeddable":true,"href":"https:\/\/ifdcvm-slu.infd.edu.ar\/sitio\/wp-json\/wp\/v2\/comments?post=2713"}],"version-history":[{"count":2,"href":"https:\/\/ifdcvm-slu.infd.edu.ar\/sitio\/wp-json\/wp\/v2\/pages\/2713\/revisions"}],"predecessor-version":[{"id":7982,"href":"https:\/\/ifdcvm-slu.infd.edu.ar\/sitio\/wp-json\/wp\/v2\/pages\/2713\/revisions\/7982"}],"wp:attachment":[{"href":"https:\/\/ifdcvm-slu.infd.edu.ar\/sitio\/wp-json\/wp\/v2\/media?parent=2713"}],"curies":[{"name":"wp","href":"https:\/\/api.w.org\/{rel}","templated":true}]}}