{"id":2715,"date":"2018-07-02T19:26:15","date_gmt":"2018-07-02T22:26:15","guid":{"rendered":"https:\/\/ifdcvm-slu.infd.edu.ar\/sitio\/publicaciones-periodicas\/"},"modified":"2020-04-17T03:14:24","modified_gmt":"2020-04-17T06:14:24","slug":"publicaciones-periodicas","status":"publish","type":"page","link":"https:\/\/ifdcvm-slu.infd.edu.ar\/sitio\/publicaciones-periodicas\/","title":{"rendered":"Publicaciones Peri\u00f3dicas"},"content":{"rendered":"<table border=\"0\" width=\"620\" cellspacing=\"4\" cellpadding=\"0\">\n<tbody>\n<tr>\n<td class=\"titulo\">Publicaciones peri\u00f3dicas<\/td>\n<\/tr>\n<tr>\n<td rowspan=\"3\"><\/td>\n<td>\n<table border=\"0\" width=\"100%\" cellspacing=\"0\" cellpadding=\"0\">\n<tbody>\n<tr>\n<td class=\"parrafo\"><\/td>\n<\/tr>\n<tr>\n<td class=\"parrafo\"><a href=\"http:\/\/iesgtballester.juntaextremadura.net\/web\/profesores\/tejuelo\/index.htm\" target=\"_blank\" rel=\"noopener\">Tejuelo<\/a><\/td>\n<\/tr>\n<tr>\n<td class=\"parrafo\"><\/td>\n<\/tr>\n<tr>\n<td class=\"parrafo\"><a href=\"http:\/\/abc.gov.ar\/lainstitucion\/revistacomponents\/revista\/default.cfm?page=default&amp;IdP=37\" target=\"_blank\" rel=\"noopener\">Anales de la Educaci\u00f3n<\/a><br \/>\nProvincia de Buenos Aires. (Argentina) DIGITAL<\/td>\n<\/tr>\n<tr>\n<td class=\"parrafo\"><\/td>\n<\/tr>\n<tr>\n<td class=\"parrafo\"><a href=\"http:\/\/www.uba.ar\/encrucijadas\/archivo\/index.php\" target=\"_blank\" rel=\"noopener\">Encrucijadas<\/a><br \/>\nUBA<\/td>\n<\/tr>\n<tr>\n<td class=\"parrafo\"><\/td>\n<\/tr>\n<tr>\n<td class=\"parrafo\"><a href=\"http:\/\/dialnet.unirioja.es\/servlet\/revista?codigo=482\" target=\"_blank\" rel=\"noopener\">Empiria<\/a><\/td>\n<\/tr>\n<tr>\n<td class=\"parrafo\"><\/td>\n<\/tr>\n<tr>\n<td class=\"parrafo\"><a href=\"http:\/\/dialnet.unirioja.es\/servlet\/revista?codigo=5823\" target=\"_blank\" rel=\"noopener\">Ensayos<\/a><\/td>\n<\/tr>\n<tr>\n<td class=\"parrafo\"><\/td>\n<\/tr>\n<tr>\n<td class=\"parrafo\"><a href=\"http:\/\/dialnet.unirioja.es\/servlet\/revista?codigo=1499\" target=\"_blank\" rel=\"noopener\">Mag\u00edster<\/a><\/td>\n<\/tr>\n<tr>\n<td class=\"parrafo\"><\/td>\n<\/tr>\n<tr>\n<td class=\"parrafo\"><a href=\"http:\/\/dialnet.unirioja.es\/servlet\/revista?codigo=13000\" target=\"_blank\" rel=\"noopener\">Acci\u00f3n Pedag\u00f3gica<\/a><\/td>\n<\/tr>\n<tr>\n<td class=\"parrafo\"><\/td>\n<\/tr>\n<tr>\n<td class=\"parrafo\"><a href=\"http:\/\/dialnet.unirioja.es\/servlet\/revista?codigo=12428\" target=\"_blank\" rel=\"noopener\">Caleidoscopio\u00a0<\/a><br \/>\nRevista digital de contenidos educativos<\/td>\n<\/tr>\n<tr>\n<td class=\"parrafo\"><\/td>\n<\/tr>\n<tr>\n<td class=\"parrafo\"><a href=\"http:\/\/dialnet.unirioja.es\/servlet\/revista?codigo=266\" target=\"_blank\" rel=\"noopener\">Campo abierto<\/a><br \/>\nRevista de educaci\u00f3n<\/td>\n<\/tr>\n<tr>\n<td class=\"parrafo\"><\/td>\n<\/tr>\n<tr>\n<td class=\"parrafo\"><a href=\"http:\/\/dialnet.unirioja.es\/servlet\/revista?codigo=323\" target=\"_blank\" rel=\"noopener\">Comunicar<\/a><br \/>\nRevista cient\u00edfica iberoamericana de comunicaci\u00f3n y educaci\u00f3n<\/td>\n<\/tr>\n<tr>\n<td class=\"parrafo\"><\/td>\n<\/tr>\n<tr>\n<td class=\"parrafo\"><a href=\"http:\/\/dialnet.unirioja.es\/servlet\/revista?codigo=511\" target=\"_blank\" rel=\"noopener\">EA, Escuela abierta<\/a><br \/>\nRevista de Investigaci\u00f3n Educativa<\/td>\n<\/tr>\n<tr>\n<td class=\"parrafo\"><\/td>\n<\/tr>\n<tr>\n<td class=\"parrafo\"><a href=\"http:\/\/dialnet.unirioja.es\/servlet\/revista?codigo=10585\" target=\"_blank\" rel=\"noopener\">Educacion y diversidad = Education and diversity<\/a><br \/>\nRevista inter-universitaria de investigaci\u00f3n sobre discapacidad e interculturalidad<\/td>\n<\/tr>\n<tr>\n<td class=\"parrafo\"><\/td>\n<\/tr>\n<tr>\n<td class=\"parrafo\"><a href=\"http:\/\/dialnet.unirioja.es\/servlet\/revista?codigo=7866\" target=\"_blank\" rel=\"noopener\">Educaci\u00f3n y educadores<\/a><\/td>\n<\/tr>\n<tr>\n<td class=\"parrafo\"><\/td>\n<\/tr>\n<tr>\n<td class=\"parrafo\"><a href=\"http:\/\/dialnet.unirioja.es\/servlet\/revista?codigo=7667\" target=\"_blank\" rel=\"noopener\">Educaci\u00f3n y futuro<\/a><br \/>\nRevista de investigaci\u00f3n aplicada y experiencias educativas<\/td>\n<\/tr>\n<tr>\n<td class=\"parrafo\"><\/td>\n<\/tr>\n<tr>\n<td class=\"parrafo\"><a href=\"http:\/\/dialnet.unirioja.es\/servlet\/revista?codigo=7574\" target=\"_blank\" rel=\"noopener\">Enfoques educacionales<\/a><\/td>\n<\/tr>\n<tr>\n<td class=\"parrafo\"><\/td>\n<\/tr>\n<tr>\n<td class=\"parrafo\"><a href=\"http:\/\/dialnet.unirioja.es\/servlet\/revista?codigo=11467\" target=\"_blank\" rel=\"noopener\">Espiral. Cuadernos del profesorado<\/a><\/td>\n<\/tr>\n<tr>\n<td class=\"parrafo\"><\/td>\n<\/tr>\n<tr>\n<td class=\"parrafo\"><a href=\"http:\/\/dialnet.unirioja.es\/servlet\/revista?codigo=9647\" target=\"_blank\" rel=\"noopener\">Foro educacional<\/a><\/td>\n<\/tr>\n<tr>\n<td class=\"parrafo\"><\/td>\n<\/tr>\n<tr>\n<td class=\"parrafo\"><a href=\"http:\/\/dialnet.unirioja.es\/servlet\/revista?codigo=12558\" target=\"_blank\" rel=\"noopener\">Hekademos<\/a><\/td>\n<\/tr>\n<tr>\n<td class=\"parrafo\"><\/td>\n<\/tr>\n<tr>\n<td class=\"parrafo\"><a href=\"http:\/\/dialnet.unirioja.es\/servlet\/revista?codigo=1841\" target=\"_blank\" rel=\"noopener\">Indivisa<\/a><br \/>\nBolet\u00edn de estudios e investigaci\u00f3n<\/td>\n<\/tr>\n<tr>\n<td class=\"parrafo\"><\/td>\n<\/tr>\n<tr>\n<td class=\"parrafo\"><a href=\"http:\/\/dialnet.unirioja.es\/servlet\/revista?codigo=702\" target=\"_blank\" rel=\"noopener\">Infancia y aprendizaje<\/a><\/td>\n<\/tr>\n<tr>\n<td class=\"parrafo\"><\/td>\n<\/tr>\n<tr>\n<td class=\"parrafo\"><a href=\"http:\/\/dialnet.unirioja.es\/servlet\/revista?codigo=10380\" target=\"_blank\" rel=\"noopener\">Investigaci\u00f3n Educativa Duranguense<\/a><\/td>\n<\/tr>\n<tr>\n<td class=\"parrafo\"><\/td>\n<\/tr>\n<tr>\n<td class=\"parrafo\"><a href=\"http:\/\/dialnet.unirioja.es\/servlet\/revista?codigo=10526\" target=\"_blank\" rel=\"noopener\">Investigaci\u00f3n y postgrado<\/a><\/td>\n<\/tr>\n<tr>\n<td class=\"parrafo\">&nbsp;<\/p>\n<p><a title=\"Revista Kairos\" href=\"http:\/\/revistakairos.org\/\">Kairos<\/a><\/p>\n<p>Revista de temas sociales<\/p>\n<p>&nbsp;<\/td>\n<\/tr>\n<tr>\n<td class=\"parrafo\"><a href=\"http:\/\/dialnet.unirioja.es\/servlet\/revista?codigo=12948\" target=\"_blank\" rel=\"noopener\">Palobra: Palabra que obra<\/a><\/td>\n<\/tr>\n<tr>\n<td class=\"parrafo\"><\/td>\n<\/tr>\n<tr>\n<td class=\"parrafo\"><a href=\"http:\/\/dialnet.unirioja.es\/servlet\/revista?codigo=5704\" target=\"_blank\" rel=\"noopener\">Pedagog\u00eda social<\/a><br \/>\nRevista interuniversitaria<\/td>\n<\/tr>\n<tr>\n<td class=\"parrafo\"><\/td>\n<\/tr>\n<tr>\n<td class=\"parrafo\"><a href=\"http:\/\/dialnet.unirioja.es\/servlet\/revista?codigo=1805\" target=\"_blank\" rel=\"noopener\">Puertas a la lectura<\/a><\/td>\n<\/tr>\n<tr>\n<td class=\"parrafo\"><\/td>\n<\/tr>\n<tr>\n<td class=\"parrafo\"><a href=\"http:\/\/dialnet.unirioja.es\/servlet\/revista?codigo=7895\" target=\"_blank\" rel=\"noopener\">Revista de investigaci\u00f3n<\/a><br \/>\nInstituto Pedag\u00f3gico de Caracas<\/td>\n<\/tr>\n<tr>\n<td class=\"parrafo\"><\/td>\n<\/tr>\n<tr>\n<td class=\"parrafo\"><a href=\"http:\/\/dialnet.unirioja.es\/servlet\/revista?codigo=10778\" target=\"_blank\" rel=\"noopener\">Revista Historia de la Educaci\u00f3n Latinoamericana<\/a><\/td>\n<\/tr>\n<tr>\n<td class=\"parrafo\"><\/td>\n<\/tr>\n<tr>\n<td class=\"parrafo\"><a href=\"http:\/\/dialnet.unirioja.es\/servlet\/revista?codigo=1240\" target=\"_blank\" rel=\"noopener\">Revista iberoamericana de educaci\u00f3n<\/a><\/td>\n<\/tr>\n<tr>\n<td class=\"parrafo\"><\/td>\n<\/tr>\n<tr>\n<td class=\"parrafo\"><a href=\"http:\/\/dialnet.unirioja.es\/servlet\/revista?codigo=1244\" target=\"_blank\" rel=\"noopener\">Revista interuniversitaria de formaci\u00f3n del profesorado<\/a><\/td>\n<\/tr>\n<tr>\n<td class=\"parrafo\"><\/td>\n<\/tr>\n<tr>\n<td class=\"parrafo\"><a href=\"http:\/\/dialnet.unirioja.es\/servlet\/revista?codigo=4806\" target=\"_blank\" rel=\"noopener\">Sapiens<\/a><br \/>\nRevista Universitaria de Investigaci\u00f3n. Universidad Pedag\u00f3gica<\/td>\n<\/tr>\n<tr>\n<td class=\"parrafo\"><\/td>\n<\/tr>\n<tr>\n<td class=\"parrafo\"><a href=\"http:\/\/dialnet.unirioja.es\/servlet\/revista?codigo=1396\" target=\"_blank\" rel=\"noopener\">Tabanque<\/a><br \/>\nRevista pedag\u00f3gica<\/td>\n<\/tr>\n<tr>\n<td class=\"parrafo\"><\/td>\n<\/tr>\n<tr>\n<td class=\"parrafo\"><a href=\"http:\/\/dialnet.unirioja.es\/servlet\/revista?codigo=12550\" target=\"_blank\" rel=\"noopener\">Ter\u00e9<\/a><br \/>\nRevista de filosof\u00eda y socio-pol\u00edtica de la educaci\u00f3n<\/td>\n<\/tr>\n<tr>\n<td class=\"parrafo\"><\/td>\n<\/tr>\n<tr>\n<td class=\"parrafo\"><a href=\"http:\/\/dialnet.unirioja.es\/servlet\/revista?codigo=12568\" target=\"_blank\" rel=\"noopener\">@tic. Revista d&#8217;innovaci\u00f3 educativa<\/a><\/td>\n<\/tr>\n<tr>\n<td class=\"parrafo\"><\/td>\n<\/tr>\n<tr>\n<td class=\"parrafo\"><a href=\"http:\/\/dialnet.unirioja.es\/servlet\/revista?codigo=10841\" target=\"_blank\" rel=\"noopener\">Transatl\u00e1ntica de educaci\u00f3n<\/a><\/td>\n<\/tr>\n<tr>\n<td class=\"parrafo\">&nbsp;<\/p>\n<p>&nbsp;<\/td>\n<\/tr>\n<\/tbody>\n<\/table>\n<\/td>\n<\/tr>\n<\/tbody>\n<\/table>\n","protected":false},"excerpt":{"rendered":"<p>Publicaciones peri\u00f3dicas Tejuelo Anales de la Educaci\u00f3n Provincia de Buenos Aires. (Argentina) DIGITAL Encrucijadas UBA Empiria Ensayos Mag\u00edster Acci\u00f3n Pedag\u00f3gica Caleidoscopio\u00a0 Revista digital de contenidos educativos Campo abierto Revista de educaci\u00f3n Comunicar Revista cient\u00edfica iberoamericana de comunicaci\u00f3n y educaci\u00f3n EA, Escuela abierta Revista de Investigaci\u00f3n Educativa Educacion y diversidad = Education and diversity Revista inter-universitaria &#8230; <a title=\"Publicaciones Peri\u00f3dicas\" class=\"read-more\" href=\"https:\/\/ifdcvm-slu.infd.edu.ar\/sitio\/publicaciones-periodicas\/\" aria-label=\"More on Publicaciones Peri\u00f3dicas\">[+]<\/a><\/p>\n","protected":false},"author":792,"featured_media":0,"parent":0,"menu_order":0,"comment_status":"closed","ping_status":"closed","template":"","meta":[],"acf":[],"_links":{"self":[{"href":"https:\/\/ifdcvm-slu.infd.edu.ar\/sitio\/wp-json\/wp\/v2\/pages\/2715"}],"collection":[{"href":"https:\/\/ifdcvm-slu.infd.edu.ar\/sitio\/wp-json\/wp\/v2\/pages"}],"about":[{"href":"https:\/\/ifdcvm-slu.infd.edu.ar\/sitio\/wp-json\/wp\/v2\/types\/page"}],"author":[{"embeddable":true,"href":"https:\/\/ifdcvm-slu.infd.edu.ar\/sitio\/wp-json\/wp\/v2\/users\/792"}],"replies":[{"embeddable":true,"href":"https:\/\/ifdcvm-slu.infd.edu.ar\/sitio\/wp-json\/wp\/v2\/comments?post=2715"}],"version-history":[{"count":2,"href":"https:\/\/ifdcvm-slu.infd.edu.ar\/sitio\/wp-json\/wp\/v2\/pages\/2715\/revisions"}],"predecessor-version":[{"id":7987,"href":"https:\/\/ifdcvm-slu.infd.edu.ar\/sitio\/wp-json\/wp\/v2\/pages\/2715\/revisions\/7987"}],"wp:attachment":[{"href":"https:\/\/ifdcvm-slu.infd.edu.ar\/sitio\/wp-json\/wp\/v2\/media?parent=2715"}],"curies":[{"name":"wp","href":"https:\/\/api.w.org\/{rel}","templated":true}]}}