{"id":2717,"date":"2018-07-02T19:26:16","date_gmt":"2018-07-02T22:26:16","guid":{"rendered":"https:\/\/ifdcvm-slu.infd.edu.ar\/sitio\/gestion-de-la-informacion\/"},"modified":"2020-04-17T03:17:24","modified_gmt":"2020-04-17T06:17:24","slug":"gestion-de-la-informacion","status":"publish","type":"page","link":"https:\/\/ifdcvm-slu.infd.edu.ar\/sitio\/gestion-de-la-informacion\/","title":{"rendered":"Gesti\u00f3n de la Informaci\u00f3n"},"content":{"rendered":"<table border=\"0\" width=\"620\" cellspacing=\"4\" cellpadding=\"0\">\n<tbody>\n<tr>\n<td class=\"titulo\">Gesti\u00f3n de la informaci\u00f3n<\/td>\n<\/tr>\n<tr>\n<td rowspan=\"3\"><\/td>\n<td>\n<table border=\"0\" width=\"100%\" cellspacing=\"0\" cellpadding=\"0\">\n<tbody>\n<tr>\n<td class=\"parrafo\"><\/td>\n<\/tr>\n<tr>\n<td class=\"parrafo\"><a href=\"http:\/\/www.citafgsr.org\/weblogs\/biblioblog\/index.html\" target=\"_blank\" rel=\"noopener\">BIBLIOBLOG \u00abEl cuaderno de viajes de las bibliotecas\u00bb\u00a0\u00a0<\/a><\/td>\n<\/tr>\n<tr>\n<td class=\"parrafo\"><\/td>\n<\/tr>\n<tr>\n<td class=\"parrafo\"><a href=\"http:\/\/www.editores.com\/\" target=\"_blank\" rel=\"noopener\">C\u00e1mara Argentina del Libro\u00a0\u00a0<\/a><br \/>\nAdem\u00e1s de tener un espacio para sus socios con informaci\u00f3n institucional, cuenta con varias secciones: documentos relacionados con la legislaci\u00f3n argentina del libro, Propiedad Intelectual y otras.<\/td>\n<\/tr>\n<tr>\n<td class=\"parrafo\"><\/td>\n<\/tr>\n<tr>\n<td class=\"parrafo\"><a href=\"http:\/\/www.capurro.de\/home-span.html\" target=\"_blank\" rel=\"noopener\">CAPURRO, Rafael<\/a><br \/>\nEnse\u00f1a e investiga sobre los siguientes temas: Ciencias de la informaci\u00f3n, \u00c9tica de la informaci\u00f3n, Gesti\u00f3n de la informaci\u00f3n, Filosof\u00eda de los medios y Hermen\u00e9utica.<\/td>\n<\/tr>\n<tr>\n<td class=\"parrafo\"><\/td>\n<\/tr>\n<tr>\n<td class=\"parrafo\"><a href=\"http:\/\/catalogablog.blogspot.com\/\" target=\"_blank\" rel=\"noopener\">CatalogaBlog<\/a><br \/>\nInformaci\u00f3n sobre catalogaci\u00f3n, clasificaci\u00f3n, metadatos, etc.<\/td>\n<\/tr>\n<tr>\n<td class=\"parrafo\"><\/td>\n<\/tr>\n<tr>\n<td class=\"parrafo\"><a href=\"http:\/\/dublincore.org\/\" target=\"_blank\" rel=\"noopener\">DUBLIN CORE, Iniciativa de metatadatos\u00a0<\/a><br \/>\nEs una organizaci\u00f3n dedicada a la promoci\u00f3n y difusi\u00f3n de normas interoperables sobre metadatos y el desarrollo de vocabularios especializados en metadatos para la descripci\u00f3n de recursos que permitan sistemas de recuperaci\u00f3n mas inteligentes. En el sitio encontrar\u00e1 documentos sobre metadatos.<\/td>\n<\/tr>\n<tr>\n<td class=\"parrafo\"><\/td>\n<\/tr>\n<tr>\n<td class=\"parrafo\"><a href=\"http:\/\/eprints.rclis.org\/\" target=\"_blank\" rel=\"noopener\">E-PRINTS IN LIBRARY AND INFORMATION SCIENCE (en ingl\u00e9s)<\/a><br \/>\nE-LIS es un archivo de acceso abierto para documentos cient\u00edficos o t\u00e9cnicos, publicados o in\u00e9ditos, sobre la Biblioteconom\u00eda, la Informaci\u00f3n la Ciencia y la Tecnolog\u00eda, y disciplinas de aplicaci\u00f3n relacionadas.<\/td>\n<\/tr>\n<tr>\n<td class=\"parrafo\"><\/td>\n<\/tr>\n<tr>\n<td class=\"parrafo\"><a href=\"http:\/\/www.enredando.com\/\" target=\"_blank\" rel=\"noopener\">En.red.ando \u00abRevista de reflexi\u00f3n y an\u00e1lisis sobre la vida en Internet\u00bb\u00a0\u00a0<\/a><\/td>\n<\/tr>\n<tr>\n<td class=\"parrafo\"><\/td>\n<\/tr>\n<tr>\n<td class=\"parrafo\"><a href=\"http:\/\/www.documentalistas.org\/\" target=\"_blank\" rel=\"noopener\">Fundaci\u00f3n Ciencias de la Documentaci\u00f3n\u00a0<\/a><br \/>\nOrganizaci\u00f3n internacional sin fines de lucro, cuya misi\u00f3n es \u00abla creaci\u00f3n, fomento y desarrollo de todo tipo de actividades relacionadas con la informaci\u00f3n registrada en cualquier soporte para que a trav\u00e9s de su conocimiento se generen cambios en la Sociedad\u00bb.<\/td>\n<\/tr>\n<tr>\n<td class=\"parrafo\"><a href=\"http:\/\/www.eci.unc.edu.ar\/boletin\/index.htm\" target=\"_blank\" rel=\"noopener\">HACIENDO ESCUELA\u00a0<\/a><br \/>\nBolet\u00edn Virtual de la Escuela de Ciencias de la Informaci\u00f3n de la Universidad Nacional de C\u00f3rdoba. Hallar\u00e1 informaci\u00f3n y debates para participar de la transformaci\u00f3n de la Escuela.<\/td>\n<\/tr>\n<tr>\n<td class=\"parrafo\"><\/td>\n<\/tr>\n<tr>\n<td class=\"parrafo\"><a href=\"http:\/\/www.infoesfera.com\/\" target=\"_blank\" rel=\"noopener\">Infoesfera.com Arquitecturas de Informaci\u00f3n\u00a0<\/a><br \/>\nEs un proyecto virtual que busca servir a su comunidad de usuarios en ciencias de la informaci\u00f3n y \u00e1reas afines. Podr\u00e1 consultar un sector de Eventos.<\/td>\n<\/tr>\n<tr>\n<td class=\"parrafo\"><\/td>\n<\/tr>\n<tr>\n<td class=\"parrafo\"><a href=\"http:\/\/www.itcompany.com\/inforetriever\/\" target=\"_blank\" rel=\"noopener\">Internet Library for Librarians\u00a0<\/a><\/td>\n<\/tr>\n<tr>\n<td class=\"parrafo\"><\/td>\n<\/tr>\n<tr>\n<td class=\"parrafo\"><a href=\"http:\/\/www.libdex.com\/weblogs.html\" target=\"_blank\" rel=\"noopener\">Library y Weblogs<\/a><br \/>\nSitio compilado por Peter Scott que provee de un directorio de p\u00e1ginas web de Bibliotecas y otras informaciones de inter\u00e9s para los bibliotecarios.<\/td>\n<\/tr>\n<tr>\n<td class=\"parrafo\"><\/td>\n<\/tr>\n<tr>\n<td class=\"parrafo\"><a href=\"http:\/\/www.sisbi.uba.ar\/navegando\/navegando.php?categoria=Recursos%20en%20Bibliotecolog%EDa\" target=\"_blank\" rel=\"noopener\">NAVEGANDO. RECURSOS DE BIBLIOTECOLOGIA<\/a><br \/>\nSitio del Sistema de Bibliotecas y de Informaci\u00f3n de la Universidad de Buenos Aires.<\/td>\n<\/tr>\n<tr>\n<td class=\"parrafo\"><\/td>\n<\/tr>\n<tr>\n<td class=\"parrafo\"><a href=\"http:\/\/www.noodletools.com\/\" target=\"_blank\" rel=\"noopener\">NOODLETOOLS (en ingl\u00e9s)\u00a0\u00a0<\/a><br \/>\nSitio dise\u00f1ado para ayudar a estudiantes y a profesionales con su investigaci\u00f3n en l\u00ednea: intenta orientar en la selecci\u00f3n de un motor de b\u00fasqueda, de fuentes relevantes y la elaboraci\u00f3n de las citas de esas fuentes en estilo de MLA o de APA.<\/td>\n<\/tr>\n<tr>\n<td class=\"parrafo\"><\/td>\n<\/tr>\n<tr>\n<td class=\"parrafo\"><a href=\"http:\/\/www.philb.com\/\" target=\"_blank\" rel=\"noopener\">PHIL BRADLEY\u00a0<\/a><br \/>\nPhil Bradley es un especialista en investigaci\u00f3n y b\u00fasqueda inteligente de informaci\u00f3n en Internet. En su sitio Web encontrar\u00e1 recursos para bibliotecarios y profesionales de la informaci\u00f3n.<\/td>\n<\/tr>\n<tr>\n<td class=\"parrafo\"><\/td>\n<\/tr>\n<tr>\n<td class=\"parrafo\"><a href=\"http:\/\/www.pregunte.es\/consulta\/consulta.cmd\" target=\"_blank\" rel=\"noopener\">Pregunte: las bibliotecas responden<\/a><br \/>\nSe trata de un servicio que brinda una red cooperativa de bibliotecas espa\u00f1olas, a trav\u00e9s del cual responden bibliotecarios profesionales todo tipo de preguntas de inter\u00e9s general en un tiempo m\u00e1ximo de 72 hs.<\/td>\n<\/tr>\n<tr>\n<td class=\"parrafo\"><\/td>\n<\/tr>\n<tr>\n<td class=\"parrafo\"><a href=\"http:\/\/bibliotecas.csic.es\/formacion\/erecursos.html\" target=\"_blank\" rel=\"noopener\">Recursos en Biblioteconom\u00eda y Documentaci\u00f3n\u00a0<\/a><br \/>\nElaborado por el Consejo Superior de Investigaciones Cient\u00edficas<\/td>\n<\/tr>\n<tr>\n<td class=\"parrafo\"><\/td>\n<\/tr>\n<tr>\n<td class=\"parrafo\"><a href=\"http:\/\/www.scielo.org\/index.php?lang=es\" target=\"_blank\" rel=\"noopener\">SciELO &#8211; Scientific Electronic Library Online<\/a><br \/>\nEs un modelo para la publicaci\u00f3n electr\u00f3nica cooperativa de revistas cient\u00edficas en Internet. Especialmente desarrollado para responder a las necesidades de la comunicaci\u00f3n cient\u00edfica en los pa\u00edses en desarrollo y particularmente de Am\u00e9rica Latina y el Caribe, el modelo proporciona una soluci\u00f3n eficiente para asegurar la visibilidad y el acceso universal a su literatura cient\u00edfica, contribuyendo para la superaci\u00f3n del fen\u00f3meno conocido como \u00abciencia perdida\u00bb.<\/td>\n<\/tr>\n<tr>\n<td class=\"parrafo\"><\/td>\n<\/tr>\n<tr>\n<td class=\"parrafo\"><a href=\"http:\/\/tpot.ucsd.edu\/\" target=\"_blank\" rel=\"noopener\">Technical Processing Online Tools El TPOT\u00a0<\/a><br \/>\nBrinda servicios de informaci\u00f3n a las bibliotecas de la Universidad de California, San Diego.<\/td>\n<\/tr>\n<tr>\n<td class=\"parrafo\"><\/td>\n<\/tr>\n<tr>\n<td class=\"parrafo\"><a href=\"http:\/\/travesia.mcu.es\/\" target=\"_blank\" rel=\"noopener\">Traves\u00eda. El portal en Internet de las Bibliotecas P\u00fablicas Espa\u00f1olas<\/a><br \/>\nHallar\u00e1 documentos sobre bibliotecas p\u00fablicas en general, ideas para bibliotecarios sobre procesos t\u00e9cnicos, actividades y desarrollo de nuevos servicios.<\/td>\n<\/tr>\n<tr>\n<td class=\"parrafo\"><\/td>\n<\/tr>\n<\/tbody>\n<\/table>\n<\/td>\n<\/tr>\n<\/tbody>\n<\/table>\n","protected":false},"excerpt":{"rendered":"<p>Gesti\u00f3n de la informaci\u00f3n BIBLIOBLOG \u00abEl cuaderno de viajes de las bibliotecas\u00bb\u00a0\u00a0 C\u00e1mara Argentina del Libro\u00a0\u00a0 Adem\u00e1s de tener un espacio para sus socios con informaci\u00f3n institucional, cuenta con varias secciones: documentos relacionados con la legislaci\u00f3n argentina del libro, Propiedad Intelectual y otras. CAPURRO, Rafael Ense\u00f1a e investiga sobre los siguientes temas: Ciencias de la &#8230; <a title=\"Gesti\u00f3n de la Informaci\u00f3n\" class=\"read-more\" href=\"https:\/\/ifdcvm-slu.infd.edu.ar\/sitio\/gestion-de-la-informacion\/\" aria-label=\"More on Gesti\u00f3n de la Informaci\u00f3n\">[+]<\/a><\/p>\n","protected":false},"author":792,"featured_media":0,"parent":0,"menu_order":0,"comment_status":"closed","ping_status":"closed","template":"","meta":[],"acf":[],"_links":{"self":[{"href":"https:\/\/ifdcvm-slu.infd.edu.ar\/sitio\/wp-json\/wp\/v2\/pages\/2717"}],"collection":[{"href":"https:\/\/ifdcvm-slu.infd.edu.ar\/sitio\/wp-json\/wp\/v2\/pages"}],"about":[{"href":"https:\/\/ifdcvm-slu.infd.edu.ar\/sitio\/wp-json\/wp\/v2\/types\/page"}],"author":[{"embeddable":true,"href":"https:\/\/ifdcvm-slu.infd.edu.ar\/sitio\/wp-json\/wp\/v2\/users\/792"}],"replies":[{"embeddable":true,"href":"https:\/\/ifdcvm-slu.infd.edu.ar\/sitio\/wp-json\/wp\/v2\/comments?post=2717"}],"version-history":[{"count":2,"href":"https:\/\/ifdcvm-slu.infd.edu.ar\/sitio\/wp-json\/wp\/v2\/pages\/2717\/revisions"}],"predecessor-version":[{"id":7989,"href":"https:\/\/ifdcvm-slu.infd.edu.ar\/sitio\/wp-json\/wp\/v2\/pages\/2717\/revisions\/7989"}],"wp:attachment":[{"href":"https:\/\/ifdcvm-slu.infd.edu.ar\/sitio\/wp-json\/wp\/v2\/media?parent=2717"}],"curies":[{"name":"wp","href":"https:\/\/api.w.org\/{rel}","templated":true}]}}