{"id":2719,"date":"2018-07-02T19:26:16","date_gmt":"2018-07-02T22:26:16","guid":{"rendered":"https:\/\/ifdcvm-slu.infd.edu.ar\/sitio\/bases-de-datos\/"},"modified":"2020-04-17T03:19:58","modified_gmt":"2020-04-17T06:19:58","slug":"bases-de-datos","status":"publish","type":"page","link":"https:\/\/ifdcvm-slu.infd.edu.ar\/sitio\/bases-de-datos\/","title":{"rendered":"Bases de Datos"},"content":{"rendered":"<table border=\"0\" width=\"620\" cellspacing=\"4\" cellpadding=\"0\">\n<tbody>\n<tr>\n<td class=\"titulo\"><\/td>\n<\/tr>\n<tr>\n<td rowspan=\"3\"><\/td>\n<td>\n<table border=\"0\" width=\"100%\" cellspacing=\"0\" cellpadding=\"0\">\n<tbody>\n<tr>\n<td class=\"parrafo\"><\/td>\n<\/tr>\n<tr>\n<td class=\"parrafo\"><a href=\"http:\/\/www.education-world.com\/\" target=\"_blank\" rel=\"noopener\">Education World<\/a><br \/>\nBuscador de recursos educativos con una base de datos de cerca de 50.000 p\u00e1ginas web de todo el mundo. Ofrece \u00edndices tem\u00e1ticos para acceder a la informaci\u00f3n y una breve descripci\u00f3n de los recursos incluidos en su base de datos.<\/td>\n<\/tr>\n<tr>\n<td class=\"parrafo\"><\/td>\n<\/tr>\n<tr>\n<td class=\"parrafo\"><a href=\"http:\/\/www.redined.mec.es\/\" target=\"_blank\" rel=\"noopener\">REDINED (Red Estatal de Bases de Datos de Informaci\u00f3n Educativa)<\/a><br \/>\nConsulta a las bases de datos de REDINED (proyectos de investigaci\u00f3n espa\u00f1oles en educaci\u00f3n), donde pueden encontrarse proyectos espa\u00f1oles sobre Am\u00e9rica Latina.<\/td>\n<\/tr>\n<tr>\n<td class=\"parrafo\"><\/td>\n<\/tr>\n<tr>\n<td class=\"parrafo\"><a href=\"http:\/\/biblioteca.uahurtado.cl\/ujah\/reduc\/catalogo.htm\" target=\"_blank\" rel=\"noopener\">REDUC: Red Latinoamericana de Informaci\u00f3n y Documentaci\u00f3n Educativa\u00a0<\/a><br \/>\nUna propuesta diferente para acceder a informaci\u00f3n especializada en \u00e1reas tem\u00e1ticas prioritarias de la educaci\u00f3n latinoamericana. Cuenta con documentos, estad\u00edsticas, enlaces, eventos, etc. Permite consultar: la Base de Datos de RAEs (16.000 Res\u00famenes Anal\u00edticos de investigaciones y estudios sobre educaci\u00f3n en Am\u00e9rica Latina), Textos Completos (base de datos con 650 documentos en formato Adobe-Acrobat), Directorio de Especialistas (consulta e ingreso a datos personales y CV de profesionales vinculados a la educaci\u00f3n latinoamericana) y Base de datos con noticias especializadas en educaci\u00f3n de la prensa chilena de los a\u00f1os 1998 a 2000.<\/td>\n<\/tr>\n<tr>\n<td class=\"parrafo\"><\/td>\n<\/tr>\n<tr>\n<td class=\"parrafo\"><a href=\"http:\/\/www.oei.es\/credi.htm\" target=\"_blank\" rel=\"noopener\">OEI-CREDI: Centro de Recursos Documentales e Inform\u00e1ticos<\/a><br \/>\nEste centro es un servicio de documentaci\u00f3n e informaci\u00f3n especializado en educaci\u00f3n iberoamericana, con un fondo en incremento en las \u00e1reas de administraci\u00f3n y pol\u00edtica cient\u00edfica y cultural. Constituye una red formada por cinco servicios de similares caracter\u00edsticas ubicadas en: Sede Central Madrid, Oficina Regional de Bogot\u00e1, Oficina Regional de Buenos Aires, Oficina Regional de M\u00e9xico D.F. Oficina Regional de San Salvador y Oficina Regional de Lima. Acceso a los servicios en l\u00ednea de documentaci\u00f3n Biblioteca Digital, Cat\u00e1logo colectivo y acceso a Bases de Datos, Boletines de Novedades, Servicios Informativos Iberoamericanos.<\/td>\n<\/tr>\n<tr>\n<td class=\"parrafo\"><\/td>\n<\/tr>\n<tr>\n<td class=\"parrafo\"><a href=\"http:\/\/www.clacso.org\/\" target=\"_blank\" rel=\"noopener\">CLACSO Consejo Latinoamericano de Ciencias Sociales<\/a><br \/>\nOfrece informaci\u00f3n sobre distintos recursos, cuenta con una base de datos de proyectos.<\/td>\n<\/tr>\n<tr>\n<td class=\"parrafo\"><\/td>\n<\/tr>\n<tr>\n<td class=\"parrafo\"><a href=\"http:\/\/www.sisbi.uba.ar\/\" target=\"_blank\" rel=\"noopener\">SISBI (Sistema de Bibliotecas y de Informaci\u00f3n). Buenos Aires\u00a0<\/a><br \/>\nOfrece la posibilidad de consulta de los cat\u00e1logos colectivos compuestos por diferentes bases: CCNUL (Catalogo Colectivo Nacional Universitario de Libros); CCNUR (Cat\u00e1logo Colectivo Nacional Universitario de Revistas); EDESUP (Base de datos sobre educaci\u00f3n superior); GUIABI (Base de datos sobre bibliotecas universitarias); HEMERO (Catalogo de revistas del SISBI)<\/td>\n<\/tr>\n<tr>\n<td class=\"parrafo\"><\/td>\n<\/tr>\n<tr>\n<td class=\"parrafo\"><a href=\"http:\/\/www.eurosur.org\/CINDOC\/arealat.htm\" target=\"_blank\" rel=\"noopener\">CINDOC.CISC. (Espa\u00f1a) \u00c1rea de Am\u00e9rica Latina\u00a0<\/a><br \/>\nContiene bases de datos bibliogr\u00e1ficas, directorios de investigadores y centros latinaoamericanistas en Espa\u00f1a, proyectos, prensa espa\u00f1ola (art\u00edculos sobre Am\u00e9rica Latina aparecidos en la prensa espa\u00f1ola)<\/td>\n<\/tr>\n<tr>\n<td class=\"parrafo\"><\/td>\n<\/tr>\n<tr>\n<td class=\"parrafo\"><\/td>\n<\/tr>\n<\/tbody>\n<\/table>\n<\/td>\n<\/tr>\n<\/tbody>\n<\/table>\n","protected":false},"excerpt":{"rendered":"<p>Education World Buscador de recursos educativos con una base de datos de cerca de 50.000 p\u00e1ginas web de todo el mundo. Ofrece \u00edndices tem\u00e1ticos para acceder a la informaci\u00f3n y una breve descripci\u00f3n de los recursos incluidos en su base de datos. REDINED (Red Estatal de Bases de Datos de Informaci\u00f3n Educativa) Consulta a las &#8230; <a title=\"Bases de Datos\" class=\"read-more\" href=\"https:\/\/ifdcvm-slu.infd.edu.ar\/sitio\/bases-de-datos\/\" aria-label=\"More on Bases de Datos\">[+]<\/a><\/p>\n","protected":false},"author":1518,"featured_media":0,"parent":0,"menu_order":0,"comment_status":"closed","ping_status":"closed","template":"","meta":[],"acf":[],"_links":{"self":[{"href":"https:\/\/ifdcvm-slu.infd.edu.ar\/sitio\/wp-json\/wp\/v2\/pages\/2719"}],"collection":[{"href":"https:\/\/ifdcvm-slu.infd.edu.ar\/sitio\/wp-json\/wp\/v2\/pages"}],"about":[{"href":"https:\/\/ifdcvm-slu.infd.edu.ar\/sitio\/wp-json\/wp\/v2\/types\/page"}],"author":[{"embeddable":true,"href":"https:\/\/ifdcvm-slu.infd.edu.ar\/sitio\/wp-json\/wp\/v2\/users\/1518"}],"replies":[{"embeddable":true,"href":"https:\/\/ifdcvm-slu.infd.edu.ar\/sitio\/wp-json\/wp\/v2\/comments?post=2719"}],"version-history":[{"count":3,"href":"https:\/\/ifdcvm-slu.infd.edu.ar\/sitio\/wp-json\/wp\/v2\/pages\/2719\/revisions"}],"predecessor-version":[{"id":7991,"href":"https:\/\/ifdcvm-slu.infd.edu.ar\/sitio\/wp-json\/wp\/v2\/pages\/2719\/revisions\/7991"}],"wp:attachment":[{"href":"https:\/\/ifdcvm-slu.infd.edu.ar\/sitio\/wp-json\/wp\/v2\/media?parent=2719"}],"curies":[{"name":"wp","href":"https:\/\/api.w.org\/{rel}","templated":true}]}}