{"id":2721,"date":"2018-07-02T19:26:17","date_gmt":"2018-07-02T22:26:17","guid":{"rendered":"https:\/\/ifdcvm-slu.infd.edu.ar\/sitio\/weblogs\/"},"modified":"2020-04-17T03:20:48","modified_gmt":"2020-04-17T06:20:48","slug":"weblogs","status":"publish","type":"page","link":"https:\/\/ifdcvm-slu.infd.edu.ar\/sitio\/weblogs\/","title":{"rendered":"Weblogs"},"content":{"rendered":"<table border=\"0\" width=\"620\" cellspacing=\"4\" cellpadding=\"0\">\n<tbody>\n<tr>\n<td class=\"titulo\">Weblogs<\/td>\n<\/tr>\n<tr>\n<td rowspan=\"3\"><\/td>\n<td>\n<table border=\"0\" width=\"100%\" cellspacing=\"0\" cellpadding=\"0\">\n<tbody>\n<tr>\n<td class=\"parrafo\"><\/td>\n<\/tr>\n<tr>\n<td class=\"parrafo\"><a href=\"http:\/\/www.ecuaderno.com\/\">E-Cuaderno.com\u00a0<\/a><br \/>\nWeblog con noticias y enlaces sobre cibercultura, medios, e-comunicaci\u00f3n y blogging. Algunos de los temas abordados en este sitio incluyen: academia, arte, cibercultura, cine, blogs, medios, podcasting, e internet. Su autor, Jos\u00e9 Luis Orihuela, es Doctor en Ciencias de la Informaci\u00f3n, Profesor en la Facultad de Comunicaci\u00f3n de la Universidad de Navarra, Subdirector del Laboratorio de Comunicaci\u00f3n Multimedia.<\/td>\n<\/tr>\n<tr>\n<td class=\"parrafo\"><\/td>\n<\/tr>\n<tr>\n<td class=\"parrafo\"><a href=\"http:\/\/a-abierto.blogspot.com\/\" target=\"_blank\" rel=\"noopener\">Acceso abierto<\/a><br \/>\nBlog sobre literatura cient\u00edfica y acad\u00e9mica. Algunos de los temas que aborda son: bibliotecolog\u00eda, derecho de autor, web 2.0.<\/td>\n<\/tr>\n<\/tbody>\n<\/table>\n<\/td>\n<\/tr>\n<\/tbody>\n<\/table>\n","protected":false},"excerpt":{"rendered":"<p>Weblogs E-Cuaderno.com\u00a0 Weblog con noticias y enlaces sobre cibercultura, medios, e-comunicaci\u00f3n y blogging. Algunos de los temas abordados en este sitio incluyen: academia, arte, cibercultura, cine, blogs, medios, podcasting, e internet. Su autor, Jos\u00e9 Luis Orihuela, es Doctor en Ciencias de la Informaci\u00f3n, Profesor en la Facultad de Comunicaci\u00f3n de la Universidad de Navarra, Subdirector &#8230; <a title=\"Weblogs\" class=\"read-more\" href=\"https:\/\/ifdcvm-slu.infd.edu.ar\/sitio\/weblogs\/\" aria-label=\"More on Weblogs\">[+]<\/a><\/p>\n","protected":false},"author":792,"featured_media":0,"parent":0,"menu_order":0,"comment_status":"closed","ping_status":"closed","template":"","meta":[],"acf":[],"_links":{"self":[{"href":"https:\/\/ifdcvm-slu.infd.edu.ar\/sitio\/wp-json\/wp\/v2\/pages\/2721"}],"collection":[{"href":"https:\/\/ifdcvm-slu.infd.edu.ar\/sitio\/wp-json\/wp\/v2\/pages"}],"about":[{"href":"https:\/\/ifdcvm-slu.infd.edu.ar\/sitio\/wp-json\/wp\/v2\/types\/page"}],"author":[{"embeddable":true,"href":"https:\/\/ifdcvm-slu.infd.edu.ar\/sitio\/wp-json\/wp\/v2\/users\/792"}],"replies":[{"embeddable":true,"href":"https:\/\/ifdcvm-slu.infd.edu.ar\/sitio\/wp-json\/wp\/v2\/comments?post=2721"}],"version-history":[{"count":1,"href":"https:\/\/ifdcvm-slu.infd.edu.ar\/sitio\/wp-json\/wp\/v2\/pages\/2721\/revisions"}],"predecessor-version":[{"id":7992,"href":"https:\/\/ifdcvm-slu.infd.edu.ar\/sitio\/wp-json\/wp\/v2\/pages\/2721\/revisions\/7992"}],"wp:attachment":[{"href":"https:\/\/ifdcvm-slu.infd.edu.ar\/sitio\/wp-json\/wp\/v2\/media?parent=2721"}],"curies":[{"name":"wp","href":"https:\/\/api.w.org\/{rel}","templated":true}]}}