{"id":2725,"date":"2018-07-02T19:26:18","date_gmt":"2018-07-02T22:26:18","guid":{"rendered":"https:\/\/ifdcvm-slu.infd.edu.ar\/sitio\/lista-de-interes-bibliotecologico\/"},"modified":"2020-04-17T03:27:12","modified_gmt":"2020-04-17T06:27:12","slug":"lista-de-interes-bibliotecologico","status":"publish","type":"page","link":"https:\/\/ifdcvm-slu.infd.edu.ar\/sitio\/lista-de-interes-bibliotecologico\/","title":{"rendered":"Lista de inter\u00e9s bibliotecol\u00f3gico"},"content":{"rendered":"<table border=\"0\" width=\"620\" cellspacing=\"4\" cellpadding=\"0\">\n<tbody>\n<tr>\n<td class=\"titulo\">Listas de inter\u00e9s<\/td>\n<\/tr>\n<tr>\n<td rowspan=\"3\"><\/td>\n<td>\n<table border=\"0\" width=\"100%\" cellspacing=\"0\" cellpadding=\"0\">\n<tbody>\n<tr>\n<td class=\"parrafo\"><\/td>\n<\/tr>\n<tr>\n<td class=\"parrafo\"><a href=\"http:\/\/ar.groups.yahoo.com\/group\/abdam\">ABDAM (Argentina)<\/a><br \/>\nLista de inter\u00e9s de la Asociaci\u00f3n de Bibliotecarios, Documentalistas, Archiveros y Muse\u00f3logos.<\/td>\n<\/tr>\n<tr>\n<td class=\"parrafo\"><\/td>\n<\/tr>\n<tr>\n<td class=\"parrafo\"><a href=\"http:\/\/groups.yahoo.com\/group\/bibliotecologos-cr\">BIBLIOTEC\u00d3LOGOS-CR (Costa Rica)\u00a0<\/a><br \/>\nEste es un foro para el intercambio de informaci\u00f3n entre biliotec\u00f3logos, adem\u00e1s posee una base de datos de mensajes anteriores, art\u00edculos de bibliotecolog\u00eda, opci\u00f3n para enviar mensajes a la lista, registro de nuevos miembros, Chat, etc.<\/td>\n<\/tr>\n<tr>\n<td class=\"parrafo\"><\/td>\n<\/tr>\n<tr>\n<td class=\"parrafo\"><a href=\"http:\/\/www.elistas.net\/lista\/pro-rin-lectura\">PRO-RIN-LECTURA<\/a><br \/>\nLista mexicana de profesores promotores de la lectura infantil en educaci\u00f3n b\u00e1sica, grupo de discusi\u00f3n en torno al aprendizaje de competencias comunicativas (lectura, escritura, habla, escucha, b\u00fasqueda de informaci\u00f3n, organizaci\u00f3n y presentaci\u00f3n de la misma).<\/td>\n<\/tr>\n<tr>\n<td class=\"parrafo\"><\/td>\n<\/tr>\n<\/tbody>\n<\/table>\n<\/td>\n<\/tr>\n<\/tbody>\n<\/table>\n","protected":false},"excerpt":{"rendered":"<p>Listas de inter\u00e9s ABDAM (Argentina) Lista de inter\u00e9s de la Asociaci\u00f3n de Bibliotecarios, Documentalistas, Archiveros y Muse\u00f3logos. BIBLIOTEC\u00d3LOGOS-CR (Costa Rica)\u00a0 Este es un foro para el intercambio de informaci\u00f3n entre biliotec\u00f3logos, adem\u00e1s posee una base de datos de mensajes anteriores, art\u00edculos de bibliotecolog\u00eda, opci\u00f3n para enviar mensajes a la lista, registro de nuevos miembros, Chat, &#8230; <a title=\"Lista de inter\u00e9s bibliotecol\u00f3gico\" class=\"read-more\" href=\"https:\/\/ifdcvm-slu.infd.edu.ar\/sitio\/lista-de-interes-bibliotecologico\/\" aria-label=\"More on Lista de inter\u00e9s bibliotecol\u00f3gico\">[+]<\/a><\/p>\n","protected":false},"author":792,"featured_media":0,"parent":0,"menu_order":0,"comment_status":"closed","ping_status":"closed","template":"","meta":[],"acf":[],"_links":{"self":[{"href":"https:\/\/ifdcvm-slu.infd.edu.ar\/sitio\/wp-json\/wp\/v2\/pages\/2725"}],"collection":[{"href":"https:\/\/ifdcvm-slu.infd.edu.ar\/sitio\/wp-json\/wp\/v2\/pages"}],"about":[{"href":"https:\/\/ifdcvm-slu.infd.edu.ar\/sitio\/wp-json\/wp\/v2\/types\/page"}],"author":[{"embeddable":true,"href":"https:\/\/ifdcvm-slu.infd.edu.ar\/sitio\/wp-json\/wp\/v2\/users\/792"}],"replies":[{"embeddable":true,"href":"https:\/\/ifdcvm-slu.infd.edu.ar\/sitio\/wp-json\/wp\/v2\/comments?post=2725"}],"version-history":[{"count":2,"href":"https:\/\/ifdcvm-slu.infd.edu.ar\/sitio\/wp-json\/wp\/v2\/pages\/2725\/revisions"}],"predecessor-version":[{"id":7995,"href":"https:\/\/ifdcvm-slu.infd.edu.ar\/sitio\/wp-json\/wp\/v2\/pages\/2725\/revisions\/7995"}],"wp:attachment":[{"href":"https:\/\/ifdcvm-slu.infd.edu.ar\/sitio\/wp-json\/wp\/v2\/media?parent=2725"}],"curies":[{"name":"wp","href":"https:\/\/api.w.org\/{rel}","templated":true}]}}